{"id":428,"date":"2018-01-26T14:46:55","date_gmt":"2018-01-26T13:46:55","guid":{"rendered":"https:\/\/blogs.urz.uni-halle.de\/latein\/?page_id=428"},"modified":"2018-09-14T13:57:41","modified_gmt":"2018-09-14T11:57:41","slug":"fachdidaktik-latein","status":"publish","type":"page","link":"https:\/\/blogs.urz.uni-halle.de\/latein\/studium-lehre\/fachdidaktik-latein\/","title":{"rendered":"Fachdidaktik Latein"},"content":{"rendered":"\t\t<div data-elementor-type=\"wp-post\" data-elementor-id=\"428\" class=\"elementor elementor-428 elementor-bc-flex-widget\" data-elementor-settings=\"[]\">\n\t\t\t\t\t\t\t<div class=\"elementor-section-wrap\">\n\t\t\t\t\t\t\t<section class=\"elementor-section elementor-top-section elementor-element elementor-element-1b587fd elementor-section-boxed elementor-section-height-default elementor-section-height-default\" data-id=\"1b587fd\" data-element_type=\"section\">\n\t\t\t\t\t\t<div class=\"elementor-container elementor-column-gap-default\">\n\t\t\t\t\t<div class=\"elementor-column elementor-col-100 elementor-top-column elementor-element elementor-element-9d59c53\" data-id=\"9d59c53\" data-element_type=\"column\">\n\t\t\t<div class=\"elementor-widget-wrap elementor-element-populated\">\n\t\t\t\t\t\t\t\t<div class=\"elementor-element elementor-element-e29ab4c elementor-widget elementor-widget-text-editor\" data-id=\"e29ab4c\" data-element_type=\"widget\" data-widget_type=\"text-editor.default\">\n\t\t\t\t<div class=\"elementor-widget-container\">\n\t\t\t\t\t<div class=\"elementor-text-editor elementor-clearfix\"><p style=\"text-align: justify;\">Die fachdidaktische Ausbildung zum Lehramt Latein &amp; Griechisch an der Martin-Luther-Universit\u00e4t in Halle ist:<\/p><ul style=\"text-align: justify;\"><li>praxisorientiert<\/li><li>theoriegeleitet<\/li><li>individuell unterst\u00fctzend<\/li><\/ul><p style=\"text-align: justify;\">Einen \u00dcberblick \u00fcber die Module zur Fachdidaktik bietet Ihnen folgendes\u00a0<a href=\"https:\/\/blogs.urz.uni-halle.de\/latein\/files\/2018\/01\/Poster-FD-Altsprachen-Robertinum.pdf\" target=\"_blank\" rel=\"noopener\">Poster<\/a>.<\/p><\/div>\n\t\t\t\t<\/div>\n\t\t\t\t<\/div>\n\t\t\t\t<div class=\"elementor-element elementor-element-7a24070 elementor-widget elementor-widget-image\" data-id=\"7a24070\" data-element_type=\"widget\" data-widget_type=\"image.default\">\n\t\t\t\t<div class=\"elementor-widget-container\">\n\t\t\t\t\t<div class=\"elementor-image\">\n\t\t\t\t\t\t\t\t\t\t\t<a href=\"https:\/\/blogs.urz.uni-halle.de\/latein\/files\/2018\/01\/Poster-FD-Altsprachen-Robertinum.pdf\">\n\t\t\t\t\t\t\t<img width=\"1200\" height=\"1697\" src=\"https:\/\/blogs.urz.uni-halle.de\/latein\/files\/2018\/01\/Poster-FD-Altsprachen-Robertinum-1200x1697.jpg\" class=\"attachment-large size-large\" alt=\"\" loading=\"lazy\" srcset=\"https:\/\/blogs.urz.uni-halle.de\/latein\/files\/2018\/01\/Poster-FD-Altsprachen-Robertinum-1200x1697.jpg 1200w, https:\/\/blogs.urz.uni-halle.de\/latein\/files\/2018\/01\/Poster-FD-Altsprachen-Robertinum-420x594.jpg 420w, https:\/\/blogs.urz.uni-halle.de\/latein\/files\/2018\/01\/Poster-FD-Altsprachen-Robertinum-744x1052.jpg 744w, https:\/\/blogs.urz.uni-halle.de\/latein\/files\/2018\/01\/Poster-FD-Altsprachen-Robertinum-768x1086.jpg 768w, https:\/\/blogs.urz.uni-halle.de\/latein\/files\/2018\/01\/Poster-FD-Altsprachen-Robertinum.jpg 1754w\" sizes=\"(max-width: 1200px) 100vw, 1200px\" \/>\t\t\t\t\t\t\t\t<\/a>\n\t\t\t\t\t\t\t\t\t\t\t<\/div>\n\t\t\t\t<\/div>\n\t\t\t\t<\/div>\n\t\t\t\t<div class=\"elementor-element elementor-element-d7c248a elementor-widget elementor-widget-text-editor\" data-id=\"d7c248a\" data-element_type=\"widget\" data-widget_type=\"text-editor.default\">\n\t\t\t\t<div class=\"elementor-widget-container\">\n\t\t\t\t\t<div class=\"elementor-text-editor elementor-clearfix\"><p style=\"text-align: justify;\">Erste Unterrichtserfahrungen sammeln Sie in Halle bereits im 4. Semester des Lehramtsstudiums Latein: in Kleingruppen von 3-4 Studierenden hospitieren Sie im Rahmen der <a href=\"https:\/\/blogs.urz.uni-halle.de\/latein\/files\/2018\/09\/Poster-SP\u00dc-Latein-Griechisch-2018.pdf\">Schulpraktischen \u00dcbungen<\/a>\u00a0in Lateinkursen vor Ort und absolvieren erste Lehrproben.<\/p><p style=\"text-align: justify;\">Breite Erfahrungen vermitteln Ihnen insbesondere die beiden einmonatigen Unterrichtspraktika w\u00e4hrend Ihres weiteren Studiums (empfohlen ab dem 4. bzw. 5. Semester).<\/p><p style=\"text-align: justify;\">Alle n\u00f6tigen Informationen zu den Schulpraktika finden Sie auf den Seiten des <a href=\"http:\/\/www.zlb.uni-halle.de\/studium\/praktika\/\">Praktikumsb\u00fcros<\/a> im Zentrum f\u00fcr Lehrerbildung.<\/p><p style=\"text-align: justify;\">Die Praxiserfahrungen werden vorbereitet und vertieft in zwei fachdidaktischen Modulen, die mit 4 Semesterwochenstunden im 1. Modul (Lehrwerkphase) bzw. zwei mal 3 Semesterwochenstunden im 2. Modul (Lekt\u00fcrephase) Raum f\u00fcr grundlegende Theoriebildung zu Unterrichtsmethodik und Altsprachendidaktik (Texterschlie\u00dfung, Interpretationsverfahren, Grammatikvermittlung, Sprachreflexion im Lateinunterricht, Latine loqui etc.) sowie zu Fragen der Sequenzplanung, Binnendifferenzierung und Leistungsbeurteilung geben.<\/p><p style=\"text-align: justify;\">Bei Fragen wenden Sie sich bitte an <a href=\"https:\/\/blogs.urz.uni-halle.de\/latein\/mitarbeiter\/dr-anne-friedrich\/\">Dr. Anne Friedrich <\/a>(<a href=\"mailto:anne.friedrich@altertum.uni-halle.de\">anne.friedrich@altertum.uni-halle.de<\/a>).<\/p><p style=\"text-align: justify;\">Einen Schwerpunkt im Modul zur Planung von Oberstufenlekt\u00fcresequenzen bildet der Umgang mit digitalen Medien im Lateinunterricht. Hier einige Ergebnisse:<\/p><p style=\"text-align: justify;\"><i>Fachdidaktik-Seminar im SoSe 2017 zum Briefkorpus des Plinius<\/i><\/p><p>Plin. epist. 2,6 Fragw\u00fcrdige Gastfreundschaft<br \/>(erstellt von C. Schmollack\/ Ph. Schumann)<\/p><p><div style=\"width: 640px;\" class=\"wp-video\"><!--[if lt IE 9]><script>document.createElement('video');<\/script><![endif]-->\n<video class=\"wp-video-shortcode\" id=\"video-428-1\" width=\"640\" height=\"480\" preload=\"metadata\" controls=\"controls\"><source type=\"video\/webm\" src=\"https:\/\/blogs.urz.uni-halle.de\/latein\/files\/2018\/01\/PlinEpist-2.6-Fragwu\u0308rdige-Gastfreundschaft.webm?_=1\" \/><a href=\"https:\/\/blogs.urz.uni-halle.de\/latein\/files\/2018\/01\/PlinEpist-2.6-Fragwu\u0308rdige-Gastfreundschaft.webm\">https:\/\/blogs.urz.uni-halle.de\/latein\/files\/2018\/01\/PlinEpist-2.6-Fragwu\u0308rdige-Gastfreundschaft.webm<\/a><\/video><\/div><\/p><\/div>\n\t\t\t\t<\/div>\n\t\t\t\t<\/div>\n\t\t\t\t<div class=\"elementor-element elementor-element-b4f3bc6 elementor-widget elementor-widget-text-editor\" data-id=\"b4f3bc6\" data-element_type=\"widget\" data-widget_type=\"text-editor.default\">\n\t\t\t\t<div class=\"elementor-widget-container\">\n\t\t\t\t\t<div class=\"elementor-text-editor elementor-clearfix\"><p>\u00a0 \u00a0 \u00a0 \u00a0 \u00a0 \u00a0 \u00a0 \u00a0 \u00a0<\/p><p>\u00a0 \u00a0 \u00a0 \u00a0<\/p><p>\u00a0 \u00a0 \u00a0 \u00a0 \u00a0 \u00a0\u00a0<\/p><\/div>\n\t\t\t\t<\/div>\n\t\t\t\t<\/div>\n\t\t\t\t<div class=\"elementor-element elementor-element-56bf965 elementor-widget elementor-widget-text-editor\" data-id=\"56bf965\" data-element_type=\"widget\" data-widget_type=\"text-editor.default\">\n\t\t\t\t<div class=\"elementor-widget-container\">\n\t\t\t\t\t<div class=\"elementor-text-editor elementor-clearfix\"><p>Plin. epist. 9,6 Massenvergn\u00fcgungen (erstellt von M. Stein\/ R. Vetter)<\/p><p><!--[if lt IE 9]><script>document.createElement('audio');<\/script><![endif]-->\n<audio class=\"wp-audio-shortcode\" id=\"audio-428-1\" preload=\"none\" style=\"width: 100%;\" controls=\"controls\"><source type=\"audio\/mpeg\" src=\"https:\/\/blogs.urz.uni-halle.de\/latein\/files\/2018\/01\/PlinEpist-9.6-Massenvergnu\u0308gungen.mp3?_=1\" \/><a href=\"https:\/\/blogs.urz.uni-halle.de\/latein\/files\/2018\/01\/PlinEpist-9.6-Massenvergnu\u0308gungen.mp3\">https:\/\/blogs.urz.uni-halle.de\/latein\/files\/2018\/01\/PlinEpist-9.6-Massenvergnu\u0308gungen.mp3<\/a><\/audio><\/p><p style=\"text-align: justify;\"><i>Fachdidaktik-Seminar im SoSe 2014<\/i><\/p><ul><li style=\"text-align: justify;\">Geocaches\u00a0auf geocaching.com<ul><li style=\"text-align: justify;\"><a href=\"https:\/\/www.geocaching.com\/geocache\/GC6THJZ_latein-lebt-spuren-der-reformation-in-halle\" target=\"_blank\" rel=\"noopener\">\u201alatein lebt: Spuren der Reformation in Halle&#8216;<\/a><\/li><li style=\"text-align: justify;\"><a href=\"https:\/\/www.geocaching.com\/geocache\/GC6THP4_latein-lebt-der-tod-in-halle\" target=\"_blank\" rel=\"noopener\">\u201alatein lebt: Todesschicksale in Halle&#8216;<\/a><\/li><li style=\"text-align: justify;\"><a href=\"https:\/\/www.geocaching.com\/geocache\/GC6THN4_latein-lebt-die-glocken-von-halle-an-der-saale\" target=\"_blank\" rel=\"noopener\">\u201alatein lebt: Glocken in Halle\u2018\u00a0<\/a><\/li><\/ul><\/li><\/ul><p style=\"text-align: justify;\">\u00a0<\/p><\/div>\n\t\t\t\t<\/div>\n\t\t\t\t<\/div>\n\t\t\t\t<div class=\"elementor-element elementor-element-54a20bf elementor-widget elementor-widget-heading\" data-id=\"54a20bf\" data-element_type=\"widget\" data-widget_type=\"heading.default\">\n\t\t\t\t<div class=\"elementor-widget-container\">\n\t\t\t<h2 class=\"elementor-heading-title elementor-size-default\">Korrespondenzzirkel 'intellege codices'<\/h2>\t\t<\/div>\n\t\t\t\t<\/div>\n\t\t\t\t<div class=\"elementor-element elementor-element-d5c15a3 elementor-widget elementor-widget-text-editor\" data-id=\"d5c15a3\" data-element_type=\"widget\" data-widget_type=\"text-editor.default\">\n\t\t\t\t<div class=\"elementor-widget-container\">\n\t\t\t\t\t<div class=\"elementor-text-editor elementor-clearfix\"><p style=\"text-align: justify;\">2016\/17 wurde im Rahmen der Begabtenf\u00f6rderung des Bildungsministeriums Sachsen-Anhalt ein Korrespondenzzirkel \u201aintellege codices&#8216; zur lateinischen Schriftkultur &#8211; von Pal\u00e4ographie \u00fcber Kodikologie bis hin zu Textkritik und Buchwesen &#8211; f\u00fcr Sch\u00fclerinnen und Sch\u00fcler der Sekundarstufe II angeboten. Die Aufgabendateien finden sie hier:<\/p><ul><li style=\"text-align: left;\"><a href=\"https:\/\/blogs.urz.uni-halle.de\/latein\/files\/2018\/02\/intellege-codices-1_Aufgaben.pdf\" target=\"_blank\" rel=\"noopener\">&#8218;intellege codices&#8216; 1 &#8211; Pal\u00e4ographie<\/a>\u00a0(17 MB)<\/li><li><a href=\"https:\/\/blogs.urz.uni-halle.de\/latein\/files\/2018\/02\/intellege-codices-2_Aufgaben.pdf\" target=\"_blank\" rel=\"noopener\">&#8218;intellege codices&#8216; 2 &#8211; Kodikologie<\/a>\u00a0(28 MB)<\/li><li><a href=\"https:\/\/blogs.urz.uni-halle.de\/latein\/files\/2018\/02\/intellege-codices-3_Aufgaben.pdf\" target=\"_blank\" rel=\"noopener\">&#8218;intellege codices&#8216; 3 &#8211; Philologie<\/a>\u00a0(16 MB)<\/li><li><a href=\"https:\/\/blogs.urz.uni-halle.de\/latein\/files\/2018\/02\/intellege-codices-4_Aufgaben.pdf\" target=\"_blank\" rel=\"noopener\">&#8218;intellege codices&#8216; 4 &#8211; Kulturgeschichte<\/a>\u00a0(38 MB)<\/li><li><a href=\"https:\/\/blogs.urz.uni-halle.de\/latein\/files\/2018\/02\/intellege-codices-5_Aufgaben.pdf\" target=\"_blank\" rel=\"noopener\">&#8218;intellege codices&#8216; 5 &#8211; Kunstgeschichte<\/a>\u00a0(28 MB)<\/li><\/ul><p>L\u00f6sungsdateien sind auf Anfrage f\u00fcr Lehrkr\u00e4fte erh\u00e4ltlich.<\/p><\/div>\n\t\t\t\t<\/div>\n\t\t\t\t<\/div>\n\t\t\t\t\t<\/div>\n\t\t<\/div>\n\t\t\t\t\t\t\t<\/div>\n\t\t<\/section>\n\t\t\t\t\t\t<\/div>\n\t\t\t\t\t<\/div>\n\t\t","protected":false},"excerpt":{"rendered":"<div class=\"entry-summary\">\nDie fachdidaktische Ausbildung zum Lehramt Latein &amp; Griechisch an der Martin-Luther-Universit\u00e4t in Halle ist: praxisorientiert theoriegeleitet individuell unterst\u00fctzend Einen \u00dcberblick&hellip;\n<\/div>\n<div class=\"link-more\"><a href=\"https:\/\/blogs.urz.uni-halle.de\/latein\/studium-lehre\/fachdidaktik-latein\/\" class=\"more-link\">Continue reading<span class=\"screen-reader-text\"> &ldquo;Fachdidaktik Latein&rdquo;<\/span>&hellip;<\/a><\/div>\n","protected":false},"author":2998,"featured_media":0,"parent":92,"menu_order":0,"comment_status":"closed","ping_status":"closed","template":"","meta":[],"_links":{"self":[{"href":"https:\/\/blogs.urz.uni-halle.de\/latein\/wp-json\/wp\/v2\/pages\/428"}],"collection":[{"href":"https:\/\/blogs.urz.uni-halle.de\/latein\/wp-json\/wp\/v2\/pages"}],"about":[{"href":"https:\/\/blogs.urz.uni-halle.de\/latein\/wp-json\/wp\/v2\/types\/page"}],"author":[{"embeddable":true,"href":"https:\/\/blogs.urz.uni-halle.de\/latein\/wp-json\/wp\/v2\/users\/2998"}],"replies":[{"embeddable":true,"href":"https:\/\/blogs.urz.uni-halle.de\/latein\/wp-json\/wp\/v2\/comments?post=428"}],"version-history":[{"count":10,"href":"https:\/\/blogs.urz.uni-halle.de\/latein\/wp-json\/wp\/v2\/pages\/428\/revisions"}],"predecessor-version":[{"id":840,"href":"https:\/\/blogs.urz.uni-halle.de\/latein\/wp-json\/wp\/v2\/pages\/428\/revisions\/840"}],"up":[{"embeddable":true,"href":"https:\/\/blogs.urz.uni-halle.de\/latein\/wp-json\/wp\/v2\/pages\/92"}],"wp:attachment":[{"href":"https:\/\/blogs.urz.uni-halle.de\/latein\/wp-json\/wp\/v2\/media?parent=428"}],"curies":[{"name":"wp","href":"https:\/\/api.w.org\/{rel}","templated":true}]}}