{"id":98,"date":"2017-09-26T09:56:45","date_gmt":"2017-09-26T07:56:45","guid":{"rendered":"https:\/\/blogs.urz.uni-halle.de\/latein\/?page_id=98"},"modified":"2020-03-02T12:07:21","modified_gmt":"2020-03-02T11:07:21","slug":"robertinum","status":"publish","type":"page","link":"https:\/\/blogs.urz.uni-halle.de\/latein\/robertinum\/","title":{"rendered":"Robertinum"},"content":{"rendered":"\t\t<div data-elementor-type=\"wp-post\" data-elementor-id=\"98\" class=\"elementor elementor-98\" data-elementor-settings=\"[]\">\n\t\t\t\t\t\t\t<div class=\"elementor-section-wrap\">\n\t\t\t\t\t\t\t<section class=\"elementor-section elementor-top-section elementor-element elementor-element-a57ea7e elementor-section-boxed elementor-section-height-default elementor-section-height-default\" data-id=\"a57ea7e\" data-element_type=\"section\">\n\t\t\t\t\t\t<div class=\"elementor-container elementor-column-gap-default\">\n\t\t\t\t\t<div class=\"elementor-column elementor-col-100 elementor-top-column elementor-element elementor-element-270752c\" data-id=\"270752c\" data-element_type=\"column\">\n\t\t\t<div class=\"elementor-widget-wrap elementor-element-populated\">\n\t\t\t\t\t\t\t\t<div class=\"elementor-element elementor-element-1de1f8b elementor-widget elementor-widget-image\" data-id=\"1de1f8b\" data-element_type=\"widget\" data-widget_type=\"image.default\">\n\t\t\t\t<div class=\"elementor-widget-container\">\n\t\t\t\t\t<div class=\"elementor-image\">\n\t\t\t\t\t\t\t<figure class=\"wp-caption\">\n\t\t\t\t\t\t\t\t\t\t<img width=\"1024\" height=\"768\" src=\"https:\/\/blogs.urz.uni-halle.de\/latein\/files\/2018\/07\/Robertinum_1024.jpg\" class=\"attachment-large size-large\" alt=\"\" loading=\"lazy\" srcset=\"https:\/\/blogs.urz.uni-halle.de\/latein\/files\/2018\/07\/Robertinum_1024.jpg 1024w, https:\/\/blogs.urz.uni-halle.de\/latein\/files\/2018\/07\/Robertinum_1024-420x315.jpg 420w, https:\/\/blogs.urz.uni-halle.de\/latein\/files\/2018\/07\/Robertinum_1024-744x558.jpg 744w, https:\/\/blogs.urz.uni-halle.de\/latein\/files\/2018\/07\/Robertinum_1024-768x576.jpg 768w\" sizes=\"(max-width: 1024px) 100vw, 1024px\" \/>\t\t\t\t\t\t\t\t\t\t\t<figcaption class=\"widget-image-caption wp-caption-text\">\u00a9 M. Breuer<\/figcaption>\n\t\t\t\t\t\t\t\t\t\t<\/figure>\n\t\t\t\t\t<\/div>\n\t\t\t\t<\/div>\n\t\t\t\t<\/div>\n\t\t\t\t\t<\/div>\n\t\t<\/div>\n\t\t\t\t\t\t\t<\/div>\n\t\t<\/section>\n\t\t\t\t<section class=\"elementor-section elementor-top-section elementor-element elementor-element-wj98vg9 elementor-section-boxed elementor-section-height-default elementor-section-height-default\" data-id=\"wj98vg9\" data-element_type=\"section\">\n\t\t\t\t\t\t<div class=\"elementor-container elementor-column-gap-default\">\n\t\t\t\t\t<div class=\"elementor-column elementor-col-100 elementor-top-column elementor-element elementor-element-62h35xb\" data-id=\"62h35xb\" data-element_type=\"column\">\n\t\t\t<div class=\"elementor-widget-wrap elementor-element-populated\">\n\t\t\t\t\t\t\t\t<div class=\"elementor-element elementor-element-1x34i3v elementor-widget elementor-widget-text-editor\" data-id=\"1x34i3v\" data-element_type=\"widget\" data-widget_type=\"text-editor.default\">\n\t\t\t\t<div class=\"elementor-widget-container\">\n\t\t\t\t\t<div class=\"elementor-text-editor elementor-clearfix\"><p class=\"MsoNormal\" style=\"text-align: justify;\">Latein und Griechisch blicken an der Martin-Luther-Universit\u00e4t Halle-Wittenberg auf eine lange Tradition zur\u00fcck. Schon 1519 wurde mit Luthers Weggef\u00e4hrten Philipp Melanchthon ein Professor f\u00fcr Griechische Sprache an die Universit\u00e4t Wittenberg berufen, 1787 hob Friedrich August Wolf das Seminarium philologicum aus der Taufe und etablierte damit eine erste von der Theologie unabh\u00e4ngige Ausbildungsst\u00e4tte f\u00fcr Altsprachenlehrer. Heute haben die beiden Philologien zusammen mit den in Halle gleichfalls fr\u00fch ans\u00e4ssigen Nachbardisziplinen Klassische Arch\u00e4ologie und Alte Geschichte ihren gemeinsamen Sitz am Universit\u00e4tsplatz im sogenannten Robertinum. Benannt ist dieses Geb\u00e4ude, urspr\u00fcnglich ausschlie\u00dflich arch\u00e4ologisches Museum, nach dem ber\u00fchmten Arch\u00e4ologen und klassischen Philologen Carl Robert (1850-1922), dessen Forschungen in besonderem Ma\u00dfe die Einheit der klassischen Altertumswissenschaften verk\u00f6rpern.<\/p><\/div>\n\t\t\t\t<\/div>\n\t\t\t\t<\/div>\n\t\t\t\t\t<\/div>\n\t\t<\/div>\n\t\t\t\t\t\t\t<\/div>\n\t\t<\/section>\n\t\t\t\t<section class=\"elementor-section elementor-top-section elementor-element elementor-element-3d49ee8 elementor-section-boxed elementor-section-height-default elementor-section-height-default\" data-id=\"3d49ee8\" data-element_type=\"section\">\n\t\t\t\t\t\t<div class=\"elementor-container elementor-column-gap-default\">\n\t\t\t\t\t<div class=\"elementor-column elementor-col-100 elementor-top-column elementor-element elementor-element-0e801e3\" data-id=\"0e801e3\" data-element_type=\"column\">\n\t\t\t<div class=\"elementor-widget-wrap elementor-element-populated\">\n\t\t\t\t\t\t\t\t<div class=\"elementor-element elementor-element-0353055 elementor-widget-divider--view-line elementor-widget elementor-widget-divider\" data-id=\"0353055\" data-element_type=\"widget\" data-widget_type=\"divider.default\">\n\t\t\t\t<div class=\"elementor-widget-container\">\n\t\t\t\t\t<div class=\"elementor-divider\">\n\t\t\t<span class=\"elementor-divider-separator\">\n\t\t\t\t\t\t<\/span>\n\t\t<\/div>\n\t\t\t\t<\/div>\n\t\t\t\t<\/div>\n\t\t\t\t\t<\/div>\n\t\t<\/div>\n\t\t\t\t\t\t\t<\/div>\n\t\t<\/section>\n\t\t\t\t<section class=\"elementor-section elementor-top-section elementor-element elementor-element-a505e53 elementor-section-boxed elementor-section-height-default elementor-section-height-default\" data-id=\"a505e53\" data-element_type=\"section\">\n\t\t\t\t\t\t<div class=\"elementor-container elementor-column-gap-default\">\n\t\t\t\t\t<div class=\"elementor-column elementor-col-100 elementor-top-column elementor-element elementor-element-d219ffb\" data-id=\"d219ffb\" data-element_type=\"column\">\n\t\t\t<div class=\"elementor-widget-wrap elementor-element-populated\">\n\t\t\t\t\t\t\t\t<div class=\"elementor-element elementor-element-cf658c2 elementor-aspect-ratio-169 elementor-widget elementor-widget-video\" data-id=\"cf658c2\" data-element_type=\"widget\" data-settings=\"{&quot;youtube_url&quot;:&quot;https:\\\/\\\/www.youtube.com\\\/watch?v=fmW_Mt78kIg&quot;,&quot;video_type&quot;:&quot;youtube&quot;,&quot;controls&quot;:&quot;yes&quot;,&quot;aspect_ratio&quot;:&quot;169&quot;}\" data-widget_type=\"video.default\">\n\t\t\t\t<div class=\"elementor-widget-container\">\n\t\t\t\t\t<div class=\"elementor-wrapper elementor-fit-aspect-ratio elementor-open-inline\">\n\t\t\t<div class=\"elementor-video\"><\/div>\t\t<\/div>\n\t\t\t\t<\/div>\n\t\t\t\t<\/div>\n\t\t\t\t\t<\/div>\n\t\t<\/div>\n\t\t\t\t\t\t\t<\/div>\n\t\t<\/section>\n\t\t\t\t<section class=\"elementor-section elementor-top-section elementor-element elementor-element-db236f1 elementor-section-boxed elementor-section-height-default elementor-section-height-default\" data-id=\"db236f1\" data-element_type=\"section\">\n\t\t\t\t\t\t<div class=\"elementor-container elementor-column-gap-default\">\n\t\t\t\t\t<div class=\"elementor-column elementor-col-100 elementor-top-column elementor-element elementor-element-4918a8d\" data-id=\"4918a8d\" data-element_type=\"column\">\n\t\t\t<div class=\"elementor-widget-wrap elementor-element-populated\">\n\t\t\t\t\t\t\t\t<div class=\"elementor-element elementor-element-a82d245 elementor-widget-divider--view-line elementor-widget elementor-widget-divider\" data-id=\"a82d245\" data-element_type=\"widget\" data-widget_type=\"divider.default\">\n\t\t\t\t<div class=\"elementor-widget-container\">\n\t\t\t\t\t<div class=\"elementor-divider\">\n\t\t\t<span class=\"elementor-divider-separator\">\n\t\t\t\t\t\t<\/span>\n\t\t<\/div>\n\t\t\t\t<\/div>\n\t\t\t\t<\/div>\n\t\t\t\t\t<\/div>\n\t\t<\/div>\n\t\t\t\t\t\t\t<\/div>\n\t\t<\/section>\n\t\t\t\t<section class=\"elementor-section elementor-top-section elementor-element elementor-element-zdvj7z0 elementor-section-boxed elementor-section-height-default elementor-section-height-default\" data-id=\"zdvj7z0\" data-element_type=\"section\">\n\t\t\t\t\t\t<div class=\"elementor-container elementor-column-gap-default\">\n\t\t\t\t\t<div class=\"elementor-column elementor-col-100 elementor-top-column elementor-element elementor-element-fa7gryi\" data-id=\"fa7gryi\" data-element_type=\"column\">\n\t\t\t<div class=\"elementor-widget-wrap elementor-element-populated\">\n\t\t\t\t\t\t\t\t<div class=\"elementor-element elementor-element-7ssee57 elementor-widget elementor-widget-google_maps\" data-id=\"7ssee57\" data-element_type=\"widget\" data-widget_type=\"google_maps.default\">\n\t\t\t\t<div class=\"elementor-widget-container\">\n\t\t\t<div class=\"elementor-custom-embed\"><iframe frameborder=\"0\" scrolling=\"no\" marginheight=\"0\" marginwidth=\"0\" src=\"https:\/\/maps.google.com\/maps?q=Robertinum&amp;t=m&amp;z=14&amp;output=embed&amp;iwloc=near\" title=\"Robertinum\" aria-label=\"Robertinum\"><\/iframe><\/div>\t\t<\/div>\n\t\t\t\t<\/div>\n\t\t\t\t\t<\/div>\n\t\t<\/div>\n\t\t\t\t\t\t\t<\/div>\n\t\t<\/section>\n\t\t\t\t\t\t<\/div>\n\t\t\t\t\t<\/div>\n\t\t","protected":false},"excerpt":{"rendered":"<div class=\"entry-summary\">\n\u00a9 M. Breuer Latein und Griechisch blicken an der Martin-Luther-Universit\u00e4t Halle-Wittenberg auf eine lange Tradition zur\u00fcck. Schon 1519 wurde mit&hellip;\n<\/div>\n<div class=\"link-more\"><a href=\"https:\/\/blogs.urz.uni-halle.de\/latein\/robertinum\/\" class=\"more-link\">Continue reading<span class=\"screen-reader-text\"> &ldquo;Robertinum&rdquo;<\/span>&hellip;<\/a><\/div>\n","protected":false},"author":2998,"featured_media":0,"parent":0,"menu_order":0,"comment_status":"closed","ping_status":"closed","template":"","meta":[],"_links":{"self":[{"href":"https:\/\/blogs.urz.uni-halle.de\/latein\/wp-json\/wp\/v2\/pages\/98"}],"collection":[{"href":"https:\/\/blogs.urz.uni-halle.de\/latein\/wp-json\/wp\/v2\/pages"}],"about":[{"href":"https:\/\/blogs.urz.uni-halle.de\/latein\/wp-json\/wp\/v2\/types\/page"}],"author":[{"embeddable":true,"href":"https:\/\/blogs.urz.uni-halle.de\/latein\/wp-json\/wp\/v2\/users\/2998"}],"replies":[{"embeddable":true,"href":"https:\/\/blogs.urz.uni-halle.de\/latein\/wp-json\/wp\/v2\/comments?post=98"}],"version-history":[{"count":10,"href":"https:\/\/blogs.urz.uni-halle.de\/latein\/wp-json\/wp\/v2\/pages\/98\/revisions"}],"predecessor-version":[{"id":1182,"href":"https:\/\/blogs.urz.uni-halle.de\/latein\/wp-json\/wp\/v2\/pages\/98\/revisions\/1182"}],"wp:attachment":[{"href":"https:\/\/blogs.urz.uni-halle.de\/latein\/wp-json\/wp\/v2\/media?parent=98"}],"curies":[{"name":"wp","href":"https:\/\/api.w.org\/{rel}","templated":true}]}}