{"id":2,"date":"2023-07-16T16:39:39","date_gmt":"2023-07-16T14:39:39","guid":{"rendered":"https:\/\/blogs.urz.uni-halle.de\/lebenmitbipolarerstoerung\/?page_id=2"},"modified":"2023-10-17T15:32:56","modified_gmt":"2023-10-17T13:32:56","slug":"beispiel-seite","status":"publish","type":"page","link":"https:\/\/blogs.urz.uni-halle.de\/lebenmitbipolarerstoerung\/beispiel-seite\/","title":{"rendered":"UNSER PROJEKT"},"content":{"rendered":"<div class=\"page\" role=\"region\" data-page-number=\"1\" aria-label=\"Seite 1\" data-loaded=\"true\">\n<div class=\"textLayer\"><strong><span id=\"page1R_mcid12\" class=\"markedContent\" style=\"color: #056b6a\"><span dir=\"ltr\" role=\"presentation\">Bipolar: ein Leben zwischen zwei Extremen. <\/span><\/span><\/strong><\/div>\n<div class=\"textLayer\" style=\"text-align: left\"><strong><span id=\"page1R_mcid12\" class=\"markedContent\"><span dir=\"ltr\" role=\"presentation\">Doch wie genau verh\u00e4lt es sich um die <\/span><span dir=\"ltr\" role=\"presentation\">Betroffenen und ihre sich schlagartig \u00e4ndernden Gef\u00fchlswelten? <\/span><\/span><\/strong><\/div>\n<p class=\"textLayer\" style=\"text-align: left\"><span id=\"page1R_mcid12\" class=\"markedContent\"><span dir=\"ltr\" role=\"presentation\">Auf der einen Seite steht <\/span><span dir=\"ltr\" role=\"presentation\">die Depression mit ihrer Energielosigkeit, ihrer Einsamkeit, ihre \u00fcberm\u00e4\u00dfigen Trauer. Tage, <\/span><span dir=\"ltr\" role=\"presentation\">an denen das Aufstehen undenkbar scheint; Bekannte, Familie und Freunde, von denen <\/span><span dir=\"ltr\" role=\"presentation\">man sich distanziert; Gef\u00fchle der Leere. Und dann, wie als w\u00e4re ein Schalter umgelegt, <\/span><span dir=\"ltr\" role=\"presentation\">von jetzt auf gleich, von Heute auf Morgen kommt die Manie. Keine Leere, keine Trauer <\/span><span dir=\"ltr\" role=\"presentation\">mehr. Energie r\u00fcckt anstelle der Antriebslosigkeit, \u00fcberm\u00e4\u00dfige Motivation kennzeichnet <\/span><span dir=\"ltr\" role=\"presentation\">jedes Denken und Handeln. Doch die Freude erinnert hier eher an Gr\u00f6\u00dfenwahn, die Lust <\/span><span dir=\"ltr\" role=\"presentation\">wird zum Exzess. Aus Euphorie wird Gereizt-Sein und \u00fcber<\/span><span class=\"markedContent\"><span dir=\"ltr\" role=\"presentation\">fl<\/span><\/span><span dir=\"ltr\" role=\"presentation\">utet die Sinne. Unruhe. Und <\/span><span dir=\"ltr\" role=\"presentation\">irgendwo dazwischen steht ein Mensch, der jeden Tag damit umgehen muss, der seinen <\/span><\/span><span id=\"page1R_mcid12\" class=\"markedContent\"><span dir=\"ltr\" role=\"presentation\">Alltag <\/span><span dir=\"ltr\" role=\"presentation\">darauf <\/span><span dir=\"ltr\" role=\"presentation\">ausrichten <\/span><span dir=\"ltr\" role=\"presentation\">muss.<\/span><\/span><\/p>\n<\/div>\n<div><strong><span style=\"color: #056b6a\">Unser Ziel:\u00a0<\/span><\/strong><\/div>\n<div class=\"page\" role=\"region\" data-page-number=\"1\" aria-label=\"Seite 1\" data-loaded=\"true\">\n<div class=\"textLayer\"><span id=\"page1R_mcid12\" class=\"markedContent\"><span dir=\"ltr\" role=\"presentation\">Nat\u00fcrlich <\/span><span dir=\"ltr\" role=\"presentation\">sind <\/span><span dir=\"ltr\" role=\"presentation\">die <\/span><span dir=\"ltr\" role=\"presentation\">eben <\/span><span dir=\"ltr\" role=\"presentation\">geschilderten <\/span><span dir=\"ltr\" role=\"presentation\">Extreme <\/span><span dir=\"ltr\" role=\"presentation\">nicht <\/span><br role=\"presentation\" \/><span dir=\"ltr\" role=\"presentation\">unbedingt der Normalfall. Wir wollen uns in unserem Video- und Audiost\u00fcck trotzdem auf <\/span><span dir=\"ltr\" role=\"presentation\">eine maximale Ausreizung der jeweiligen Pole fokussieren, um die m\u00f6glichen Ausma\u00dfe <\/span><span dir=\"ltr\" role=\"presentation\">dieser St\u00f6rung <\/span><span dir=\"ltr\" role=\"presentation\"> bestm\u00f6glich zu verdeutlichen und die Seite darzustellen, die f\u00fcr eine <\/span><span dir=\"ltr\" role=\"presentation\">betroffene <\/span><span dir=\"ltr\" role=\"presentation\">Person <\/span><span dir=\"ltr\" role=\"presentation\">besonders <\/span><span dir=\"ltr\" role=\"presentation\">belastend <\/span><span dir=\"ltr\" role=\"presentation\">ist. <\/span><span dir=\"ltr\" role=\"presentation\">Unser <\/span><span dir=\"ltr\" role=\"presentation\">Beitrag <\/span><span dir=\"ltr\" role=\"presentation\">soll <\/span><span dir=\"ltr\" role=\"presentation\">aufkl\u00e4ren <\/span><span dir=\"ltr\" role=\"presentation\">und <\/span><span dir=\"ltr\" role=\"presentation\">ein <\/span><span dir=\"ltr\" role=\"presentation\">Bewusstsein schaffen, denn so, wie sich die beiden Pole im Kontrast gegen\u00fcber stehen, <\/span><span dir=\"ltr\" role=\"presentation\">so stehen sie jeweils auch einer Gesellschaft gegen\u00fcber, in die sie nicht hineinpassen. <\/span><span dir=\"ltr\" role=\"presentation\">Einer Tabuisierung und Ausblendung des Themas, wollen wir ein konkretes Verst\u00e4ndnis <\/span><span dir=\"ltr\" role=\"presentation\">gegen\u00fcberstellen. <strong>Also Fragen wir: wie kann das Leben f\u00fcr einen Menschen aussehen, <\/strong><\/span><strong><span dir=\"ltr\" role=\"presentation\">der mit einer bipolaren St\u00f6rung zu k\u00e4mpfen hat? <\/span><\/strong><\/span><\/p>\n<div class=\"endOfContent\"><\/div>\n<\/div>\n<\/div>\n","protected":false},"excerpt":{"rendered":"<p>Bipolar: ein Leben zwischen zwei Extremen. Doch wie genau verh\u00e4lt es sich um die Betroffenen und ihre sich schlagartig \u00e4ndernden Gef\u00fchlswelten? Auf der einen Seite steht die Depression mit ihrer Energielosigkeit, ihrer Einsamkeit, ihre \u00fcberm\u00e4\u00dfigen Trauer. Tage, an denen das Aufstehen undenkbar scheint; Bekannte, Familie und Freunde, von denen man sich distanziert; Gef\u00fchle der Leere. [&hellip;]<\/p>\n","protected":false},"author":5827,"featured_media":0,"parent":0,"menu_order":2,"comment_status":"closed","ping_status":"closed","template":"","meta":[],"_links":{"self":[{"href":"https:\/\/blogs.urz.uni-halle.de\/lebenmitbipolarerstoerung\/wp-json\/wp\/v2\/pages\/2"}],"collection":[{"href":"https:\/\/blogs.urz.uni-halle.de\/lebenmitbipolarerstoerung\/wp-json\/wp\/v2\/pages"}],"about":[{"href":"https:\/\/blogs.urz.uni-halle.de\/lebenmitbipolarerstoerung\/wp-json\/wp\/v2\/types\/page"}],"author":[{"embeddable":true,"href":"https:\/\/blogs.urz.uni-halle.de\/lebenmitbipolarerstoerung\/wp-json\/wp\/v2\/users\/5827"}],"replies":[{"embeddable":true,"href":"https:\/\/blogs.urz.uni-halle.de\/lebenmitbipolarerstoerung\/wp-json\/wp\/v2\/comments?post=2"}],"version-history":[{"count":10,"href":"https:\/\/blogs.urz.uni-halle.de\/lebenmitbipolarerstoerung\/wp-json\/wp\/v2\/pages\/2\/revisions"}],"predecessor-version":[{"id":102,"href":"https:\/\/blogs.urz.uni-halle.de\/lebenmitbipolarerstoerung\/wp-json\/wp\/v2\/pages\/2\/revisions\/102"}],"wp:attachment":[{"href":"https:\/\/blogs.urz.uni-halle.de\/lebenmitbipolarerstoerung\/wp-json\/wp\/v2\/media?parent=2"}],"curies":[{"name":"wp","href":"https:\/\/api.w.org\/{rel}","templated":true}]}}