{"id":34,"date":"2023-07-17T11:27:59","date_gmt":"2023-07-17T09:27:59","guid":{"rendered":"https:\/\/blogs.urz.uni-halle.de\/lebenmitbipolarerstoerung\/?page_id=34"},"modified":"2023-07-20T19:32:31","modified_gmt":"2023-07-20T17:32:31","slug":"das-sind-wir","status":"publish","type":"page","link":"https:\/\/blogs.urz.uni-halle.de\/lebenmitbipolarerstoerung\/","title":{"rendered":""},"content":{"rendered":"\n<div class=\"wp-block-cover has-background-dim\" style=\"background-image:url(https:\/\/blogs.urz.uni-halle.de\/lebenmitbipolarerstoerung\/files\/2023\/07\/preview.jpg)\"><div class=\"wp-block-cover__inner-container\">\n<p class=\"has-text-align-center\" style=\"font-size:26px\">Gesellschaftliche Offenheit und Akzeptanz gegen\u00fcber psychischen Erkrankungen sind entscheidend, um Vorurteile und Stigmatisierung abzubauen!<\/p>\n<\/div><\/div>\n\n\n\n<h2 class=\"has-normal-font-size\"><span class=\"has-inline-color has-white-color\">h<\/span><\/h2>\n\n\n\n<h2>DAS SIND WIR <\/h2>\n\n\n\n<p>Wir sind vier Frauen, die gemeinsam an der Martin-Luther-Universit\u00e4t-Halle-Wittenberg das Fach Medien- und Kommunikationswissenschaft studieren. Im Rahmen einer Pr\u00fcfungsleistung haben wir uns mit der psychischen Erkrankung <strong>bipolare St\u00f6rung<\/strong> befasst und m\u00f6chten mit unserem Projekt einer Tabuisierung des Themas entgegenwirken. Zur Aufkl\u00e4rung haben wir einen Audio und einen Video Beitrag produziert.<\/p>\n\n\n\n<h2><span class=\"has-inline-color has-white-color\">h<\/span><\/h2>\n\n\n\n<p>Ein Projekt von: Johanna Rasche, Selina Wurl, Lena K\u00fcpper und Meret Teichmann <\/p>\n","protected":false},"excerpt":{"rendered":"<p>h DAS SIND WIR Wir sind vier Frauen, die gemeinsam an der Martin-Luther-Universit\u00e4t-Halle-Wittenberg das Fach Medien- und Kommunikationswissenschaft studieren. Im Rahmen einer Pr\u00fcfungsleistung haben wir uns mit der psychischen Erkrankung bipolare St\u00f6rung befasst und m\u00f6chten mit unserem Projekt einer Tabuisierung des Themas entgegenwirken. Zur Aufkl\u00e4rung haben wir einen Audio und einen Video Beitrag produziert. h [&hellip;]<\/p>\n","protected":false},"author":5827,"featured_media":0,"parent":0,"menu_order":1,"comment_status":"closed","ping_status":"closed","template":"","meta":[],"_links":{"self":[{"href":"https:\/\/blogs.urz.uni-halle.de\/lebenmitbipolarerstoerung\/wp-json\/wp\/v2\/pages\/34"}],"collection":[{"href":"https:\/\/blogs.urz.uni-halle.de\/lebenmitbipolarerstoerung\/wp-json\/wp\/v2\/pages"}],"about":[{"href":"https:\/\/blogs.urz.uni-halle.de\/lebenmitbipolarerstoerung\/wp-json\/wp\/v2\/types\/page"}],"author":[{"embeddable":true,"href":"https:\/\/blogs.urz.uni-halle.de\/lebenmitbipolarerstoerung\/wp-json\/wp\/v2\/users\/5827"}],"replies":[{"embeddable":true,"href":"https:\/\/blogs.urz.uni-halle.de\/lebenmitbipolarerstoerung\/wp-json\/wp\/v2\/comments?post=34"}],"version-history":[{"count":10,"href":"https:\/\/blogs.urz.uni-halle.de\/lebenmitbipolarerstoerung\/wp-json\/wp\/v2\/pages\/34\/revisions"}],"predecessor-version":[{"id":110,"href":"https:\/\/blogs.urz.uni-halle.de\/lebenmitbipolarerstoerung\/wp-json\/wp\/v2\/pages\/34\/revisions\/110"}],"wp:attachment":[{"href":"https:\/\/blogs.urz.uni-halle.de\/lebenmitbipolarerstoerung\/wp-json\/wp\/v2\/media?parent=34"}],"curies":[{"name":"wp","href":"https:\/\/api.w.org\/{rel}","templated":true}]}}