{"id":250,"date":"2021-07-25T11:31:32","date_gmt":"2021-07-25T09:31:32","guid":{"rendered":"https:\/\/blogs.urz.uni-halle.de\/lebensraumwald\/?page_id=250"},"modified":"2022-08-19T09:18:52","modified_gmt":"2022-08-19T07:18:52","slug":"modul-5","status":"publish","type":"page","link":"https:\/\/blogs.urz.uni-halle.de\/lebensraumwald\/modul-5\/","title":{"rendered":"Modul 5"},"content":{"rendered":"\n<p class=\"has-medium-font-size\" id=\"block-503d5154-1a5f-4a6f-827e-badf854cf0fa\"><strong><br>Unsere W\u00e4lder sind gef\u00e4hrdet!<\/strong><\/p>\n\n\n\n<p id=\"block-3ce16677-7a8c-4a48-9d2d-dda656fa113b\">Auf den ersten Blick scheint alles in Ordnung: Im Fr\u00fchjahr beginnen alle Pflanzen zu gr\u00fcnen und die Tiere erwachen wieder zum Leben. Doch dieser sch\u00f6ne Eindruck t\u00e4uscht! In hei\u00dfen Sommern haben Pflanzen und Tiere vermehrt mit der W\u00e4rme zu k\u00e4mpfen. Bei <strong>Trockenheit<\/strong> und hohen Temperaturen leiden sie an Wassermangel. Zudem k\u00f6nnen sich manche <strong>Sch\u00e4dlinge<\/strong> (beispielsweise der Borkenk\u00e4fer) st\u00e4rker vermehren. <strong>Abgase<\/strong> verschlechtern die Luftqualit\u00e4t und f\u00fchren den Waldlebewesen schwere Sch\u00e4den zu. Geschrei, Fahrradklingeln, Musik &#8211; diese <strong>Ger\u00e4usche<\/strong> bedeuten f\u00fcr viele Waldtiere eine Bedrohung; sie fl\u00fcchten und verbrauchen zus\u00e4tzliche Energie. Achtlos weggeworfener <strong>M\u00fcll<\/strong> verschandelt die Landschaft und beeintr\u00e4chtigt die Lebensgemeinschaft von Tieren und Pflanzen.<\/p>\n\n\n\n<p class=\"has-medium-font-size\" id=\"block-6da06824-102c-45b7-8a68-db5a1c80a434\"><strong>Unsere W\u00e4lder m\u00fcssen gesch\u00fctzt werden!<\/strong><\/p>\n\n\n\n<p id=\"block-2114c40b-d182-4e35-bc62-775557f4b68e\">Vor 2.000 Jahren war Mitteleuropa mit Urw\u00e4ldern bedeckt. Die Natur war sich selbst \u00fcberlassen, immerhin gab es auch nur wenige Menschen. Doch im Laufe der Zeit wuchs die Bev\u00f6lkerung immer weiter an und damit auch der Bedarf an Holz und Nutzfl\u00e4che. Zudem hatte man Angst vor den gro\u00dfen Raubtieren und bef\u00fcrchtete, dass sie die wertvollen Nutztiere angreifen und fressen w\u00fcrden. Der Wald wurde zum &#8222;Acker&#8220; auf dem Forstwirtschaft betrieben wurde, das hei\u00dft es wurden B\u00e4ume gepflanzt und abgeholzt, aber es wurde auch gezielt Einfluss auf den Wildbestand genommen &#8211; die sogenannten <strong>Forste<\/strong> entstanden. Forste sind sehr artenarm. Hier finden nur wenige Tier- und Pflanzenart einen geeigneten Lebensraum. Forste sind auch anf\u00e4lliger f\u00fcr Sch\u00e4dlinge. Deswegen achten F\u00f6rsterinnen und F\u00f6rster heute darauf, dass wieder mehr Mischw\u00e4lder angepflanzt werden. Gleichzeitig werden immer mehr Gebiete unter <strong>Naturschutz<\/strong> gestellt. In solchen Orten k\u00f6nnen sich Pflanzen und Tiere vollkommen ungest\u00f6rt entwickeln. Es ist sogar gelungen Tiere anzusiedeln, die es dort lange Zeit nicht mehr gab. So gibt es in einigen deutschen W\u00e4ldern wieder Wildkatzen, Uhus und Luchse.<\/p>\n\n\n\n<p class=\"has-medium-font-size\" id=\"block-6532e87a-c300-41ac-ac2d-1567d2bb7d63\"><strong>Notruf aus dem Wald<\/strong><\/p>\n\n\n\n<p id=\"block-6f9aef57-faf3-4034-83e2-c80c075d989c\">Natur-, Klima- und Umweltschutz spielen zunehmend eine immer wichtiger werdende Rolle in unserer Gesellschaft. In folgendem Video ist noch einmal zusammengefasst, warum unsere W\u00e4lder gef\u00e4hrdet sind und wie wir die W\u00e4lder retten k\u00f6nnen:<\/p>\n\n\n\n<figure class=\"wp-block-embed-youtube wp-block-embed is-type-video is-provider-youtube wp-embed-aspect-16-9 wp-has-aspect-ratio\"><div class=\"wp-block-embed__wrapper\">\n<iframe title=\"Unser Wald stirbt vor unseren Augen | MrWissen2go EXKLUSIV\" width=\"1140\" height=\"641\" src=\"https:\/\/www.youtube.com\/embed\/DcVePbOWETU?feature=oembed\" frameborder=\"0\" allow=\"accelerometer; autoplay; clipboard-write; encrypted-media; gyroscope; picture-in-picture\" allowfullscreen><\/iframe>\n<\/div><\/figure>\n","protected":false},"excerpt":{"rendered":"<p>Unsere W\u00e4lder sind gef\u00e4hrdet! Auf den ersten Blick scheint alles in Ordnung: Im Fr\u00fchjahr beginnen alle Pflanzen zu gr\u00fcnen und die Tiere erwachen wieder zum Leben. Doch dieser sch\u00f6ne Eindruck t\u00e4uscht! In hei\u00dfen Sommern haben Pflanzen und Tiere vermehrt mit der W\u00e4rme zu k\u00e4mpfen. Bei Trockenheit und hohen Temperaturen leiden sie an Wassermangel. Zudem k\u00f6nnen &hellip; <\/p>\n<p><a class=\"more-link btn\" href=\"https:\/\/blogs.urz.uni-halle.de\/lebensraumwald\/modul-5\/\">Weiterlesen<\/a><\/p>\n","protected":false},"author":5130,"featured_media":0,"parent":0,"menu_order":0,"comment_status":"open","ping_status":"closed","template":"","meta":[],"_links":{"self":[{"href":"https:\/\/blogs.urz.uni-halle.de\/lebensraumwald\/wp-json\/wp\/v2\/pages\/250"}],"collection":[{"href":"https:\/\/blogs.urz.uni-halle.de\/lebensraumwald\/wp-json\/wp\/v2\/pages"}],"about":[{"href":"https:\/\/blogs.urz.uni-halle.de\/lebensraumwald\/wp-json\/wp\/v2\/types\/page"}],"author":[{"embeddable":true,"href":"https:\/\/blogs.urz.uni-halle.de\/lebensraumwald\/wp-json\/wp\/v2\/users\/5130"}],"replies":[{"embeddable":true,"href":"https:\/\/blogs.urz.uni-halle.de\/lebensraumwald\/wp-json\/wp\/v2\/comments?post=250"}],"version-history":[{"count":9,"href":"https:\/\/blogs.urz.uni-halle.de\/lebensraumwald\/wp-json\/wp\/v2\/pages\/250\/revisions"}],"predecessor-version":[{"id":443,"href":"https:\/\/blogs.urz.uni-halle.de\/lebensraumwald\/wp-json\/wp\/v2\/pages\/250\/revisions\/443"}],"wp:attachment":[{"href":"https:\/\/blogs.urz.uni-halle.de\/lebensraumwald\/wp-json\/wp\/v2\/media?parent=250"}],"curies":[{"name":"wp","href":"https:\/\/api.w.org\/{rel}","templated":true}]}}