{"id":385,"date":"2021-07-28T20:17:05","date_gmt":"2021-07-28T18:17:05","guid":{"rendered":"https:\/\/blogs.urz.uni-halle.de\/lebensraumwald\/?page_id=385"},"modified":"2021-07-28T20:36:53","modified_gmt":"2021-07-28T18:36:53","slug":"tiere-2","status":"publish","type":"page","link":"https:\/\/blogs.urz.uni-halle.de\/lebensraumwald\/modul3\/tiere-2\/","title":{"rendered":"Tiere"},"content":{"rendered":"\n<p>Warst du schon eimal im Wald spazieren und hast dabei ein Tier entdecken k\u00f6nnen? Wenn ja, dann hattest du gro\u00dfes Gl\u00fcck, denn die meisten Waldtiere sind sehr scheu und verstecken sich. So k\u00f6nnte man fast meinen, dass gar keine Tiere im Wald leben. Dabei sind die verschiedenen Schichten des Waldes f\u00fcr gro\u00dfe und kleine Tiere ein Lebensraum. Sie finden Nahrung, M\u00f6glichkeiten zum Bau von Brut- und Wohnst\u00e4tten und zum Aufziehen ihrer Jungen, aber sie erhalten auch Schutz vor Feinden.<\/p>\n\n\n\n<figure class=\"wp-block-gallery columns-1 is-cropped\"><ul class=\"blocks-gallery-grid\"><li class=\"blocks-gallery-item\"><figure><img loading=\"lazy\" width=\"1486\" height=\"1046\" src=\"https:\/\/blogs.urz.uni-halle.de\/lebensraumwald\/files\/2021\/07\/Ameise-3.png\" alt=\"\" data-id=\"419\" data-full-url=\"https:\/\/blogs.urz.uni-halle.de\/lebensraumwald\/files\/2021\/07\/Ameise-3.png\" data-link=\"https:\/\/blogs.urz.uni-halle.de\/lebensraumwald\/modul3\/tiere-2\/ameise-3\/\" class=\"wp-image-419\" srcset=\"https:\/\/blogs.urz.uni-halle.de\/lebensraumwald\/files\/2021\/07\/Ameise-3.png 1486w, https:\/\/blogs.urz.uni-halle.de\/lebensraumwald\/files\/2021\/07\/Ameise-3-300x211.png 300w, https:\/\/blogs.urz.uni-halle.de\/lebensraumwald\/files\/2021\/07\/Ameise-3-1024x721.png 1024w, https:\/\/blogs.urz.uni-halle.de\/lebensraumwald\/files\/2021\/07\/Ameise-3-768x541.png 768w, https:\/\/blogs.urz.uni-halle.de\/lebensraumwald\/files\/2021\/07\/Ameise-3-1140x802.png 1140w\" sizes=\"(max-width: 1486px) 100vw, 1486px\" \/><\/figure><\/li><li class=\"blocks-gallery-item\"><figure><img loading=\"lazy\" width=\"1486\" height=\"1048\" src=\"https:\/\/blogs.urz.uni-halle.de\/lebensraumwald\/files\/2021\/07\/Bildschirmfoto-2021-07-26-um-10.14.47-3.png\" alt=\"\" data-id=\"421\" data-full-url=\"https:\/\/blogs.urz.uni-halle.de\/lebensraumwald\/files\/2021\/07\/Bildschirmfoto-2021-07-26-um-10.14.47-3.png\" data-link=\"https:\/\/blogs.urz.uni-halle.de\/lebensraumwald\/modul3\/tiere-2\/bildschirmfoto-2021-07-26-um-10-14-47-3\/\" class=\"wp-image-421\" srcset=\"https:\/\/blogs.urz.uni-halle.de\/lebensraumwald\/files\/2021\/07\/Bildschirmfoto-2021-07-26-um-10.14.47-3.png 1486w, https:\/\/blogs.urz.uni-halle.de\/lebensraumwald\/files\/2021\/07\/Bildschirmfoto-2021-07-26-um-10.14.47-3-300x212.png 300w, https:\/\/blogs.urz.uni-halle.de\/lebensraumwald\/files\/2021\/07\/Bildschirmfoto-2021-07-26-um-10.14.47-3-1024x722.png 1024w, https:\/\/blogs.urz.uni-halle.de\/lebensraumwald\/files\/2021\/07\/Bildschirmfoto-2021-07-26-um-10.14.47-3-768x542.png 768w, https:\/\/blogs.urz.uni-halle.de\/lebensraumwald\/files\/2021\/07\/Bildschirmfoto-2021-07-26-um-10.14.47-3-1140x804.png 1140w\" sizes=\"(max-width: 1486px) 100vw, 1486px\" \/><\/figure><\/li><li class=\"blocks-gallery-item\"><figure><img loading=\"lazy\" width=\"1486\" height=\"1047\" src=\"https:\/\/blogs.urz.uni-halle.de\/lebensraumwald\/files\/2021\/07\/Buntspecht-2.png\" alt=\"\" data-id=\"422\" data-full-url=\"https:\/\/blogs.urz.uni-halle.de\/lebensraumwald\/files\/2021\/07\/Buntspecht-2.png\" data-link=\"https:\/\/blogs.urz.uni-halle.de\/lebensraumwald\/modul3\/tiere-2\/buntspecht-2\/\" class=\"wp-image-422\" srcset=\"https:\/\/blogs.urz.uni-halle.de\/lebensraumwald\/files\/2021\/07\/Buntspecht-2.png 1486w, https:\/\/blogs.urz.uni-halle.de\/lebensraumwald\/files\/2021\/07\/Buntspecht-2-300x211.png 300w, https:\/\/blogs.urz.uni-halle.de\/lebensraumwald\/files\/2021\/07\/Buntspecht-2-1024x721.png 1024w, https:\/\/blogs.urz.uni-halle.de\/lebensraumwald\/files\/2021\/07\/Buntspecht-2-768x541.png 768w, https:\/\/blogs.urz.uni-halle.de\/lebensraumwald\/files\/2021\/07\/Buntspecht-2-1140x803.png 1140w\" sizes=\"(max-width: 1486px) 100vw, 1486px\" \/><\/figure><\/li><li class=\"blocks-gallery-item\"><figure><img loading=\"lazy\" width=\"1486\" height=\"1046\" src=\"https:\/\/blogs.urz.uni-halle.de\/lebensraumwald\/files\/2021\/07\/Bildschirmfoto-2021-07-26-um-10.14.28-3.png\" alt=\"\" data-id=\"420\" data-full-url=\"https:\/\/blogs.urz.uni-halle.de\/lebensraumwald\/files\/2021\/07\/Bildschirmfoto-2021-07-26-um-10.14.28-3.png\" data-link=\"https:\/\/blogs.urz.uni-halle.de\/lebensraumwald\/modul3\/tiere-2\/bildschirmfoto-2021-07-26-um-10-14-28-3\/\" class=\"wp-image-420\" srcset=\"https:\/\/blogs.urz.uni-halle.de\/lebensraumwald\/files\/2021\/07\/Bildschirmfoto-2021-07-26-um-10.14.28-3.png 1486w, https:\/\/blogs.urz.uni-halle.de\/lebensraumwald\/files\/2021\/07\/Bildschirmfoto-2021-07-26-um-10.14.28-3-300x211.png 300w, https:\/\/blogs.urz.uni-halle.de\/lebensraumwald\/files\/2021\/07\/Bildschirmfoto-2021-07-26-um-10.14.28-3-1024x721.png 1024w, https:\/\/blogs.urz.uni-halle.de\/lebensraumwald\/files\/2021\/07\/Bildschirmfoto-2021-07-26-um-10.14.28-3-768x541.png 768w, https:\/\/blogs.urz.uni-halle.de\/lebensraumwald\/files\/2021\/07\/Bildschirmfoto-2021-07-26-um-10.14.28-3-1140x802.png 1140w\" sizes=\"(max-width: 1486px) 100vw, 1486px\" \/><\/figure><\/li><li class=\"blocks-gallery-item\"><figure><img loading=\"lazy\" width=\"1486\" height=\"1047\" src=\"https:\/\/blogs.urz.uni-halle.de\/lebensraumwald\/files\/2021\/07\/Eichhoernchen-2.png\" alt=\"\" data-id=\"423\" data-full-url=\"https:\/\/blogs.urz.uni-halle.de\/lebensraumwald\/files\/2021\/07\/Eichhoernchen-2.png\" data-link=\"https:\/\/blogs.urz.uni-halle.de\/lebensraumwald\/modul3\/tiere-2\/eichhoernchen-2\/\" class=\"wp-image-423\" srcset=\"https:\/\/blogs.urz.uni-halle.de\/lebensraumwald\/files\/2021\/07\/Eichhoernchen-2.png 1486w, https:\/\/blogs.urz.uni-halle.de\/lebensraumwald\/files\/2021\/07\/Eichhoernchen-2-300x211.png 300w, https:\/\/blogs.urz.uni-halle.de\/lebensraumwald\/files\/2021\/07\/Eichhoernchen-2-1024x721.png 1024w, https:\/\/blogs.urz.uni-halle.de\/lebensraumwald\/files\/2021\/07\/Eichhoernchen-2-768x541.png 768w, https:\/\/blogs.urz.uni-halle.de\/lebensraumwald\/files\/2021\/07\/Eichhoernchen-2-1140x803.png 1140w\" sizes=\"(max-width: 1486px) 100vw, 1486px\" \/><\/figure><\/li><li class=\"blocks-gallery-item\"><figure><img loading=\"lazy\" width=\"1486\" height=\"1046\" src=\"https:\/\/blogs.urz.uni-halle.de\/lebensraumwald\/files\/2021\/07\/Rotfuchs-2.png\" alt=\"\" data-id=\"425\" data-full-url=\"https:\/\/blogs.urz.uni-halle.de\/lebensraumwald\/files\/2021\/07\/Rotfuchs-2.png\" data-link=\"https:\/\/blogs.urz.uni-halle.de\/lebensraumwald\/modul3\/tiere-2\/rotfuchs-2\/\" class=\"wp-image-425\" srcset=\"https:\/\/blogs.urz.uni-halle.de\/lebensraumwald\/files\/2021\/07\/Rotfuchs-2.png 1486w, https:\/\/blogs.urz.uni-halle.de\/lebensraumwald\/files\/2021\/07\/Rotfuchs-2-300x211.png 300w, https:\/\/blogs.urz.uni-halle.de\/lebensraumwald\/files\/2021\/07\/Rotfuchs-2-1024x721.png 1024w, https:\/\/blogs.urz.uni-halle.de\/lebensraumwald\/files\/2021\/07\/Rotfuchs-2-768x541.png 768w, https:\/\/blogs.urz.uni-halle.de\/lebensraumwald\/files\/2021\/07\/Rotfuchs-2-1140x802.png 1140w\" sizes=\"(max-width: 1486px) 100vw, 1486px\" \/><\/figure><\/li><li class=\"blocks-gallery-item\"><figure><img loading=\"lazy\" width=\"1485\" height=\"1045\" src=\"https:\/\/blogs.urz.uni-halle.de\/lebensraumwald\/files\/2021\/07\/Wildschwein-2.png\" alt=\"\" data-id=\"427\" data-full-url=\"https:\/\/blogs.urz.uni-halle.de\/lebensraumwald\/files\/2021\/07\/Wildschwein-2.png\" data-link=\"https:\/\/blogs.urz.uni-halle.de\/lebensraumwald\/modul3\/tiere-2\/wildschwein-2\/\" class=\"wp-image-427\" srcset=\"https:\/\/blogs.urz.uni-halle.de\/lebensraumwald\/files\/2021\/07\/Wildschwein-2.png 1485w, https:\/\/blogs.urz.uni-halle.de\/lebensraumwald\/files\/2021\/07\/Wildschwein-2-300x211.png 300w, https:\/\/blogs.urz.uni-halle.de\/lebensraumwald\/files\/2021\/07\/Wildschwein-2-1024x721.png 1024w, https:\/\/blogs.urz.uni-halle.de\/lebensraumwald\/files\/2021\/07\/Wildschwein-2-768x540.png 768w, https:\/\/blogs.urz.uni-halle.de\/lebensraumwald\/files\/2021\/07\/Wildschwein-2-1140x802.png 1140w\" sizes=\"(max-width: 1485px) 100vw, 1485px\" \/><\/figure><\/li><li class=\"blocks-gallery-item\"><figure><img loading=\"lazy\" width=\"1486\" height=\"1046\" src=\"https:\/\/blogs.urz.uni-halle.de\/lebensraumwald\/files\/2021\/07\/Reh-2.png\" alt=\"\" data-id=\"424\" data-full-url=\"https:\/\/blogs.urz.uni-halle.de\/lebensraumwald\/files\/2021\/07\/Reh-2.png\" data-link=\"https:\/\/blogs.urz.uni-halle.de\/lebensraumwald\/modul3\/tiere-2\/reh-2\/\" class=\"wp-image-424\" srcset=\"https:\/\/blogs.urz.uni-halle.de\/lebensraumwald\/files\/2021\/07\/Reh-2.png 1486w, https:\/\/blogs.urz.uni-halle.de\/lebensraumwald\/files\/2021\/07\/Reh-2-300x211.png 300w, https:\/\/blogs.urz.uni-halle.de\/lebensraumwald\/files\/2021\/07\/Reh-2-1024x721.png 1024w, https:\/\/blogs.urz.uni-halle.de\/lebensraumwald\/files\/2021\/07\/Reh-2-768x541.png 768w, https:\/\/blogs.urz.uni-halle.de\/lebensraumwald\/files\/2021\/07\/Reh-2-1140x802.png 1140w\" sizes=\"(max-width: 1486px) 100vw, 1486px\" \/><\/figure><\/li><li class=\"blocks-gallery-item\"><figure><img loading=\"lazy\" width=\"1485\" height=\"1047\" src=\"https:\/\/blogs.urz.uni-halle.de\/lebensraumwald\/files\/2021\/07\/Rothirsch-2.png\" alt=\"\" data-id=\"426\" data-full-url=\"https:\/\/blogs.urz.uni-halle.de\/lebensraumwald\/files\/2021\/07\/Rothirsch-2.png\" data-link=\"https:\/\/blogs.urz.uni-halle.de\/lebensraumwald\/modul3\/tiere-2\/rothirsch-2\/\" class=\"wp-image-426\" srcset=\"https:\/\/blogs.urz.uni-halle.de\/lebensraumwald\/files\/2021\/07\/Rothirsch-2.png 1485w, https:\/\/blogs.urz.uni-halle.de\/lebensraumwald\/files\/2021\/07\/Rothirsch-2-300x212.png 300w, https:\/\/blogs.urz.uni-halle.de\/lebensraumwald\/files\/2021\/07\/Rothirsch-2-1024x722.png 1024w, https:\/\/blogs.urz.uni-halle.de\/lebensraumwald\/files\/2021\/07\/Rothirsch-2-768x541.png 768w, https:\/\/blogs.urz.uni-halle.de\/lebensraumwald\/files\/2021\/07\/Rothirsch-2-1140x804.png 1140w\" sizes=\"(max-width: 1485px) 100vw, 1485px\" \/><\/figure><\/li><\/ul><\/figure>\n\n\n\n<p class=\"has-small-font-size\"><em>Quelle: https:\/\/www.bmel.de\/SharedDocs\/Downloads\/DE\/Broschueren\/Waldfibel.pdf?__blob=publicationFile&amp;v=14 (Abruf: 26.07.2021)<\/em><\/p>\n","protected":false},"excerpt":{"rendered":"<p>Warst du schon eimal im Wald spazieren und hast dabei ein Tier entdecken k\u00f6nnen? Wenn ja, dann hattest du gro\u00dfes Gl\u00fcck, denn die meisten Waldtiere sind sehr scheu und verstecken sich. So k\u00f6nnte man fast meinen, dass gar keine Tiere im Wald leben. Dabei sind die verschiedenen Schichten des Waldes f\u00fcr gro\u00dfe und kleine Tiere &hellip; <\/p>\n<p><a class=\"more-link btn\" href=\"https:\/\/blogs.urz.uni-halle.de\/lebensraumwald\/modul3\/tiere-2\/\">Weiterlesen<\/a><\/p>\n","protected":false},"author":5130,"featured_media":0,"parent":74,"menu_order":0,"comment_status":"open","ping_status":"closed","template":"","meta":[],"_links":{"self":[{"href":"https:\/\/blogs.urz.uni-halle.de\/lebensraumwald\/wp-json\/wp\/v2\/pages\/385"}],"collection":[{"href":"https:\/\/blogs.urz.uni-halle.de\/lebensraumwald\/wp-json\/wp\/v2\/pages"}],"about":[{"href":"https:\/\/blogs.urz.uni-halle.de\/lebensraumwald\/wp-json\/wp\/v2\/types\/page"}],"author":[{"embeddable":true,"href":"https:\/\/blogs.urz.uni-halle.de\/lebensraumwald\/wp-json\/wp\/v2\/users\/5130"}],"replies":[{"embeddable":true,"href":"https:\/\/blogs.urz.uni-halle.de\/lebensraumwald\/wp-json\/wp\/v2\/comments?post=385"}],"version-history":[{"count":5,"href":"https:\/\/blogs.urz.uni-halle.de\/lebensraumwald\/wp-json\/wp\/v2\/pages\/385\/revisions"}],"predecessor-version":[{"id":428,"href":"https:\/\/blogs.urz.uni-halle.de\/lebensraumwald\/wp-json\/wp\/v2\/pages\/385\/revisions\/428"}],"up":[{"embeddable":true,"href":"https:\/\/blogs.urz.uni-halle.de\/lebensraumwald\/wp-json\/wp\/v2\/pages\/74"}],"wp:attachment":[{"href":"https:\/\/blogs.urz.uni-halle.de\/lebensraumwald\/wp-json\/wp\/v2\/media?parent=385"}],"curies":[{"name":"wp","href":"https:\/\/api.w.org\/{rel}","templated":true}]}}