{"id":390,"date":"2021-07-28T20:19:47","date_gmt":"2021-07-28T18:19:47","guid":{"rendered":"https:\/\/blogs.urz.uni-halle.de\/lebensraumwald\/?page_id=390"},"modified":"2021-07-28T20:32:31","modified_gmt":"2021-07-28T18:32:31","slug":"pflanzen","status":"publish","type":"page","link":"https:\/\/blogs.urz.uni-halle.de\/lebensraumwald\/modul3\/pflanzen\/","title":{"rendered":"Pflanzen"},"content":{"rendered":"\n<p>Die Baumschicht wird von unterschiedlichen B\u00e4umen gebildet &#8211; den wohl wichtigsten Pflanzen im Wald. Deshalb werden W\u00e4lder nach der Art ihrer B\u00e4ume in Laub-, Misch- und Nadelw\u00e4lder unterschieden. Doch B\u00e4ume allein bilden keinen gr\u00fcnden Wald. Str\u00e4ucher, Kr\u00e4uter, Moose und Farne geh\u00f6ren ebenso dazu und d\u00fcrfen auf keinen Fall vernachl\u00e4ssigt werden.<\/p>\n\n\n\n<figure class=\"wp-block-gallery columns-1 is-cropped\"><ul class=\"blocks-gallery-grid\"><li class=\"blocks-gallery-item\"><figure><img loading=\"lazy\" width=\"1486\" height=\"1047\" src=\"https:\/\/blogs.urz.uni-halle.de\/lebensraumwald\/files\/2021\/07\/Ahorn-4.png\" alt=\"\" data-id=\"402\" data-full-url=\"https:\/\/blogs.urz.uni-halle.de\/lebensraumwald\/files\/2021\/07\/Ahorn-4.png\" data-link=\"https:\/\/blogs.urz.uni-halle.de\/lebensraumwald\/modul3\/pflanzen\/ahorn-4\/\" class=\"wp-image-402\" srcset=\"https:\/\/blogs.urz.uni-halle.de\/lebensraumwald\/files\/2021\/07\/Ahorn-4.png 1486w, https:\/\/blogs.urz.uni-halle.de\/lebensraumwald\/files\/2021\/07\/Ahorn-4-300x211.png 300w, https:\/\/blogs.urz.uni-halle.de\/lebensraumwald\/files\/2021\/07\/Ahorn-4-1024x721.png 1024w, https:\/\/blogs.urz.uni-halle.de\/lebensraumwald\/files\/2021\/07\/Ahorn-4-768x541.png 768w, https:\/\/blogs.urz.uni-halle.de\/lebensraumwald\/files\/2021\/07\/Ahorn-4-1140x803.png 1140w\" sizes=\"(max-width: 1486px) 100vw, 1486px\" \/><\/figure><\/li><li class=\"blocks-gallery-item\"><figure><img loading=\"lazy\" width=\"1486\" height=\"1046\" src=\"https:\/\/blogs.urz.uni-halle.de\/lebensraumwald\/files\/2021\/07\/Birke-6.png\" alt=\"\" data-id=\"404\" data-full-url=\"https:\/\/blogs.urz.uni-halle.de\/lebensraumwald\/files\/2021\/07\/Birke-6.png\" data-link=\"https:\/\/blogs.urz.uni-halle.de\/lebensraumwald\/modul3\/pflanzen\/birke-6\/\" class=\"wp-image-404\" srcset=\"https:\/\/blogs.urz.uni-halle.de\/lebensraumwald\/files\/2021\/07\/Birke-6.png 1486w, https:\/\/blogs.urz.uni-halle.de\/lebensraumwald\/files\/2021\/07\/Birke-6-300x211.png 300w, https:\/\/blogs.urz.uni-halle.de\/lebensraumwald\/files\/2021\/07\/Birke-6-1024x721.png 1024w, https:\/\/blogs.urz.uni-halle.de\/lebensraumwald\/files\/2021\/07\/Birke-6-768x541.png 768w, https:\/\/blogs.urz.uni-halle.de\/lebensraumwald\/files\/2021\/07\/Birke-6-1140x802.png 1140w\" sizes=\"(max-width: 1486px) 100vw, 1486px\" \/><\/figure><\/li><li class=\"blocks-gallery-item\"><figure><img loading=\"lazy\" width=\"1486\" height=\"1046\" src=\"https:\/\/blogs.urz.uni-halle.de\/lebensraumwald\/files\/2021\/07\/Buche-3.png\" alt=\"\" data-id=\"406\" data-full-url=\"https:\/\/blogs.urz.uni-halle.de\/lebensraumwald\/files\/2021\/07\/Buche-3.png\" data-link=\"https:\/\/blogs.urz.uni-halle.de\/lebensraumwald\/modul3\/pflanzen\/buche-3\/\" class=\"wp-image-406\" srcset=\"https:\/\/blogs.urz.uni-halle.de\/lebensraumwald\/files\/2021\/07\/Buche-3.png 1486w, https:\/\/blogs.urz.uni-halle.de\/lebensraumwald\/files\/2021\/07\/Buche-3-300x211.png 300w, https:\/\/blogs.urz.uni-halle.de\/lebensraumwald\/files\/2021\/07\/Buche-3-1024x721.png 1024w, https:\/\/blogs.urz.uni-halle.de\/lebensraumwald\/files\/2021\/07\/Buche-3-768x541.png 768w, https:\/\/blogs.urz.uni-halle.de\/lebensraumwald\/files\/2021\/07\/Buche-3-1140x802.png 1140w\" sizes=\"(max-width: 1486px) 100vw, 1486px\" \/><\/figure><\/li><li class=\"blocks-gallery-item\"><figure><img loading=\"lazy\" width=\"1486\" height=\"1046\" src=\"https:\/\/blogs.urz.uni-halle.de\/lebensraumwald\/files\/2021\/07\/Eiche-3.png\" alt=\"\" data-id=\"407\" data-full-url=\"https:\/\/blogs.urz.uni-halle.de\/lebensraumwald\/files\/2021\/07\/Eiche-3.png\" data-link=\"https:\/\/blogs.urz.uni-halle.de\/lebensraumwald\/modul3\/pflanzen\/eiche-3\/\" class=\"wp-image-407\" srcset=\"https:\/\/blogs.urz.uni-halle.de\/lebensraumwald\/files\/2021\/07\/Eiche-3.png 1486w, https:\/\/blogs.urz.uni-halle.de\/lebensraumwald\/files\/2021\/07\/Eiche-3-300x211.png 300w, https:\/\/blogs.urz.uni-halle.de\/lebensraumwald\/files\/2021\/07\/Eiche-3-1024x721.png 1024w, https:\/\/blogs.urz.uni-halle.de\/lebensraumwald\/files\/2021\/07\/Eiche-3-768x541.png 768w, https:\/\/blogs.urz.uni-halle.de\/lebensraumwald\/files\/2021\/07\/Eiche-3-1140x802.png 1140w\" sizes=\"(max-width: 1486px) 100vw, 1486px\" \/><\/figure><\/li><li class=\"blocks-gallery-item\"><figure><img loading=\"lazy\" width=\"1485\" height=\"1047\" src=\"https:\/\/blogs.urz.uni-halle.de\/lebensraumwald\/files\/2021\/07\/Linde-4.png\" alt=\"\" data-id=\"411\" data-full-url=\"https:\/\/blogs.urz.uni-halle.de\/lebensraumwald\/files\/2021\/07\/Linde-4.png\" data-link=\"https:\/\/blogs.urz.uni-halle.de\/lebensraumwald\/modul3\/pflanzen\/linde-4\/\" class=\"wp-image-411\" srcset=\"https:\/\/blogs.urz.uni-halle.de\/lebensraumwald\/files\/2021\/07\/Linde-4.png 1485w, https:\/\/blogs.urz.uni-halle.de\/lebensraumwald\/files\/2021\/07\/Linde-4-300x212.png 300w, https:\/\/blogs.urz.uni-halle.de\/lebensraumwald\/files\/2021\/07\/Linde-4-1024x722.png 1024w, https:\/\/blogs.urz.uni-halle.de\/lebensraumwald\/files\/2021\/07\/Linde-4-768x541.png 768w, https:\/\/blogs.urz.uni-halle.de\/lebensraumwald\/files\/2021\/07\/Linde-4-1140x804.png 1140w\" sizes=\"(max-width: 1485px) 100vw, 1485px\" \/><\/figure><\/li><li class=\"blocks-gallery-item\"><figure><img loading=\"lazy\" width=\"1486\" height=\"1047\" src=\"https:\/\/blogs.urz.uni-halle.de\/lebensraumwald\/files\/2021\/07\/Fichte-3.png\" alt=\"\" data-id=\"409\" data-full-url=\"https:\/\/blogs.urz.uni-halle.de\/lebensraumwald\/files\/2021\/07\/Fichte-3.png\" data-link=\"https:\/\/blogs.urz.uni-halle.de\/lebensraumwald\/modul3\/pflanzen\/fichte-3\/\" class=\"wp-image-409\" srcset=\"https:\/\/blogs.urz.uni-halle.de\/lebensraumwald\/files\/2021\/07\/Fichte-3.png 1486w, https:\/\/blogs.urz.uni-halle.de\/lebensraumwald\/files\/2021\/07\/Fichte-3-300x211.png 300w, https:\/\/blogs.urz.uni-halle.de\/lebensraumwald\/files\/2021\/07\/Fichte-3-1024x721.png 1024w, https:\/\/blogs.urz.uni-halle.de\/lebensraumwald\/files\/2021\/07\/Fichte-3-768x541.png 768w, https:\/\/blogs.urz.uni-halle.de\/lebensraumwald\/files\/2021\/07\/Fichte-3-1140x803.png 1140w\" sizes=\"(max-width: 1486px) 100vw, 1486px\" \/><\/figure><\/li><li class=\"blocks-gallery-item\"><figure><img loading=\"lazy\" width=\"1486\" height=\"1046\" src=\"https:\/\/blogs.urz.uni-halle.de\/lebensraumwald\/files\/2021\/07\/Tanne-3.png\" alt=\"\" data-id=\"412\" data-full-url=\"https:\/\/blogs.urz.uni-halle.de\/lebensraumwald\/files\/2021\/07\/Tanne-3.png\" data-link=\"https:\/\/blogs.urz.uni-halle.de\/lebensraumwald\/modul3\/pflanzen\/tanne-3\/\" class=\"wp-image-412\" srcset=\"https:\/\/blogs.urz.uni-halle.de\/lebensraumwald\/files\/2021\/07\/Tanne-3.png 1486w, https:\/\/blogs.urz.uni-halle.de\/lebensraumwald\/files\/2021\/07\/Tanne-3-300x211.png 300w, https:\/\/blogs.urz.uni-halle.de\/lebensraumwald\/files\/2021\/07\/Tanne-3-1024x721.png 1024w, https:\/\/blogs.urz.uni-halle.de\/lebensraumwald\/files\/2021\/07\/Tanne-3-768x541.png 768w, https:\/\/blogs.urz.uni-halle.de\/lebensraumwald\/files\/2021\/07\/Tanne-3-1140x802.png 1140w\" sizes=\"(max-width: 1486px) 100vw, 1486px\" \/><\/figure><\/li><li class=\"blocks-gallery-item\"><figure><img loading=\"lazy\" width=\"1486\" height=\"1046\" src=\"https:\/\/blogs.urz.uni-halle.de\/lebensraumwald\/files\/2021\/07\/Kiefer-3.png\" alt=\"\" data-id=\"410\" data-full-url=\"https:\/\/blogs.urz.uni-halle.de\/lebensraumwald\/files\/2021\/07\/Kiefer-3.png\" data-link=\"https:\/\/blogs.urz.uni-halle.de\/lebensraumwald\/modul3\/pflanzen\/kiefer-3\/\" class=\"wp-image-410\" srcset=\"https:\/\/blogs.urz.uni-halle.de\/lebensraumwald\/files\/2021\/07\/Kiefer-3.png 1486w, https:\/\/blogs.urz.uni-halle.de\/lebensraumwald\/files\/2021\/07\/Kiefer-3-300x211.png 300w, https:\/\/blogs.urz.uni-halle.de\/lebensraumwald\/files\/2021\/07\/Kiefer-3-1024x721.png 1024w, https:\/\/blogs.urz.uni-halle.de\/lebensraumwald\/files\/2021\/07\/Kiefer-3-768x541.png 768w, https:\/\/blogs.urz.uni-halle.de\/lebensraumwald\/files\/2021\/07\/Kiefer-3-1140x802.png 1140w\" sizes=\"(max-width: 1486px) 100vw, 1486px\" \/><\/figure><\/li><li class=\"blocks-gallery-item\"><figure><img loading=\"lazy\" width=\"1486\" height=\"1046\" src=\"https:\/\/blogs.urz.uni-halle.de\/lebensraumwald\/files\/2021\/07\/Beeren-4.png\" alt=\"\" data-id=\"403\" data-full-url=\"https:\/\/blogs.urz.uni-halle.de\/lebensraumwald\/files\/2021\/07\/Beeren-4.png\" data-link=\"https:\/\/blogs.urz.uni-halle.de\/lebensraumwald\/modul3\/pflanzen\/beeren-4\/\" class=\"wp-image-403\" srcset=\"https:\/\/blogs.urz.uni-halle.de\/lebensraumwald\/files\/2021\/07\/Beeren-4.png 1486w, https:\/\/blogs.urz.uni-halle.de\/lebensraumwald\/files\/2021\/07\/Beeren-4-300x211.png 300w, https:\/\/blogs.urz.uni-halle.de\/lebensraumwald\/files\/2021\/07\/Beeren-4-1024x721.png 1024w, https:\/\/blogs.urz.uni-halle.de\/lebensraumwald\/files\/2021\/07\/Beeren-4-768x541.png 768w, https:\/\/blogs.urz.uni-halle.de\/lebensraumwald\/files\/2021\/07\/Beeren-4-1140x802.png 1140w\" sizes=\"(max-width: 1486px) 100vw, 1486px\" \/><\/figure><\/li><li class=\"blocks-gallery-item\"><figure><img loading=\"lazy\" width=\"1486\" height=\"1046\" src=\"https:\/\/blogs.urz.uni-halle.de\/lebensraumwald\/files\/2021\/07\/Blumen-3.png\" alt=\"\" data-id=\"405\" data-full-url=\"https:\/\/blogs.urz.uni-halle.de\/lebensraumwald\/files\/2021\/07\/Blumen-3.png\" data-link=\"https:\/\/blogs.urz.uni-halle.de\/lebensraumwald\/modul3\/pflanzen\/blumen-3\/\" class=\"wp-image-405\" srcset=\"https:\/\/blogs.urz.uni-halle.de\/lebensraumwald\/files\/2021\/07\/Blumen-3.png 1486w, https:\/\/blogs.urz.uni-halle.de\/lebensraumwald\/files\/2021\/07\/Blumen-3-300x211.png 300w, https:\/\/blogs.urz.uni-halle.de\/lebensraumwald\/files\/2021\/07\/Blumen-3-1024x721.png 1024w, https:\/\/blogs.urz.uni-halle.de\/lebensraumwald\/files\/2021\/07\/Blumen-3-768x541.png 768w, https:\/\/blogs.urz.uni-halle.de\/lebensraumwald\/files\/2021\/07\/Blumen-3-1140x802.png 1140w\" sizes=\"(max-width: 1486px) 100vw, 1486px\" \/><\/figure><\/li><li class=\"blocks-gallery-item\"><figure><img loading=\"lazy\" width=\"1485\" height=\"1046\" src=\"https:\/\/blogs.urz.uni-halle.de\/lebensraumwald\/files\/2021\/07\/Farne-3.png\" alt=\"\" data-id=\"408\" data-full-url=\"https:\/\/blogs.urz.uni-halle.de\/lebensraumwald\/files\/2021\/07\/Farne-3.png\" data-link=\"https:\/\/blogs.urz.uni-halle.de\/lebensraumwald\/modul3\/pflanzen\/farne-3\/\" class=\"wp-image-408\" srcset=\"https:\/\/blogs.urz.uni-halle.de\/lebensraumwald\/files\/2021\/07\/Farne-3.png 1485w, https:\/\/blogs.urz.uni-halle.de\/lebensraumwald\/files\/2021\/07\/Farne-3-300x211.png 300w, https:\/\/blogs.urz.uni-halle.de\/lebensraumwald\/files\/2021\/07\/Farne-3-1024x721.png 1024w, https:\/\/blogs.urz.uni-halle.de\/lebensraumwald\/files\/2021\/07\/Farne-3-768x541.png 768w, https:\/\/blogs.urz.uni-halle.de\/lebensraumwald\/files\/2021\/07\/Farne-3-1140x803.png 1140w\" sizes=\"(max-width: 1485px) 100vw, 1485px\" \/><\/figure><\/li><\/ul><\/figure>\n\n\n\n<p class=\"has-small-font-size\"><em>Quelle: https:\/\/www.bmel.de\/SharedDocs\/Downloads\/DE\/Broschueren\/Waldfibel.pdf?__blob=publicationFile&amp;v=14 (Abruf: 26.07.2021)<\/em><\/p>\n","protected":false},"excerpt":{"rendered":"<p>Die Baumschicht wird von unterschiedlichen B\u00e4umen gebildet &#8211; den wohl wichtigsten Pflanzen im Wald. Deshalb werden W\u00e4lder nach der Art ihrer B\u00e4ume in Laub-, Misch- und Nadelw\u00e4lder unterschieden. Doch B\u00e4ume allein bilden keinen gr\u00fcnden Wald. Str\u00e4ucher, Kr\u00e4uter, Moose und Farne geh\u00f6ren ebenso dazu und d\u00fcrfen auf keinen Fall vernachl\u00e4ssigt werden. Quelle: https:\/\/www.bmel.de\/SharedDocs\/Downloads\/DE\/Broschueren\/Waldfibel.pdf?__blob=publicationFile&amp;v=14 (Abruf: 26.07.2021)<\/p>\n","protected":false},"author":5130,"featured_media":0,"parent":74,"menu_order":0,"comment_status":"open","ping_status":"closed","template":"","meta":[],"_links":{"self":[{"href":"https:\/\/blogs.urz.uni-halle.de\/lebensraumwald\/wp-json\/wp\/v2\/pages\/390"}],"collection":[{"href":"https:\/\/blogs.urz.uni-halle.de\/lebensraumwald\/wp-json\/wp\/v2\/pages"}],"about":[{"href":"https:\/\/blogs.urz.uni-halle.de\/lebensraumwald\/wp-json\/wp\/v2\/types\/page"}],"author":[{"embeddable":true,"href":"https:\/\/blogs.urz.uni-halle.de\/lebensraumwald\/wp-json\/wp\/v2\/users\/5130"}],"replies":[{"embeddable":true,"href":"https:\/\/blogs.urz.uni-halle.de\/lebensraumwald\/wp-json\/wp\/v2\/comments?post=390"}],"version-history":[{"count":5,"href":"https:\/\/blogs.urz.uni-halle.de\/lebensraumwald\/wp-json\/wp\/v2\/pages\/390\/revisions"}],"predecessor-version":[{"id":415,"href":"https:\/\/blogs.urz.uni-halle.de\/lebensraumwald\/wp-json\/wp\/v2\/pages\/390\/revisions\/415"}],"up":[{"embeddable":true,"href":"https:\/\/blogs.urz.uni-halle.de\/lebensraumwald\/wp-json\/wp\/v2\/pages\/74"}],"wp:attachment":[{"href":"https:\/\/blogs.urz.uni-halle.de\/lebensraumwald\/wp-json\/wp\/v2\/media?parent=390"}],"curies":[{"name":"wp","href":"https:\/\/api.w.org\/{rel}","templated":true}]}}