{"id":52,"date":"2021-06-25T13:26:26","date_gmt":"2021-06-25T11:26:26","guid":{"rendered":"https:\/\/blogs.urz.uni-halle.de\/lebensraumwald\/?page_id=52"},"modified":"2021-07-26T16:59:24","modified_gmt":"2021-07-26T14:59:24","slug":"modul2","status":"publish","type":"page","link":"https:\/\/blogs.urz.uni-halle.de\/lebensraumwald\/modul2\/","title":{"rendered":"Modul 2"},"content":{"rendered":"\n<p class=\"has-medium-font-size\"><strong>Die Stockwerke des Waldes<\/strong><\/p>\n\n\n\n<p>In einem Wald wachsen nicht nur verschiedene B\u00e4ume, sondern auch Str\u00e4ucher, Kr\u00e4uter und Moose. Diese Pflanzen werden unterschiedlich hoch. Deswegen l\u00e4sst sich der Wald wie ein Haus in <strong>Stockwerke<\/strong> gliedern: Die Wurzeln im Boden sind der Keller, die <strong>Wurzelschicht<\/strong>. Im Erdgeschoss, der <strong>Moosschicht<\/strong> (bis 10cm), wachsen Moose und andere kleine Pflanzen. Der erste Stock, die <strong>Krautschicht<\/strong>, reicht bis ca. 1m H\u00f6he. Hier und im zweiten Stock, der <strong>Strauchschicht<\/strong> (bis 5m), finden viele Tiere ihre Nahrung und auch Schutz. Das Dach des Waldes, die <strong>Baumschicht<\/strong>, kann bis zu 40m \u00fcber dem Boden sein. Die \u00dcberg\u00e4nge zwischen den Stockwerken sind flie\u00dfend. Die Schichten selbst sind je nach Waldtyp, Bodenbeschaffenheit und Lichteinfall unterschiedlich ausgepr\u00e4gt. Hier die einzelnen Schichten im \u00dcberblick:<\/p>\n\n\n\n<figure class=\"wp-block-image size-full\"><img loading=\"lazy\" width=\"1486\" height=\"1002\" src=\"https:\/\/blogs.urz.uni-halle.de\/lebensraumwald\/files\/2021\/07\/Bildschirmfoto-2021-07-11-um-14.55.33.png\" alt=\"\" class=\"wp-image-223\" srcset=\"https:\/\/blogs.urz.uni-halle.de\/lebensraumwald\/files\/2021\/07\/Bildschirmfoto-2021-07-11-um-14.55.33.png 1486w, https:\/\/blogs.urz.uni-halle.de\/lebensraumwald\/files\/2021\/07\/Bildschirmfoto-2021-07-11-um-14.55.33-300x202.png 300w, https:\/\/blogs.urz.uni-halle.de\/lebensraumwald\/files\/2021\/07\/Bildschirmfoto-2021-07-11-um-14.55.33-1024x690.png 1024w, https:\/\/blogs.urz.uni-halle.de\/lebensraumwald\/files\/2021\/07\/Bildschirmfoto-2021-07-11-um-14.55.33-768x518.png 768w, https:\/\/blogs.urz.uni-halle.de\/lebensraumwald\/files\/2021\/07\/Bildschirmfoto-2021-07-11-um-14.55.33-1140x769.png 1140w\" sizes=\"(max-width: 1486px) 100vw, 1486px\" \/><figcaption>Quelle: https:\/\/www.bmel.de\/SharedDocs\/Downloads\/DE\/Broschueren\/Waldfibel.pdf;jsessionid=43BAE05A123BC554ED0CB87CF7C70451.live921?__blob=publicationFile&amp;v=13 (Abruf: 11.07.2021)<\/figcaption><\/figure>\n","protected":false},"excerpt":{"rendered":"<p>Die Stockwerke des Waldes In einem Wald wachsen nicht nur verschiedene B\u00e4ume, sondern auch Str\u00e4ucher, Kr\u00e4uter und Moose. Diese Pflanzen werden unterschiedlich hoch. Deswegen l\u00e4sst sich der Wald wie ein Haus in Stockwerke gliedern: Die Wurzeln im Boden sind der Keller, die Wurzelschicht. Im Erdgeschoss, der Moosschicht (bis 10cm), wachsen Moose und andere kleine Pflanzen. &hellip; <\/p>\n<p><a class=\"more-link btn\" href=\"https:\/\/blogs.urz.uni-halle.de\/lebensraumwald\/modul2\/\">Weiterlesen<\/a><\/p>\n","protected":false},"author":5130,"featured_media":0,"parent":0,"menu_order":0,"comment_status":"open","ping_status":"closed","template":"","meta":[],"_links":{"self":[{"href":"https:\/\/blogs.urz.uni-halle.de\/lebensraumwald\/wp-json\/wp\/v2\/pages\/52"}],"collection":[{"href":"https:\/\/blogs.urz.uni-halle.de\/lebensraumwald\/wp-json\/wp\/v2\/pages"}],"about":[{"href":"https:\/\/blogs.urz.uni-halle.de\/lebensraumwald\/wp-json\/wp\/v2\/types\/page"}],"author":[{"embeddable":true,"href":"https:\/\/blogs.urz.uni-halle.de\/lebensraumwald\/wp-json\/wp\/v2\/users\/5130"}],"replies":[{"embeddable":true,"href":"https:\/\/blogs.urz.uni-halle.de\/lebensraumwald\/wp-json\/wp\/v2\/comments?post=52"}],"version-history":[{"count":11,"href":"https:\/\/blogs.urz.uni-halle.de\/lebensraumwald\/wp-json\/wp\/v2\/pages\/52\/revisions"}],"predecessor-version":[{"id":357,"href":"https:\/\/blogs.urz.uni-halle.de\/lebensraumwald\/wp-json\/wp\/v2\/pages\/52\/revisions\/357"}],"wp:attachment":[{"href":"https:\/\/blogs.urz.uni-halle.de\/lebensraumwald\/wp-json\/wp\/v2\/media?parent=52"}],"curies":[{"name":"wp","href":"https:\/\/api.w.org\/{rel}","templated":true}]}}