{"id":74,"date":"2021-06-25T13:44:18","date_gmt":"2021-06-25T11:44:18","guid":{"rendered":"https:\/\/blogs.urz.uni-halle.de\/lebensraumwald\/?page_id=74"},"modified":"2021-07-28T20:34:42","modified_gmt":"2021-07-28T18:34:42","slug":"modul3","status":"publish","type":"page","link":"https:\/\/blogs.urz.uni-halle.de\/lebensraumwald\/modul3\/","title":{"rendered":"Modul 3"},"content":{"rendered":"\n<p class=\"has-medium-font-size\"><strong>Der Wald als Lebensgemeinschaft<\/strong><\/p>\n\n\n\n<p>Der Wald ist sowohl <strong>Lebensraum<\/strong> der Organismen mit bestimmten Lebensbedingungen, als auch eine <strong>Lebensgemeinschaft<\/strong> von verschiedenen Organismenarten. Dazu geh\u00f6ren Samenpflanzen (Kr\u00e4uter, Str\u00e4ucher, B\u00e4ume), Farne, Pilze, Bakterien und eine Vielzahl von Tieren.<\/p>\n\n\n\n<div class=\"wp-block-image\"><figure class=\"aligncenter is-resized\"><img loading=\"lazy\" src=\"https:\/\/4.bp.blogspot.com\/-0Ui79OCd7S8\/WcY1PvqeM7I\/AAAAAAAAHGI\/U23VQzOZynYV1SOhvS2-7seD0qSjHygFACLcBGAs\/s1600\/wald.jpg\" alt=\"\" width=\"561\" height=\"396\" \/><figcaption>Quelle: https:\/\/4.bp.blogspot.com\/-0Ui79OCd7S8\/WcY1PvqeM7I\/AAAAAAAAHGI\/U23VQzOZynYV1SOhvS2-7seD0qSjHygFACLcBGAs\/s1600\/wald.jpg (Abruf: 28.07.2021)<\/figcaption><\/figure><\/div>\n\n\n\n<p><\/p>\n","protected":false},"excerpt":{"rendered":"<p>Der Wald als Lebensgemeinschaft Der Wald ist sowohl Lebensraum der Organismen mit bestimmten Lebensbedingungen, als auch eine Lebensgemeinschaft von verschiedenen Organismenarten. Dazu geh\u00f6ren Samenpflanzen (Kr\u00e4uter, Str\u00e4ucher, B\u00e4ume), Farne, Pilze, Bakterien und eine Vielzahl von Tieren.<\/p>\n","protected":false},"author":5130,"featured_media":0,"parent":0,"menu_order":0,"comment_status":"open","ping_status":"closed","template":"","meta":[],"_links":{"self":[{"href":"https:\/\/blogs.urz.uni-halle.de\/lebensraumwald\/wp-json\/wp\/v2\/pages\/74"}],"collection":[{"href":"https:\/\/blogs.urz.uni-halle.de\/lebensraumwald\/wp-json\/wp\/v2\/pages"}],"about":[{"href":"https:\/\/blogs.urz.uni-halle.de\/lebensraumwald\/wp-json\/wp\/v2\/types\/page"}],"author":[{"embeddable":true,"href":"https:\/\/blogs.urz.uni-halle.de\/lebensraumwald\/wp-json\/wp\/v2\/users\/5130"}],"replies":[{"embeddable":true,"href":"https:\/\/blogs.urz.uni-halle.de\/lebensraumwald\/wp-json\/wp\/v2\/comments?post=74"}],"version-history":[{"count":10,"href":"https:\/\/blogs.urz.uni-halle.de\/lebensraumwald\/wp-json\/wp\/v2\/pages\/74\/revisions"}],"predecessor-version":[{"id":416,"href":"https:\/\/blogs.urz.uni-halle.de\/lebensraumwald\/wp-json\/wp\/v2\/pages\/74\/revisions\/416"}],"wp:attachment":[{"href":"https:\/\/blogs.urz.uni-halle.de\/lebensraumwald\/wp-json\/wp\/v2\/media?parent=74"}],"curies":[{"name":"wp","href":"https:\/\/api.w.org\/{rel}","templated":true}]}}