{"id":13,"date":"2024-01-17T15:51:43","date_gmt":"2024-01-17T14:51:43","guid":{"rendered":"https:\/\/blogs.urz.uni-halle.de\/lehrstuhlulber\/?page_id=13"},"modified":"2024-02-14T14:13:43","modified_gmt":"2024-02-14T13:13:43","slug":"seminarfahrten","status":"publish","type":"page","link":"https:\/\/blogs.urz.uni-halle.de\/lehrstuhlulber\/seminarfahrten\/","title":{"rendered":"Seminarfahrten"},"content":{"rendered":"\n<h2>Geplante Seminarfahrten<\/h2>\n\n\n\n<p>Wir befinden uns aktuell in der Planung einer Seminarfahrt f\u00fcr das &#8222;Seminar zum V\u00f6lkerrecht und Arbeitsrecht&#8220; im Wintersemester 2023\/2024. Weitere Informationen werden den Teilnehmenden zeitnah \u00fcber stud-IP bekanntgegeben.<\/p>\n\n\n\n<hr class=\"wp-block-separator\" \/>\n\n\n\n<h2>Vergangene Seminarfahrten und Erfahrungsberichte<\/h2>\n\n\n\n<div class=\"wp-block-columns\">\n<div class=\"wp-block-column\" style=\"flex-basis:33.33%\">\n<figure class=\"wp-block-image size-medium\"><img loading=\"lazy\" width=\"300\" height=\"300\" src=\"https:\/\/blogs.urz.uni-halle.de\/lehrstuhlulber\/files\/2024\/02\/la_galerie-300x300.jpg\" alt=\"\" class=\"wp-image-248\" srcset=\"https:\/\/blogs.urz.uni-halle.de\/lehrstuhlulber\/files\/2024\/02\/la_galerie-300x300.jpg 300w, https:\/\/blogs.urz.uni-halle.de\/lehrstuhlulber\/files\/2024\/02\/la_galerie-1024x1024.jpg 1024w, https:\/\/blogs.urz.uni-halle.de\/lehrstuhlulber\/files\/2024\/02\/la_galerie-150x150.jpg 150w, https:\/\/blogs.urz.uni-halle.de\/lehrstuhlulber\/files\/2024\/02\/la_galerie-768x768.jpg 768w, https:\/\/blogs.urz.uni-halle.de\/lehrstuhlulber\/files\/2024\/02\/la_galerie-1536x1536.jpg 1536w, https:\/\/blogs.urz.uni-halle.de\/lehrstuhlulber\/files\/2024\/02\/la_galerie-2048x2048.jpg 2048w, https:\/\/blogs.urz.uni-halle.de\/lehrstuhlulber\/files\/2024\/02\/la_galerie-510x510.jpg 510w\" sizes=\"(max-width: 300px) 100vw, 300px\" \/><figcaption>Foto: Gerichtshof der Europ\u00e4ischen Union<\/figcaption><\/figure>\n<\/div>\n\n\n\n<div class=\"wp-block-column\" style=\"flex-basis:66.66%\">\n<h5><strong>Sommersemester 2022 \u201eAktuelle Fragen des europ\u00e4ischen Arbeitsrechts und des Arbeitsv\u00f6lkerrechts\u201c: Auslandsexkursion nach Luxemburg und Trier<\/strong><\/h5>\n\n\n\n<p>Im Rahmen des Seminars \u201eAktuelle Fragen des europ\u00e4ischen Arbeitsrechts und des Arbeitsv\u00f6lkerrechts\u201c im Sommersemester 2022 f\u00fchrte der Lehrstuhl von Prof. Dr. Daniel Ulber mit Studierenden eine mehrt\u00e4gige Exkursion nach Trier und Luxemburg durch. Dabei wurde an einer Sitzung des EuGH in Luxemburg teilgenommen.<\/p>\n<\/div>\n<\/div>\n\n\n\n<hr class=\"wp-block-separator\" \/>\n\n\n\n<h5><strong>Wintersemester 2019\/2020 \u201e70 Jahre Arbeitsrecht unter dem Grundgesetz\u201c: Exkursion nach Karlsruhe und Besuch des BVerfG<\/strong><\/h5>\n\n\n\n<p>Im Rahmen des Seminars \u201e70 Jahre Arbeitsrecht unter dem Grundgesetz\u201c im Wintersemester 2019\/2020 f\u00fchrte der Lehrstuhl von Prof. Dr. Daniel Ulber mit Studierenden eine Exkursion nach Karlsruhe durch. <\/p>\n\n\n\n<hr class=\"wp-block-separator\" \/>\n\n\n\n<div class=\"wp-block-columns\">\n<div class=\"wp-block-column\" style=\"flex-basis:33.33%\">\n<figure class=\"wp-block-image size-medium\"><img loading=\"lazy\" width=\"300\" height=\"200\" src=\"https:\/\/blogs.urz.uni-halle.de\/lehrstuhlulber\/files\/2024\/02\/les_tours_montesquieu_et_comenius_2-300x200.jpg\" alt=\"\" class=\"wp-image-253\" srcset=\"https:\/\/blogs.urz.uni-halle.de\/lehrstuhlulber\/files\/2024\/02\/les_tours_montesquieu_et_comenius_2-300x200.jpg 300w, https:\/\/blogs.urz.uni-halle.de\/lehrstuhlulber\/files\/2024\/02\/les_tours_montesquieu_et_comenius_2-1024x683.jpg 1024w, https:\/\/blogs.urz.uni-halle.de\/lehrstuhlulber\/files\/2024\/02\/les_tours_montesquieu_et_comenius_2-768x512.jpg 768w, https:\/\/blogs.urz.uni-halle.de\/lehrstuhlulber\/files\/2024\/02\/les_tours_montesquieu_et_comenius_2-1536x1024.jpg 1536w, https:\/\/blogs.urz.uni-halle.de\/lehrstuhlulber\/files\/2024\/02\/les_tours_montesquieu_et_comenius_2-2048x1365.jpg 2048w\" sizes=\"(max-width: 300px) 100vw, 300px\" \/><figcaption>Foto: Gerichtshof der Europ\u00e4ischen Union<\/figcaption><\/figure>\n<\/div>\n\n\n\n<div class=\"wp-block-column\" style=\"flex-basis:66.66%\">\n<h5><strong>Sommersemester 2019 &#8222;Unionsrechtliche Fragen des Arbeits- und Unternehmensrechts&#8220;: Auslandsexkursion nach Luxemburg und Besuch des EuGH<\/strong><\/h5>\n\n\n\n<p>Im Rahmen des Seminars &#8222;Unionsrechtliche Fragen des Arbeits- und Unternehmensrechts&#8220; im SoSe 2019 f\u00fchrte der Lehrstuhl von Prof. Dr. &nbsp;Daniel Ulber mit Studierenden eine Auslandsexkursion&nbsp;nach Luxemburg durch. Einen umfassenden Eindruck kann man sich in diesem Beitrag (<a rel=\"noreferrer noopener\" href=\"https:\/\/wcms.itz.uni-halle.de\/download.php?down=56896&amp;elem=3325275\" target=\"_blank\">JuS Aktuell, Heft 11, 2019, S. 21-\u200b26<\/a>) verschaffen<\/p>\n<\/div>\n<\/div>\n\n\n\n<hr class=\"wp-block-separator\" \/>\n\n\n\n<h5><strong>Sommersemester 2018 &#8222;Grundsatzfragen des Verh\u00e4ltnisses von Arbeits- und V\u00f6lkerrecht&#8220;: Auslandsexkursion nach Stra\u00dfburg und Besuch des EGMR<\/strong><\/h5>\n\n\n\n<p>Im Rahmen des Seminars \u201eAktuelle Grundsatzfragen des Verh\u00e4ltnisses von V\u00f6lker- und Arbeitsrecht\u201c im SoSe 2018 f\u00fchrte der Lehrstuhl von&nbsp;<em>Prof. Dr. Daniel Ulber&nbsp;<\/em>gemeinsam mit dem Lehrstuhl von&nbsp;<em>Prof. Dr. Dirk Hanschel&nbsp;<\/em>und Studierenden eine Auslandsexkursion nach Stra\u00dfburg durch. Einen umfassenden Eindruck vermittelt der <a rel=\"noreferrer noopener\" href=\"https:\/\/wcms.itz.uni-halle.de\/download.php?down=56898&amp;elem=3325309\" data-type=\"URL\" data-id=\"https:\/\/wcms.itz.uni-halle.de\/download.php?down=56898&amp;elem=3325309\" target=\"_blank\">Erfahrungsbericht<\/a>. <\/p>\n\n\n\n<p><br><\/p>\n","protected":false},"excerpt":{"rendered":"<p>Geplante Seminarfahrten Wir befinden uns aktuell in der Planung einer Seminarfahrt f\u00fcr das &#8222;Seminar zum V\u00f6lkerrecht und Arbeitsrecht&#8220; im Wintersemester 2023\/2024. Weitere Informationen werden den Teilnehmenden zeitnah \u00fcber stud-IP bekanntgegeben. Vergangene Seminarfahrten und Erfahrungsberichte Sommersemester 2022 \u201eAktuelle Fragen des europ\u00e4ischen Arbeitsrechts und des Arbeitsv\u00f6lkerrechts\u201c: Auslandsexkursion nach Luxemburg und Trier Im Rahmen des Seminars \u201eAktuelle Fragen [&hellip;]<\/p>\n","protected":false},"author":5815,"featured_media":0,"parent":0,"menu_order":0,"comment_status":"closed","ping_status":"closed","template":"","meta":[],"_links":{"self":[{"href":"https:\/\/blogs.urz.uni-halle.de\/lehrstuhlulber\/wp-json\/wp\/v2\/pages\/13"}],"collection":[{"href":"https:\/\/blogs.urz.uni-halle.de\/lehrstuhlulber\/wp-json\/wp\/v2\/pages"}],"about":[{"href":"https:\/\/blogs.urz.uni-halle.de\/lehrstuhlulber\/wp-json\/wp\/v2\/types\/page"}],"author":[{"embeddable":true,"href":"https:\/\/blogs.urz.uni-halle.de\/lehrstuhlulber\/wp-json\/wp\/v2\/users\/5815"}],"replies":[{"embeddable":true,"href":"https:\/\/blogs.urz.uni-halle.de\/lehrstuhlulber\/wp-json\/wp\/v2\/comments?post=13"}],"version-history":[{"count":10,"href":"https:\/\/blogs.urz.uni-halle.de\/lehrstuhlulber\/wp-json\/wp\/v2\/pages\/13\/revisions"}],"predecessor-version":[{"id":257,"href":"https:\/\/blogs.urz.uni-halle.de\/lehrstuhlulber\/wp-json\/wp\/v2\/pages\/13\/revisions\/257"}],"wp:attachment":[{"href":"https:\/\/blogs.urz.uni-halle.de\/lehrstuhlulber\/wp-json\/wp\/v2\/media?parent=13"}],"curies":[{"name":"wp","href":"https:\/\/api.w.org\/{rel}","templated":true}]}}