{"id":19,"date":"2024-01-17T15:53:13","date_gmt":"2024-01-17T14:53:13","guid":{"rendered":"https:\/\/blogs.urz.uni-halle.de\/lehrstuhlulber\/?page_id=19"},"modified":"2024-12-09T11:50:44","modified_gmt":"2024-12-09T10:50:44","slug":"till-staps","status":"publish","type":"page","link":"https:\/\/blogs.urz.uni-halle.de\/lehrstuhlulber\/till-staps\/","title":{"rendered":"Till Staps"},"content":{"rendered":"\n<div class=\"wp-block-columns has-background\" style=\"background-color:#f0f0f0\">\n<div class=\"wp-block-column is-vertically-aligned-center\">\n<figure class=\"wp-block-image size-large\"><img loading=\"lazy\" width=\"1024\" height=\"683\" src=\"https:\/\/blogs.urz.uni-halle.de\/lehrstuhlulber\/files\/2024\/01\/IMG_0308ps_komprimiert1_neu-1024x683.jpg\" alt=\"\" class=\"wp-image-21\" srcset=\"https:\/\/blogs.urz.uni-halle.de\/lehrstuhlulber\/files\/2024\/01\/IMG_0308ps_komprimiert1_neu-1024x683.jpg 1024w, https:\/\/blogs.urz.uni-halle.de\/lehrstuhlulber\/files\/2024\/01\/IMG_0308ps_komprimiert1_neu-300x200.jpg 300w, https:\/\/blogs.urz.uni-halle.de\/lehrstuhlulber\/files\/2024\/01\/IMG_0308ps_komprimiert1_neu-768x512.jpg 768w, https:\/\/blogs.urz.uni-halle.de\/lehrstuhlulber\/files\/2024\/01\/IMG_0308ps_komprimiert1_neu.jpg 1500w\" sizes=\"(max-width: 1024px) 100vw, 1024px\" \/><figcaption>v.l.n.r.: Jaqueline Stein, Clemens Dahlke, Tom Lueken, Till Staps <\/figcaption><\/figure>\n<\/div>\n\n\n\n<div class=\"wp-block-column\">\n<h1 class=\"has-text-align-center\"><span style=\"text-decoration: underline\"><strong>Till Staps<\/strong><\/span><\/h1>\n\n\n\n<p class=\"has-text-color has-medium-font-size\" style=\"color:#4d5256\"><span class=\"has-inline-color has-cyan-bluish-gray-color\">Wissenschaftlicher Mitarbeiter<\/span> <span class=\"has-inline-color has-cyan-bluish-gray-color\">f\u00fcr das Forschungsprojekt \u201eQualifizieren f\u00fcr die Transformation\u201c<\/span><br><br><strong>Kontakt<\/strong><br><br><span style=\"color:#646a6f\" class=\"has-inline-color\">Till Staps<\/span><br><span style=\"color:#646a6f\" class=\"has-inline-color\"><br>Lehrstuhl f\u00fcr B\u00fcrgerliches Recht, Unternehmensrecht und Arbeitsrecht<br>Universit\u00e4tsplatz 10a<br>Thomasianum<br>06108 Halle (Saale)<\/span><br><br><span style=\"color:#646a6f\" class=\"has-inline-color\">Raum 23 <\/span><br><br><strong>Telefon<\/strong>: <span style=\"color:#646a6f\" class=\"has-inline-color\">(0345) 55 23<\/span>175<br><strong>E-Mail<\/strong>: <span style=\"color:#646a6f\" class=\"has-inline-color\"><a rel=\"noreferrer noopener\" href=\"mailto:till.staps@jura.uni-halle.de\" data-type=\"mailto\" data-id=\"mailto:till.staps@jura.uni-halle.de\" target=\"_blank\">till.staps@jura.uni-halle.de<\/a><\/span><br><strong>ORCID-ID<\/strong>: <a href=\"https:\/\/orcid.org\/0009-0009-6975-3709\" data-type=\"URL\" data-id=\"https:\/\/orcid.org\/0009-0009-6975-3709\" target=\"_blank\" rel=\"noreferrer noopener\">https:\/\/orcid.org\/0009-0009-6975-3709<\/a><br><br><strong>Sprechzeiten:<\/strong> <span style=\"color:#646a6f\" class=\"has-inline-color\">nach Vereinbarung<\/span><\/p>\n\n\n\n<details>\n  <summary><u>Arbeitserfahrung<\/u><\/summary>\n  <p><b>September 2023 bis Oktober 2024 Wissenschaftlicher Mitarbeiter<\/b><br>im Forschungsprojekt <i>Qualifizieren f\u00fcr die Transformation<\/i> am Lehrstuhl von Prof. Dr. Daniel Ulber &#8211; Professur f\u00fcr B\u00fcrgerliches Recht, Unternehmensrecht und Arbeitsrecht, Martin-Luther-Universit\u00e4t Halle-Wittenberg<\/p>\n  <p><b>Februar 2022 bis Januar 2023 Wissenschaftliche Hilfskraft mit Abschluss<\/b><br>am Lehrstuhl von Prof. Dr. Daniel Ulber &#8211; Professur f\u00fcr B\u00fcrgerliches Recht, Unternehmensrecht und Arbeitsrecht, Martin-Luther-Universit\u00e4t Halle-Wittenberg<\/p>\n  <p><b>November 2018 bis Januar 2022 Wissenschaftliche Hilfskraft<\/b><br>am Lehrstuhl von Prof. Dr. Daniel Ulber &#8211; Professur f\u00fcr B\u00fcrgerliches Recht, Unternehmensrecht und Arbeitsrecht, Martin-Luther-Universit\u00e4t Halle-Wittenberg<\/p>\n  <p><b>November 2017 bis Dezember 2017 und M\u00e4rz 2018 bis September 2018 Wissenschaftliche Hilfskraft<\/b><br>im Forschungsprojekt <i>Pornographie und sexuelle Selbstbestimmung<\/i> unter Leitung von Dr. Anja Schmidt am Lehrstuhl von Prof. Dr. Joachim Renzikoswki &#8211; Professur f\u00fcr Strafrecht und Rechtsphilosophie<\/p>\n  <p><b>Oktober 2016 bis September 2017 Wissenschaftliche Hilfskraft<\/b><br>am Lehrstuhl von Prof. Dr. Joachim Renzikoswki &#8211; Professur f\u00fcr Strafrecht und Rechtsphilosophie<\/p>\n<\/details>\n\n\n\n<details>\n  <summary><u>Ausbildung<\/u><\/summary>\n  <p><b>Seit Januar 2022 Promotionsstudium der Rechtswissenschaft<\/b><br>am Lehrstuhl von Prof. Daniel Ulber &#8211; Professur f\u00fcr B\u00fcrgerliches Recht, Unternehmensrecht und Arbeitsrecht, Martin-Luther-Universit\u00e4t Halle-Wittenberg (gef\u00f6rdert durch ein Forschungsstipendium der Landesgraduiertenf\u00f6rderung des Landes Sachsen-Anhalt)<\/p>\n  <p><b>Januar 2023 bis Juni 2023 Auslandsstudium der Rechtswissenschaft<\/b><br>im Rahmen von Erasmus+ an der Mykolas-Romeris-Universit\u00e4t Vilnius (Litauen)<\/p>\n  <p><b>Oktober 2015 bis November 2021 Studium der Rechtswissenschaft<\/b><br>an der Martin-Luther-Universit\u00e4t Halle-Wittenberg (Abschluss: Erste juristische Pr\u00fcfung)<\/p>\n<\/details>\n\n\n\n<details>\n  <summary><u>Publikationen<\/u><\/summary>\n  <p>Einf\u00fchrung in das Arbeitszeitrecht, in: Juristische Schulung 2024 (JuS), S. 820-824 (gemeinsam mit Prof. Dr. Daniel Ulber)<\/p>\n  <p>Sonntagsarbeit im Mobile- und Homeoffice &#8211; Grundlagen und Grenzen des Verbots der Sonntagsarbeit in der digitalisierten Arbeitswelt, in: Vierteljahresschrift f\u00fcr Sozial- und Arbeitsrecht 2023 (VSSAR), S. 55-86 (gemeinsam mit Prof. Dr. Daniel Ulber)<\/p>\n<\/details>\n\n\n\n<details>\n  <summary><u>Vortr\u00e4ge<\/u><\/summary>\n  <p>&#8222;Should workers want to work on Sundays&#8220;, <a href=\"https:\/\/internationalconference.adapt.it\" target=\"_blank\" rel=\"noopener noreferrer\">ADAPT International Conference XIV Edition, What Do Workers Want, Today?<\/a>, Bergamo, 5. Dezember 2024<\/p>\n  <p>&#8222;Anspruch auf Weiterbildung und Pflicht zur Weiterbildung im Individualarbeitsrecht de lege lata und de lege ferenda&#8220;, Abschlusskonferenz des Forschungsprojekts \u201eQualifizieren f\u00fcr die Transformation&#8220;, Halle (Saale), 3. September 2024<\/p>\n  <p>\u201eContinuing Training in the Transformation: Rights and Obligations for Employees under German Individual Labour Law\u201c, <a href=\"https:\/\/www.lawusc.es\/activities\/international-conference-employment-training-and-lifelong-learning-for-a-global-labour-market\" target=\"_blank\" rel=\"noopener noreferrer\">International Conference: Employment, training and lifelong learning for a global labour market<\/a>, Santiago de Compostela, 12. April 2024<\/p>\n<\/details>\n<\/div>\n<\/div>\n","protected":false},"excerpt":{"rendered":"<p>Till Staps Wissenschaftlicher Mitarbeiter f\u00fcr das Forschungsprojekt \u201eQualifizieren f\u00fcr die Transformation\u201c Kontakt Till StapsLehrstuhl f\u00fcr B\u00fcrgerliches Recht, Unternehmensrecht und ArbeitsrechtUniversit\u00e4tsplatz 10aThomasianum06108 Halle (Saale) Raum 23 Telefon: (0345) 55 23175E-Mail: till.staps@jura.uni-halle.deORCID-ID: https:\/\/orcid.org\/0009-0009-6975-3709 Sprechzeiten: nach Vereinbarung Arbeitserfahrung September 2023 bis Oktober 2024 Wissenschaftlicher Mitarbeiterim Forschungsprojekt Qualifizieren f\u00fcr die Transformation am Lehrstuhl von Prof. Dr. Daniel Ulber &#8211; [&hellip;]<\/p>\n","protected":false},"author":5815,"featured_media":0,"parent":0,"menu_order":0,"comment_status":"closed","ping_status":"closed","template":"","meta":[],"_links":{"self":[{"href":"https:\/\/blogs.urz.uni-halle.de\/lehrstuhlulber\/wp-json\/wp\/v2\/pages\/19"}],"collection":[{"href":"https:\/\/blogs.urz.uni-halle.de\/lehrstuhlulber\/wp-json\/wp\/v2\/pages"}],"about":[{"href":"https:\/\/blogs.urz.uni-halle.de\/lehrstuhlulber\/wp-json\/wp\/v2\/types\/page"}],"author":[{"embeddable":true,"href":"https:\/\/blogs.urz.uni-halle.de\/lehrstuhlulber\/wp-json\/wp\/v2\/users\/5815"}],"replies":[{"embeddable":true,"href":"https:\/\/blogs.urz.uni-halle.de\/lehrstuhlulber\/wp-json\/wp\/v2\/comments?post=19"}],"version-history":[{"count":10,"href":"https:\/\/blogs.urz.uni-halle.de\/lehrstuhlulber\/wp-json\/wp\/v2\/pages\/19\/revisions"}],"predecessor-version":[{"id":385,"href":"https:\/\/blogs.urz.uni-halle.de\/lehrstuhlulber\/wp-json\/wp\/v2\/pages\/19\/revisions\/385"}],"wp:attachment":[{"href":"https:\/\/blogs.urz.uni-halle.de\/lehrstuhlulber\/wp-json\/wp\/v2\/media?parent=19"}],"curies":[{"name":"wp","href":"https:\/\/api.w.org\/{rel}","templated":true}]}}