{"id":32,"date":"2024-01-17T15:58:29","date_gmt":"2024-01-17T14:58:29","guid":{"rendered":"https:\/\/blogs.urz.uni-halle.de\/lehrstuhlulber\/?page_id=32"},"modified":"2024-06-07T16:41:18","modified_gmt":"2024-06-07T14:41:18","slug":"christoph-tolke","status":"publish","type":"page","link":"https:\/\/blogs.urz.uni-halle.de\/lehrstuhlulber\/christoph-tolke\/","title":{"rendered":"Christoph Tolke"},"content":{"rendered":"\n<div class=\"wp-block-columns has-background\" style=\"background-color:#f0f0f0\">\n<div class=\"wp-block-column is-vertically-aligned-center\">\n<figure class=\"wp-block-image size-large\"><img loading=\"lazy\" width=\"769\" height=\"1024\" src=\"https:\/\/blogs.urz.uni-halle.de\/lehrstuhlulber\/files\/2024\/01\/PHOTO-2024-01-10-09-11-40-769x1024.jpg\" alt=\"\" class=\"wp-image-29\" srcset=\"https:\/\/blogs.urz.uni-halle.de\/lehrstuhlulber\/files\/2024\/01\/PHOTO-2024-01-10-09-11-40-769x1024.jpg 769w, https:\/\/blogs.urz.uni-halle.de\/lehrstuhlulber\/files\/2024\/01\/PHOTO-2024-01-10-09-11-40-225x300.jpg 225w, https:\/\/blogs.urz.uni-halle.de\/lehrstuhlulber\/files\/2024\/01\/PHOTO-2024-01-10-09-11-40-768x1023.jpg 768w, https:\/\/blogs.urz.uni-halle.de\/lehrstuhlulber\/files\/2024\/01\/PHOTO-2024-01-10-09-11-40-1153x1536.jpg 1153w, https:\/\/blogs.urz.uni-halle.de\/lehrstuhlulber\/files\/2024\/01\/PHOTO-2024-01-10-09-11-40-1538x2048.jpg 1538w, https:\/\/blogs.urz.uni-halle.de\/lehrstuhlulber\/files\/2024\/01\/PHOTO-2024-01-10-09-11-40-scaled.jpg 1922w\" sizes=\"(max-width: 769px) 100vw, 769px\" \/><\/figure>\n<\/div>\n\n\n\n<div class=\"wp-block-column\">\n<h1 class=\"has-text-align-center\"><span style=\"text-decoration: underline\"><strong>Christoph Tolke<\/strong><\/span><\/h1>\n\n\n\n<p class=\"has-text-color has-medium-font-size\" style=\"color:#4d5256\"><span class=\"has-inline-color has-cyan-bluish-gray-color\">Wissenschaftlicher Mitarbeiter<\/span> <span class=\"has-inline-color has-cyan-bluish-gray-color\">f\u00fcr das Forschungsprojekt \u201eQualifizieren f\u00fcr die Transformation\u201c<\/span><br><br><strong>Kontakt<\/strong><br><br><span style=\"color:#646a6f\" class=\"has-inline-color\">Christoph Tolke<\/span><br><span style=\"color:#646a6f\" class=\"has-inline-color\"><br>Lehrstuhl f\u00fcr B\u00fcrgerliches Recht, Unternehmensrecht und Arbeitsrecht<br>Universit\u00e4tsplatz 10a<br>Thomasianum<br>06108 Halle (Saale)<\/span><br><br><span style=\"color:#646a6f\" class=\"has-inline-color\">Raum 23 <\/span><br><br><strong>Telefon<\/strong>: <span style=\"color:#646a6f\" class=\"has-inline-color\">(0345) 55 231<\/span>75<br><strong>E-Mail<\/strong>: <span style=\"color:#646a6f\" class=\"has-inline-color\"><a rel=\"noreferrer noopener\" href=\"mailto:christoph.tolke@jura.uni-halle.de\" target=\"_blank\">christoph.tolke@jura.uni-halle.de<\/a><\/span><br><br><strong>Sprechzeiten:<\/strong> <span style=\"color:#646a6f\" class=\"has-inline-color\">nach Vereinbarung<\/span><\/p>\n\n\n\n<details>\n  <summary><u>Curriculum Vitae<\/u><\/summary>\n  <p><b>seit Januar 2023 Wissenschaftlicher Mitarbeiter<\/b><br>im Forschungsprojekt <i>Qualifizieren f\u00fcr die Transformation<\/i> am Lehrstuhl von Prof. Daniel Ulber, Martin-Luther-Universit\u00e4t Halle-Wittenberg<\/p>\n  <p><b>2020-2022 Rechtsreferendariat<\/b><br>am OLG Naumburg mit Stationen u.a. beim Vdek (Verband der Ersatzkassen) in Berlin<\/p>\n <p><b>2018-2020 Master-Studium<\/b><br><i>Medizin, Ethik und Recht<\/i> an der Martin-Luther-Universit\u00e4t Halle-Wittenberg, Thema Masterarbeit: Pr\u00e4vention und Gesundheitsf\u00f6rderung<\/p>\n  <p><b>2016-2017 Auslandsstudium<\/b><br>an der UDC (Universidade da Coru\u00f1a), A Coru\u00f1a, Spanien<\/p>\n  <p><b>2011-2018 Studium der Rechtswissenschaft<\/b><br>an der Martin-Luther-Universit\u00e4t Halle-Wittenberg, Schwerpunkt im Arbeits- und Sozialrecht<\/p>\n<\/details>\n<details>\n  <summary><u>Publikationen<\/u><\/summary>\n  <p>Erstattung von Fahrtkosten w\u00e4hrend einer Stufenweisen Wiedereingliederung &#8211; Anmerkung SG Neuruppin, Urteil vom 26. Januar 2017 &#8211; S 22 R 127\/14, Beitrag A19-2018 unter <a href=\"https:\/\/www.reha-recht.de\/fachbeitraege\/beitrag\/artikel\/beitrag-a19-2018\" target=\"_blank\" rel=\"noopener noreferrer\">www.reha-recht.de<\/a>, 02.10.2018 (gemeinsam mit Katja Nebe)<\/p><\/details>\n\n\n\n<details>\n  <summary><u>Vortr\u00e4ge<\/u><\/summary>\n  <p>\u201ePromotion of lifelong learning: Supporting employers and employees in Germany through Social security law and Labour law\u201c, <a href=\"https:\/\/www.lawusc.es\/activities\/international-conference-employment-training-and-lifelong-learning-for-a-global-labour-market\" target=\"_blank\" rel=\"noopener noreferrer\">International Conference: Employment, training and lifelong learning for a global labour market<\/a>, Santiago de Compostela, 12. April 2024<\/p>\n<\/details>\n<\/div>\n<\/div>\n","protected":false},"excerpt":{"rendered":"<p>Christoph Tolke Wissenschaftlicher Mitarbeiter f\u00fcr das Forschungsprojekt \u201eQualifizieren f\u00fcr die Transformation\u201c Kontakt Christoph TolkeLehrstuhl f\u00fcr B\u00fcrgerliches Recht, Unternehmensrecht und ArbeitsrechtUniversit\u00e4tsplatz 10aThomasianum06108 Halle (Saale) Raum 23 Telefon: (0345) 55 23175E-Mail: christoph.tolke@jura.uni-halle.de Sprechzeiten: nach Vereinbarung Curriculum Vitae seit Januar 2023 Wissenschaftlicher Mitarbeiterim Forschungsprojekt Qualifizieren f\u00fcr die Transformation am Lehrstuhl von Prof. Daniel Ulber, Martin-Luther-Universit\u00e4t Halle-Wittenberg 2020-2022 Rechtsreferendariatam [&hellip;]<\/p>\n","protected":false},"author":5815,"featured_media":0,"parent":0,"menu_order":0,"comment_status":"closed","ping_status":"closed","template":"","meta":[],"_links":{"self":[{"href":"https:\/\/blogs.urz.uni-halle.de\/lehrstuhlulber\/wp-json\/wp\/v2\/pages\/32"}],"collection":[{"href":"https:\/\/blogs.urz.uni-halle.de\/lehrstuhlulber\/wp-json\/wp\/v2\/pages"}],"about":[{"href":"https:\/\/blogs.urz.uni-halle.de\/lehrstuhlulber\/wp-json\/wp\/v2\/types\/page"}],"author":[{"embeddable":true,"href":"https:\/\/blogs.urz.uni-halle.de\/lehrstuhlulber\/wp-json\/wp\/v2\/users\/5815"}],"replies":[{"embeddable":true,"href":"https:\/\/blogs.urz.uni-halle.de\/lehrstuhlulber\/wp-json\/wp\/v2\/comments?post=32"}],"version-history":[{"count":4,"href":"https:\/\/blogs.urz.uni-halle.de\/lehrstuhlulber\/wp-json\/wp\/v2\/pages\/32\/revisions"}],"predecessor-version":[{"id":301,"href":"https:\/\/blogs.urz.uni-halle.de\/lehrstuhlulber\/wp-json\/wp\/v2\/pages\/32\/revisions\/301"}],"wp:attachment":[{"href":"https:\/\/blogs.urz.uni-halle.de\/lehrstuhlulber\/wp-json\/wp\/v2\/media?parent=32"}],"curies":[{"name":"wp","href":"https:\/\/api.w.org\/{rel}","templated":true}]}}