{"id":34,"date":"2024-01-17T15:59:43","date_gmt":"2024-01-17T14:59:43","guid":{"rendered":"https:\/\/blogs.urz.uni-halle.de\/lehrstuhlulber\/?page_id=34"},"modified":"2024-09-13T09:20:29","modified_gmt":"2024-09-13T07:20:29","slug":"katharina-ruhwedel","status":"publish","type":"page","link":"https:\/\/blogs.urz.uni-halle.de\/lehrstuhlulber\/katharina-ruhwedel\/","title":{"rendered":"Katharina Ruhwedel"},"content":{"rendered":"\n<div class=\"wp-block-columns has-background\" style=\"background-color:#f0f0f0\">\n<div class=\"wp-block-column is-vertically-aligned-center\">\n<figure class=\"wp-block-image size-large\"><img loading=\"lazy\" width=\"783\" height=\"1024\" src=\"https:\/\/blogs.urz.uni-halle.de\/lehrstuhlulber\/files\/2024\/01\/photo_2023-11-29-11.01.41-783x1024.jpeg\" alt=\"\" class=\"wp-image-30\" srcset=\"https:\/\/blogs.urz.uni-halle.de\/lehrstuhlulber\/files\/2024\/01\/photo_2023-11-29-11.01.41-783x1024.jpeg 783w, https:\/\/blogs.urz.uni-halle.de\/lehrstuhlulber\/files\/2024\/01\/photo_2023-11-29-11.01.41-229x300.jpeg 229w, https:\/\/blogs.urz.uni-halle.de\/lehrstuhlulber\/files\/2024\/01\/photo_2023-11-29-11.01.41-768x1004.jpeg 768w, https:\/\/blogs.urz.uni-halle.de\/lehrstuhlulber\/files\/2024\/01\/photo_2023-11-29-11.01.41.jpeg 979w\" sizes=\"(max-width: 783px) 100vw, 783px\" \/><\/figure>\n<\/div>\n\n\n\n<div class=\"wp-block-column\">\n<h1 class=\"has-text-align-center\"><span style=\"text-decoration: underline\"><strong>Katharina Ruhwedel<\/strong><\/span><\/h1>\n\n\n\n<p class=\"has-text-color has-medium-font-size\" style=\"color:#4d5256\"><span class=\"has-inline-color has-cyan-bluish-gray-color\">Wissenschaftliche Mitarbeiterin<\/span> <span class=\"has-inline-color has-cyan-bluish-gray-color\">f\u00fcr das Forschungsprojekt \u201eQualifizieren f\u00fcr die Transformation\u201c<\/span><br><br><strong>Kontakt<\/strong><br><br><span style=\"color:#646a6f\" class=\"has-inline-color\">Katharina Ruhwedel<\/span><br><span style=\"color:#646a6f\" class=\"has-inline-color\"><br>Lehrstuhl f\u00fcr B\u00fcrgerliches Recht, Unternehmensrecht und Arbeitsrecht<br>Universit\u00e4tsplatz 10a<br>Thomasianum<br>06108 Halle (Saale)<\/span><br><br><span style=\"color:#646a6f\" class=\"has-inline-color\">Raum 26 <\/span><br><br><strong>Telefon<\/strong>: <span style=\"color:#646a6f\" class=\"has-inline-color\">(0345) 55 23145<\/span><br><strong>E-Mail<\/strong>: <span style=\"color:#646a6f\" class=\"has-inline-color\"><a href=\"mailto:katharina.ruhwedel@jura.uni-halle.de\" data-type=\"mailto\" data-id=\"mailto:katharina.ruhwedel@jura.uni-halle.de\" target=\"_blank\" rel=\"noreferrer noopener\">katharina.ruhwedel@jura.uni-halle.de<\/a><\/span><br><br><strong>Sprechzeiten:<\/strong> <span style=\"color:#646a6f\" class=\"has-inline-color\">nach Vereinbarung<\/span><\/p>\n\n\n\n<details>\n  <summary><u>Curriculum Vitae<\/u><\/summary>\n  <p><b>Oktober 2023-Februar 2024 Leitung des Seminars &#8222;Einf\u00fchrung in die Legal Gender Studies&#8220;<\/b><br>f\u00fcr die Netzwerkstelle gender*bildet<\/p>\n  <p><b>seit Dezember 2022 wissenschaftliche Mitarbeiterin<\/b><br>im Forschungsprojekt <i>Qualifizieren f\u00fcr die Transformation<\/i> am Lehrstuhl von Prof. Daniel Ulber, Martin-Luther-Universit\u00e4t Halle-Wittenberg<\/p>\n  <p><b>2022 Rechtsreferendariat<\/b><br>juristischer Vorbereitunsgdienst; Zweite Juristische Staatspr\u00fcfung<\/p>\n  <p><b>2020 Master Gesellschaftstheorie (M.A.)<\/b><br>an der Friedrich-Schiller-Universit\u00e4t Jena<\/p>\n  <p><b>2018-2019 Leitung des Tutoriums zur Ring-Vorlesung &#8222;Gesellschaftstheorie&#8220;<\/b><br>im Master Gesellschaftstheorie an der Friedrich-Schiller-Universit\u00e4t Jena<\/p>\n  <p><b>2017 Abschluss der Ersten Juristischen Pr\u00fcfung<\/b><\/p>\n<\/details>\n\n\n\n<details>\n   <summary><u>Publikationen<\/u><\/summary>\n  <p>Das Weiterbildungsgesetz &#8211; Darstellung, juristische Einordnung, Kritik, NZS 2024, Heft 7, S. 241-252 (gemeinsam mit Stephan Simon)<\/p>\n <p>Was bringt das Weiterbildungsgesetz? <a href=\"https:\/\/www.boeckler.de\/de\/faust-detail.htm?sync_id=HBS-008735\" target=\"_blank\" rel=\"noopener noreferrer\">Working Paper<\/a> f\u00fcr die Hans-B\u00f6ckler-Stiftung, Forschungsf\u00f6rderung Working Paper, D\u00fcsseldorf, November 2023 (gemeinsam mit Stephan Simon)<\/p>\n  <p>Emanzipation im Recht oder vom Recht? Traumatisierende Institutionen und Heterotopien, in: Kritische Justiz, 54\/2021, S. 203-213<\/p>\n  <p>Elit\u00e4r statt egalit\u00e4r. Juristische Ausbildung, in: Forum Recht 01\/2019, S. 27-30<\/p>\n  <p>Pilotprojekt zur Gesichtserkennung, in: Grundrechte-Report 2018, Frankfurt am Main 2018, S. 26-30<\/p>\n  <p>Verweigerung des Existenzminimums durch Sanktionen des Jobcenters. Rechtsunsicherheit bleibt, in: Forum Recht 03\/2016, S. 118-119<\/p>\n<\/details>\n\n\n\n<details>\n  <summary><u>Vortr\u00e4ge<\/u><\/summary>\n  <p>\u201eDer Transfersozialplan als Qualifizierungsinstrument \u2013 St\u00e4rken und Schw\u00e4chen\u201d, Abschlusskonferenz des Forschungsprojekts \u201eQualifizieren f\u00fcr die Transformation\u201c, Halle (Saale), 3. September 2024<\/p>\n  <p>Vortrag auf der 13. Tagung Junge Arbeitsrechtswissenschaft in Heidelberg (2024), Thema: \u2018Angriffe auf Mitbestimmungs- und Gewerkschaftsrechte \u2013 Ein (ungleicher) Machtkampf zwischen Management und betrieblicher Interessenvertretung\u2019<\/p>\n<\/details>\n<\/div>\n<\/div>\n","protected":false},"excerpt":{"rendered":"<p>Katharina Ruhwedel Wissenschaftliche Mitarbeiterin f\u00fcr das Forschungsprojekt \u201eQualifizieren f\u00fcr die Transformation\u201c Kontakt Katharina RuhwedelLehrstuhl f\u00fcr B\u00fcrgerliches Recht, Unternehmensrecht und ArbeitsrechtUniversit\u00e4tsplatz 10aThomasianum06108 Halle (Saale) Raum 26 Telefon: (0345) 55 23145E-Mail: katharina.ruhwedel@jura.uni-halle.de Sprechzeiten: nach Vereinbarung Curriculum Vitae Oktober 2023-Februar 2024 Leitung des Seminars &#8222;Einf\u00fchrung in die Legal Gender Studies&#8220;f\u00fcr die Netzwerkstelle gender*bildet seit Dezember 2022 wissenschaftliche Mitarbeiterinim [&hellip;]<\/p>\n","protected":false},"author":5815,"featured_media":0,"parent":0,"menu_order":0,"comment_status":"closed","ping_status":"closed","template":"","meta":[],"_links":{"self":[{"href":"https:\/\/blogs.urz.uni-halle.de\/lehrstuhlulber\/wp-json\/wp\/v2\/pages\/34"}],"collection":[{"href":"https:\/\/blogs.urz.uni-halle.de\/lehrstuhlulber\/wp-json\/wp\/v2\/pages"}],"about":[{"href":"https:\/\/blogs.urz.uni-halle.de\/lehrstuhlulber\/wp-json\/wp\/v2\/types\/page"}],"author":[{"embeddable":true,"href":"https:\/\/blogs.urz.uni-halle.de\/lehrstuhlulber\/wp-json\/wp\/v2\/users\/5815"}],"replies":[{"embeddable":true,"href":"https:\/\/blogs.urz.uni-halle.de\/lehrstuhlulber\/wp-json\/wp\/v2\/comments?post=34"}],"version-history":[{"count":7,"href":"https:\/\/blogs.urz.uni-halle.de\/lehrstuhlulber\/wp-json\/wp\/v2\/pages\/34\/revisions"}],"predecessor-version":[{"id":379,"href":"https:\/\/blogs.urz.uni-halle.de\/lehrstuhlulber\/wp-json\/wp\/v2\/pages\/34\/revisions\/379"}],"wp:attachment":[{"href":"https:\/\/blogs.urz.uni-halle.de\/lehrstuhlulber\/wp-json\/wp\/v2\/media?parent=34"}],"curies":[{"name":"wp","href":"https:\/\/api.w.org\/{rel}","templated":true}]}}