{"id":41,"date":"2024-01-17T16:06:16","date_gmt":"2024-01-17T15:06:16","guid":{"rendered":"https:\/\/blogs.urz.uni-halle.de\/lehrstuhlulber\/?page_id=41"},"modified":"2024-04-10T10:58:42","modified_gmt":"2024-04-10T08:58:42","slug":"tom-lueken","status":"publish","type":"page","link":"https:\/\/blogs.urz.uni-halle.de\/lehrstuhlulber\/tom-lueken\/","title":{"rendered":"Tom Lueken"},"content":{"rendered":"\n<div class=\"wp-block-columns has-background\" style=\"background-color:#f0f0f0\">\n<div class=\"wp-block-column is-vertically-aligned-center\">\n<figure class=\"wp-block-image size-large\"><img loading=\"lazy\" width=\"1024\" height=\"683\" src=\"https:\/\/blogs.urz.uni-halle.de\/lehrstuhlulber\/files\/2024\/01\/IMG_0308ps_komprimiert1_neu-1024x683.jpg\" alt=\"\" class=\"wp-image-21\" srcset=\"https:\/\/blogs.urz.uni-halle.de\/lehrstuhlulber\/files\/2024\/01\/IMG_0308ps_komprimiert1_neu-1024x683.jpg 1024w, https:\/\/blogs.urz.uni-halle.de\/lehrstuhlulber\/files\/2024\/01\/IMG_0308ps_komprimiert1_neu-300x200.jpg 300w, https:\/\/blogs.urz.uni-halle.de\/lehrstuhlulber\/files\/2024\/01\/IMG_0308ps_komprimiert1_neu-768x512.jpg 768w, https:\/\/blogs.urz.uni-halle.de\/lehrstuhlulber\/files\/2024\/01\/IMG_0308ps_komprimiert1_neu.jpg 1500w\" sizes=\"(max-width: 1024px) 100vw, 1024px\" \/><figcaption>v.l.n.r.: Jaqueline Stein, Clemens Dahlke, Tom Lueken, Till Staps<\/figcaption><\/figure>\n<\/div>\n\n\n\n<div class=\"wp-block-column\">\n<h1 class=\"has-text-align-center\"><span style=\"text-decoration: underline\"><strong>Tom <\/strong><\/span><u><strong>Lueken<\/strong><\/u><\/h1>\n\n\n\n<p class=\"has-text-color has-medium-font-size\" style=\"color:#4d5256\"><span class=\"has-inline-color has-cyan-bluish-gray-color\">Wissenschaftlicher Mitarbeiter<\/span><br><br><strong>Kontakt<\/strong><br><br><span style=\"color:#646a6f\" class=\"has-inline-color\">Tom Lueken<\/span><br><span style=\"color:#646a6f\" class=\"has-inline-color\"><br>Lehrstuhl f\u00fcr B\u00fcrgerliches Recht, Unternehmensrecht und Arbeitsrecht<br>Universit\u00e4tsplatz 10a<br>Thomasianum<br>06108 Halle (Saale)<\/span><br><br><span style=\"color:#646a6f\" class=\"has-inline-color\">Raum 24 <\/span><br><br><strong>Telefon<\/strong>: <span style=\"color:#646a6f\" class=\"has-inline-color\">(0345) 55 23105<\/span><br><strong>E-Mail<\/strong>: <span style=\"color:#646a6f\" class=\"has-inline-color\"><a rel=\"noreferrer noopener\" href=\"mailto:tom.lueken@jura.uni-halle.de\" data-type=\"mailto\" data-id=\"mailto:tom.lueken@jura.uni-halle.de\" target=\"_blank\">tom.lueken@jura.uni-halle.de<\/a><\/span><br><br><strong>Sprechzeiten:<\/strong> <span style=\"color:#646a6f\" class=\"has-inline-color\">nach Vereinbarung<\/span><\/p>\n\n\n\n<details>\n  <summary><u>Curriculum Vitae<\/u><\/summary>\n  <p><b> Seit Mai 2022 Wissenschaftlicher Mitarbeiter<\/b><br>am Lehrstuhl von Prof. Daniel Ulber, Martin-Luther-Universit\u00e4t Halle-Wittenberg<\/p>\n  <p><b> Seit Februar 2022 Doktorand<\/b><br>am Lehrstuhl von Prof. Daniel Ulber, Martin-Luther-Universit\u00e4t Halle-Wittenberg<\/p>\n  <p><b>Januar 2022 Abschluss der Ersten Juristischen Staatspr\u00fcfung<\/b><\/p>\n  <p><b>Oktober 2015 Beginn des Studiums der Rechtswissenschaft<\/b><br>an der Martin-Luther-Universit\u00e4t Halle-Wittenberg<\/p>\n<\/details>\n\n\n\n<details>\n  <summary><u>Publikationen<\/u><\/summary>\n  <p>Allgemeiner Gleichheitssatz und differenzierende tarifvertragliche Nachtarbeitszuschl\u00e4ge (Kommentar zu BAG Urt. v. 22.02.2023 &#8211; 10 AZR 332\/20), in: NZA 2024, S. 452-456<\/p>\n  <p>Differenzierende tarifliche Nachtarbeitszuschl\u00e4ge vor dem Hintergrund von Unions- und Verfassungsrecht (Anmerkung zu EuGH Urt. v. 07.07.2022 \u2013 verb. Rs. C-257\/21; C- 258\/21 \u2013 Coca-Cola European Partners), in: HSI-Report zum europ\u00e4ischen Arbeits- und Sozialrecht, S. 5-14; leicht \u00fcberarbeitet erschienen in: AuR 2023, S. 29-34 (gemeinsam mit Laurens Brandt)<\/p>\n<\/details>\n<\/div>\n<\/div>\n","protected":false},"excerpt":{"rendered":"<p>Tom Lueken Wissenschaftlicher Mitarbeiter Kontakt Tom LuekenLehrstuhl f\u00fcr B\u00fcrgerliches Recht, Unternehmensrecht und ArbeitsrechtUniversit\u00e4tsplatz 10aThomasianum06108 Halle (Saale) Raum 24 Telefon: (0345) 55 23105E-Mail: tom.lueken@jura.uni-halle.de Sprechzeiten: nach Vereinbarung Curriculum Vitae Seit Mai 2022 Wissenschaftlicher Mitarbeiteram Lehrstuhl von Prof. Daniel Ulber, Martin-Luther-Universit\u00e4t Halle-Wittenberg Seit Februar 2022 Doktorandam Lehrstuhl von Prof. Daniel Ulber, Martin-Luther-Universit\u00e4t Halle-Wittenberg Januar 2022 Abschluss der [&hellip;]<\/p>\n","protected":false},"author":5815,"featured_media":0,"parent":0,"menu_order":0,"comment_status":"closed","ping_status":"closed","template":"","meta":[],"_links":{"self":[{"href":"https:\/\/blogs.urz.uni-halle.de\/lehrstuhlulber\/wp-json\/wp\/v2\/pages\/41"}],"collection":[{"href":"https:\/\/blogs.urz.uni-halle.de\/lehrstuhlulber\/wp-json\/wp\/v2\/pages"}],"about":[{"href":"https:\/\/blogs.urz.uni-halle.de\/lehrstuhlulber\/wp-json\/wp\/v2\/types\/page"}],"author":[{"embeddable":true,"href":"https:\/\/blogs.urz.uni-halle.de\/lehrstuhlulber\/wp-json\/wp\/v2\/users\/5815"}],"replies":[{"embeddable":true,"href":"https:\/\/blogs.urz.uni-halle.de\/lehrstuhlulber\/wp-json\/wp\/v2\/comments?post=41"}],"version-history":[{"count":4,"href":"https:\/\/blogs.urz.uni-halle.de\/lehrstuhlulber\/wp-json\/wp\/v2\/pages\/41\/revisions"}],"predecessor-version":[{"id":280,"href":"https:\/\/blogs.urz.uni-halle.de\/lehrstuhlulber\/wp-json\/wp\/v2\/pages\/41\/revisions\/280"}],"wp:attachment":[{"href":"https:\/\/blogs.urz.uni-halle.de\/lehrstuhlulber\/wp-json\/wp\/v2\/media?parent=41"}],"curies":[{"name":"wp","href":"https:\/\/api.w.org\/{rel}","templated":true}]}}