{"id":55,"date":"2024-01-17T16:21:25","date_gmt":"2024-01-17T15:21:25","guid":{"rendered":"https:\/\/blogs.urz.uni-halle.de\/lehrstuhlulber\/?page_id=55"},"modified":"2024-01-31T16:32:02","modified_gmt":"2024-01-31T15:32:02","slug":"lehrveranstaltungen","status":"publish","type":"page","link":"https:\/\/blogs.urz.uni-halle.de\/lehrstuhlulber\/lehrveranstaltungen\/","title":{"rendered":"Lehrveranstaltungen"},"content":{"rendered":"\n<h3>Sommersemester 2024<\/h3>\n\n\n\n<ul><li>Arbeitsf\u00f6rderung SGB III <\/li><li>\u00dcbung f\u00fcr Fortgeschrittene im Zivilrecht<\/li><li>Europ\u00e4isches, Internationales und Transnationales Arbeitsrecht <\/li><li>Seminar: &#8222;75 Jahre Grundgesetz \u2013 75 Jahre Europarat -75 Jahre Arbeitsrecht&#8220;<\/li><li>Unternehmensmitbestimmungsrecht <\/li><\/ul>\n\n\n\n<hr class=\"wp-block-separator is-style-wide\" \/>\n\n\n\n<h3 class=\"has-black-color has-text-color\"><strong>Wintersemester 2023\/2024 <\/strong><\/h3>\n\n\n\n<ul><li><a href=\"https:\/\/studip.uni-halle.de\/dispatch.php\/course\/overview?cid=88e58601c19143786438cea709e795ab\" data-type=\"URL\" data-id=\"https:\/\/studip.uni-halle.de\/dispatch.php\/course\/overview?cid=88e58601c19143786438cea709e795ab\" target=\"_blank\" rel=\"noreferrer noopener\">Schuldrecht III<\/a><\/li><li><a href=\"https:\/\/studip.uni-halle.de\/dispatch.php\/course\/overview?cid=d8b8b987c024cd661027463bc1eb25e1\" target=\"_blank\" rel=\"noreferrer noopener\">Arbeitsrecht I<\/a><\/li><li><a href=\"https:\/\/studip.uni-halle.de\/dispatch.php\/course\/details\/index\/841c3673f99a1b2e2c8ecd441db0684b\" target=\"_blank\" rel=\"noreferrer noopener\">Seminar zum V\u00f6lkerrecht und Arbeitsrecht<\/a> <\/li><li><a href=\"https:\/\/studip.uni-halle.de\/dispatch.php\/course\/details\/index\/8bce6bf4d28a6d54cbf45e47ffd6247d\" target=\"_blank\" rel=\"noreferrer noopener\">Unternehmensmitbestimmungsrecht<\/a> <\/li><\/ul>\n\n\n\n<hr class=\"wp-block-separator is-style-wide\" \/>\n\n\n\n<h3 class=\"has-black-color has-text-color\"><strong>Sommersemester 2023<\/strong><\/h3>\n\n\n\n<ul><li><a href=\"https:\/\/studip.uni-halle.de\/dispatch.php\/course\/details?sem_id=77fd44329581173fc127daf26c232475\" data-type=\"URL\" data-id=\"https:\/\/studip.uni-halle.de\/dispatch.php\/course\/details?sem_id=77fd44329581173fc127daf26c232475\" target=\"_blank\" rel=\"noreferrer noopener\">Arbeitsrecht II<\/a> <\/li><li><a href=\"https:\/\/studip.uni-halle.de\/dispatch.php\/course\/details?sem_id=faac6ab9e1adeeddab0dac1b6c0aa925\" data-type=\"URL\" data-id=\"https:\/\/studip.uni-halle.de\/dispatch.php\/course\/details?sem_id=faac6ab9e1adeeddab0dac1b6c0aa925\" target=\"_blank\" rel=\"noreferrer noopener\">Europ\u00e4isches, Internationales und Transnationales Arbeitsrecht <\/a><\/li><li><a href=\"https:\/\/studip.uni-halle.de\/dispatch.php\/course\/details?sem_id=1c6020d3e657f815c6b3b697e84eca74\" data-type=\"URL\" data-id=\"https:\/\/studip.uni-halle.de\/dispatch.php\/course\/details?sem_id=1c6020d3e657f815c6b3b697e84eca74\" target=\"_blank\" rel=\"noreferrer noopener\">Kolloquium: &#8222;Arbeits-, Sozial- und Verbraucherrecht&#8220; <\/a><\/li><li><a href=\"https:\/\/studip.uni-halle.de\/dispatch.php\/course\/details?sem_id=9bccb29e5a4c83c1176d4f5a92002449\" data-type=\"URL\" data-id=\"https:\/\/studip.uni-halle.de\/dispatch.php\/course\/details?sem_id=9bccb29e5a4c83c1176d4f5a92002449\" target=\"_blank\" rel=\"noreferrer noopener\">Seminar: &#8222;Die sozial-\u00f6kologische Transformation der Wirtschaft als Gegenstand des Arbeits- und Sozialrechts&#8220; <\/a><\/li><li><a href=\"https:\/\/studip.uni-halle.de\/dispatch.php\/course\/details?sem_id=80485dc3c17d25fc3036db6f92a5990c\" data-type=\"URL\" data-id=\"https:\/\/studip.uni-halle.de\/dispatch.php\/course\/details?sem_id=80485dc3c17d25fc3036db6f92a5990c\" target=\"_blank\" rel=\"noreferrer noopener\">Arbeitsf\u00f6rderung SGB III <\/a><\/li><li><a href=\"https:\/\/studip.uni-halle.de\/dispatch.php\/course\/details?sem_id=fb74973eb7bb12a3862324e9cfc4bd77\" data-type=\"URL\" data-id=\"https:\/\/studip.uni-halle.de\/dispatch.php\/course\/details?sem_id=fb74973eb7bb12a3862324e9cfc4bd77\" target=\"_blank\" rel=\"noreferrer noopener\">Sozialrecht I\/IV <\/a><\/li><\/ul>\n\n\n\n<hr class=\"wp-block-separator is-style-wide\" \/>\n\n\n\n<h3 class=\"has-black-color has-text-color\">Wintersemester 2022\/2023<\/h3>\n\n\n\n<ul><li>Schuldrecht II<\/li><li>Schuldrecht III <\/li><li>Kolloquium: Kolloquium &#8222;Arbeits-, Sozial- und Verbraucherrecht&#8220;<\/li><li><a href=\"https:\/\/studip.uni-halle.de\/dispatch.php\/course\/details\/index\/47f327e6a0276f2cc0987ff83f88c9c4\" data-type=\"URL\" data-id=\"https:\/\/studip.uni-halle.de\/dispatch.php\/course\/details\/index\/47f327e6a0276f2cc0987ff83f88c9c4\" target=\"_blank\" rel=\"noreferrer noopener\">Seminar: &#8222;Rechtsfragen des Einsatzes von KI im Arbeitsleben&#8220;<\/a><\/li><li><a href=\"https:\/\/studip.uni-halle.de\/dispatch.php\/course\/details\/index\/95dda72807017e5a31e5983fafb8dc28\" data-type=\"URL\" data-id=\"https:\/\/studip.uni-halle.de\/dispatch.php\/course\/details\/index\/95dda72807017e5a31e5983fafb8dc28\" target=\"_blank\" rel=\"noreferrer noopener\">Unternehmensmitbestimmungsrecht <\/a><\/li><\/ul>\n\n\n\n<hr class=\"wp-block-separator is-style-wide\" \/>\n\n\n\n<h3 class=\"has-black-color has-text-color\">Sommersemester 2022<\/h3>\n\n\n\n<ul><li><a href=\"https:\/\/studip.uni-halle.de\/dispatch.php\/course\/details\/index\/2677b6ca4393810895b9fb3e07de68f4\" data-type=\"URL\" data-id=\"https:\/\/studip.uni-halle.de\/dispatch.php\/course\/details\/index\/2677b6ca4393810895b9fb3e07de68f4\" target=\"_blank\" rel=\"noreferrer noopener\">Arbeitsrecht II<\/a> <\/li><li><a href=\"https:\/\/studip.uni-halle.de\/dispatch.php\/course\/details\/index\/4b62a65a2ba7b0e9c87793d46eb1edb1\" data-type=\"URL\" data-id=\"https:\/\/studip.uni-halle.de\/dispatch.php\/course\/details\/index\/4b62a65a2ba7b0e9c87793d46eb1edb1\" target=\"_blank\" rel=\"noreferrer noopener\">Europ\u00e4isches, Internationales und Transnationales Arbeitsrecht<\/a><\/li><li><a href=\"https:\/\/studip.uni-halle.de\/dispatch.php\/course\/details\/index\/615d7f33bf7959ae1c1c49853447987f\" data-type=\"URL\" data-id=\"https:\/\/studip.uni-halle.de\/dispatch.php\/course\/details\/index\/615d7f33bf7959ae1c1c49853447987f\" target=\"_blank\" rel=\"noreferrer noopener\">Kolloquium: &#8222;Arbeits-, Sozial- und Verbraucherrecht&#8220;<\/a><\/li><li><a href=\"https:\/\/studip.uni-halle.de\/dispatch.php\/course\/details\/index\/242eb9781fddc867f37f9f18d7627d12\" data-type=\"URL\" data-id=\"https:\/\/studip.uni-halle.de\/dispatch.php\/course\/details\/index\/242eb9781fddc867f37f9f18d7627d12\" target=\"_blank\" rel=\"noreferrer noopener\">Seminar: &#8222;Aktuelle Fragen des europ\u00e4ischen Arbeitsrechts und des Arbeitsv\u00f6lkerrechts&#8220;<\/a><\/li><li>\u00dcbung f\u00fcr Fortgeschrittene im Zivilrecht <\/li><\/ul>\n\n\n\n<hr class=\"wp-block-separator is-style-wide\" \/>\n\n\n\n<h3 class=\"has-black-color has-text-color\">Wintersemester 2021\/2022<\/h3>\n\n\n\n<ul id=\"block-1a59cba6-c8c0-4137-8bc6-a99eb3943e5a\"><li>Schuldrecht II<\/li><li>Schuldrecht III<\/li><li>Arbeitsrecht I <\/li><li>Kolloquium Arbeits-, Sozial- und Verbraucherrecht <\/li><li>Grundlagenseminar zum zivilrechtlichen Diskriminierungsschutz <\/li><\/ul>\n\n\n\n<hr class=\"wp-block-separator is-style-wide\" \/>\n\n\n\n<h3 class=\"has-black-color has-text-color\">Sommersemester 2021<\/h3>\n\n\n\n<p>Herr Prof. Daniel Ulber befindet sich im Forschungsfreisemester. Daher werden in diesem Semester keine Lehrveranstaltungen angeboten.<\/p>\n\n\n\n<hr class=\"wp-block-separator is-style-wide\" \/>\n\n\n\n<h3 class=\"has-black-color has-text-color\">Wintersemester 2020\/2021<\/h3>\n\n\n\n<ul><li>Schuldrecht III<\/li><li>Unternehmensmitbestimmungsrecht<\/li><li>Kolloquium Arbeits-, Sozial- und Verbraucherrecht<\/li><li>Repetitorium BGB-AT<\/li><li>Seminar zum Arbeits- und Sozialrecht <\/li><\/ul>\n\n\n\n<hr class=\"wp-block-separator is-style-wide\" \/>\n\n\n\n<h3 class=\"has-black-color has-text-color\">Sommersemester 2020<\/h3>\n\n\n\n<ul><li>Europ\u00e4isches, Internationales und Transnationales Arbeitsrecht<\/li><li>Kolloquium &#8222;Arbeits-, Sozial- und Verbraucherrecht&#8220;<\/li><li>Repetitorium Schuldrecht III <\/li><li>Seminar &#8222;Aktuelles Mitbestimmungsrecht &#8211; Fragen und Entwicklungen&#8220; <\/li><\/ul>\n\n\n\n<hr class=\"wp-block-separator is-style-wide\" \/>\n\n\n\n<h3 class=\"has-black-color has-text-color\">Wintersemester 2019\/2020<\/h3>\n\n\n\n<ul><li>Schuldrecht III<\/li><li>Arbeitsrecht I<\/li><li>Kolloquium: &#8222;Arbeits-, Sozial- und Verbraucherrecht&#8220;<\/li><li>Repetitorium BGB-AT<\/li><li>Seminar &#8222;70 Jahre Arbeitsrecht unter dem Grundgesetz&#8220; <\/li><\/ul>\n\n\n\n<hr class=\"wp-block-separator is-style-wide\" \/>\n\n\n\n<h3 class=\"has-black-color has-text-color\">Sommersemester 2019 <\/h3>\n\n\n\n<ul><li>Europ\u00e4isches, Internationales, Transnationales Arbeitsrecht<\/li><li>Unternehmensmitbestimmung <\/li><li>Kolloquium: &#8222;Arbeits-, Sozial- und Verbraucherrecht&#8220;<\/li><li>Repetitorium Schuldrecht III &#8211; Deliktsrecht <\/li><li>Seminar: &#8222;Unionsrechtliche Fragen des Arbeits- und Unternehmensrecht&#8220;<\/li><\/ul>\n\n\n\n<hr class=\"wp-block-separator is-style-wide\" \/>\n\n\n\n<h3 class=\"has-black-color has-text-color\">Wintersemester 2018\/2019 <\/h3>\n\n\n\n<ul><li>Schuldrecht II <\/li><li>Europ\u00e4isches, Internationales und Transnationales Arbeitsrecht<\/li><li>Unternehmensmitbestimmung<\/li><li>Kolloquium: &#8222;Arbeits-, Sozial- und Verbraucherrecht&#8220;<\/li><li>Repetitorium <\/li><li>Seminar im Arbeitsrecht <\/li><\/ul>\n\n\n\n<hr class=\"wp-block-separator is-style-wide\" \/>\n\n\n\n<h3 class=\"has-black-color has-text-color\">Sommersemester 2018 <\/h3>\n\n\n\n<ul><li>Arbeitsrecht II <\/li><li>Europ\u00e4isches, Internationales und Transnationales Arbeitsrecht<\/li><li>Kolloquium: &#8222;Arbeits-, Sozial- und Verbraucherrecht&#8220;<\/li><li>Repetitorium Sachenrecht <\/li><li>Seminar zum V\u00f6lkerrecht und Arbeitsrecht <\/li><\/ul>\n\n\n\n<hr class=\"wp-block-separator is-style-wide\" \/>\n\n\n\n<h3 class=\"has-black-color has-text-color\">Wintersemester 2017\/2018 <\/h3>\n\n\n\n<ul><li>Schuldrecht II <\/li><li>Schuldrecht III <\/li><li>Arbeitsrecht I <\/li><li>Kapitalgesellschaftsrecht <\/li><li>Kolloquium: &#8222;Arbeits-, Sozial- und Verbraucherrecht&#8220;<\/li><li>Seminar zum europ\u00e4ischen Arbeitsrecht<\/li><\/ul>\n","protected":false},"excerpt":{"rendered":"<p>Sommersemester 2024 Arbeitsf\u00f6rderung SGB III \u00dcbung f\u00fcr Fortgeschrittene im Zivilrecht Europ\u00e4isches, Internationales und Transnationales Arbeitsrecht Seminar: &#8222;75 Jahre Grundgesetz \u2013 75 Jahre Europarat -75 Jahre Arbeitsrecht&#8220; Unternehmensmitbestimmungsrecht Wintersemester 2023\/2024 Schuldrecht III Arbeitsrecht I Seminar zum V\u00f6lkerrecht und Arbeitsrecht Unternehmensmitbestimmungsrecht Sommersemester 2023 Arbeitsrecht II Europ\u00e4isches, Internationales und Transnationales Arbeitsrecht Kolloquium: &#8222;Arbeits-, Sozial- und Verbraucherrecht&#8220; Seminar: &#8222;Die [&hellip;]<\/p>\n","protected":false},"author":5815,"featured_media":0,"parent":0,"menu_order":0,"comment_status":"closed","ping_status":"closed","template":"","meta":[],"_links":{"self":[{"href":"https:\/\/blogs.urz.uni-halle.de\/lehrstuhlulber\/wp-json\/wp\/v2\/pages\/55"}],"collection":[{"href":"https:\/\/blogs.urz.uni-halle.de\/lehrstuhlulber\/wp-json\/wp\/v2\/pages"}],"about":[{"href":"https:\/\/blogs.urz.uni-halle.de\/lehrstuhlulber\/wp-json\/wp\/v2\/types\/page"}],"author":[{"embeddable":true,"href":"https:\/\/blogs.urz.uni-halle.de\/lehrstuhlulber\/wp-json\/wp\/v2\/users\/5815"}],"replies":[{"embeddable":true,"href":"https:\/\/blogs.urz.uni-halle.de\/lehrstuhlulber\/wp-json\/wp\/v2\/comments?post=55"}],"version-history":[{"count":10,"href":"https:\/\/blogs.urz.uni-halle.de\/lehrstuhlulber\/wp-json\/wp\/v2\/pages\/55\/revisions"}],"predecessor-version":[{"id":187,"href":"https:\/\/blogs.urz.uni-halle.de\/lehrstuhlulber\/wp-json\/wp\/v2\/pages\/55\/revisions\/187"}],"wp:attachment":[{"href":"https:\/\/blogs.urz.uni-halle.de\/lehrstuhlulber\/wp-json\/wp\/v2\/media?parent=55"}],"curies":[{"name":"wp","href":"https:\/\/api.w.org\/{rel}","templated":true}]}}