{"id":57,"date":"2024-01-17T16:22:24","date_gmt":"2024-01-17T15:22:24","guid":{"rendered":"https:\/\/blogs.urz.uni-halle.de\/lehrstuhlulber\/?page_id=57"},"modified":"2024-07-24T14:11:45","modified_gmt":"2024-07-24T12:11:45","slug":"veranstaltungen","status":"publish","type":"page","link":"https:\/\/blogs.urz.uni-halle.de\/lehrstuhlulber\/veranstaltungen\/","title":{"rendered":"Veranstaltungen"},"content":{"rendered":"\n<p>Auf dieser Seite wird \u00fcber bevorstehende und vergangene Veranstaltungen au\u00dferhalb der universit\u00e4ren Lehre informiert. Informationen zu universit\u00e4ren Lehrveranstaltungen finden sich <a rel=\"noreferrer noopener\" href=\"https:\/\/blogs.urz.uni-halle.de\/lehrstuhlulber\/lehrveranstaltungen\/\" data-type=\"URL\" data-id=\"https:\/\/blogs.urz.uni-halle.de\/lehrstuhlulber\/lehrveranstaltungen\/\" target=\"_blank\">hier.<\/a> <\/p>\n\n\n\n<hr class=\"wp-block-separator is-style-wide\" \/>\n\n\n\n<div class=\"wp-block-group\"><div class=\"wp-block-group__inner-container\">\n<h3><strong>Abschlusskonferenz: \u201eQualifizieren f\u00fcr die Transformation\u201c am 3. September<\/strong><\/h3>\n\n\n\n<p>Am 3. September 2024&nbsp;findet an der Martin-Luther-Universit\u00e4t die Abschlusskonferenz des Forschungsprojekts \u201eQualifizieren f\u00fcr die Transformation\u201c statt.<\/p>\n\n\n\n<p>Die Konferenz bildet den Abschluss des durch die Hans-B\u00f6ckler-Stiftung gef\u00f6rderten Forschungsprojekts. Dieses hat sich w\u00e4hrend seiner zweij\u00e4hrigen Laufzeit mit einer rechtssystematischen Analyse von Instrumenten zur Weiterbildung im Arbeits- und Sozialrecht besch\u00e4ftigt. Ziel war es, Hindernisse bei der Umsetzung von Weiterbildungsvorhaben und bei der Inanspruchnahme staatlicher F\u00f6rderangebote zu identifizieren. Regelungsl\u00fccken und systematische Unstimmigkeiten der aktuellen Gesetzeslage wurden untersucht und L\u00f6sungsvorschl\u00e4ge entwickelt, um das System leistungsf\u00e4higer und koh\u00e4renter zu gestalten. Im Rahmen der Konferenz werden die arbeits- und sozialrechtlichen Forschungsergebnisse des Projekts vorgestellt und diskutiert.<\/p>\n\n\n\n<p>Die Vortr\u00e4ge der wissenschaftlichen Mitarbeitenden \u00fcber die Forschungsergebnisse werden durch Fachvortr\u00e4ge aus der Rechtswissenschaft und der empirischen Forschung begleitet.&nbsp;<\/p>\n\n\n\n<div class=\"wp-block-columns\">\n<div class=\"wp-block-column\" style=\"flex-basis:23.1%\">\n<figure class=\"wp-block-image size-full\"><a href=\"https:\/\/wcms.itz.uni-halle.de\/download.php?down=68310&amp;elem=3558813&amp;func=v4djivbrsj4qsgvl899a657gjugcq5q7\" target=\"_blank\" rel=\"noopener noreferrer\"><img loading=\"lazy\" width=\"1169\" height=\"1653\" src=\"https:\/\/blogs.urz.uni-halle.de\/lehrstuhlulber\/files\/2024\/07\/Plakat-Abschlusskonferenz.jpg\" alt=\"\" class=\"wp-image-354\" srcset=\"https:\/\/blogs.urz.uni-halle.de\/lehrstuhlulber\/files\/2024\/07\/Plakat-Abschlusskonferenz.jpg 1169w, https:\/\/blogs.urz.uni-halle.de\/lehrstuhlulber\/files\/2024\/07\/Plakat-Abschlusskonferenz-212x300.jpg 212w, https:\/\/blogs.urz.uni-halle.de\/lehrstuhlulber\/files\/2024\/07\/Plakat-Abschlusskonferenz-724x1024.jpg 724w, https:\/\/blogs.urz.uni-halle.de\/lehrstuhlulber\/files\/2024\/07\/Plakat-Abschlusskonferenz-768x1086.jpg 768w, https:\/\/blogs.urz.uni-halle.de\/lehrstuhlulber\/files\/2024\/07\/Plakat-Abschlusskonferenz-1086x1536.jpg 1086w\" sizes=\"(max-width: 1169px) 100vw, 1169px\" \/><\/a><\/figure>\n<\/div>\n\n\n\n<div class=\"wp-block-column\" style=\"flex-basis:66.66%\">\n<p>Die Abschlusskonferenz wird am<strong>&nbsp;3. September 2024<\/strong>&nbsp;im&nbsp;Halleschen Saal, Universit\u00e4tsring 5, 06108 Halle (Saale) von 11:00 Uhr bis ca. 18:00 Uhr&nbsp;stattfinden. Das Team des Forschungsprojekts freut sich \u00fcber Ihre Teilnahme und bittet um vorherige&nbsp;<strong>Anmeldung<\/strong>&nbsp;bis zum 27. August 2024 unter der E-Mail-Adresse:&nbsp;<a rel=\"noreferrer noopener\" href=\"mailto:qualifizierung@jura.uni-halle.de\" target=\"_blank\">qualifizierung@jura.uni-halle.de<\/a><\/p>\n\n\n\n<p>N\u00e4here Informationen zum Ablauf der Abschlusskonferenz finden sich in der untenstehenden Programm\u00fcbersicht.&nbsp;<\/p>\n\n\n\n<p><a rel=\"noreferrer noopener\" href=\"https:\/\/wcms.itz.uni-halle.de\/download.php?down=68308&amp;elem=3557508&amp;func=v4djivbrsj4qsgvl899a657gjugcq5q7\" target=\"_blank\">Programm\u00fcbersicht<\/a><\/p>\n\n\n\n<p><a rel=\"noreferrer noopener\" href=\"https:\/\/wcms.itz.uni-halle.de\/download.php?down=68309&amp;elem=3557518&amp;func=v4djivbrsj4qsgvl899a657gjugcq5q7\" target=\"_blank\">Einladung<\/a><\/p>\n<\/div>\n<\/div>\n<\/div><\/div>\n\n\n\n<hr class=\"wp-block-separator has-text-color has-background has-black-background-color has-black-color is-style-wide\" \/>\n\n\n\n<h3><strong>Abschiedsvorlesung von Prof. Dr. Daniel Ulber<\/strong><\/h3>\n\n\n\n<p>Liebe Studierende, Kolleginnen und Kollegen, <br><br>wir m\u00f6chten Sie herzlich zur Abschiedsvorlesung von Prof. Dr. Ulber am 02.07. um 18 Uhr im H\u00f6rsaal 14c im L\u00f6wengeb\u00e4ude einladen. In lockerer Stimmung wird dabei Abschied von der Universit\u00e4t und dem Kollegium sowie der Studierendenschaft genommen.<\/p>\n\n\n\n<hr class=\"wp-block-separator has-text-color has-background has-black-background-color has-black-color is-style-wide\" \/>\n\n\n\n<div class=\"wp-block-group\"><div class=\"wp-block-group__inner-container\">\n<h2>Veranstaltungsarchiv<\/h2>\n\n\n\n<p>In einer R\u00fcckschau wird hier \u00fcber vergangene Veranstaltungen au\u00dferhalb der universit\u00e4ren Lehre informiert (Datum absteigend).<\/p>\n<\/div><\/div>\n\n\n\n<h3>Praxisworkshop \u201eRecht und Qualifizierung&#8220; am 14. Juni 2023<\/h3>\n\n\n\n<p>Der Workshop ist Teil des durch die Hans-B\u00f6ckler-Stiftung gef\u00f6rderten Forschungsprojekts \u201eQualifizieren f\u00fcr die Transformation\u201c, welches die vielz\u00e4hligen Weiterbildungsinstrumente im Sozial- und Arbeitsrecht untersucht. Die aktuelle Gesetzeslage soll systematisch erfasst und bestehende Regelungsl\u00fccken und Unstimmigkeiten herausgearbeitet werden. Etwaige Hindernisse bei der Umsetzung individueller Weiterbildungsvorhaben und bei der Inanspruchnahme staatlicher F\u00f6rderangebote sollen identifiziert und Vorschl\u00e4ge f\u00fcr ein verbessertes und effektiveres Recht der Weiterbildung entwickelt werden.<\/p>\n\n\n\n<p>Mit dem Workshop wollen wir wichtige Impulse aus Wissenschaft und Praxis aufnehmen. Hierzu werden wir kurze Vortr\u00e4ge aus der Rechtswissenschaft, der empirischen Forschung sowie der betrieblichen und gewerkschaftlichen Praxis h\u00f6ren. Nach den Vortr\u00e4gen wird jeweils eine Diskussion stattfinden und Gelegenheit zum Austausch bestehen. Referieren werden:<\/p>\n\n\n\n<ul><li>Prof. Dr. Tim Husemann, Professor f\u00fcr Rechtswissenschaften mit dem Schwerpunkt Sozialrecht an der Hochschule der Bundesagentur f\u00fcr Arbeit,<\/li><li>Dr. Julia Lang, Wissenschaftliche Mitarbeiterin am Institut f\u00fcr Arbeitsmarkt- und Berufsforschung, Leiterin der Arbeitsgruppe Weiterbildung,<\/li><li>J\u00f6rg Kunkel, Leiter der Abteilung Arbeitsmarkt- und Qualifizierungspolitik der IG BCE<\/li><\/ul>\n\n\n\n<p>Der Praxisworkshop wird am 14. Juni 2023 in Halle (Saale) im&nbsp;Halleschen Saal, Universit\u00e4tsring 5, von 13 Uhr bis 18 Uhr&nbsp;stattfinden. Es wird um vorherige Anmeldung gebeten:&nbsp;<a href=\"mailto:qualifizierung@jura.uni-halle.de\">qualifizierung@jura.uni-halle.de<\/a><\/p>\n\n\n\n<hr class=\"wp-block-separator\" \/>\n\n\n\n<h4>Film- und Diskussionsveranstaltung &#8222;We want sex&#8220;<\/h4>\n\n\n\n<p>Am Abend des 20.\u200b02.\u200b2020 hatten Studierende die M\u00f6glichkeit mit Prof. Dr. Ulber und der an das Landesarbeitgericht Sachsen-\u200bAnhalt abgeordneten Richterin am Amtsgericht Linn\u00e8 \u00fcber das Thema &#8222;Gleiche Chancen im Erwerbsleben: Der Weg zu T\u00e4tigkeit in der Justiz&#8220; diskutieren.<br>Als Anregung f\u00fcr die spannende Diskussion diente der vorgef\u00fchrte Film &#8222;We want sex &#8211; Made in Dagenham&#8220; der insbesondere den Kampf von Frauen um Gleichberechtigung am Arbeitsplatz thematisiert.<br>Dank gilt besonders dem Landesarbeitsgericht Sachsen-\u200bAnhalt, Richterin am Amtsgericht Linn\u00e8 und allen Studierenden, die sich mit ihren anregenden Redebeitr\u00e4gen an der lehrreichen Diskussion beteiligt haben.<br>Weitere Informationen zur Veranstaltung finden sich <a rel=\"noreferrer noopener\" href=\"https:\/\/wcms.itz.uni-halle.de\/download.php?down=56886&amp;elem=3325210\" data-type=\"URL\" data-id=\"https:\/\/wcms.itz.uni-halle.de\/download.php?down=56886&amp;elem=3325210\" target=\"_blank\">hier<\/a>.<\/p>\n\n\n\n<hr class=\"wp-block-separator\" \/>\n\n\n\n<h4>Konferenz &#8222;100 Jahre ILO &#8211; Globalisierung und Menschenw\u00fcrdige Arbeit&#8220;<\/h4>\n\n\n\n<div class=\"wp-block-columns\">\n<div class=\"wp-block-column is-vertically-aligned-center\" style=\"flex-basis:16.5%\">\n<figure class=\"wp-block-image size-large\"><img loading=\"lazy\" width=\"800\" height=\"268\" src=\"https:\/\/blogs.urz.uni-halle.de\/lehrstuhlulber\/files\/2024\/01\/ILO.png\" alt=\"\" class=\"wp-image-113\" srcset=\"https:\/\/blogs.urz.uni-halle.de\/lehrstuhlulber\/files\/2024\/01\/ILO.png 800w, https:\/\/blogs.urz.uni-halle.de\/lehrstuhlulber\/files\/2024\/01\/ILO-300x101.png 300w, https:\/\/blogs.urz.uni-halle.de\/lehrstuhlulber\/files\/2024\/01\/ILO-768x257.png 768w\" sizes=\"(max-width: 800px) 100vw, 800px\" \/><\/figure>\n<\/div>\n\n\n\n<div class=\"wp-block-column\" style=\"flex-basis:66.66%\">\n<p>Dem Gr\u00fcndungsjubil\u00e4um der Internationalen Arbeitsorganisation widmeten Prof. Dr. Dirk Hanschel (Lehrstuhl f\u00fcr Deutsches, Europ\u00e4isches und Internationales \u00d6ffentliches Recht), Prof. Dr. Katja Nebe (Lehrstuhl f\u00fcr B\u00fcrgerliches Recht, Arbeitsrecht, Recht der Sozialen Sicherheit) und Prof. Dr. Daniel Ulber (Lehrstuhl f\u00fcr B\u00fcrgerliches Recht, Unternehmensrecht und Arbeitsrecht) im Jahr 2019 eine zweit\u00e4tige Konferenz.<\/p>\n<\/div>\n<\/div>\n\n\n\n<p>Internationale Expertinnen und Experten des Arbeitsv\u00f6lkerrechts diskutierten mit einem breiten Publikum \u00fcber Vergangenheit, Gegenwart und Zukunft dieser einzigartigen internationalen Organisation und ihren Beitrag f\u00fcr die menschengerechte Gestaltung der Arbeitswelt von heute und morgen.<br>Weitere Informationen enth\u00e4lt der <a rel=\"noreferrer noopener\" href=\"https:\/\/wcms.itz.uni-halle.de\/download.php?down=57132&amp;elem=3328625\" target=\"_blank\">Tagungsprospekt<\/a>.<br><br>Auskunft \u00fcber den Verlauf der Veranstaltung und den Inhalt der Referate findet sich in diesem ausf\u00fchrlichem <a href=\"https:\/\/wcms.itz.uni-halle.de\/download.php?down=56890&amp;elem=3325242\" data-type=\"URL\" data-id=\"https:\/\/wcms.itz.uni-halle.de\/download.php?down=56890&amp;elem=3325242\" target=\"_blank\" rel=\"noreferrer noopener\">Konferenzbericht<\/a>.<\/p>\n\n\n\n<hr class=\"wp-block-separator\" \/>\n\n\n\n<h4>Auslandsexkursion nach Luxemburg und Besuch des EuGH<\/h4>\n\n\n\n<p>Im Rahmen des Seminars &#8222;Unionsrechtliche Fragen des Arbeits- und Unternehmensrechts&#8220; im SoSe 2019 f\u00fchrte der Lehrstuhl von Prof. Dr. &nbsp;Daniel Ulber mit Studierenden eine Auslandsexkursion &nbsp;nach Luxemburg durch. Einen umfassenden Eindruck kann man sich in diesem Beitrag (<a rel=\"noreferrer noopener\" href=\"https:\/\/wcms.itz.uni-halle.de\/download.php?down=56896&amp;elem=3325275\" data-type=\"URL\" data-id=\"https:\/\/wcms.itz.uni-halle.de\/download.php?down=56896&amp;elem=3325275\" target=\"_blank\">JuS Aktuell, Heft 11, 2019, S. 21-\u200b26<\/a>) verschaffen.<br>Zus\u00e4tzliche Informationen zu unseren Seminarfahrten finden Sie <a rel=\"noreferrer noopener\" href=\"https:\/\/blogs.urz.uni-halle.de\/lehrstuhlulber\/seminarfahrten\/\" data-type=\"URL\" data-id=\"https:\/\/blogs.urz.uni-halle.de\/lehrstuhlulber\/seminarfahrten\/\" target=\"_blank\">hier<\/a>.<\/p>\n\n\n\n<hr class=\"wp-block-separator\" \/>\n\n\n\n<h4>Konferenz &#8222;Arbeitsv\u00f6lkerrecht in Wissenschaft und Praxis&#8220;<\/h4>\n\n\n\n<p>Den stetigen Entwicklungen des Arbeitsv\u00f6lkerrechts und seiner Rezeption widmeten der Lehrstuhl von&nbsp;<em>Prof. Dr. Daniel Ulber<\/em>&nbsp;(MLU&nbsp;Halle-\u200bWittenberg) und das&nbsp;<em>Hugo Sinzheimer Institut f\u00fcr Arbeitsrecht<\/em>&nbsp;eine Konferenz am 15.\u200b4.2019.<br><br>Ein vollst\u00e4ndiger Tagesbericht ist erschienen in der&nbsp;<em>EuZA 2019, 529-\u200b533.<\/em><br><br>Weitere Informationen zu Referent*innen und zum Programm finden sich <a rel=\"noreferrer noopener\" href=\"https:\/\/wcms.itz.uni-halle.de\/download.php?down=56897&amp;elem=3325288\" data-type=\"URL\" data-id=\"https:\/\/wcms.itz.uni-halle.de\/download.php?down=56897&amp;elem=3325288\" target=\"_blank\">hier.<\/a><\/p>\n\n\n\n<hr class=\"wp-block-separator\" \/>\n\n\n\n<h4>FES-\u200bWorkshop &#8222;Challenges of the platform economy to labour law and social security&#8220;<\/h4>\n\n\n\n<p>Zusammen mit anderen Rechtswissenschaftler*innen aus Deutschland und China war&nbsp;<em>Prof. Dr. Daniel Ulber<\/em>&nbsp;zum Workshop der Friedrich-\u200bEbert-\u200bStiftung (FES)&nbsp;&#8222;Challenges of the platform economy to labour law and social security&#8220; geladen.<br><br>Weitere Informationen zum Event finden sich auf der&nbsp;<a rel=\"noreferrer noopener\" href=\"https:\/\/china.fes.de\/e\/challenges-of-the-platform-economy-to-labour-law-and-social-security\" target=\"_blank\" data-type=\"URL\" data-id=\"https:\/\/china.fes.de\/e\/challenges-of-the-platform-economy-to-labour-law-and-social-security\">Internetseite der Friedrich-\u200bEbert-\u200bStiftung<\/a>. <br><\/p>\n\n\n\n<hr class=\"wp-block-separator\" \/>\n\n\n\n<h4>Film- und Diskussionsveranstaltung &#8222;Philadelphia&#8220;<\/h4>\n\n\n\n<p>Am Abend des 09.\u200b07.\u200b2018 hatten Studierende die Gelegenheit gemeinsam mit&nbsp;<em>Prof. Dr. Daniel Ulber&nbsp;<\/em>\u00fcber das Thema &#8222;Diskriminierungsschutz von homosexuellen und HIV-\u200bpositiven Menschen im AGG&#8220; zu diskutieren.<br><br>Als Anregung f\u00fcr die spannende Diskussion diente die Vorf\u00fchrung des Films &#8222;Philadelphia&#8220;, der seinen kritischen Blick inbesondere auf den Umgang der Gesellschaft mit HIV-\u200bPositiven Menschen wirft.<br><br>Weitere Informationen zur Veranstaltung finden sich <a rel=\"noreferrer noopener\" href=\"https:\/\/wcms.itz.uni-halle.de\/download.php?down=56899&amp;elem=3325317\" data-type=\"URL\" data-id=\"https:\/\/wcms.itz.uni-halle.de\/download.php?down=56899&amp;elem=3325317\" target=\"_blank\">hier<\/a>.<\/p>\n\n\n\n<hr class=\"wp-block-separator\" \/>\n\n\n\n<h4>Feierliche Antrittsvorlesungen von Prof. Dr. Daniel Ulber und Prof. Dr. Christoph Kumpan, LL.M.<\/h4>\n\n\n\n<p>Am Freitag, den 22.06.2018, 14:00 Uhr (s.t.) fanden in der Aula der&nbsp;MLU(L\u00f6wengeb\u00e4ude) die feierlichen Antrittsvorlesungen von&nbsp;<em>Prof. Dr. Daniel Ulber<\/em>und&nbsp;<em>Prof. Dr. Christoph Kumpan, LL.M.<\/em>&nbsp;statt.<br><br>Programm:<\/p>\n\n\n\n<ul><li>Musikalische Einf\u00fchrung<\/li><li>Begr\u00fc\u00dfung durch die Dekanin Frau<em>&nbsp;Professor Dr. Claudia Becker<\/em><\/li><li>Laudation (<em>Professor Dr. Stephan Madaus<\/em>)<\/li><li>Vorlesung &#8222;Macht\u00fcbernahme der Roboter am Kapitalmarkt&#8220; (<em>Professor Dr. Christoph Kumpan<\/em>)<\/li><li>Musikalisches Intermezzo<\/li><li>Laudatio (<em>Professorin Dr. Katja Nebe<\/em>)<\/li><li>Vorlesung &#8222;Arbeitszeitrecht f\u00fcr das 21. Jahrhundert&#8220; (<em>Professor Dr. Daniel Ulber<\/em>)<\/li><li>Musikalischer Abschluss<\/li><li>Empfang auf der Galerie des L\u00f6wengeb\u00e4udes<\/li><\/ul>\n\n\n\n<hr class=\"wp-block-separator\" \/>\n\n\n\n<h4>Auslandsexkursion nach Stra\u00dfburg und Besuch des EGMR<\/h4>\n\n\n\n<p>Im Rahmen des Seminars \u201eAktuelle Grundsatzfragen des Verh\u00e4ltnisses von V\u00f6lker- und Arbeitsrecht\u201c im SoSe 2018 f\u00fchrte der Lehrstuhl von&nbsp;<em>Prof. Dr. Daniel Ulber&nbsp;<\/em>gemeinsam mit dem Lehrstuhl von&nbsp;<em>Prof. Dr. Dirk Hanschel&nbsp;<\/em>und Studierenden eine Auslandsexkursion nach Stra\u00dfburg durch. Einen umfassenden Eindruck vermittelt der <a href=\"https:\/\/wcms.itz.uni-halle.de\/download.php?down=56898&amp;elem=3325309\" data-type=\"URL\" data-id=\"https:\/\/wcms.itz.uni-halle.de\/download.php?down=56898&amp;elem=3325309\" target=\"_blank\" rel=\"noreferrer noopener\">Erfahrungsbericht<\/a>.<\/p>\n","protected":false},"excerpt":{"rendered":"<p>Auf dieser Seite wird \u00fcber bevorstehende und vergangene Veranstaltungen au\u00dferhalb der universit\u00e4ren Lehre informiert. Informationen zu universit\u00e4ren Lehrveranstaltungen finden sich hier. Abschiedsvorlesung von Prof. Dr. Daniel Ulber Liebe Studierende, Kolleginnen und Kollegen, wir m\u00f6chten Sie herzlich zur Abschiedsvorlesung von Prof. Dr. Ulber am 02.07. um 18 Uhr im H\u00f6rsaal 14c im L\u00f6wengeb\u00e4ude einladen. In lockerer [&hellip;]<\/p>\n","protected":false},"author":5815,"featured_media":0,"parent":0,"menu_order":0,"comment_status":"closed","ping_status":"closed","template":"","meta":[],"_links":{"self":[{"href":"https:\/\/blogs.urz.uni-halle.de\/lehrstuhlulber\/wp-json\/wp\/v2\/pages\/57"}],"collection":[{"href":"https:\/\/blogs.urz.uni-halle.de\/lehrstuhlulber\/wp-json\/wp\/v2\/pages"}],"about":[{"href":"https:\/\/blogs.urz.uni-halle.de\/lehrstuhlulber\/wp-json\/wp\/v2\/types\/page"}],"author":[{"embeddable":true,"href":"https:\/\/blogs.urz.uni-halle.de\/lehrstuhlulber\/wp-json\/wp\/v2\/users\/5815"}],"replies":[{"embeddable":true,"href":"https:\/\/blogs.urz.uni-halle.de\/lehrstuhlulber\/wp-json\/wp\/v2\/comments?post=57"}],"version-history":[{"count":10,"href":"https:\/\/blogs.urz.uni-halle.de\/lehrstuhlulber\/wp-json\/wp\/v2\/pages\/57\/revisions"}],"predecessor-version":[{"id":368,"href":"https:\/\/blogs.urz.uni-halle.de\/lehrstuhlulber\/wp-json\/wp\/v2\/pages\/57\/revisions\/368"}],"wp:attachment":[{"href":"https:\/\/blogs.urz.uni-halle.de\/lehrstuhlulber\/wp-json\/wp\/v2\/media?parent=57"}],"curies":[{"name":"wp","href":"https:\/\/api.w.org\/{rel}","templated":true}]}}