{"id":59,"date":"2024-01-17T16:23:48","date_gmt":"2024-01-17T15:23:48","guid":{"rendered":"https:\/\/blogs.urz.uni-halle.de\/lehrstuhlulber\/?page_id=59"},"modified":"2024-04-26T13:03:41","modified_gmt":"2024-04-26T11:03:41","slug":"publikationen","status":"publish","type":"page","link":"https:\/\/blogs.urz.uni-halle.de\/lehrstuhlulber\/publikationen\/","title":{"rendered":"Aktuelle Publikationen"},"content":{"rendered":"\n<div class=\"wp-block-group\"><div class=\"wp-block-group__inner-container\"><\/div><\/div>\n\n\n\n<div class=\"wp-block-columns\">\n<div class=\"wp-block-column\">\n<h4>Prof. Dr. Daniel Ulber<\/h4>\n\n\n\n<ul id=\"block-b1c55738-5773-40a4-9b5f-b34b2fd2494e\"><li>Das v\u00f6lkerrechtliche Streikrecht vor dem IGH, Verfassungsblog am 01. Dezember 2023,&nbsp;<a rel=\"noreferrer noopener\" href=\"https:\/\/verfassungsblog.de\/das-volkerrechtliche-streikrecht-vor-dem-igh\/\" target=\"_blank\">https:\/\/verfassungsblog.de\/das-volkerrechtliche-streikrecht-vor-dem-igh\/&nbsp;&nbsp;&nbsp;<\/a>&nbsp;(gemeinsam mit Christian Tietje)<\/li><li>Kommentierung von \u00a7\u00a7 243, vor \u00a7\u00a7 275-285, vor \u00a7\u00a7 320-327 BGB in:&nbsp;Westermann, Harm-Peter\/Grunewald, Barbara\/Maier-Reimer, Georg, Erman \u2013&nbsp;BGB Kommentar, Otto-Schmidt-Verlag, 17. Aufl. 2023<\/li><li>Kommentierung von \u00a7\u00a7 3a, 8, 16-18 A\u00dcG in: Ulber, Daniel\/Ulber, J\u00fcrgen,&nbsp;Arbeitnehmer\u00fcberlassungsgesetz (A\u00dcG), Bund-Verlag, 6. Aufl. 2023<\/li><li>Kommentierung von \u00a7 2 (Arbeitsverh\u00e4ltnis\/Arbeitsvertrag), \u00a7 3 (Arbeitnehmer),&nbsp;\u00a7 4 (Arbeitgeber) und \u00a7 12 (Betriebsvereinbarung,&nbsp;gemeinsam mit Olaf&nbsp;Deinert) in:&nbsp;Deinert, Olaf\/Wenckebach, Johanna\/Zwanziger, Bertram,&nbsp;Arbeitsrecht, Handbuch f\u00fcr die Praxis, Bund-Verlag, 11. Aufl. 2023<\/li><li>Der Referentenentwurf zur Arbeitszeiterfassung \u2013 Inhalt und erste&nbsp;Einsch\u00e4tzung, in: BB 2023, S. 1588-1592<\/li><li>Sonntagsarbeit im Mobile- und Homeoffice \u2013 Grundlagen und Grenzen des&nbsp;Verbots der Sonntagsarbeit in der digitalisierten Arbeitswelt, in: VSSAR 2023&nbsp;S. 55-86, (gemeinsam mit Till Staps)<\/li><li>Die Richtigkeitschance des Tarifvertrags, in: Grundfragen des Arbeits- und&nbsp;Sozialrechts, in: Festschrift f\u00fcr Ulrich Preis zum 65. Geburtstag, 2021, S.&nbsp;1373-1386<\/li><\/ul>\n<\/div>\n\n\n\n<div class=\"wp-block-column\">\n<h4>Wissenschaftliche Mitarbeitende<\/h4>\n\n\n\n<ul><li><a href=\"https:\/\/blogs.urz.uni-halle.de\/lehrstuhlulber\/tom-lueken\/\" data-type=\"URL\" data-id=\"https:\/\/blogs.urz.uni-halle.de\/lehrstuhlulber\/tom-lueken\/\" target=\"_blank\" rel=\"noreferrer noopener\">Tom Lueken<\/a>: Allgemeiner Gleichheitssatz und differenzierende tarifvertragliche Nachtarbeitszuschl\u00e4ge (Kommentar zu BAG Urt. v. 22.02.2023 \u2013 10 AZR 332\/20), in: NZA 2024, S. 452-456<\/li><li><a rel=\"noreferrer noopener\" href=\"https:\/\/blogs.urz.uni-halle.de\/lehrstuhlulber\/jaqueline-stein\/\" data-type=\"URL\" data-id=\"https:\/\/blogs.urz.uni-halle.de\/lehrstuhlulber\/jaqueline-stein\/\" target=\"_blank\">Jaqueline Stein<\/a>: &#8222;Gefangenenverg\u00fctung II&#8220; <a rel=\"noreferrer noopener\" href=\"https:\/\/verfassungsblog.de\/prekariat-gefangnis\/\" target=\"_blank\">https:\/\/verfassungsblog.de\/prekariat-gefangnis\/<\/a> (gemeinsame mit <a rel=\"noreferrer noopener\" href=\"https:\/\/www.jura.uni-frankfurt.de\/42806028\/Team\" target=\"_blank\">Lara Mann<\/a>)<\/li><\/ul>\n\n\n\n<h4>Forschungsprojekte<\/h4>\n\n\n\n<ul><li>Qualifizieren f\u00fcr die Transformation: <a href=\"https:\/\/blogs.urz.uni-halle.de\/lehrstuhlulber\/katharina-ruhwedel\/\" data-type=\"URL\" data-id=\"https:\/\/blogs.urz.uni-halle.de\/lehrstuhlulber\/katharina-ruhwedel\/\" target=\"_blank\" rel=\"noreferrer noopener\">Katharina Ruhwedel <\/a>und <a href=\"https:\/\/blogs.urz.uni-halle.de\/lehrstuhlulber\/stephan-simon\/\" data-type=\"URL\" data-id=\"https:\/\/blogs.urz.uni-halle.de\/lehrstuhlulber\/stephan-simon\/\" target=\"_blank\" rel=\"noreferrer noopener\">Stephan Simon<\/a>: Das Weiterbildungsgesetz &#8211; Darstellung, juristische Einordnung, Kritik, NZS 2024, Heft 7, S. 241-252<\/li><li>Qualifizieren f\u00fcr die Transformation: Neue Forschungserkenntnisse im aktuellen&nbsp;<a rel=\"noreferrer noopener\" href=\"https:\/\/www.boeckler.de\/de\/faust-detail.htm?sync_id=HBS-008735\" target=\"_blank\">Working Paper<\/a>, herausgegeben mit Unterst\u00fctzung der Hans-B\u00f6ckler-Stiftung.<\/li><\/ul>\n<\/div>\n<\/div>\n\n\n\n<hr class=\"wp-block-separator\" \/>\n\n\n\n<p><a href=\"https:\/\/wcms.itz.uni-halle.de\/download.php?down=66283&amp;elem=3328158\" target=\"_blank\" rel=\"noreferrer noopener\">Schriftenverzeichnis Prof. Dr. Daniel Ulber Stand 25.10.2023<\/a><\/p>\n","protected":false},"excerpt":{"rendered":"<p>Prof. Dr. Daniel Ulber Das v\u00f6lkerrechtliche Streikrecht vor dem IGH, Verfassungsblog am 01. Dezember 2023,&nbsp;https:\/\/verfassungsblog.de\/das-volkerrechtliche-streikrecht-vor-dem-igh\/&nbsp;&nbsp;&nbsp;&nbsp;(gemeinsam mit Christian Tietje) Kommentierung von \u00a7\u00a7 243, vor \u00a7\u00a7 275-285, vor \u00a7\u00a7 320-327 BGB in:&nbsp;Westermann, Harm-Peter\/Grunewald, Barbara\/Maier-Reimer, Georg, Erman \u2013&nbsp;BGB Kommentar, Otto-Schmidt-Verlag, 17. Aufl. 2023 Kommentierung von \u00a7\u00a7 3a, 8, 16-18 A\u00dcG in: Ulber, Daniel\/Ulber, J\u00fcrgen,&nbsp;Arbeitnehmer\u00fcberlassungsgesetz (A\u00dcG), Bund-Verlag, 6. Aufl. [&hellip;]<\/p>\n","protected":false},"author":5815,"featured_media":0,"parent":0,"menu_order":0,"comment_status":"closed","ping_status":"closed","template":"","meta":[],"_links":{"self":[{"href":"https:\/\/blogs.urz.uni-halle.de\/lehrstuhlulber\/wp-json\/wp\/v2\/pages\/59"}],"collection":[{"href":"https:\/\/blogs.urz.uni-halle.de\/lehrstuhlulber\/wp-json\/wp\/v2\/pages"}],"about":[{"href":"https:\/\/blogs.urz.uni-halle.de\/lehrstuhlulber\/wp-json\/wp\/v2\/types\/page"}],"author":[{"embeddable":true,"href":"https:\/\/blogs.urz.uni-halle.de\/lehrstuhlulber\/wp-json\/wp\/v2\/users\/5815"}],"replies":[{"embeddable":true,"href":"https:\/\/blogs.urz.uni-halle.de\/lehrstuhlulber\/wp-json\/wp\/v2\/comments?post=59"}],"version-history":[{"count":7,"href":"https:\/\/blogs.urz.uni-halle.de\/lehrstuhlulber\/wp-json\/wp\/v2\/pages\/59\/revisions"}],"predecessor-version":[{"id":290,"href":"https:\/\/blogs.urz.uni-halle.de\/lehrstuhlulber\/wp-json\/wp\/v2\/pages\/59\/revisions\/290"}],"wp:attachment":[{"href":"https:\/\/blogs.urz.uni-halle.de\/lehrstuhlulber\/wp-json\/wp\/v2\/media?parent=59"}],"curies":[{"name":"wp","href":"https:\/\/api.w.org\/{rel}","templated":true}]}}