{"id":65,"date":"2024-01-17T16:27:32","date_gmt":"2024-01-17T15:27:32","guid":{"rendered":"https:\/\/blogs.urz.uni-halle.de\/lehrstuhlulber\/?page_id=65"},"modified":"2024-08-23T13:03:13","modified_gmt":"2024-08-23T11:03:13","slug":"team","status":"publish","type":"page","link":"https:\/\/blogs.urz.uni-halle.de\/lehrstuhlulber\/team\/","title":{"rendered":"Team"},"content":{"rendered":"\n<h2>Leitung \u2022 <a href=\"https:\/\/blogs.urz.uni-halle.de\/lehrstuhlulber\/daniel-ulber\/\" data-type=\"URL\" data-id=\"https:\/\/blogs.urz.uni-halle.de\/lehrstuhlulber\/daniel-ulber\/\" target=\"_blank\" rel=\"noreferrer noopener\">Prof. Dr. Daniel Ulber <\/a><\/h2>\n\n\n\n<div class=\"wp-block-columns\">\n<div class=\"wp-block-column\">\n<figure class=\"wp-block-image size-large\"><img loading=\"lazy\" width=\"800\" height=\"909\" src=\"https:\/\/blogs.urz.uni-halle.de\/lehrstuhlulber\/files\/2024\/01\/1653978656_2401_00_800.jpg\" alt=\"\" class=\"wp-image-25\" srcset=\"https:\/\/blogs.urz.uni-halle.de\/lehrstuhlulber\/files\/2024\/01\/1653978656_2401_00_800.jpg 800w, https:\/\/blogs.urz.uni-halle.de\/lehrstuhlulber\/files\/2024\/01\/1653978656_2401_00_800-264x300.jpg 264w, https:\/\/blogs.urz.uni-halle.de\/lehrstuhlulber\/files\/2024\/01\/1653978656_2401_00_800-768x873.jpg 768w\" sizes=\"(max-width: 800px) 100vw, 800px\" \/><\/figure>\n<\/div>\n\n\n\n<div class=\"wp-block-column is-vertically-aligned-top\">\n<p><strong>Kontakt <\/strong><br><br>Prof. Dr. Daniel Ulber<br>Martin-Luther-Universit\u00e4t Halle-Wittenberg<br>Lehrstuhl f\u00fcr B\u00fcrgerliches Recht, Unternehmensrecht und Arbeitsrecht<br>Universit\u00e4tsplatz 10a<br>06108 Halle (Saale)<br><br>Raum 21<\/p>\n<\/div>\n\n\n\n<div class=\"wp-block-column\">\n<p><a href=\"https:\/\/blogs.urz.uni-halle.de\/lehrstuhlulber\/daniel-ulber\/\" data-type=\"URL\" data-id=\"https:\/\/blogs.urz.uni-halle.de\/lehrstuhlulber\/daniel-ulber\/\" target=\"_blank\" rel=\"noreferrer noopener\">Lebenslauf, Publikationsverzeichnis und Vortragsverzeichnis<\/a><\/p>\n\n\n\n<p>Derzeit ist Prof. Dr. Ulber als <a rel=\"noreferrer noopener\" href=\"https:\/\/www.jura.uni-halle.de\/dekanat\/\" target=\"_blank\">Studiendekan<\/a> des Juristischen Bereiches t\u00e4tig.<\/p>\n\n\n\n<p>Derzeit ist Prof. Dr. Ulber als <a rel=\"noreferrer noopener\" href=\"https:\/\/www.jura.uni-halle.de\/lehrstuehle_dozierende\/ulber\/evaluation\/\" target=\"_blank\">Evaluationsbeauftragter<\/a> des Juristischen Bereiches t\u00e4tig.<\/p>\n<\/div>\n<\/div>\n\n\n\n<h2>Sekretariat \u2022 Kathrein Winkler<\/h2>\n\n\n\n<div class=\"wp-block-columns\">\n<div class=\"wp-block-column\">\n<figure class=\"wp-block-image size-large\"><img loading=\"lazy\" width=\"667\" height=\"1000\" src=\"https:\/\/blogs.urz.uni-halle.de\/lehrstuhlulber\/files\/2024\/01\/IMG_0322_komprimiert.jpg\" alt=\"\" class=\"wp-image-24\" srcset=\"https:\/\/blogs.urz.uni-halle.de\/lehrstuhlulber\/files\/2024\/01\/IMG_0322_komprimiert.jpg 667w, https:\/\/blogs.urz.uni-halle.de\/lehrstuhlulber\/files\/2024\/01\/IMG_0322_komprimiert-200x300.jpg 200w\" sizes=\"(max-width: 667px) 100vw, 667px\" \/><\/figure>\n<\/div>\n\n\n\n<div class=\"wp-block-column\">\n<p><strong>Kontakt <\/strong><br><br>Thomasianum<br>Universit\u00e4tsplatz 10a<br>06108 Halle(Saale)<br><br>Raum 22<br><br>Telefon: 0345 55 23169<br>Telefax: 0345 55 27270<br>E-Mail: <a rel=\"noreferrer noopener\" href=\"mailto:sekretariat.ulber@jura.uni-halle.de\" target=\"_blank\">sekretariat.ulber@jura.uni-halle.de<\/a><br>E-Mail: <a rel=\"noreferrer noopener\" href=\"mailto:kathrein.winkler@jura.uni-halle.de\" target=\"_blank\">kathrein.winkler@jura.uni-halle.de<\/a><\/p>\n<\/div>\n\n\n\n<div class=\"wp-block-column\"><\/div>\n<\/div>\n\n\n\n<hr class=\"wp-block-separator has-text-color has-background has-black-background-color has-black-color is-style-wide\" \/>\n\n\n\n<div class=\"wp-block-columns\">\n<div class=\"wp-block-column is-vertically-aligned-center\" style=\"flex-basis:62.6%\">\n<figure class=\"wp-block-image alignwide size-full\"><img loading=\"lazy\" width=\"1500\" height=\"1000\" src=\"https:\/\/blogs.urz.uni-halle.de\/lehrstuhlulber\/files\/2024\/01\/IMG_0308ps_komprimiert1_neu.jpg\" alt=\"\" class=\"wp-image-21\" srcset=\"https:\/\/blogs.urz.uni-halle.de\/lehrstuhlulber\/files\/2024\/01\/IMG_0308ps_komprimiert1_neu.jpg 1500w, https:\/\/blogs.urz.uni-halle.de\/lehrstuhlulber\/files\/2024\/01\/IMG_0308ps_komprimiert1_neu-300x200.jpg 300w, https:\/\/blogs.urz.uni-halle.de\/lehrstuhlulber\/files\/2024\/01\/IMG_0308ps_komprimiert1_neu-1024x683.jpg 1024w, https:\/\/blogs.urz.uni-halle.de\/lehrstuhlulber\/files\/2024\/01\/IMG_0308ps_komprimiert1_neu-768x512.jpg 768w\" sizes=\"(max-width: 1500px) 100vw, 1500px\" \/><figcaption>v.l.n.r. Jaqueline Stein, Clemens Dahlke, Tom Lueken, Till Staps \u2022 Foto: Imke Germer<\/figcaption><\/figure>\n<\/div>\n\n\n\n<div class=\"wp-block-column is-vertically-aligned-top\" style=\"flex-basis:66.66%\">\n<h3 class=\"has-text-align-left\">Wissenschaftliche Mitarbeitende<\/h3>\n\n\n\n<ul><li><span style=\"color:#646a6f\" class=\"has-inline-color\"><a href=\"https:\/\/blogs.urz.uni-halle.de\/lehrstuhlulber\/jaqueline-stein\/\" data-type=\"URL\" data-id=\"https:\/\/blogs.urz.uni-halle.de\/lehrstuhlulber\/jaqueline-stein\/\" target=\"_blank\" rel=\"noreferrer noopener\">Jaqueline Stein<\/a> <\/span><\/li><li><span style=\"color:#646a6f\" class=\"has-inline-color\"><a rel=\"noreferrer noopener\" href=\"https:\/\/blogs.urz.uni-halle.de\/lehrstuhlulber\/tom-lueken\/\" data-type=\"URL\" data-id=\"https:\/\/blogs.urz.uni-halle.de\/lehrstuhlulber\/tom-lueken\/\" target=\"_blank\">Tom Lueken<\/a><\/span><\/li><li><span style=\"color:#646a6f\" class=\"has-inline-color\"><a rel=\"noreferrer noopener\" href=\"https:\/\/blogs.urz.uni-halle.de\/lehrstuhlulber\/clemens-dahlke\/\" data-type=\"URL\" data-id=\"https:\/\/blogs.urz.uni-halle.de\/lehrstuhlulber\/clemens-dahlke\/\" target=\"_blank\">Clemens Dahlke<\/a><\/span><\/li><li><span style=\"color:#646a6f\" class=\"has-inline-color\"><a rel=\"noreferrer noopener\" href=\"https:\/\/blogs.urz.uni-halle.de\/lehrstuhlulber\/maike-von-restorff\/\" data-type=\"URL\" data-id=\"https:\/\/blogs.urz.uni-halle.de\/lehrstuhlulber\/maike-von-restorff\/\" target=\"_blank\">Maike von Restorff<\/a><\/span><\/li><\/ul>\n\n\n\n<h4>Wissenschaftliche Mitarbeitende des Forschungsprojekts: Qualifizieren f\u00fcr die Transformation <\/h4>\n\n\n\n<ul id=\"block-b8f4e044-941e-4460-82d2-cba68711b1e5\"><li><span style=\"color:#646a6f\" class=\"has-inline-color\"><a href=\"https:\/\/blogs.urz.uni-halle.de\/lehrstuhlulber\/stephan-simon\/\" data-type=\"URL\" data-id=\"https:\/\/blogs.urz.uni-halle.de\/lehrstuhlulber\/stephan-simon\/\" target=\"_blank\" rel=\"noreferrer noopener\">Stephan Simon<\/a><\/span><\/li><li><a href=\"https:\/\/blogs.urz.uni-halle.de\/lehrstuhlulber\/katharina-ruhwedel\/\" data-type=\"URL\" data-id=\"https:\/\/blogs.urz.uni-halle.de\/lehrstuhlulber\/katharina-ruhwedel\/\" target=\"_blank\" rel=\"noreferrer noopener\">Katharina Ruhwedel<\/a><\/li><li><a href=\"https:\/\/blogs.urz.uni-halle.de\/lehrstuhlulber\/christoph-tolke\/\" data-type=\"URL\" data-id=\"https:\/\/blogs.urz.uni-halle.de\/lehrstuhlulber\/christoph-tolke\/\" target=\"_blank\" rel=\"noreferrer noopener\">Christoph Tolke<\/a><\/li><li><span style=\"color:#646a6f\" class=\"has-inline-color\"><a href=\"https:\/\/blogs.urz.uni-halle.de\/lehrstuhlulber\/till-staps\/\" data-type=\"URL\" data-id=\"https:\/\/blogs.urz.uni-halle.de\/lehrstuhlulber\/till-staps\/\" target=\"_blank\" rel=\"noreferrer noopener\">Till Staps<\/a><\/span><\/li><li><span style=\"color:#646a6f\" class=\"has-inline-color\"><a href=\"https:\/\/blogs.urz.uni-halle.de\/lehrstuhlulber\/arnold-arpaci\/\" data-type=\"URL\" data-id=\"https:\/\/blogs.urz.uni-halle.de\/lehrstuhlulber\/arnold-arpaci\/\" target=\"_blank\" rel=\"noreferrer noopener\">Arnold Arpaci<\/a><\/span><\/li><\/ul>\n<\/div>\n<\/div>\n\n\n\n<hr class=\"wp-block-separator has-text-color has-background has-black-background-color has-black-color is-style-wide\" \/>\n\n\n\n<div class=\"wp-block-columns\">\n<div class=\"wp-block-column is-vertically-aligned-center\">\n<figure class=\"wp-block-image size-large\"><img loading=\"lazy\" width=\"1024\" height=\"683\" src=\"https:\/\/blogs.urz.uni-halle.de\/lehrstuhlulber\/files\/2024\/01\/SHK-1024x683.jpg\" alt=\"\" class=\"wp-image-26\" srcset=\"https:\/\/blogs.urz.uni-halle.de\/lehrstuhlulber\/files\/2024\/01\/SHK-1024x683.jpg 1024w, https:\/\/blogs.urz.uni-halle.de\/lehrstuhlulber\/files\/2024\/01\/SHK-300x200.jpg 300w, https:\/\/blogs.urz.uni-halle.de\/lehrstuhlulber\/files\/2024\/01\/SHK-768x512.jpg 768w, https:\/\/blogs.urz.uni-halle.de\/lehrstuhlulber\/files\/2024\/01\/SHK-1536x1024.jpg 1536w, https:\/\/blogs.urz.uni-halle.de\/lehrstuhlulber\/files\/2024\/01\/SHK-2048x1365.jpg 2048w\" sizes=\"(max-width: 1024px) 100vw, 1024px\" \/><figcaption>v.l.n.r. Karla Sch\u00f6bel (ehem.), Jenny Unger, Hannes M\u00fcller, Julia Kahlo, Leonore Franz (ehem.) \u2022 Foto: Imke Germer<\/figcaption><\/figure>\n<\/div>\n\n\n\n<div class=\"wp-block-column is-vertically-aligned-center\">\n<h3>Studentische Hilfskr\u00e4fte<\/h3>\n\n\n\n<ul id=\"block-3c6e1c1e-3374-42ea-90e9-3741693b17a0\"><li>Jenny Unger<\/li><li>Gina Bosch<\/li><li>Rosalie Wiener<\/li><li>Julia Kahlo<\/li><li>Pia Elena Szymkowiak<\/li><li>Theresa Ebert<\/li><li>Karl Anton Gensicke<\/li><\/ul>\n\n\n\n<h4>Studentische Hilfskr\u00e4fte des Forschungsprojekts: Qualifizieren f\u00fcr die Transformation<\/h4>\n\n\n\n<ul><li>Josephine Ende<\/li><li>Lea Kipping<\/li><li>Franz Kluge<\/li><li>Charlotte Bei<\/li><li>Paul Gei\u00dfler<\/li><li>Rosa Hirschberg<\/li><\/ul>\n<\/div>\n<\/div>\n\n\n\n<hr class=\"wp-block-separator has-text-color has-background has-black-background-color has-black-color is-style-wide\" \/>\n\n\n\n<p><strong>Ehemalige Mitarbeitende<\/strong> <br><br><span style=\"color:#646a6f\" class=\"has-inline-color\"><strong>Wissenschaftliche Mitarbeitende:<\/strong> Hendrik Wolters, Alexander Koch, Felix Bischof, Lisa Behr, Dr. Kyra Klocke<br><strong>Wissenschaftliche Hilfskr\u00e4fte:<\/strong> Malin Frank, Aidan Harker<br><strong>Studentische Hilfskr\u00e4fte:<\/strong> Jonas Gebhardt, Rojin Saremi, Isabelle Brozio, Raquel Herrmann, Karla Sch\u00f6bel, Tobias Sch\u00f6ne, Leonore Franz, Hannes M\u00fcller<\/span><\/p>\n","protected":false},"excerpt":{"rendered":"<p>Leitung \u2022 Prof. Dr. Daniel Ulber Kontakt Prof. Dr. Daniel UlberMartin-Luther-Universit\u00e4t Halle-WittenbergLehrstuhl f\u00fcr B\u00fcrgerliches Recht, Unternehmensrecht und ArbeitsrechtUniversit\u00e4tsplatz 10a06108 Halle (Saale) Raum 21 Lebenslauf, Publikationsverzeichnis und Vortragsverzeichnis Derzeit ist Prof. Dr. Ulber als Studiendekan des Juristischen Bereiches t\u00e4tig. Derzeit ist Prof. Dr. Ulber als Evaluationsbeauftragter des Juristischen Bereiches t\u00e4tig. Sekretariat \u2022 Kathrein Winkler Kontakt ThomasianumUniversit\u00e4tsplatz [&hellip;]<\/p>\n","protected":false},"author":5815,"featured_media":0,"parent":0,"menu_order":0,"comment_status":"closed","ping_status":"closed","template":"","meta":[],"_links":{"self":[{"href":"https:\/\/blogs.urz.uni-halle.de\/lehrstuhlulber\/wp-json\/wp\/v2\/pages\/65"}],"collection":[{"href":"https:\/\/blogs.urz.uni-halle.de\/lehrstuhlulber\/wp-json\/wp\/v2\/pages"}],"about":[{"href":"https:\/\/blogs.urz.uni-halle.de\/lehrstuhlulber\/wp-json\/wp\/v2\/types\/page"}],"author":[{"embeddable":true,"href":"https:\/\/blogs.urz.uni-halle.de\/lehrstuhlulber\/wp-json\/wp\/v2\/users\/5815"}],"replies":[{"embeddable":true,"href":"https:\/\/blogs.urz.uni-halle.de\/lehrstuhlulber\/wp-json\/wp\/v2\/comments?post=65"}],"version-history":[{"count":10,"href":"https:\/\/blogs.urz.uni-halle.de\/lehrstuhlulber\/wp-json\/wp\/v2\/pages\/65\/revisions"}],"predecessor-version":[{"id":281,"href":"https:\/\/blogs.urz.uni-halle.de\/lehrstuhlulber\/wp-json\/wp\/v2\/pages\/65\/revisions\/281"}],"wp:attachment":[{"href":"https:\/\/blogs.urz.uni-halle.de\/lehrstuhlulber\/wp-json\/wp\/v2\/media?parent=65"}],"curies":[{"name":"wp","href":"https:\/\/api.w.org\/{rel}","templated":true}]}}