{"id":145,"date":"2019-04-17T10:08:00","date_gmt":"2019-04-17T08:08:00","guid":{"rendered":"https:\/\/blogs.urz.uni-halle.de\/lelesu\/?page_id=145"},"modified":"2020-07-28T10:16:28","modified_gmt":"2020-07-28T08:16:28","slug":"dr-astrid-fink","status":"publish","type":"page","link":"https:\/\/blogs.urz.uni-halle.de\/lelesu\/dr-astrid-fink\/","title":{"rendered":"Dr. Astrid Fink"},"content":{"rendered":"<p><a href=\"https:\/\/blogs.urz.uni-halle.de\/lelesu\/files\/2019\/04\/Photo_Astrid.jpg\"><img loading=\"lazy\" class=\"alignright wp-image-134\" src=\"https:\/\/blogs.urz.uni-halle.de\/lelesu\/files\/2019\/04\/Photo_Astrid.jpg\" alt=\"\" width=\"231\" height=\"270\" \/><\/a><em>Initiatorin und ehemalige Projektleiterin<\/em><\/p>\n<p>Als Pflege- und Gesundheitswissenschaftlerin arbeite ich seit 2005 in der Abteilung Medizinische Soziologie und besch\u00e4ftige mich neben der Ausbildung von Studierenden mit der Versorgungsforschung. Was zun\u00e4chst nach trockener Schreibtischt\u00e4tigkeit klingt, entpuppt sich in Wirklichkeit als fach\u00fcbergreifende Forschung ganz nahe am medizinischen Alltag. Ausgehend von der Patienten- und Bev\u00f6lkerungsperspektive und vor dem Hintergrund komplexer Bedingungen im Gesundheitssystem werden die Strukturen und Prozesse der Gesundheitsversorgung untersucht, die Ergebnisse auf Ebene der Alltagsversorgung beschrieben und Ma\u00dfnahmen zur Verbesserung der Versorgung entwickelt und bewertet.<\/p>\n<p>Das Thema &#8222;Allt\u00e4gliches Leben mit Diabetes mellitus&#8220; liegt mir besonders am Herzen, da ich bereits vor meinem Studium als Di\u00e4tassistentin und Ern\u00e4hrungsberaterin gearbeitet habe und die Erfahrungen, die ich dort im Umgang mit den Betroffenen sammeln konnte, f\u00fcr mich sehr wichtig sind.<\/p>\n","protected":false},"excerpt":{"rendered":"<p>Initiatorin und ehemalige Projektleiterin Als Pflege- und Gesundheitswissenschaftlerin arbeite ich seit 2005 in der Abteilung Medizinische Soziologie und besch\u00e4ftige mich neben der Ausbildung von Studierenden mit der Versorgungsforschung. Was zun\u00e4chst nach trockener Schreibtischt\u00e4tigkeit klingt, entpuppt sich in Wirklichkeit als fach\u00fcbergreifende Forschung ganz nahe am medizinischen Alltag. Ausgehend von der Patienten- und Bev\u00f6lkerungsperspektive und vor dem &#8230; <a title=\"Dr. Astrid Fink\" class=\"read-more\" href=\"https:\/\/blogs.urz.uni-halle.de\/lelesu\/dr-astrid-fink\/\">Weiterlesen <span class=\"screen-reader-text\">Dr. Astrid Fink<\/span><\/a><\/p>\n","protected":false},"author":2524,"featured_media":0,"parent":0,"menu_order":0,"comment_status":"closed","ping_status":"closed","template":"","meta":[],"_links":{"self":[{"href":"https:\/\/blogs.urz.uni-halle.de\/lelesu\/wp-json\/wp\/v2\/pages\/145"}],"collection":[{"href":"https:\/\/blogs.urz.uni-halle.de\/lelesu\/wp-json\/wp\/v2\/pages"}],"about":[{"href":"https:\/\/blogs.urz.uni-halle.de\/lelesu\/wp-json\/wp\/v2\/types\/page"}],"author":[{"embeddable":true,"href":"https:\/\/blogs.urz.uni-halle.de\/lelesu\/wp-json\/wp\/v2\/users\/2524"}],"replies":[{"embeddable":true,"href":"https:\/\/blogs.urz.uni-halle.de\/lelesu\/wp-json\/wp\/v2\/comments?post=145"}],"version-history":[{"count":9,"href":"https:\/\/blogs.urz.uni-halle.de\/lelesu\/wp-json\/wp\/v2\/pages\/145\/revisions"}],"predecessor-version":[{"id":259,"href":"https:\/\/blogs.urz.uni-halle.de\/lelesu\/wp-json\/wp\/v2\/pages\/145\/revisions\/259"}],"wp:attachment":[{"href":"https:\/\/blogs.urz.uni-halle.de\/lelesu\/wp-json\/wp\/v2\/media?parent=145"}],"curies":[{"name":"wp","href":"https:\/\/api.w.org\/{rel}","templated":true}]}}