{"id":260,"date":"2020-07-28T10:34:40","date_gmt":"2020-07-28T08:34:40","guid":{"rendered":"https:\/\/blogs.urz.uni-halle.de\/lelesu\/?page_id=260"},"modified":"2020-07-28T10:34:41","modified_gmt":"2020-07-28T08:34:41","slug":"anja-knoechelmann","status":"publish","type":"page","link":"https:\/\/blogs.urz.uni-halle.de\/lelesu\/anja-knoechelmann\/","title":{"rendered":"Anja Kn\u00f6chelmann"},"content":{"rendered":"\n<div class=\"wp-block-image\"><figure class=\"alignright size-large is-resized\"><img loading=\"lazy\" src=\"https:\/\/blogs.urz.uni-halle.de\/lelesu\/files\/2020\/07\/Anja-1024x892.jpg\" alt=\"\" class=\"wp-image-261\" width=\"268\" height=\"354\" \/><\/figure><\/div>\n\n\n\n<p>Als Soziologin interessiere ich mich besonders f\u00fcr alle\nBereiche, die einen Einfluss darauf haben k\u00f6nnen, ob Krankheiten entstehen, wie\ndiese verhindert werden k\u00f6nnen oder wie Patientinnen und Patienten gut mit\neiner Krankheit leben k\u00f6nnen. <\/p>\n\n\n\n<p>Nach meinem Soziologiestudium bin ich zun\u00e4chst nach Hannover\nan die Medizinische Hochschule gegangen und habe mich dort vorrangig mit\nKindern mit angeborenem Herzfehler besch\u00e4ftigt und untersucht, was die M\u00fctter\nder Kinder zu der Krankheit ihres Kindes wissen und durch welche Faktoren das Wissen\neventuell verbessert werden kann. Diese Erfahrungen m\u00f6chte ich nun gern in dem\nProjekt \u201eLerntypen und Lernerfolg in der Diabetesschulung\u201c einbringen. Dabei\ninteressiert mich auch hier besonders, welche Faktoren relevant sind, um eine\nSchulung so zu gestalten, dass alle Teilnehmerinnen und Teilnehmer m\u00f6glichst\nviel dabei lernen k\u00f6nnen. Wir m\u00f6chten alle Beteiligten darin unterst\u00fctzen, den\nBetroffenen einen selbstbestimmten Umgang mit Diabetes zu erm\u00f6glichen.&nbsp; <\/p>\n\n\n\n<p>Sollten Sie Fragen zu unserer Studie haben, k\u00f6nnen Sie sich\ngern an mich wenden. <\/p>\n","protected":false},"excerpt":{"rendered":"<p>Als Soziologin interessiere ich mich besonders f\u00fcr alle Bereiche, die einen Einfluss darauf haben k\u00f6nnen, ob Krankheiten entstehen, wie diese verhindert werden k\u00f6nnen oder wie Patientinnen und Patienten gut mit einer Krankheit leben k\u00f6nnen. Nach meinem Soziologiestudium bin ich zun\u00e4chst nach Hannover an die Medizinische Hochschule gegangen und habe mich dort vorrangig mit Kindern mit &#8230; <a title=\"Anja Kn\u00f6chelmann\" class=\"read-more\" href=\"https:\/\/blogs.urz.uni-halle.de\/lelesu\/anja-knoechelmann\/\">Weiterlesen <span class=\"screen-reader-text\">Anja Kn\u00f6chelmann<\/span><\/a><\/p>\n","protected":false},"author":2524,"featured_media":0,"parent":0,"menu_order":0,"comment_status":"closed","ping_status":"closed","template":"","meta":[],"_links":{"self":[{"href":"https:\/\/blogs.urz.uni-halle.de\/lelesu\/wp-json\/wp\/v2\/pages\/260"}],"collection":[{"href":"https:\/\/blogs.urz.uni-halle.de\/lelesu\/wp-json\/wp\/v2\/pages"}],"about":[{"href":"https:\/\/blogs.urz.uni-halle.de\/lelesu\/wp-json\/wp\/v2\/types\/page"}],"author":[{"embeddable":true,"href":"https:\/\/blogs.urz.uni-halle.de\/lelesu\/wp-json\/wp\/v2\/users\/2524"}],"replies":[{"embeddable":true,"href":"https:\/\/blogs.urz.uni-halle.de\/lelesu\/wp-json\/wp\/v2\/comments?post=260"}],"version-history":[{"count":1,"href":"https:\/\/blogs.urz.uni-halle.de\/lelesu\/wp-json\/wp\/v2\/pages\/260\/revisions"}],"predecessor-version":[{"id":262,"href":"https:\/\/blogs.urz.uni-halle.de\/lelesu\/wp-json\/wp\/v2\/pages\/260\/revisions\/262"}],"wp:attachment":[{"href":"https:\/\/blogs.urz.uni-halle.de\/lelesu\/wp-json\/wp\/v2\/media?parent=260"}],"curies":[{"name":"wp","href":"https:\/\/api.w.org\/{rel}","templated":true}]}}