{"id":44,"date":"2018-11-12T23:49:46","date_gmt":"2018-11-12T22:49:46","guid":{"rendered":"https:\/\/blogs.urz.uni-halle.de\/lelesu\/?page_id=44"},"modified":"2019-11-17T17:28:24","modified_gmt":"2019-11-17T16:28:24","slug":"veroeffentlichungen","status":"publish","type":"page","link":"https:\/\/blogs.urz.uni-halle.de\/lelesu\/veroeffentlichungen\/","title":{"rendered":"Ver\u00f6ffentlichungen"},"content":{"rendered":"<p>Ver\u00f6ffentlichungen zum Projekt werden im Projektverlauf hier hinterlegt. Derzeit gibt es folgende Aktivit\u00e4ten zur Ver\u00f6ffentlichung:<\/p>\n<ul>\n<li>das Studienprotokoll wurde im <em>BMJ open<\/em> ver\u00f6ffentlich:\u00a0<a href=\"https:\/\/blogs.urz.uni-halle.de\/lelesu\/files\/2019\/11\/Morro-et-al-2019.pdf\">Morro et al 2019<\/a><\/li>\n<li>eine Vorstellung des Projektes beim 18. Kongress f\u00fcr Versorgungsforschung (Berlin, 9. bis 11. Oktober) im Rahmen des <em>Science Slam<\/em><\/li>\n<\/ul>\n<p><a href=\"https:\/\/blogs.urz.uni-halle.de\/lelesu\/veroeffentlichungen\/veroeffentlichen\/#main\" rel=\"attachment wp-att-105\"><img loading=\"lazy\" class=\"size-medium wp-image-105 alignright\" src=\"https:\/\/blogs.urz.uni-halle.de\/lelesu\/files\/2019\/04\/Ver\u00f6ffentlichen-300x200.jpg\" alt=\"\" width=\"300\" height=\"200\" srcset=\"https:\/\/blogs.urz.uni-halle.de\/lelesu\/files\/2019\/04\/Ver\u00f6ffentlichen-300x200.jpg 300w, https:\/\/blogs.urz.uni-halle.de\/lelesu\/files\/2019\/04\/Ver\u00f6ffentlichen-768x512.jpg 768w, https:\/\/blogs.urz.uni-halle.de\/lelesu\/files\/2019\/04\/Ver\u00f6ffentlichen-1024x683.jpg 1024w, https:\/\/blogs.urz.uni-halle.de\/lelesu\/files\/2019\/04\/Ver\u00f6ffentlichen.jpg 1920w\" sizes=\"(max-width: 300px) 100vw, 300px\" \/><\/a><\/p>\n","protected":false},"excerpt":{"rendered":"<p>Ver\u00f6ffentlichungen zum Projekt werden im Projektverlauf hier hinterlegt. Derzeit gibt es folgende Aktivit\u00e4ten zur Ver\u00f6ffentlichung: das Studienprotokoll wurde im BMJ open ver\u00f6ffentlich:\u00a0Morro et al 2019 eine Vorstellung des Projektes beim 18. Kongress f\u00fcr Versorgungsforschung (Berlin, 9. bis 11. Oktober) im Rahmen des Science Slam<\/p>\n","protected":false},"author":3794,"featured_media":0,"parent":0,"menu_order":0,"comment_status":"closed","ping_status":"closed","template":"","meta":[],"_links":{"self":[{"href":"https:\/\/blogs.urz.uni-halle.de\/lelesu\/wp-json\/wp\/v2\/pages\/44"}],"collection":[{"href":"https:\/\/blogs.urz.uni-halle.de\/lelesu\/wp-json\/wp\/v2\/pages"}],"about":[{"href":"https:\/\/blogs.urz.uni-halle.de\/lelesu\/wp-json\/wp\/v2\/types\/page"}],"author":[{"embeddable":true,"href":"https:\/\/blogs.urz.uni-halle.de\/lelesu\/wp-json\/wp\/v2\/users\/3794"}],"replies":[{"embeddable":true,"href":"https:\/\/blogs.urz.uni-halle.de\/lelesu\/wp-json\/wp\/v2\/comments?post=44"}],"version-history":[{"count":10,"href":"https:\/\/blogs.urz.uni-halle.de\/lelesu\/wp-json\/wp\/v2\/pages\/44\/revisions"}],"predecessor-version":[{"id":233,"href":"https:\/\/blogs.urz.uni-halle.de\/lelesu\/wp-json\/wp\/v2\/pages\/44\/revisions\/233"}],"wp:attachment":[{"href":"https:\/\/blogs.urz.uni-halle.de\/lelesu\/wp-json\/wp\/v2\/media?parent=44"}],"curies":[{"name":"wp","href":"https:\/\/api.w.org\/{rel}","templated":true}]}}