{"id":125,"date":"2019-02-21T14:06:33","date_gmt":"2019-02-21T13:06:33","guid":{"rendered":"https:\/\/blogs.urz.uni-halle.de\/lernboarisch\/?page_id=125"},"modified":"2019-03-23T10:27:42","modified_gmt":"2019-03-23T09:27:42","slug":"startseite","status":"publish","type":"page","link":"https:\/\/blogs.urz.uni-halle.de\/lernboarisch\/","title":{"rendered":"Startseite"},"content":{"rendered":"<h1><span style=\"font-size: 24pt\">Liebe\/r Bairischinteressent\/in,<\/span><\/h1>\n<p style=\"text-align: justify\">Servus, gria\u00df di! I gfrei mi, dass\u00b4d do bist. Du woidst scho imma Boarisch lerna oda du intressiast di einfach nua fia de Kuitur vo Boarn? Donn bisd hia gnau richtig! I nimm di mit auf oa kloane Reisn duach mei Hoamat und glab mia, fia oan Ausfluag in an Sidn bisd hiamid bsondas guad gwappnet.<\/p>\n<p style=\"text-align: justify\">Und damit hei\u00dfe ich dich herzlich willkommen auf meiner\u00a0\u201eLern Boarisch\u201c Webseite. Ich freue mich, dass dein Interesse f\u00fcr den bairischen Dialekt so gro\u00df ist. Zumindest gro\u00df genug, dass du im Internet danach gesucht hast.\u00a0Auf dieser Website m\u00f6chte ich versuchen, dir in f\u00fcnf Lektionen den bairischen Dialekt n\u00e4her zu bringen. Die Lektionen beinhalten alles, was ich f\u00fcr wichtig empfinde, daher ist der Lernprozess nach ihnen abgeschlossen und beruht nicht auf einer Fortsetzung. Durch die hohe Anzahl der Mundarten in Bayern gibt es nicht DAS Bairisch. Auf meiner Seite beziehe ich mich auf das Bairisch, wie ich es aus meiner Heimat Oberbayern kenne. Einen bairischen Muttersprachler werde ich in f\u00fcnf Lektionen vermutlich nicht aus dir machen k\u00f6nnen. Aber ich kann dir auf jeden Fall die wichtigsten Grundlagen, spannenden Wortschatz, Alltagssprache und noch viel mehr erl\u00e4utern.\u00a0Am Ende jeder Lektion kannst du das Gelernte in einem Test anwenden und \u00fcberpr\u00fcfen, ob du bereit f\u00fcr die n\u00e4chste Lektion bist. Unten habe ich dir ein kurzes Video zum Warmwerden verlinkt. Vui Spa\u00df und lern gscheid!<\/p>\n<h1><span style=\"font-size: 24pt\">deine Agnes<\/span><\/h1>\n<p><iframe title=\"Bayern in 100 Sekunden\" width=\"584\" height=\"329\" src=\"https:\/\/www.youtube.com\/embed\/S0ICYGMzzh0?feature=oembed\" frameborder=\"0\" allow=\"accelerometer; autoplay; encrypted-media; gyroscope; picture-in-picture\" allowfullscreen><\/iframe><\/p>\n","protected":false},"excerpt":{"rendered":"<p>Liebe\/r Bairischinteressent\/in, Servus, gria\u00df di! I gfrei mi, dass\u00b4d do bist. Du woidst scho imma Boarisch lerna oda du intressiast di einfach nua fia de Kuitur vo Boarn? Donn bisd hia gnau richtig! I nimm di mit auf oa kloane &hellip; <a href=\"https:\/\/blogs.urz.uni-halle.de\/lernboarisch\/\">Weiterlesen <span class=\"meta-nav\">&rarr;<\/span><\/a><\/p>\n","protected":false},"author":3873,"featured_media":0,"parent":0,"menu_order":0,"comment_status":"closed","ping_status":"closed","template":"","meta":[],"_links":{"self":[{"href":"https:\/\/blogs.urz.uni-halle.de\/lernboarisch\/wp-json\/wp\/v2\/pages\/125"}],"collection":[{"href":"https:\/\/blogs.urz.uni-halle.de\/lernboarisch\/wp-json\/wp\/v2\/pages"}],"about":[{"href":"https:\/\/blogs.urz.uni-halle.de\/lernboarisch\/wp-json\/wp\/v2\/types\/page"}],"author":[{"embeddable":true,"href":"https:\/\/blogs.urz.uni-halle.de\/lernboarisch\/wp-json\/wp\/v2\/users\/3873"}],"replies":[{"embeddable":true,"href":"https:\/\/blogs.urz.uni-halle.de\/lernboarisch\/wp-json\/wp\/v2\/comments?post=125"}],"version-history":[{"count":9,"href":"https:\/\/blogs.urz.uni-halle.de\/lernboarisch\/wp-json\/wp\/v2\/pages\/125\/revisions"}],"predecessor-version":[{"id":691,"href":"https:\/\/blogs.urz.uni-halle.de\/lernboarisch\/wp-json\/wp\/v2\/pages\/125\/revisions\/691"}],"wp:attachment":[{"href":"https:\/\/blogs.urz.uni-halle.de\/lernboarisch\/wp-json\/wp\/v2\/media?parent=125"}],"curies":[{"name":"wp","href":"https:\/\/api.w.org\/{rel}","templated":true}]}}