{"id":15,"date":"2019-02-14T11:59:11","date_gmt":"2019-02-14T10:59:11","guid":{"rendered":"https:\/\/blogs.urz.uni-halle.de\/lernboarisch\/?page_id=15"},"modified":"2019-03-04T12:36:35","modified_gmt":"2019-03-04T11:36:35","slug":"lektion-2","status":"publish","type":"page","link":"https:\/\/blogs.urz.uni-halle.de\/lernboarisch\/lektion-2\/","title":{"rendered":"Lektion 2"},"content":{"rendered":"<h1><span style=\"font-size: 36pt\">Lektion 2<\/span><\/h1>\n<p style=\"text-align: justify\">Nach den ersten Grundlagen k\u00f6nnen wir jetzt anfangen etwas in die Tiefe des Bairischen zu gehen. Daher widmen wir uns in der zweiten Lektion der bairischen Grammatik.\u00a0\u201eUff, Grammatik\u201c, denken sich jetzt wahrscheinlich die meisten. Ich wei\u00df, dass das wohl bei den wenigsten Jubelschreie ausl\u00f6st, aber so schlimm ist es gar nicht. Versprochen! Wir lernen den Nominativ der bairischen Personalpronomen gehen, die ersten wichtigen Verben und ihre Konjugation im Pr\u00e4sens sowie die Anwendung dieser in den ersten S\u00e4tzen auf Bairisch.<\/p>\n<h1><a id=\"personalpronomennominativ\" class=\"submenu\"><\/a><span style=\"font-size: 24pt\"><strong>Personalpronomen: Nominativ<\/strong><\/span><\/h1>\n\n<table id=\"tablepress-18\" class=\"tablepress tablepress-id-18\">\n<thead>\n<tr class=\"row-1 odd\">\n\t<th class=\"column-1\">&nbsp;<\/th><th class=\"column-2\"><img src=\"https:\/\/blogs.urz.uni-halle.de\/lernboarisch\/files\/2019\/02\/Deutschlandflagge-Mini2.png\" alt=\"\" width=\"52\" height=\"31\" class=\"alignnone size-full wp-image-64\" \/><br \/>\n<strong>Hochdeutsch<\/strong><\/th><th class=\"column-3\"><img src=\"https:\/\/blogs.urz.uni-halle.de\/lernboarisch\/files\/2019\/02\/Bayernflagge-Mini2.png\" alt=\"\" width=\"50\" height=\"31\" class=\"alignnone size-full wp-image-67\" \/><br \/>\n<strong>Bairisch<\/strong><\/th>\n<\/tr>\n<\/thead>\n<tbody class=\"row-hover\">\n<tr class=\"row-2 even\">\n\t<td class=\"column-1\"><strong>Singular<\/strong><\/td><td class=\"column-2\"><\/td><td class=\"column-3\"><\/td>\n<\/tr>\n<tr class=\"row-3 odd\">\n\t<td class=\"column-1\">1. Person<\/td><td class=\"column-2\">ich<\/td><td class=\"column-3\"><strong>i<\/strong><\/td>\n<\/tr>\n<tr class=\"row-4 even\">\n\t<td class=\"column-1\">2. Person<\/td><td class=\"column-2\">du<\/td><td class=\"column-3\"><strong>du<\/strong><\/td>\n<\/tr>\n<tr class=\"row-5 odd\">\n\t<td class=\"column-1\">3. Person<\/td><td class=\"column-2\">er<\/td><td class=\"column-3\"><strong>ea<\/strong><\/td>\n<\/tr>\n<tr class=\"row-6 even\">\n\t<td class=\"column-1\"><\/td><td class=\"column-2\">sie<\/td><td class=\"column-3\"><strong>si<\/strong><\/td>\n<\/tr>\n<tr class=\"row-7 odd\">\n\t<td class=\"column-1\"><\/td><td class=\"column-2\">es<\/td><td class=\"column-3\"><strong>es<\/strong><\/td>\n<\/tr>\n<tr class=\"row-8 even\">\n\t<td class=\"column-1\"><strong>Plural<\/strong><\/td><td class=\"column-2\"><\/td><td class=\"column-3\"><\/td>\n<\/tr>\n<tr class=\"row-9 odd\">\n\t<td class=\"column-1\">1. Person<\/td><td class=\"column-2\">wir<\/td><td class=\"column-3\"><strong>mia<\/strong><\/td>\n<\/tr>\n<tr class=\"row-10 even\">\n\t<td class=\"column-1\">2. Person<\/td><td class=\"column-2\">ihr<\/td><td class=\"column-3\"><strong>ia<\/strong><\/td>\n<\/tr>\n<tr class=\"row-11 odd\">\n\t<td class=\"column-1\">3. Person<\/td><td class=\"column-2\">Sie\/sie<\/td><td class=\"column-3\"><strong>si<\/strong><\/td>\n<\/tr>\n<\/tbody>\n<\/table>\n<!-- #tablepress-18 from cache -->\n<h1><a id=\"verbenteil1\" class=\"submenu\"><\/a><span style=\"font-size: 24pt\">Verben: Teil 1<\/span><\/h1>\n<p style=\"text-align: justify\">Um unsere ersten vollst\u00e4ndigen S\u00e4tze auf Bairisch formulieren zu k\u00f6nnen, fehlen uns jetzt noch ein paar Verben. Ich habe dir die f\u00fcnf wichtigsten Verben f\u00fcr den Anfang und deren Konjugation im Pr\u00e4sens.<\/p>\n\n<table id=\"tablepress-8\" class=\"tablepress tablepress-id-8\">\n<thead>\n<tr class=\"row-1 odd\">\n\t<th class=\"column-1\"><img src=\"https:\/\/blogs.urz.uni-halle.de\/lernboarisch\/files\/2019\/02\/Deutschlandflagge-Mini2.png\" alt=\"\" width=\"52\" height=\"31\" class=\"alignnone size-full wp-image-64\" \/><br \/>\n<strong>Hochdeutsch<\/strong><\/th><th class=\"column-2\"><img src=\"https:\/\/blogs.urz.uni-halle.de\/lernboarisch\/files\/2019\/02\/Bayernflagge-Mini2.png\" alt=\"\" width=\"50\" height=\"31\" class=\"alignnone size-full wp-image-67\" \/><br \/>\n<strong>Bairisch<\/strong><\/th>\n<\/tr>\n<\/thead>\n<tbody class=\"row-hover\">\n<tr class=\"row-2 even\">\n\t<td class=\"column-1\">sein<\/td><td class=\"column-2\"><strong>soa<\/strong><\/td>\n<\/tr>\n<tr class=\"row-3 odd\">\n\t<td class=\"column-1\">haben<\/td><td class=\"column-2\"><strong>hoom<\/strong><\/td>\n<\/tr>\n<tr class=\"row-4 even\">\n\t<td class=\"column-1\">gehen<\/td><td class=\"column-2\"><strong>geeh<\/strong><\/td>\n<\/tr>\n<tr class=\"row-5 odd\">\n\t<td class=\"column-1\">machen<\/td><td class=\"column-2\"><strong>macha<\/strong><\/td>\n<\/tr>\n<tr class=\"row-6 even\">\n\t<td class=\"column-1\">m\u00f6gen<\/td><td class=\"column-2\"><strong>meng<\/strong><\/td>\n<\/tr>\n<\/tbody>\n<\/table>\n<!-- #tablepress-8 from cache -->\n<h1><a id=\"konjugationpraesens\" class=\"submenu\"><\/a><span style=\"font-size: 24pt\">Konjugation Pr\u00e4sens<\/span><\/h1>\n<h4><a id=\"seinsei\" class=\"submenu\"><\/a><strong>sein &#8211; sei<\/strong><\/h4>\n\n<table id=\"tablepress-9\" class=\"tablepress tablepress-id-9\">\n<thead>\n<tr class=\"row-1 odd\">\n\t<th class=\"column-1\"><img src=\"https:\/\/blogs.urz.uni-halle.de\/lernboarisch\/files\/2019\/02\/Deutschlandflagge-Mini2.png\" alt=\"\" width=\"52\" height=\"31\" class=\"alignnone size-full wp-image-64\" \/><br \/>\n<strong>Hochdeutsch<\/strong><\/th><th class=\"column-2\">&nbsp;<\/th><th class=\"column-3\"><img src=\"https:\/\/blogs.urz.uni-halle.de\/lernboarisch\/files\/2019\/02\/Bayernflagge-Mini2.png\" alt=\"\" width=\"50\" height=\"31\" class=\"alignnone size-full wp-image-67\" \/><br \/>\n<strong>Bairisch<\/strong><\/th><th class=\"column-4\">&nbsp;<\/th>\n<\/tr>\n<\/thead>\n<tbody class=\"row-hover\">\n<tr class=\"row-2 even\">\n\t<td class=\"column-1\">ich<\/td><td class=\"column-2\">bin<\/td><td class=\"column-3\">i<\/td><td class=\"column-4\"><strong>bin<\/strong><\/td>\n<\/tr>\n<tr class=\"row-3 odd\">\n\t<td class=\"column-1\">du <\/td><td class=\"column-2\">bist<\/td><td class=\"column-3\">du<\/td><td class=\"column-4\"><strong>bisd<\/strong><\/td>\n<\/tr>\n<tr class=\"row-4 even\">\n\t<td class=\"column-1\">er\/sie\/es<\/td><td class=\"column-2\">ist<\/td><td class=\"column-3\">ea\/si\/es<\/td><td class=\"column-4\"><strong>iis<\/strong><\/td>\n<\/tr>\n<tr class=\"row-5 odd\">\n\t<td class=\"column-1\">wir<\/td><td class=\"column-2\">sind<\/td><td class=\"column-3\">mia<\/td><td class=\"column-4\"><strong>san\/han<\/strong><\/td>\n<\/tr>\n<tr class=\"row-6 even\">\n\t<td class=\"column-1\">ihr<\/td><td class=\"column-2\">seid<\/td><td class=\"column-3\">ia<\/td><td class=\"column-4\"><strong>saids\/haids<\/strong><\/td>\n<\/tr>\n<tr class=\"row-7 odd\">\n\t<td class=\"column-1\">Sie\/sie<\/td><td class=\"column-2\">sind<\/td><td class=\"column-3\">si<\/td><td class=\"column-4\"><strong>san\/han<\/strong><\/td>\n<\/tr>\n<\/tbody>\n<\/table>\n<!-- #tablepress-9 from cache -->\n<blockquote><p>Wann verwende ich\u00a0\u201esan\u201c und \u201esaids?\u201c Wann\u00a0\u201ehan\u201c und \u201ehaids\u201c? Der Unterschied hierbei liegt im st\u00e4dtischen und l\u00e4ndlichen Bairisch. W\u00e4hrend in l\u00e4ndlichen Gebieten von\u00a0\u201ehan\u201c und\u00a0\u201ehaids\u201c die Rede ist, spricht man zum Beispiel in M\u00fcnchen von\u00a0\u201esan\u201c und\u00a0\u201esaids\u201c.<\/p><\/blockquote>\n<h4><strong>Beispiels\u00e4tze:<\/strong><\/h4>\n<ul style=\"list-style-type: circle\">\n<li>\u201eMia san mia.\u201c <em>(\u00dcbersetzung: Wir sind wir. Vereinsspruch FC Bayern M\u00fcnchen)<\/em><\/li>\n<li>\u201eI bin der Max.\u201c <em>(\u00dcbersetzung: Ich bin Max.)<\/em><\/li>\n<\/ul>\n<blockquote><p>Im Bairischen ist es grunds\u00e4tzlich so, dass bestimmte Artikel vor den Namen gesetzt werden. Also nicht\u00a0\u201eIch bin Max.\u201c, sondern\u00a0\u201eI bin der Max.\u201c.<\/p><\/blockquote>\n<h4><a id=\"habenhoom\" class=\"submenu\"><\/a><strong>haben &#8211; hoom<\/strong><\/h4>\n\n<table id=\"tablepress-10\" class=\"tablepress tablepress-id-10\">\n<thead>\n<tr class=\"row-1 odd\">\n\t<th class=\"column-1\"><img src=\"https:\/\/blogs.urz.uni-halle.de\/lernboarisch\/files\/2019\/02\/Deutschlandflagge-Mini2.png\" alt=\"\" width=\"52\" height=\"31\" class=\"alignnone size-full wp-image-64\" \/><br \/>\n<strong>Hochdeutsch<\/strong><\/th><th class=\"column-2\">&nbsp;<\/th><th class=\"column-3\"><img src=\"https:\/\/blogs.urz.uni-halle.de\/lernboarisch\/files\/2019\/02\/Bayernflagge-Mini2.png\" alt=\"\" width=\"50\" height=\"31\" class=\"alignnone size-full wp-image-67\" \/><br \/>\n<strong>Bairisch<\/strong><\/th><th class=\"column-4\">&nbsp;<\/th>\n<\/tr>\n<\/thead>\n<tbody class=\"row-hover\">\n<tr class=\"row-2 even\">\n\t<td class=\"column-1\">ich<\/td><td class=\"column-2\">habe<\/td><td class=\"column-3\">i<\/td><td class=\"column-4\"><strong>hob<\/strong><\/td>\n<\/tr>\n<tr class=\"row-3 odd\">\n\t<td class=\"column-1\">du <\/td><td class=\"column-2\">hast<\/td><td class=\"column-3\">du<\/td><td class=\"column-4\"><strong>host<\/strong><\/td>\n<\/tr>\n<tr class=\"row-4 even\">\n\t<td class=\"column-1\">er\/sie\/es<\/td><td class=\"column-2\">hat<\/td><td class=\"column-3\">ea\/si\/es<\/td><td class=\"column-4\"><strong>hot<\/strong><\/td>\n<\/tr>\n<tr class=\"row-5 odd\">\n\t<td class=\"column-1\">wir<\/td><td class=\"column-2\">haben<\/td><td class=\"column-3\">mia<\/td><td class=\"column-4\"><strong>hom<\/strong><\/td>\n<\/tr>\n<tr class=\"row-6 even\">\n\t<td class=\"column-1\">ihr<\/td><td class=\"column-2\">habt<\/td><td class=\"column-3\">ia<\/td><td class=\"column-4\"><strong>hobts<\/strong><\/td>\n<\/tr>\n<tr class=\"row-7 odd\">\n\t<td class=\"column-1\">Sie\/sie<\/td><td class=\"column-2\">haben<\/td><td class=\"column-3\">si<\/td><td class=\"column-4\"><strong>hom<\/strong><\/td>\n<\/tr>\n<\/tbody>\n<\/table>\n<!-- #tablepress-10 from cache -->\n<h4><strong>Beispiels\u00e4tze:<\/strong><\/h4>\n<ul style=\"list-style-type: circle\">\n<li>\u201eIa hobts oa Katz.\u201c <em>(\u00dcbersetzung: Ihr habt eine Katze.)<\/em><\/li>\n<li>\u201eI hob an Hunga.\u201c <em>(\u00dcbersetzung: Ich habe Hunger.)<\/em><\/li>\n<\/ul>\n<h4><a id=\"gehengeeh\" class=\"submenu\"><\/a><strong>gehen &#8211; geeh<\/strong><\/h4>\n\n<table id=\"tablepress-11\" class=\"tablepress tablepress-id-11\">\n<thead>\n<tr class=\"row-1 odd\">\n\t<th class=\"column-1\"><img src=\"https:\/\/blogs.urz.uni-halle.de\/lernboarisch\/files\/2019\/02\/Deutschlandflagge-Mini2.png\" alt=\"\" width=\"52\" height=\"31\" class=\"alignnone size-full wp-image-64\" \/><br \/>\n<strong>Hochdeutsch<\/strong><\/th><th class=\"column-2\">&nbsp;<\/th><th class=\"column-3\"><img src=\"https:\/\/blogs.urz.uni-halle.de\/lernboarisch\/files\/2019\/02\/Bayernflagge-Mini2.png\" alt=\"\" width=\"50\" height=\"31\" class=\"alignnone size-full wp-image-67\" \/><br \/>\n<strong>Bairisch<\/strong><\/th><th class=\"column-4\">&nbsp;<\/th>\n<\/tr>\n<\/thead>\n<tbody class=\"row-hover\">\n<tr class=\"row-2 even\">\n\t<td class=\"column-1\">ich<\/td><td class=\"column-2\">gehe<\/td><td class=\"column-3\">i<\/td><td class=\"column-4\"><strong>geh<\/strong><\/td>\n<\/tr>\n<tr class=\"row-3 odd\">\n\t<td class=\"column-1\">du <\/td><td class=\"column-2\">gehst<\/td><td class=\"column-3\">du<\/td><td class=\"column-4\"><strong>gehst<\/strong><\/td>\n<\/tr>\n<tr class=\"row-4 even\">\n\t<td class=\"column-1\">er\/sie\/es<\/td><td class=\"column-2\">geht<\/td><td class=\"column-3\">ea\/si\/es<\/td><td class=\"column-4\"><strong>geht<\/strong><\/td>\n<\/tr>\n<tr class=\"row-5 odd\">\n\t<td class=\"column-1\">wir<\/td><td class=\"column-2\">gehen<\/td><td class=\"column-3\">mia<\/td><td class=\"column-4\"><strong>genga<\/strong><\/td>\n<\/tr>\n<tr class=\"row-6 even\">\n\t<td class=\"column-1\">ihr<\/td><td class=\"column-2\">geht<\/td><td class=\"column-3\">ia<\/td><td class=\"column-4\"><strong>gengts<\/strong><\/td>\n<\/tr>\n<tr class=\"row-7 odd\">\n\t<td class=\"column-1\">Sie\/sie<\/td><td class=\"column-2\">gehen<\/td><td class=\"column-3\">si<\/td><td class=\"column-4\"><strong>genga<\/strong><\/td>\n<\/tr>\n<\/tbody>\n<\/table>\n<!-- #tablepress-11 from cache -->\n<h4><strong>Beispiels\u00e4tze:<\/strong><\/h4>\n<ul style=\"list-style-type: circle\">\n<li>\u201eSi genga ned.\u201c <em>(\u00dcbersetzung: Sie gehen nicht.)<\/em><\/li>\n<li>\u201eIa gengts glei.\u201c <em>(\u00dcbersetzung: Ihr geht gleich.)<\/em><\/li>\n<\/ul>\n<h4><a id=\"machenmacha\" class=\"submenu\"><\/a><strong>machen &#8211; macha<\/strong><\/h4>\n\n<table id=\"tablepress-12\" class=\"tablepress tablepress-id-12\">\n<thead>\n<tr class=\"row-1 odd\">\n\t<th class=\"column-1\"><img src=\"https:\/\/blogs.urz.uni-halle.de\/lernboarisch\/files\/2019\/02\/Deutschlandflagge-Mini2.png\" alt=\"\" width=\"52\" height=\"31\" class=\"alignnone size-full wp-image-64\" \/><br \/>\n<strong>Hochdeutsch<\/strong><\/th><th class=\"column-2\">&nbsp;<\/th><th class=\"column-3\"><img src=\"https:\/\/blogs.urz.uni-halle.de\/lernboarisch\/files\/2019\/02\/Bayernflagge-Mini2.png\" alt=\"\" width=\"50\" height=\"31\" class=\"alignnone size-full wp-image-67\" \/><br \/>\n<strong>Bairisch<\/strong><\/th><th class=\"column-4\">&nbsp;<\/th>\n<\/tr>\n<\/thead>\n<tbody class=\"row-hover\">\n<tr class=\"row-2 even\">\n\t<td class=\"column-1\">ich<\/td><td class=\"column-2\">mache<\/td><td class=\"column-3\">i<\/td><td class=\"column-4\"><strong>mach<\/strong><\/td>\n<\/tr>\n<tr class=\"row-3 odd\">\n\t<td class=\"column-1\">du <\/td><td class=\"column-2\">machst<\/td><td class=\"column-3\">du<\/td><td class=\"column-4\"><strong>machst<\/strong><\/td>\n<\/tr>\n<tr class=\"row-4 even\">\n\t<td class=\"column-1\">er\/sie\/es<\/td><td class=\"column-2\">macht<\/td><td class=\"column-3\">ea\/si\/es<\/td><td class=\"column-4\"><strong>macht<\/strong><\/td>\n<\/tr>\n<tr class=\"row-5 odd\">\n\t<td class=\"column-1\">wir<\/td><td class=\"column-2\">machen<\/td><td class=\"column-3\">mia<\/td><td class=\"column-4\"><strong>macha<\/strong><\/td>\n<\/tr>\n<tr class=\"row-6 even\">\n\t<td class=\"column-1\">ihr<\/td><td class=\"column-2\">macht<\/td><td class=\"column-3\">ia<\/td><td class=\"column-4\"><strong>machts<\/strong><\/td>\n<\/tr>\n<tr class=\"row-7 odd\">\n\t<td class=\"column-1\">Sie\/sie<\/td><td class=\"column-2\">machen<\/td><td class=\"column-3\">si<\/td><td class=\"column-4\"><strong>macha<\/strong><\/td>\n<\/tr>\n<\/tbody>\n<\/table>\n<!-- #tablepress-12 from cache -->\n<h4><strong>Beispiels\u00e4tze:<\/strong><\/h4>\n<ul style=\"list-style-type: circle\">\n<li>\u201eIa machts Schmarrn.\u201c <em>(\u00dcbersetzung: Ihr macht Bl\u00f6dsinn.)<\/em><\/li>\n<li>\u201eSi macha Brotzeit.\u201c <em>(\u00dcbersetzung: Sie machen Brotzeit.)<\/em><\/li>\n<\/ul>\n<blockquote><p>Eine Brotzeit ist eine deftige und kalt zubereitete Zwischenmahlzeit. Sie besteht meist aus Broud (Brot), Kas (K\u00e4se), Wuascht (Wurst) und Gmias (Gem\u00fcse).<\/p><\/blockquote>\n<h4><a id=\"moegenmeng\" class=\"submenu\"><\/a><strong>m\u00f6gen &#8211; meng<\/strong><\/h4>\n\n<table id=\"tablepress-13\" class=\"tablepress tablepress-id-13\">\n<thead>\n<tr class=\"row-1 odd\">\n\t<th class=\"column-1\"><img src=\"https:\/\/blogs.urz.uni-halle.de\/lernboarisch\/files\/2019\/02\/Deutschlandflagge-Mini2.png\" alt=\"\" width=\"52\" height=\"31\" class=\"alignnone size-full wp-image-64\" \/><br \/>\n<strong>Hochdeutsch<\/strong><\/th><th class=\"column-2\">&nbsp;<\/th><th class=\"column-3\"><img src=\"https:\/\/blogs.urz.uni-halle.de\/lernboarisch\/files\/2019\/02\/Bayernflagge-Mini2.png\" alt=\"\" width=\"50\" height=\"31\" class=\"alignnone size-full wp-image-67\" \/><br \/>\n<strong>Bairisch<\/strong><\/th><th class=\"column-4\">&nbsp;<\/th>\n<\/tr>\n<\/thead>\n<tbody class=\"row-hover\">\n<tr class=\"row-2 even\">\n\t<td class=\"column-1\">ich<\/td><td class=\"column-2\">mag<\/td><td class=\"column-3\">i<\/td><td class=\"column-4\"><strong>mog<\/strong><\/td>\n<\/tr>\n<tr class=\"row-3 odd\">\n\t<td class=\"column-1\">du <\/td><td class=\"column-2\">magst<\/td><td class=\"column-3\">du<\/td><td class=\"column-4\"><strong>mogst<\/strong><\/td>\n<\/tr>\n<tr class=\"row-4 even\">\n\t<td class=\"column-1\">er\/sie\/es<\/td><td class=\"column-2\">mag<\/td><td class=\"column-3\">ea\/si\/es<\/td><td class=\"column-4\"><strong>mog<\/strong><\/td>\n<\/tr>\n<tr class=\"row-5 odd\">\n\t<td class=\"column-1\">wir<\/td><td class=\"column-2\">m\u00f6gen<\/td><td class=\"column-3\">mia<\/td><td class=\"column-4\"><strong>meng<\/strong><\/td>\n<\/tr>\n<tr class=\"row-6 even\">\n\t<td class=\"column-1\">ihr<\/td><td class=\"column-2\">m\u00f6gt<\/td><td class=\"column-3\">ia<\/td><td class=\"column-4\"><strong>megts<\/strong><\/td>\n<\/tr>\n<tr class=\"row-7 odd\">\n\t<td class=\"column-1\">Sie\/sie<\/td><td class=\"column-2\">m\u00f6gen<\/td><td class=\"column-3\">si<\/td><td class=\"column-4\"><strong>meng<\/strong><\/td>\n<\/tr>\n<\/tbody>\n<\/table>\n<!-- #tablepress-13 from cache -->\n<h4><strong>Beispiels\u00e4tze:<\/strong><\/h4>\n<ul style=\"list-style-type: circle\">\n<li>\u201eI mog di.\u201c <em>(\u00dcbersetzung: Ich mag dich.)<\/em><\/li>\n<li>\u201eSi meng ned.\u201c <em>(\u00dcbersetzung: Sie m\u00f6gen nicht.)<\/em><\/li>\n<\/ul>\n<h1><a id=\"testzwei\" class=\"submenu\"><\/a><span style=\"font-size: 24pt\"><strong>Test: Lektion 2<\/strong><\/span><\/h1>\n<div data-opinionstage-embed-url=\"https:\/\/www.opinionstage.com\/api\/v1\/widgets\/agihihihi\/host-gscheid-glernt\/code.json?width=\" style=\"display: none; visibility: hidden;\"><\/div>\n","protected":false},"excerpt":{"rendered":"<p>Lektion 2 Nach den ersten Grundlagen k\u00f6nnen wir jetzt anfangen etwas in die Tiefe des Bairischen zu gehen. Daher widmen wir uns in der zweiten Lektion der bairischen Grammatik.\u00a0\u201eUff, Grammatik\u201c, denken sich jetzt wahrscheinlich die meisten. Ich wei\u00df, dass das &hellip; <a href=\"https:\/\/blogs.urz.uni-halle.de\/lernboarisch\/lektion-2\/\">Weiterlesen <span class=\"meta-nav\">&rarr;<\/span><\/a><\/p>\n","protected":false},"author":3873,"featured_media":0,"parent":0,"menu_order":0,"comment_status":"closed","ping_status":"closed","template":"","meta":[],"_links":{"self":[{"href":"https:\/\/blogs.urz.uni-halle.de\/lernboarisch\/wp-json\/wp\/v2\/pages\/15"}],"collection":[{"href":"https:\/\/blogs.urz.uni-halle.de\/lernboarisch\/wp-json\/wp\/v2\/pages"}],"about":[{"href":"https:\/\/blogs.urz.uni-halle.de\/lernboarisch\/wp-json\/wp\/v2\/types\/page"}],"author":[{"embeddable":true,"href":"https:\/\/blogs.urz.uni-halle.de\/lernboarisch\/wp-json\/wp\/v2\/users\/3873"}],"replies":[{"embeddable":true,"href":"https:\/\/blogs.urz.uni-halle.de\/lernboarisch\/wp-json\/wp\/v2\/comments?post=15"}],"version-history":[{"count":10,"href":"https:\/\/blogs.urz.uni-halle.de\/lernboarisch\/wp-json\/wp\/v2\/pages\/15\/revisions"}],"predecessor-version":[{"id":636,"href":"https:\/\/blogs.urz.uni-halle.de\/lernboarisch\/wp-json\/wp\/v2\/pages\/15\/revisions\/636"}],"wp:attachment":[{"href":"https:\/\/blogs.urz.uni-halle.de\/lernboarisch\/wp-json\/wp\/v2\/media?parent=15"}],"curies":[{"name":"wp","href":"https:\/\/api.w.org\/{rel}","templated":true}]}}