{"id":19,"date":"2019-02-14T12:00:23","date_gmt":"2019-02-14T11:00:23","guid":{"rendered":"https:\/\/blogs.urz.uni-halle.de\/lernboarisch\/?page_id=19"},"modified":"2019-03-04T12:38:17","modified_gmt":"2019-03-04T11:38:17","slug":"lektion-4","status":"publish","type":"page","link":"https:\/\/blogs.urz.uni-halle.de\/lernboarisch\/lektion-4\/","title":{"rendered":"Lektion 4"},"content":{"rendered":"<h1><span style=\"font-size: 36pt\">Lektion 4<\/span><\/h1>\n<p style=\"text-align: justify\">W\u00f6rter, W\u00f6rter und noch mehr W\u00f6rter. In dieser Lektion geht es um die Erweiterung unseres Verbwortschatzes. Au\u00dferdem lernen wir die Konjugation Perfekt kennen.<\/p>\n<h1><a id=\"verbenteil2\" class=\"submenu\"><\/a><span style=\"font-size: 24pt\">Verben: Teil 2<\/span><\/h1>\n\n<table id=\"tablepress-23\" class=\"tablepress tablepress-id-23\">\n<thead>\n<tr class=\"row-1 odd\">\n\t<th class=\"column-1\"><img src=\"https:\/\/blogs.urz.uni-halle.de\/lernboarisch\/files\/2019\/02\/Deutschlandflagge-Mini2.png\" alt=\"\" width=\"52\" height=\"31\" class=\"alignnone size-full wp-image-64\" \/><br \/>\n<strong>Hochdeutsch<\/strong><\/th><th class=\"column-2\"><img src=\"https:\/\/blogs.urz.uni-halle.de\/lernboarisch\/files\/2019\/02\/Bayernflagge-Mini2.png\" alt=\"\" width=\"50\" height=\"31\" class=\"alignnone size-full wp-image-67\" \/><br \/>\n<strong>Bairisch<\/strong><\/th>\n<\/tr>\n<\/thead>\n<tbody class=\"row-hover\">\n<tr class=\"row-2 even\">\n\t<td class=\"column-1\">wissen<\/td><td class=\"column-2\">wissn<\/td>\n<\/tr>\n<tr class=\"row-3 odd\">\n\t<td class=\"column-1\">sagen<\/td><td class=\"column-2\">song<\/td>\n<\/tr>\n<tr class=\"row-4 even\">\n\t<td class=\"column-1\">tun<\/td><td class=\"column-2\">doa<\/td>\n<\/tr>\n<tr class=\"row-5 odd\">\n\t<td class=\"column-1\">kommen<\/td><td class=\"column-2\">keema<\/td>\n<\/tr>\n<tr class=\"row-6 even\">\n\t<td class=\"column-1\">sehen<\/td><td class=\"column-2\">seng<\/td>\n<\/tr>\n<\/tbody>\n<\/table>\n<!-- #tablepress-23 from cache -->\n<h1><a id=\"konjugationprasens2\" class=\"submenu\"><\/a><span style=\"font-size: 24pt\">Konjugation Pr\u00e4sens:<\/span><\/h1>\n<h4><a id=\"wissenwissn\" class=\"submenu\"><\/a><strong>wissen &#8211; wissn<\/strong><\/h4>\n\n<table id=\"tablepress-24\" class=\"tablepress tablepress-id-24\">\n<thead>\n<tr class=\"row-1 odd\">\n\t<th class=\"column-1\"><img src=\"https:\/\/blogs.urz.uni-halle.de\/lernboarisch\/files\/2019\/02\/Deutschlandflagge-Mini2.png\" alt=\"\" width=\"52\" height=\"31\" class=\"alignnone size-full wp-image-64\" \/><br \/>\n<strong>Hochdeutsch<\/strong><\/th><th class=\"column-2\">&nbsp;<\/th><th class=\"column-3\"><img src=\"https:\/\/blogs.urz.uni-halle.de\/lernboarisch\/files\/2019\/02\/Bayernflagge-Mini2.png\" alt=\"\" width=\"50\" height=\"31\" class=\"alignnone size-full wp-image-67\" \/><br \/>\n<strong>Bairisch<\/strong><\/th><th class=\"column-4\">&nbsp;<\/th>\n<\/tr>\n<\/thead>\n<tbody class=\"row-hover\">\n<tr class=\"row-2 even\">\n\t<td class=\"column-1\">ich<\/td><td class=\"column-2\">wei\u00df<\/td><td class=\"column-3\">i<\/td><td class=\"column-4\"><strong>woa\u00df<\/strong><\/td>\n<\/tr>\n<tr class=\"row-3 odd\">\n\t<td class=\"column-1\">du <\/td><td class=\"column-2\">wei\u00dft<\/td><td class=\"column-3\">du<\/td><td class=\"column-4\"><strong>woa\u00dft<\/strong><\/td>\n<\/tr>\n<tr class=\"row-4 even\">\n\t<td class=\"column-1\">er\/sie\/es<\/td><td class=\"column-2\">wei\u00df<\/td><td class=\"column-3\">ea\/si\/es<\/td><td class=\"column-4\"><strong>woa\u00df<\/strong><\/td>\n<\/tr>\n<tr class=\"row-5 odd\">\n\t<td class=\"column-1\">wir<\/td><td class=\"column-2\">wissen<\/td><td class=\"column-3\">mia<\/td><td class=\"column-4\"><strong>wissn<\/strong><\/td>\n<\/tr>\n<tr class=\"row-6 even\">\n\t<td class=\"column-1\">ihr<\/td><td class=\"column-2\">wisst<\/td><td class=\"column-3\">ia<\/td><td class=\"column-4\"><strong>wissts<\/strong><\/td>\n<\/tr>\n<tr class=\"row-7 odd\">\n\t<td class=\"column-1\">Sie\/sie<\/td><td class=\"column-2\">wissen<\/td><td class=\"column-3\">si<\/td><td class=\"column-4\"><strong>wissn<\/strong><\/td>\n<\/tr>\n<\/tbody>\n<\/table>\n<!-- #tablepress-24 from cache -->\n<h4><a id=\"sagensong\" class=\"submenu\"><\/a><strong>sagen &#8211; song<\/strong><\/h4>\n\n<table id=\"tablepress-25\" class=\"tablepress tablepress-id-25\">\n<thead>\n<tr class=\"row-1 odd\">\n\t<th class=\"column-1\"><img src=\"https:\/\/blogs.urz.uni-halle.de\/lernboarisch\/files\/2019\/02\/Deutschlandflagge-Mini2.png\" alt=\"\" width=\"52\" height=\"31\" class=\"alignnone size-full wp-image-64\" \/><br \/>\n<strong>Hochdeutsch<\/strong><\/th><th class=\"column-2\">&nbsp;<\/th><th class=\"column-3\"><img src=\"https:\/\/blogs.urz.uni-halle.de\/lernboarisch\/files\/2019\/02\/Bayernflagge-Mini2.png\" alt=\"\" width=\"50\" height=\"31\" class=\"alignnone size-full wp-image-67\" \/><br \/>\n<strong>Bairisch<\/strong><\/th><th class=\"column-4\">&nbsp;<\/th>\n<\/tr>\n<\/thead>\n<tbody class=\"row-hover\">\n<tr class=\"row-2 even\">\n\t<td class=\"column-1\">ich<\/td><td class=\"column-2\">sage<\/td><td class=\"column-3\">i<\/td><td class=\"column-4\"><strong>sog<\/strong><\/td>\n<\/tr>\n<tr class=\"row-3 odd\">\n\t<td class=\"column-1\">du <\/td><td class=\"column-2\">sagst<\/td><td class=\"column-3\">du<\/td><td class=\"column-4\"><strong>sogst<\/strong><\/td>\n<\/tr>\n<tr class=\"row-4 even\">\n\t<td class=\"column-1\">er\/sie\/es<\/td><td class=\"column-2\">sagt<\/td><td class=\"column-3\">ea\/si\/es<\/td><td class=\"column-4\"><strong>sogt<\/strong><\/td>\n<\/tr>\n<tr class=\"row-5 odd\">\n\t<td class=\"column-1\">wir<\/td><td class=\"column-2\">sagen<\/td><td class=\"column-3\">mia<\/td><td class=\"column-4\"><strong>song<\/strong><\/td>\n<\/tr>\n<tr class=\"row-6 even\">\n\t<td class=\"column-1\">ihr<\/td><td class=\"column-2\">sagt<\/td><td class=\"column-3\">ia<\/td><td class=\"column-4\"><strong>sogts<\/strong><\/td>\n<\/tr>\n<tr class=\"row-7 odd\">\n\t<td class=\"column-1\">Sie\/sie<\/td><td class=\"column-2\">sagen<\/td><td class=\"column-3\">si<\/td><td class=\"column-4\"><strong>song<\/strong><\/td>\n<\/tr>\n<\/tbody>\n<\/table>\n<!-- #tablepress-25 from cache -->\n<h4><a id=\"tundoa\" class=\"submenu\"><\/a><strong>tun &#8211; doa<\/strong><\/h4>\n\n<table id=\"tablepress-27\" class=\"tablepress tablepress-id-27\">\n<thead>\n<tr class=\"row-1 odd\">\n\t<th class=\"column-1\"><img src=\"https:\/\/blogs.urz.uni-halle.de\/lernboarisch\/files\/2019\/02\/Deutschlandflagge-Mini2.png\" alt=\"\" width=\"52\" height=\"31\" class=\"alignnone size-full wp-image-64\" \/><br \/>\n<strong>Hochdeutsch<\/strong><\/th><th class=\"column-2\">&nbsp;<\/th><th class=\"column-3\"><img src=\"https:\/\/blogs.urz.uni-halle.de\/lernboarisch\/files\/2019\/02\/Bayernflagge-Mini2.png\" alt=\"\" width=\"50\" height=\"31\" class=\"alignnone size-full wp-image-67\" \/><br \/>\n<strong>Bairisch<\/strong><\/th><th class=\"column-4\">&nbsp;<\/th>\n<\/tr>\n<\/thead>\n<tbody class=\"row-hover\">\n<tr class=\"row-2 even\">\n\t<td class=\"column-1\">ich<\/td><td class=\"column-2\">tue<\/td><td class=\"column-3\">i<\/td><td class=\"column-4\"><strong>dua<\/strong><\/td>\n<\/tr>\n<tr class=\"row-3 odd\">\n\t<td class=\"column-1\">du <\/td><td class=\"column-2\">tust<\/td><td class=\"column-3\">du<\/td><td class=\"column-4\"><strong>duasd<\/strong><\/td>\n<\/tr>\n<tr class=\"row-4 even\">\n\t<td class=\"column-1\">er\/sie\/es<\/td><td class=\"column-2\">tut<\/td><td class=\"column-3\">ea\/si\/es<\/td><td class=\"column-4\"><strong>duad<\/strong><\/td>\n<\/tr>\n<tr class=\"row-5 odd\">\n\t<td class=\"column-1\">wir<\/td><td class=\"column-2\">tun<\/td><td class=\"column-3\">mia<\/td><td class=\"column-4\"><strong>dean<\/strong><\/td>\n<\/tr>\n<tr class=\"row-6 even\">\n\t<td class=\"column-1\">ihr<\/td><td class=\"column-2\">tut<\/td><td class=\"column-3\">ia<\/td><td class=\"column-4\"><strong>deads<\/strong><\/td>\n<\/tr>\n<tr class=\"row-7 odd\">\n\t<td class=\"column-1\">Sie\/sie<\/td><td class=\"column-2\">tun<\/td><td class=\"column-3\">si<\/td><td class=\"column-4\"><strong>dean<\/strong><\/td>\n<\/tr>\n<\/tbody>\n<\/table>\n<!-- #tablepress-27 from cache -->\n<h4><a id=\"kommenkemma\" class=\"submenu\"><\/a><strong>kommen &#8211; kemma<\/strong><\/h4>\n\n<table id=\"tablepress-28\" class=\"tablepress tablepress-id-28\">\n<thead>\n<tr class=\"row-1 odd\">\n\t<th class=\"column-1\"><img src=\"https:\/\/blogs.urz.uni-halle.de\/lernboarisch\/files\/2019\/02\/Deutschlandflagge-Mini2.png\" alt=\"\" width=\"52\" height=\"31\" class=\"alignnone size-full wp-image-64\" \/><br \/>\n<strong>Hochdeutsch<\/strong><\/th><th class=\"column-2\">&nbsp;<\/th><th class=\"column-3\"><img src=\"https:\/\/blogs.urz.uni-halle.de\/lernboarisch\/files\/2019\/02\/Bayernflagge-Mini2.png\" alt=\"\" width=\"50\" height=\"31\" class=\"alignnone size-full wp-image-67\" \/><br \/>\n<strong>Bairisch<\/strong><\/th><th class=\"column-4\">&nbsp;<\/th>\n<\/tr>\n<\/thead>\n<tbody class=\"row-hover\">\n<tr class=\"row-2 even\">\n\t<td class=\"column-1\">ich<\/td><td class=\"column-2\">komme<\/td><td class=\"column-3\">i<\/td><td class=\"column-4\"><strong>kimm<\/strong><\/td>\n<\/tr>\n<tr class=\"row-3 odd\">\n\t<td class=\"column-1\">du <\/td><td class=\"column-2\">kommst<\/td><td class=\"column-3\">du<\/td><td class=\"column-4\"><strong>kimmst<\/strong><\/td>\n<\/tr>\n<tr class=\"row-4 even\">\n\t<td class=\"column-1\">er\/sie\/es<\/td><td class=\"column-2\">kommt<\/td><td class=\"column-3\">ea\/si\/es<\/td><td class=\"column-4\"><strong>kimmt<\/strong><\/td>\n<\/tr>\n<tr class=\"row-5 odd\">\n\t<td class=\"column-1\">wir<\/td><td class=\"column-2\">kommen<\/td><td class=\"column-3\">mia<\/td><td class=\"column-4\"><strong>kemma<\/strong><\/td>\n<\/tr>\n<tr class=\"row-6 even\">\n\t<td class=\"column-1\">ihr<\/td><td class=\"column-2\">kommt<\/td><td class=\"column-3\">ia<\/td><td class=\"column-4\"><strong>kemmts<\/strong><\/td>\n<\/tr>\n<tr class=\"row-7 odd\">\n\t<td class=\"column-1\">Sie\/sie<\/td><td class=\"column-2\">kommen<\/td><td class=\"column-3\">si<\/td><td class=\"column-4\"><strong>kemma<\/strong><\/td>\n<\/tr>\n<\/tbody>\n<\/table>\n<!-- #tablepress-28 from cache -->\n<h4><a id=\"sehenseng\" class=\"submenu\"><\/a><strong>sehen &#8211; seng<\/strong><\/h4>\n\n<table id=\"tablepress-29\" class=\"tablepress tablepress-id-29\">\n<thead>\n<tr class=\"row-1 odd\">\n\t<th class=\"column-1\"><img src=\"https:\/\/blogs.urz.uni-halle.de\/lernboarisch\/files\/2019\/02\/Deutschlandflagge-Mini2.png\" alt=\"\" width=\"52\" height=\"31\" class=\"alignnone size-full wp-image-64\" \/><br \/>\n<strong>Hochdeutsch<\/strong><\/th><th class=\"column-2\">&nbsp;<\/th><th class=\"column-3\"><img src=\"https:\/\/blogs.urz.uni-halle.de\/lernboarisch\/files\/2019\/02\/Bayernflagge-Mini2.png\" alt=\"\" width=\"50\" height=\"31\" class=\"alignnone size-full wp-image-67\" \/><br \/>\n<strong>Bairisch<\/strong><\/th><th class=\"column-4\">&nbsp;<\/th>\n<\/tr>\n<\/thead>\n<tbody class=\"row-hover\">\n<tr class=\"row-2 even\">\n\t<td class=\"column-1\">ich<\/td><td class=\"column-2\">sehe<\/td><td class=\"column-3\">i<\/td><td class=\"column-4\"><strong>sigg<\/strong><\/td>\n<\/tr>\n<tr class=\"row-3 odd\">\n\t<td class=\"column-1\">du <\/td><td class=\"column-2\">siehst<\/td><td class=\"column-3\">du<\/td><td class=\"column-4\"><strong>siggsd<\/strong><\/td>\n<\/tr>\n<tr class=\"row-4 even\">\n\t<td class=\"column-1\">er\/sie\/es<\/td><td class=\"column-2\">sieht<\/td><td class=\"column-3\">ea\/si\/es<\/td><td class=\"column-4\"><strong>siggd<\/strong><\/td>\n<\/tr>\n<tr class=\"row-5 odd\">\n\t<td class=\"column-1\">wir<\/td><td class=\"column-2\">sehen<\/td><td class=\"column-3\">mia<\/td><td class=\"column-4\"><strong>seng<\/strong><\/td>\n<\/tr>\n<tr class=\"row-6 even\">\n\t<td class=\"column-1\">ihr<\/td><td class=\"column-2\">seht<\/td><td class=\"column-3\">ia<\/td><td class=\"column-4\"><strong>seggts<\/strong><\/td>\n<\/tr>\n<tr class=\"row-7 odd\">\n\t<td class=\"column-1\">Sie\/sie<\/td><td class=\"column-2\">sehen<\/td><td class=\"column-3\">si<\/td><td class=\"column-4\"><strong>seng<\/strong><\/td>\n<\/tr>\n<\/tbody>\n<\/table>\n<!-- #tablepress-29 from cache -->\n<h1><a id=\"konjugationperfekt\" class=\"submenu\"><\/a><span style=\"font-size: 24pt\">Konjugation Perfekt<\/span><\/h1>\n<p style=\"text-align: justify\">Fast jede Vergangenheitsform wird im Bairischen mit der 2. Vergangenheit, also dem Perfekt umgangen. Wie im Standarddeutsch wird das Perfekt zum einen mit\u00a0<strong>\u201esein &#8211; sei\u201c\u00a0<\/strong>und\u00a0<strong>\u201ehaben &#8211; hoom\u201c\u00a0<\/strong>gebildet. Die Konjugation dieser W\u00f6rter haben wir bereits in Lektion 2 gelernt. Wenn du dir also noch unsicher bist, kannst du <a href=\"https:\/\/blogs.urz.uni-halle.de\/lernboarisch\/lektion-2\/#seinsei\">hier<\/a> nochmal nachlesen. Zum anderen brauchen wir f\u00fcr die Perfektbildung noch das\u00a0<strong>Partizip II<\/strong>. Hier hast du den \u00dcberblick dar\u00fcber, wie die Partizipien der bereits gelernten Verben gebildet werden.<\/p>\n<h4><a id=\"partizipsein\" class=\"submenu\"><\/a>Bei folgenden Partizipien wird das Perfekt im Bairischen mit\u00a0\u201esein &#8211; sei\u201c gebildet:<\/h4>\n\n<table id=\"tablepress-30\" class=\"tablepress tablepress-id-30\">\n<thead>\n<tr class=\"row-1 odd\">\n\t<th class=\"column-1\"><img src=\"https:\/\/blogs.urz.uni-halle.de\/lernboarisch\/files\/2019\/02\/Deutschlandflagge-Mini2.png\" alt=\"\" width=\"52\" height=\"31\" class=\"alignnone size-full wp-image-64\" \/><br \/>\n<strong>Hochdeutsch<\/strong><\/th><th class=\"column-2\"><img src=\"https:\/\/blogs.urz.uni-halle.de\/lernboarisch\/files\/2019\/02\/Bayernflagge-Mini2.png\" alt=\"\" width=\"50\" height=\"31\" class=\"alignnone size-full wp-image-67\" \/><br \/>\n<strong>Bairisch<\/strong><\/th>\n<\/tr>\n<\/thead>\n<tbody class=\"row-hover\">\n<tr class=\"row-2 even\">\n\t<td class=\"column-1\">gewesen<\/td><td class=\"column-2\">gween<\/td>\n<\/tr>\n<tr class=\"row-3 odd\">\n\t<td class=\"column-1\">gegangen<\/td><td class=\"column-2\">ganga<\/td>\n<\/tr>\n<tr class=\"row-4 even\">\n\t<td class=\"column-1\">gekommen<\/td><td class=\"column-2\">kemma<\/td>\n<\/tr>\n<\/tbody>\n<\/table>\n<!-- #tablepress-30 from cache -->\n<h4 style=\"padding-left: 150px\"><strong><span style=\"font-size: 14pt\">\u201esei\u201c + Partizip II = Perfektform<\/span><\/strong><\/h4>\n<p>&nbsp;<\/p>\n<h1><span style=\"font-size: 24pt\">Zum Beispiel:<\/span><\/h1>\n\n<table id=\"tablepress-33\" class=\"tablepress tablepress-id-33\">\n<thead>\n<tr class=\"row-1 odd\">\n\t<th class=\"column-1\"><img src=\"https:\/\/blogs.urz.uni-halle.de\/lernboarisch\/files\/2019\/02\/Bayernflagge-Mini2.png\" alt=\"\" width=\"50\" height=\"31\" class=\"alignnone size-full wp-image-67\" \/><br \/>\n<strong>Bairisch<\/strong><\/th><th class=\"column-2\">&nbsp;<\/th><th class=\"column-3\">&nbsp;<\/th>\n<\/tr>\n<\/thead>\n<tbody class=\"row-hover\">\n<tr class=\"row-2 even\">\n\t<td class=\"column-1\">i<\/td><td class=\"column-2\"><strong>bin<\/strong><\/td><td class=\"column-3\"><strong>gween<\/strong><\/td>\n<\/tr>\n<tr class=\"row-3 odd\">\n\t<td class=\"column-1\">du <\/td><td class=\"column-2\"><strong>bisd<\/strong><\/td><td class=\"column-3\"><strong>gween<\/strong><\/td>\n<\/tr>\n<tr class=\"row-4 even\">\n\t<td class=\"column-1\">ea\/sie\/es<\/td><td class=\"column-2\"><strong>iis<\/strong><\/td><td class=\"column-3\"><strong>gween<\/strong><\/td>\n<\/tr>\n<tr class=\"row-5 odd\">\n\t<td class=\"column-1\">mia<\/td><td class=\"column-2\"><strong>san\/han<\/strong><\/td><td class=\"column-3\"><strong>gween<\/strong><\/td>\n<\/tr>\n<tr class=\"row-6 even\">\n\t<td class=\"column-1\">ia<\/td><td class=\"column-2\"><strong>saids\/haids<\/strong><\/td><td class=\"column-3\"><strong>gween<\/strong><\/td>\n<\/tr>\n<tr class=\"row-7 odd\">\n\t<td class=\"column-1\">si<\/td><td class=\"column-2\"><strong>san\/han<\/strong><\/td><td class=\"column-3\"><strong>gween<\/strong><\/td>\n<\/tr>\n<\/tbody>\n<\/table>\n<!-- #tablepress-33 from cache -->\n<h4><a id=\"partiziphaben\" class=\"submenu\"><\/a>Bei folgenden Partizipien wird das Perfekt im Bairischen mit\u00a0\u201ehaben &#8211; hoom\u201c\u00a0gebildet:<\/h4>\n\n<table id=\"tablepress-34\" class=\"tablepress tablepress-id-34\">\n<thead>\n<tr class=\"row-1 odd\">\n\t<th class=\"column-1\"><img src=\"https:\/\/blogs.urz.uni-halle.de\/lernboarisch\/files\/2019\/02\/Deutschlandflagge-Mini2.png\" alt=\"\" width=\"52\" height=\"31\" class=\"alignnone size-full wp-image-64\" \/><br \/>\n<strong>Hochdeutsch<\/strong><\/th><th class=\"column-2\"><img src=\"https:\/\/blogs.urz.uni-halle.de\/lernboarisch\/files\/2019\/02\/Bayernflagge-Mini2.png\" alt=\"\" width=\"50\" height=\"31\" class=\"alignnone size-full wp-image-67\" \/><br \/>\n<strong>Bairisch<\/strong><\/th>\n<\/tr>\n<\/thead>\n<tbody class=\"row-hover\">\n<tr class=\"row-2 even\">\n\t<td class=\"column-1\">gehabt<\/td><td class=\"column-2\">ghobt<\/td>\n<\/tr>\n<tr class=\"row-3 odd\">\n\t<td class=\"column-1\">gemacht<\/td><td class=\"column-2\">gmacht<\/td>\n<\/tr>\n<tr class=\"row-4 even\">\n\t<td class=\"column-1\">gemocht<\/td><td class=\"column-2\">gmocht<\/td>\n<\/tr>\n<tr class=\"row-5 odd\">\n\t<td class=\"column-1\">gewusst<\/td><td class=\"column-2\">gwusst<\/td>\n<\/tr>\n<tr class=\"row-6 even\">\n\t<td class=\"column-1\">gesagt<\/td><td class=\"column-2\">gsagt<\/td>\n<\/tr>\n<tr class=\"row-7 odd\">\n\t<td class=\"column-1\">getan<\/td><td class=\"column-2\">doa<\/td>\n<\/tr>\n<tr class=\"row-8 even\">\n\t<td class=\"column-1\">gesehen<\/td><td class=\"column-2\">gseng<\/td>\n<\/tr>\n<\/tbody>\n<\/table>\n<!-- #tablepress-34 from cache -->\n<h4 style=\"padding-left: 150px\"><span style=\"font-size: 14pt\"><strong>\u201ehoom\u201c + Partizip II =\u00a0Perfektform<\/strong><\/span><\/h4>\n<p>&nbsp;<\/p>\n<h1><span style=\"font-size: 24pt\">Zum Beispiel:<\/span><\/h1>\n\n<table id=\"tablepress-35\" class=\"tablepress tablepress-id-35\">\n<thead>\n<tr class=\"row-1 odd\">\n\t<th class=\"column-1\"><img src=\"https:\/\/blogs.urz.uni-halle.de\/lernboarisch\/files\/2019\/02\/Bayernflagge-Mini2.png\" alt=\"\" width=\"50\" height=\"31\" class=\"alignnone size-full wp-image-67\" \/><br \/>\n<strong>Bairisch<\/strong><\/th><th class=\"column-2\">&nbsp;<\/th><th class=\"column-3\">&nbsp;<\/th>\n<\/tr>\n<\/thead>\n<tbody class=\"row-hover\">\n<tr class=\"row-2 even\">\n\t<td class=\"column-1\">i<\/td><td class=\"column-2\"><strong>hob<\/strong><\/td><td class=\"column-3\"><strong>ghobt<\/strong><\/td>\n<\/tr>\n<tr class=\"row-3 odd\">\n\t<td class=\"column-1\">du <\/td><td class=\"column-2\"><strong>host<\/strong><\/td><td class=\"column-3\"><strong>ghobt<\/strong><\/td>\n<\/tr>\n<tr class=\"row-4 even\">\n\t<td class=\"column-1\">ea\/sie\/es<\/td><td class=\"column-2\"><strong>hot<\/strong><\/td><td class=\"column-3\"><strong>ghobt<\/strong><\/td>\n<\/tr>\n<tr class=\"row-5 odd\">\n\t<td class=\"column-1\">mia<\/td><td class=\"column-2\"><strong>hom<\/strong><\/td><td class=\"column-3\"><strong>ghobt<\/strong><\/td>\n<\/tr>\n<tr class=\"row-6 even\">\n\t<td class=\"column-1\">ia<\/td><td class=\"column-2\"><strong>hobts<\/strong><\/td><td class=\"column-3\"><strong>ghobt<\/strong><\/td>\n<\/tr>\n<tr class=\"row-7 odd\">\n\t<td class=\"column-1\">si<\/td><td class=\"column-2\"><strong>hom<\/strong><\/td><td class=\"column-3\"><strong>ghobt<\/strong><\/td>\n<\/tr>\n<\/tbody>\n<\/table>\n<!-- #tablepress-35 from cache -->\n<h1><a id=\"testvier\" class=\"submenu\"><\/a><span style=\"font-size: 24pt\">Test: Lektion 4<\/span><\/h1>\n<div data-opinionstage-embed-url=\"https:\/\/www.opinionstage.com\/api\/v1\/widgets\/agihihihi\/host-gscheid-glernt2\/code.json?width=\" style=\"display: none; visibility: hidden;\"><\/div>\n","protected":false},"excerpt":{"rendered":"<p>Lektion 4 W\u00f6rter, W\u00f6rter und noch mehr W\u00f6rter. In dieser Lektion geht es um die Erweiterung unseres Verbwortschatzes. Au\u00dferdem lernen wir die Konjugation Perfekt kennen. Verben: Teil 2 Konjugation Pr\u00e4sens: wissen &#8211; wissn sagen &#8211; song tun &#8211; doa kommen &hellip; <a href=\"https:\/\/blogs.urz.uni-halle.de\/lernboarisch\/lektion-4\/\">Weiterlesen <span class=\"meta-nav\">&rarr;<\/span><\/a><\/p>\n","protected":false},"author":3873,"featured_media":0,"parent":0,"menu_order":0,"comment_status":"closed","ping_status":"closed","template":"","meta":[],"_links":{"self":[{"href":"https:\/\/blogs.urz.uni-halle.de\/lernboarisch\/wp-json\/wp\/v2\/pages\/19"}],"collection":[{"href":"https:\/\/blogs.urz.uni-halle.de\/lernboarisch\/wp-json\/wp\/v2\/pages"}],"about":[{"href":"https:\/\/blogs.urz.uni-halle.de\/lernboarisch\/wp-json\/wp\/v2\/types\/page"}],"author":[{"embeddable":true,"href":"https:\/\/blogs.urz.uni-halle.de\/lernboarisch\/wp-json\/wp\/v2\/users\/3873"}],"replies":[{"embeddable":true,"href":"https:\/\/blogs.urz.uni-halle.de\/lernboarisch\/wp-json\/wp\/v2\/comments?post=19"}],"version-history":[{"count":9,"href":"https:\/\/blogs.urz.uni-halle.de\/lernboarisch\/wp-json\/wp\/v2\/pages\/19\/revisions"}],"predecessor-version":[{"id":638,"href":"https:\/\/blogs.urz.uni-halle.de\/lernboarisch\/wp-json\/wp\/v2\/pages\/19\/revisions\/638"}],"wp:attachment":[{"href":"https:\/\/blogs.urz.uni-halle.de\/lernboarisch\/wp-json\/wp\/v2\/media?parent=19"}],"curies":[{"name":"wp","href":"https:\/\/api.w.org\/{rel}","templated":true}]}}