{"id":21,"date":"2019-02-14T12:00:40","date_gmt":"2019-02-14T11:00:40","guid":{"rendered":"https:\/\/blogs.urz.uni-halle.de\/lernboarisch\/?page_id=21"},"modified":"2019-03-04T19:05:53","modified_gmt":"2019-03-04T18:05:53","slug":"lektion-5","status":"publish","type":"page","link":"https:\/\/blogs.urz.uni-halle.de\/lernboarisch\/lektion-5\/","title":{"rendered":"Lektion 5"},"content":{"rendered":"<h1><span style=\"font-size: 36pt\">Lektion 5<\/span><\/h1>\n<p style=\"text-align: justify\">Wenn du die vier vorherigen Lektionen durchgearbeitet hast, d\u00fcrfte dein Bairisch definitiv schon verhandlungssicher sein. Nat\u00fcrlich gibt es immer noch diesen Sonderfall, jene Zeitform und diese W\u00f6rter, die ihr noch nicht gelernt habt. W\u00fcrden wir aber all diese Dinge noch bis zum Umfallen durchkauen, w\u00fcrde euch nicht nur die Lust vergehen, sondern dieser Blog auch aus allen N\u00e4hten platzen. Das wichtigste ist, dass ihr die Grundlagen verstanden und euch angeeignet habt. Nach all diesen theorielastigen Lektionen, geht es in der abschlie\u00dfenden Lektion vor allem um den Alltagsgebrauch von Bairisch.<\/p>\n<h1><a id=\"aufgabe\" class=\"submenu\"><\/a><span style=\"font-size: 24pt\">Aufgabe<\/span><\/h1>\n<p>Schaue dir das folgende Video an. Versuche dann im Anschluss die zugeh\u00f6rigen Fragen zu beantworten.<\/p>\n<p><iframe width=\"584\" height=\"329\" src=\"https:\/\/www.youtube.com\/embed\/kmrMsuVI1qw?feature=oembed\" frameborder=\"0\" allow=\"accelerometer; autoplay; encrypted-media; gyroscope; picture-in-picture\" allowfullscreen><\/iframe><\/p>\n<h1><span style=\"font-size: 24pt\">Fragen zum Video<\/span><\/h1>\n<div data-opinionstage-embed-url=\"https:\/\/www.opinionstage.com\/api\/v1\/widgets\/agihihihi\/host-wos-verstanna\/code.json?width=\" style=\"display: none; visibility: hidden;\"><\/div>\n<h1><\/h1>\n<h1><a id=\"speisekarte\" class=\"submenu\"><\/a><span style=\"font-size: 24pt\">Speisekarte auf<\/span><span style=\"font-size: 24pt\"> Bairisch<\/span><\/h1>\n<p>Wenn wir nunmal schon beim Thema Wirtshaus sind, k\u00f6nnen wir noch gleich dabei bleiben. Hier findest du eine Auswahl bayerischer Speisen und deren bairische Namen.<\/p>\n\r\n\t<div class=\"slideshow_container slideshow_container_style-light\" style=\"height: 250px; \" data-slideshow-id=\"509\" data-style-name=\"style-light\" data-style-version=\"2.3.1\" >\r\n\r\n\t\t\t\t\t<div class=\"slideshow_loading_icon\"><\/div>\r\n\t\t\r\n\t\t<div class=\"slideshow_content\" style=\"display: none;\">\r\n\r\n\t\t\t<div class=\"slideshow_view\">\r\n\t\t\t\t<div class=\"slideshow_slide slideshow_slide_image\">\r\n\t\t\t\t\t\t\t\t\t\t\t<img src=\"https:\/\/blogs.urz.uni-halle.de\/lernboarisch\/files\/2019\/02\/cheese-noodles-1228906_1920.jpg\" alt=\"Kasspatzn\" width=\"1920\" height=\"1080\" \/>\r\n\t\t\t\t\t\t\t\t\t\t<div class=\"slideshow_description_box slideshow_transparent\">\r\n\t\t\t\t\t\t<div class=\"slideshow_title\">Kasspatzn<\/div>\t\t\t\t\t\t\t\t\t\t\t<\/div>\r\n\t\t\t\t<\/div>\r\n\r\n\t\t\t\t\t\t<div style=\"clear: both;\"><\/div><\/div><div class=\"slideshow_view\">\r\n\t\t\t\t<div class=\"slideshow_slide slideshow_slide_image\">\r\n\t\t\t\t\t\t\t\t\t\t\t<img src=\"https:\/\/blogs.urz.uni-halle.de\/lernboarisch\/files\/2019\/02\/roast-pork-2273819_1920.jpg\" alt=\"Schweinsbrohn mit Semmekneedl\" width=\"1920\" height=\"1080\" \/>\r\n\t\t\t\t\t\t\t\t\t\t<div class=\"slideshow_description_box slideshow_transparent\">\r\n\t\t\t\t\t\t<div class=\"slideshow_title\">Schweinsbrohn mit Semmekneedl<\/div>\t\t\t\t\t\t\t\t\t\t\t<\/div>\r\n\t\t\t\t<\/div>\r\n\r\n\t\t\t\t\t\t<div style=\"clear: both;\"><\/div><\/div><div class=\"slideshow_view\">\r\n\t\t\t\t<div class=\"slideshow_slide slideshow_slide_image\">\r\n\t\t\t\t\t\t\t\t\t\t\t<img src=\"https:\/\/blogs.urz.uni-halle.de\/lernboarisch\/files\/2019\/02\/dumpling-2776725_1920.jpg\" alt=\"Kardoffekneedl\" width=\"1920\" height=\"1080\" \/>\r\n\t\t\t\t\t\t\t\t\t\t<div class=\"slideshow_description_box slideshow_transparent\">\r\n\t\t\t\t\t\t<div class=\"slideshow_title\">Kardoffekneedl<\/div>\t\t\t\t\t\t\t\t\t\t\t<\/div>\r\n\t\t\t\t<\/div>\r\n\r\n\t\t\t\t\t\t<div style=\"clear: both;\"><\/div><\/div><div class=\"slideshow_view\">\r\n\t\t\t\t<div class=\"slideshow_slide slideshow_slide_image\">\r\n\t\t\t\t\t\t\t\t\t\t\t<img src=\"https:\/\/blogs.urz.uni-halle.de\/lernboarisch\/files\/2019\/02\/weisswurst-2577747_1920.jpg\" alt=\"Wei\u00dfwiascht und Breezn\" width=\"1920\" height=\"1080\" \/>\r\n\t\t\t\t\t\t\t\t\t\t<div class=\"slideshow_description_box slideshow_transparent\">\r\n\t\t\t\t\t\t<div class=\"slideshow_title\">Wei\u00dfwiascht und Breezn<\/div>\t\t\t\t\t\t\t\t\t\t\t<\/div>\r\n\t\t\t\t<\/div>\r\n\r\n\t\t\t\t\t\t<div style=\"clear: both;\"><\/div><\/div><div class=\"slideshow_view\">\r\n\t\t\t\t<div class=\"slideshow_slide slideshow_slide_image\">\r\n\t\t\t\t\t\t\t\t\t\t\t<img src=\"https:\/\/blogs.urz.uni-halle.de\/lernboarisch\/files\/2019\/02\/sausage-685772_1920.jpg\" alt=\"Bratwuaschtsemme\" width=\"1920\" height=\"1280\" \/>\r\n\t\t\t\t\t\t\t\t\t\t<div class=\"slideshow_description_box slideshow_transparent\">\r\n\t\t\t\t\t\t<div class=\"slideshow_title\">Bratwuaschtsemme<\/div>\t\t\t\t\t\t\t\t\t\t\t<\/div>\r\n\t\t\t\t<\/div>\r\n\r\n\t\t\t\t\t\t<div style=\"clear: both;\"><\/div><\/div><div class=\"slideshow_view\">\r\n\t\t\t\t<div class=\"slideshow_slide slideshow_slide_image\">\r\n\t\t\t\t\t\t\t\t\t\t\t<img src=\"https:\/\/blogs.urz.uni-halle.de\/lernboarisch\/files\/2019\/02\/sausage-salad-1530737_1920.jpg\" alt=\"Wuaschtsolohd\" width=\"1920\" height=\"1080\" \/>\r\n\t\t\t\t\t\t\t\t\t\t<div class=\"slideshow_description_box slideshow_transparent\">\r\n\t\t\t\t\t\t<div class=\"slideshow_title\">Wuaschtsolohd<\/div>\t\t\t\t\t\t\t\t\t\t\t<\/div>\r\n\t\t\t\t<\/div>\r\n\r\n\t\t\t\t\t\t<div style=\"clear: both;\"><\/div><\/div><div class=\"slideshow_view\">\r\n\t\t\t\t<div class=\"slideshow_slide slideshow_slide_image\">\r\n\t\t\t\t\t\t\t\t\t\t\t<img src=\"https:\/\/blogs.urz.uni-halle.de\/lernboarisch\/files\/2019\/02\/steam-noodle-3791894_1920.jpg\" alt=\"Dampfnudl\" width=\"1920\" height=\"1280\" \/>\r\n\t\t\t\t\t\t\t\t\t\t<div class=\"slideshow_description_box slideshow_transparent\">\r\n\t\t\t\t\t\t<div class=\"slideshow_title\">Dampfnudl<\/div>\t\t\t\t\t\t\t\t\t\t\t<\/div>\r\n\t\t\t\t<\/div>\r\n\r\n\t\t\t\t\t\t<div style=\"clear: both;\"><\/div><\/div><div class=\"slideshow_view\">\r\n\t\t\t\t<div class=\"slideshow_slide slideshow_slide_image\">\r\n\t\t\t\t\t\t\t\t\t\t\t<img src=\"https:\/\/blogs.urz.uni-halle.de\/lernboarisch\/files\/2019\/02\/strudel-3700361_1920.jpg\" alt=\"Opfestrudl\" width=\"1920\" height=\"1152\" \/>\r\n\t\t\t\t\t\t\t\t\t\t<div class=\"slideshow_description_box slideshow_transparent\">\r\n\t\t\t\t\t\t<div class=\"slideshow_title\">Opfestrudl<\/div>\t\t\t\t\t\t\t\t\t\t\t<\/div>\r\n\t\t\t\t<\/div>\r\n\r\n\t\t\t\t\t\t<div style=\"clear: both;\"><\/div><\/div>\r\n\t\t<\/div>\r\n\r\n\t\t<div class=\"slideshow_controlPanel slideshow_transparent\" style=\"display: none;\"><ul><li class=\"slideshow_togglePlay\" data-play-text=\"Abspielen\" data-pause-text=\"Pause\"><\/li><\/ul><\/div>\r\n\r\n\t\t<div class=\"slideshow_button slideshow_previous slideshow_transparent\" role=\"button\" data-previous-text=\"Vorheriges\" style=\"display: none;\"><\/div>\r\n\t\t<div class=\"slideshow_button slideshow_next slideshow_transparent\" role=\"button\" data-next-text=\"N\u00e4chstes\" style=\"display: none;\"><\/div>\r\n\r\n\t\t<div class=\"slideshow_pagination\" style=\"display: none;\" data-go-to-text=\"Gehe zum Bild\"><div class=\"slideshow_pagination_center\"><\/div><\/div>\r\n\r\n\t\t<!-- WordPress Slideshow Version 2.3.1 -->\r\n\r\n\t\t\t<\/div>\r\n\r\n\n<p>&nbsp;<\/p>\n<blockquote><p>Was du noch unbedingt wissen solltest, wenn du einmal das Verlangen hast, eine Ma\u00df Bier zu bestellen: Es hei\u00dft in Bayern nicht \u201eMaas\u201c mit langem a, sondern\u00a0\u201eMa\u00df\u201c mit kurzem a und einer Betonung wie bei dem Wort Fass.<\/p><\/blockquote>\n<h1><a id=\"bairischesprueche\" class=\"submenu\"><\/a><span style=\"font-size: 24pt\">Die bekanntesten bairischen Spr\u00fcche<\/span><\/h1>\n<ol>\n<li><strong>Af da Brennsuppn daheagschwomma sei<\/strong>\u00a0<em>[Jemand, der idiotisch ist.]<\/em><\/li>\n<li><strong>Des is ghupft wia gsprunga!<\/strong> <em>[Das eine ist wie das andere.]<\/em><\/li>\n<li><strong>Des is a gmahde Wiesn!<\/strong> <em>[Eine sichere Sache mit festem Ergebnis]<\/em><\/li>\n<li><strong>A Ruah is!<\/strong><em> [Jetzt ist Ruhe!]<\/em><\/li>\n<li><strong>Es bressiad wia d Sau!<\/strong> <em>[Es ist sehr, sehr eilig.]<\/em><\/li>\n<li><strong>I glaub, dir brennt da Huat!<\/strong> <em>[Ich glaube, du spinnst.]<\/em><\/li>\n<li><strong>So jung kemma nimma zam!<\/strong> <em>[Carpe diem.]<\/em><\/li>\n<li><strong>Vo nix kummt nix.<\/strong>\u00a0<em>[Von nichts kommt nichts.]<\/em><\/li>\n<li><strong>Den konnst in da Pfeifa raucha!<\/strong> <em>[Der ist zu nichts zu gebrauchen.]<\/em><\/li>\n<li><strong>Habts Pfannakuacha dahoam?<\/strong> <em>[Wenn jemand die T\u00fcr nicht zumacht.]<\/em><\/li>\n<\/ol>\n<h1><a id=\"testfuenf\" class=\"submenu\"><\/a><span style=\"font-size: 24pt\">Test: Lektion 5<\/span><\/h1>\n<div data-opinionstage-embed-url=\"https:\/\/www.opinionstage.com\/api\/v1\/widgets\/agihihihi\/host-gscheid-glernt3\/code.json?width=\" style=\"display: none; visibility: hidden;\"><\/div>\n<p>&nbsp;<\/p>\n<p>&nbsp;<\/p>\n","protected":false},"excerpt":{"rendered":"<p>Lektion 5 Wenn du die vier vorherigen Lektionen durchgearbeitet hast, d\u00fcrfte dein Bairisch definitiv schon verhandlungssicher sein. Nat\u00fcrlich gibt es immer noch diesen Sonderfall, jene Zeitform und diese W\u00f6rter, die ihr noch nicht gelernt habt. W\u00fcrden wir aber all diese &hellip; <a href=\"https:\/\/blogs.urz.uni-halle.de\/lernboarisch\/lektion-5\/\">Weiterlesen <span class=\"meta-nav\">&rarr;<\/span><\/a><\/p>\n","protected":false},"author":3873,"featured_media":0,"parent":0,"menu_order":0,"comment_status":"closed","ping_status":"closed","template":"","meta":[],"_links":{"self":[{"href":"https:\/\/blogs.urz.uni-halle.de\/lernboarisch\/wp-json\/wp\/v2\/pages\/21"}],"collection":[{"href":"https:\/\/blogs.urz.uni-halle.de\/lernboarisch\/wp-json\/wp\/v2\/pages"}],"about":[{"href":"https:\/\/blogs.urz.uni-halle.de\/lernboarisch\/wp-json\/wp\/v2\/types\/page"}],"author":[{"embeddable":true,"href":"https:\/\/blogs.urz.uni-halle.de\/lernboarisch\/wp-json\/wp\/v2\/users\/3873"}],"replies":[{"embeddable":true,"href":"https:\/\/blogs.urz.uni-halle.de\/lernboarisch\/wp-json\/wp\/v2\/comments?post=21"}],"version-history":[{"count":10,"href":"https:\/\/blogs.urz.uni-halle.de\/lernboarisch\/wp-json\/wp\/v2\/pages\/21\/revisions"}],"predecessor-version":[{"id":659,"href":"https:\/\/blogs.urz.uni-halle.de\/lernboarisch\/wp-json\/wp\/v2\/pages\/21\/revisions\/659"}],"wp:attachment":[{"href":"https:\/\/blogs.urz.uni-halle.de\/lernboarisch\/wp-json\/wp\/v2\/media?parent=21"}],"curies":[{"name":"wp","href":"https:\/\/api.w.org\/{rel}","templated":true}]}}