{"id":23,"date":"2019-02-14T12:01:05","date_gmt":"2019-02-14T11:01:05","guid":{"rendered":"https:\/\/blogs.urz.uni-halle.de\/lernboarisch\/?page_id=23"},"modified":"2019-03-16T11:55:25","modified_gmt":"2019-03-16T10:55:25","slug":"kartn","status":"publish","type":"page","link":"https:\/\/blogs.urz.uni-halle.de\/lernboarisch\/kartn\/","title":{"rendered":"Kartn"},"content":{"rendered":"<p style=\"text-align: justify\">Im fl\u00e4chenm\u00e4\u00dfig gr\u00f6\u00dften Bundesland Deutschlands gibt es einiges zu sehen. Ich habe dir auf der Karte meine pers\u00f6nlichen Empfehlungen und Tipps f\u00fcr deine n\u00e4chste Reise nach Bayern markiert. Vielleicht kann ich dich ja inspirieren und dein n\u00e4chster Trip ist damit gesichert. \ud83d\ude42<\/p>\n<style type=\"text\/css\" id=\"gmpMapStyles_2_80720\">\r\n\t#google_map_easy_2_80720 {\r\n        width: 100%;\r\n        height: 400px;\r\n\t\t\t\t\t\t    }\r\n\t#gmapControlsNum_2_80720 {\r\n\t\twidth:100%\t}\r\n\t.gmpMapDetailsContainer#gmpMapDetailsContainer_2_80720 {\r\n\t\theight:400px;\r\n\t}\r\n\t.gmp_MapPreview#google_map_easy_2_80720 {\r\n\t\t\/*position:absolute;*\/\r\n\t\twidth: 100%;\r\n\t}\r\n\t#mapConElem_2_80720{\r\n\t\twidth: 100%\t}\r\n    .gm-style .gm-style-iw-c{\r\n        padding: 12px!important;\r\n    }\r\n\t    <\/style> <div class=\"gmp_map_opts\" id=\"mapConElem_2_80720\" data-id=\"2\" data-view-id=\"2_80720\" > <div class=\"gmpMapDetailsContainer\" id=\"gmpMapDetailsContainer_2_80720\"> <i class=\"gmpKMLLayersPreloader fa fa-spinner fa-spin\" aria-hidden=\"true\" style=\"display: none;\"><\/i> <div class=\"gmp_MapPreview \" id=\"google_map_easy_2_80720\"><\/div> <\/div> <div class=\"gmpMapMarkerFilters\" id=\"gmpMapMarkerFilters_2_80720\"> <\/div> <div class=\"gmpMapProControlsCon\" id=\"gmpMapProControlsCon_2_80720\"> <\/div> <div class=\"gmpMapProDirectionsCon\" id=\"gmpMapProDirectionsCon_2_80720\" > <\/div> <div class=\"gmpMapProKmlFilterCon\" id=\"gmpMapProKmlFilterCon_2_80720\" > <\/div> <div class=\"gmpSocialSharingShell gmpSocialSharingShell_2_80720\"> <\/div> <div style=\"clear: both;\"><\/div> <\/div> \n<p>&nbsp;<\/p>\n","protected":false},"excerpt":{"rendered":"<p>Im fl\u00e4chenm\u00e4\u00dfig gr\u00f6\u00dften Bundesland Deutschlands gibt es einiges zu sehen. Ich habe dir auf der Karte meine pers\u00f6nlichen Empfehlungen und Tipps f\u00fcr deine n\u00e4chste Reise nach Bayern markiert. Vielleicht kann ich dich ja inspirieren und dein n\u00e4chster Trip ist damit &hellip; <a href=\"https:\/\/blogs.urz.uni-halle.de\/lernboarisch\/kartn\/\">Weiterlesen <span class=\"meta-nav\">&rarr;<\/span><\/a><\/p>\n","protected":false},"author":3873,"featured_media":0,"parent":0,"menu_order":0,"comment_status":"closed","ping_status":"closed","template":"","meta":[],"_links":{"self":[{"href":"https:\/\/blogs.urz.uni-halle.de\/lernboarisch\/wp-json\/wp\/v2\/pages\/23"}],"collection":[{"href":"https:\/\/blogs.urz.uni-halle.de\/lernboarisch\/wp-json\/wp\/v2\/pages"}],"about":[{"href":"https:\/\/blogs.urz.uni-halle.de\/lernboarisch\/wp-json\/wp\/v2\/types\/page"}],"author":[{"embeddable":true,"href":"https:\/\/blogs.urz.uni-halle.de\/lernboarisch\/wp-json\/wp\/v2\/users\/3873"}],"replies":[{"embeddable":true,"href":"https:\/\/blogs.urz.uni-halle.de\/lernboarisch\/wp-json\/wp\/v2\/comments?post=23"}],"version-history":[{"count":10,"href":"https:\/\/blogs.urz.uni-halle.de\/lernboarisch\/wp-json\/wp\/v2\/pages\/23\/revisions"}],"predecessor-version":[{"id":658,"href":"https:\/\/blogs.urz.uni-halle.de\/lernboarisch\/wp-json\/wp\/v2\/pages\/23\/revisions\/658"}],"wp:attachment":[{"href":"https:\/\/blogs.urz.uni-halle.de\/lernboarisch\/wp-json\/wp\/v2\/media?parent=23"}],"curies":[{"name":"wp","href":"https:\/\/api.w.org\/{rel}","templated":true}]}}