{"id":667,"date":"2019-03-05T10:52:48","date_gmt":"2019-03-05T09:52:48","guid":{"rendered":"https:\/\/blogs.urz.uni-halle.de\/lernboarisch\/?page_id=667"},"modified":"2019-03-13T15:40:59","modified_gmt":"2019-03-13T14:40:59","slug":"des-bin-i","status":"publish","type":"page","link":"https:\/\/blogs.urz.uni-halle.de\/lernboarisch\/des-bin-i\/","title":{"rendered":"Des bin I"},"content":{"rendered":"<h1 style=\"text-align: justify\"><span style=\"font-size: 36pt\">Des bin I<\/span><\/h1>\n<p><a href=\"https:\/\/blogs.urz.uni-halle.de\/lernboarisch\/files\/2019\/03\/Des-bin-I.jpg\"><img loading=\"lazy\" class=\"alignleft wp-image-686\" src=\"https:\/\/blogs.urz.uni-halle.de\/lernboarisch\/files\/2019\/03\/Des-bin-I-300x300.jpg\" alt=\"\" width=\"208\" height=\"208\" srcset=\"https:\/\/blogs.urz.uni-halle.de\/lernboarisch\/files\/2019\/03\/Des-bin-I-300x300.jpg 300w, https:\/\/blogs.urz.uni-halle.de\/lernboarisch\/files\/2019\/03\/Des-bin-I-150x150.jpg 150w, https:\/\/blogs.urz.uni-halle.de\/lernboarisch\/files\/2019\/03\/Des-bin-I-768x769.jpg 768w, https:\/\/blogs.urz.uni-halle.de\/lernboarisch\/files\/2019\/03\/Des-bin-I.jpg 851w\" sizes=\"(max-width: 208px) 100vw, 208px\" \/><\/a><\/p>\n<p style=\"text-align: justify\">Mein Name ist Agnes, ich bin 20 Jahre alt und studiere derzeit in Halle an der Saale. Geboren bin ich aber in Ingolstadt, einer 137.000 Einwohner gro\u00dfen Stadt in Oberbayern. Sprachlich sind die Unterschiede zwischen Sachsen-Anhalt und Bayern manchmal schon enorm.<\/p>\n<blockquote><p>\u201eWas m\u00f6chten Sie? Eine Semmel?\u201c<\/p><\/blockquote>\n<p style=\"text-align: justify\">So oder so \u00e4hnliche Situationen sind nicht un\u00fcblich. Vor allem kommt es aber sehr h\u00e4ufig zu Diskussionen mit meinen Freunden aus Mittel- oder Ostdeutschland. Am Ende einer jeden sprachlichen Diskussion geben die meisten aber zu, dass sie den bairischen Dialekt eigentlich ziemlich cool finden. Daher habe ich mich dazu entschlossen, diese Website zum Bairischlernen zu erstellen.<\/p>\n","protected":false},"excerpt":{"rendered":"<p>Des bin I Mein Name ist Agnes, ich bin 20 Jahre alt und studiere derzeit in Halle an der Saale. Geboren bin ich aber in Ingolstadt, einer 137.000 Einwohner gro\u00dfen Stadt in Oberbayern. Sprachlich sind die Unterschiede zwischen Sachsen-Anhalt und &hellip; <a href=\"https:\/\/blogs.urz.uni-halle.de\/lernboarisch\/des-bin-i\/\">Weiterlesen <span class=\"meta-nav\">&rarr;<\/span><\/a><\/p>\n","protected":false},"author":3873,"featured_media":0,"parent":0,"menu_order":0,"comment_status":"closed","ping_status":"closed","template":"","meta":[],"_links":{"self":[{"href":"https:\/\/blogs.urz.uni-halle.de\/lernboarisch\/wp-json\/wp\/v2\/pages\/667"}],"collection":[{"href":"https:\/\/blogs.urz.uni-halle.de\/lernboarisch\/wp-json\/wp\/v2\/pages"}],"about":[{"href":"https:\/\/blogs.urz.uni-halle.de\/lernboarisch\/wp-json\/wp\/v2\/types\/page"}],"author":[{"embeddable":true,"href":"https:\/\/blogs.urz.uni-halle.de\/lernboarisch\/wp-json\/wp\/v2\/users\/3873"}],"replies":[{"embeddable":true,"href":"https:\/\/blogs.urz.uni-halle.de\/lernboarisch\/wp-json\/wp\/v2\/comments?post=667"}],"version-history":[{"count":7,"href":"https:\/\/blogs.urz.uni-halle.de\/lernboarisch\/wp-json\/wp\/v2\/pages\/667\/revisions"}],"predecessor-version":[{"id":687,"href":"https:\/\/blogs.urz.uni-halle.de\/lernboarisch\/wp-json\/wp\/v2\/pages\/667\/revisions\/687"}],"wp:attachment":[{"href":"https:\/\/blogs.urz.uni-halle.de\/lernboarisch\/wp-json\/wp\/v2\/media?parent=667"}],"curies":[{"name":"wp","href":"https:\/\/api.w.org\/{rel}","templated":true}]}}