{"id":465,"date":"2022-12-12T11:58:17","date_gmt":"2022-12-12T10:58:17","guid":{"rendered":"https:\/\/blogs.urz.uni-halle.de\/lernpfade\/?page_id=465"},"modified":"2022-12-13T13:14:18","modified_gmt":"2022-12-13T12:14:18","slug":"kompetenzen","status":"publish","type":"page","link":"https:\/\/blogs.urz.uni-halle.de\/lernpfade\/kompetenzen\/","title":{"rendered":"Kompetenzen"},"content":{"rendered":"\n<p class=\"has-text-color\" style=\"color:#626769\"><strong>prozessbezogene Kompetenzen: <\/strong><\/p>\n\n\n\n<p>Die Sch\u00fclerinnen und Sch\u00fcler sollen &#8230;<\/p>\n\n\n\n<ul><li><strong>Kommunizieren:<\/strong> <\/li><li>verstehen, was andere schreiben und sagen, [&#8230;] und darauf reagieren (bei Fragenbeantwortung zu den Texten).<\/li><li>f\u00fcr die jeweilige kommunikative Situation geeignete sprachliche Mittel verwenden (beim Schreiben der Fabel darauf achten).<\/li><li><strong>Reflektieren:<\/strong><\/li><li>\u00fcber Sprache und deren Gebrauch in [&#8230;] digitalen Kontexten nachdenken.<\/li><li>eigene Lernstrategien \u00fcberpr\u00fcfen und den weiteren [Sprach-]Lernprozess zunehmend selbstst\u00e4ndig steuern.<\/li><li>Fachbegriffe zur Beschreibung von Sprache und deren Gebrauch anwenden (zum Thema Fabeln).<\/li><li><strong>Vorstellungen bilden:&nbsp;<\/strong><\/li><li>Fantasie und Ideen f\u00fcr eine kreative Sprachgestaltung entfalten (Fabel schreiben).<\/li><li>ein \u00e4sthetisches Empfinden f\u00fcr Sprache und Schrift besitzen [&#8230;] (richtigen Sprachstil w\u00e4hlen beim Beantworten der Aufgaben).<\/li><li>eigene Einstellungen und Einsichten mit \u00fcberlieferten kulturellen Vorstellungen entwickeln (Lernen mit Fabeln und \u00fcber Fabeln).<\/li><\/ul>\n\n\n\n<p class=\"has-text-color\" style=\"color:#626769\"><strong>inhaltsbezogene Kompetenzen:<\/strong><\/p>\n\n\n\n<p>Die Sch\u00fclerinnen und Sch\u00fcler sollen &#8230;<\/p>\n\n\n\n<ul><li><strong>Lesen &#8211; mit Texten und anderen Medien umgehen:<\/strong><\/li><li>visuelle und auditive Medienangebote [&#8230;] nutzen.<\/li><li>sich auf einer Internetseite orientieren.<\/li><li>[&#8230;] Fabeln selbst ausw\u00e4hlen und gestaltet vortragen.<\/li><\/ul>\n\n\n\n<p class=\"has-text-color\" style=\"color:#626769\"><strong>Medienkompetenz:<\/strong><\/p>\n\n\n\n<p>Die Sch\u00fclerinnen und Sch\u00fcler sollen &#8230;<\/p>\n\n\n\n<ul><li>eigene Medienerfahrung zur Vorbereitung auf ein Leben in der digitalen Welt sammeln.<\/li><li>selbstst\u00e4ndig lernen.<\/li><\/ul>\n","protected":false},"excerpt":{"rendered":"<p>prozessbezogene Kompetenzen: Die Sch\u00fclerinnen und Sch\u00fcler sollen &#8230; Kommunizieren: verstehen, was andere schreiben und sagen, [&#8230;] und darauf reagieren (bei Fragenbeantwortung zu den Texten). f\u00fcr die jeweilige kommunikative Situation geeignete sprachliche Mittel verwenden (beim Schreiben der Fabel darauf achten). Reflektieren: \u00fcber Sprache und deren Gebrauch in [&#8230;] digitalen Kontexten nachdenken. eigene Lernstrategien \u00fcberpr\u00fcfen und den &hellip; <a href=\"https:\/\/blogs.urz.uni-halle.de\/lernpfade\/kompetenzen\/\" class=\"more-link\"><span class=\"screen-reader-text\">Kompetenzen<\/span> weiterlesen <span class=\"meta-nav\">&rarr;<\/span><\/a><\/p>\n","protected":false},"author":2737,"featured_media":0,"parent":0,"menu_order":0,"comment_status":"closed","ping_status":"closed","template":"","meta":[],"_links":{"self":[{"href":"https:\/\/blogs.urz.uni-halle.de\/lernpfade\/wp-json\/wp\/v2\/pages\/465"}],"collection":[{"href":"https:\/\/blogs.urz.uni-halle.de\/lernpfade\/wp-json\/wp\/v2\/pages"}],"about":[{"href":"https:\/\/blogs.urz.uni-halle.de\/lernpfade\/wp-json\/wp\/v2\/types\/page"}],"author":[{"embeddable":true,"href":"https:\/\/blogs.urz.uni-halle.de\/lernpfade\/wp-json\/wp\/v2\/users\/2737"}],"replies":[{"embeddable":true,"href":"https:\/\/blogs.urz.uni-halle.de\/lernpfade\/wp-json\/wp\/v2\/comments?post=465"}],"version-history":[{"count":3,"href":"https:\/\/blogs.urz.uni-halle.de\/lernpfade\/wp-json\/wp\/v2\/pages\/465\/revisions"}],"predecessor-version":[{"id":513,"href":"https:\/\/blogs.urz.uni-halle.de\/lernpfade\/wp-json\/wp\/v2\/pages\/465\/revisions\/513"}],"wp:attachment":[{"href":"https:\/\/blogs.urz.uni-halle.de\/lernpfade\/wp-json\/wp\/v2\/media?parent=465"}],"curies":[{"name":"wp","href":"https:\/\/api.w.org\/{rel}","templated":true}]}}