{"id":473,"date":"2022-12-12T11:58:57","date_gmt":"2022-12-12T10:58:57","guid":{"rendered":"https:\/\/blogs.urz.uni-halle.de\/lernpfade\/?page_id=473"},"modified":"2023-01-11T10:36:30","modified_gmt":"2023-01-11T09:36:30","slug":"kompetenzen-3","status":"publish","type":"page","link":"https:\/\/blogs.urz.uni-halle.de\/lernpfade\/kompetenzen-3\/","title":{"rendered":"Kompetenzen"},"content":{"rendered":"\n<p>inhaltsbezogene Kompetenzen:<\/p>\n\n\n\n<ul><li>Die SuS k\u00f6nnen einfache kombinatorische Aufgaben durch Probieren oder systematisches Vorgehen l\u00f6sen<\/li><li>Die SuS kennen Baumdiagramme und k\u00f6nnen sie aufgabenbezogen anwenden<\/li><\/ul>\n\n\n\n<p>prozessbezogene Kompetenzen:<\/p>\n\n\n\n<ul><li>Die SuS k\u00f6nnen verschiedene L\u00f6sungswege anerkennen und kritisch pr\u00fcfen<\/li><li>Die SuS k\u00f6nnen f\u00fcr das Bearbeiten mathematischer Aufgaben geeignete Darstellungen ausw\u00e4hlen, entwickeln und nutzen<\/li><\/ul>\n\n\n\n<p>medienbezogene Kompetenzen:<\/p>\n\n\n\n<ul><li>Die SuS k\u00f6nnen unter Nutzung digitaler Werkzeuge eigenen Darstellungen entwickeln<\/li><li>Die SuS k\u00f6nnen digitale und analoge Darstellungen bezogen auf Zielangemessenheit miteinander vergleichen und kritisch hinterfragen<\/li><\/ul>\n\n\n\n<p>Quellen:<\/p>\n\n\n\n<p>Lehrplan Grundschule Mathematik Sachsen-Anhalt 2019<\/p>\n\n\n\n<p>Panknin, Manfred (1972): Kombinatorik, Wahrscheinlichkeit und Statistik f\u00fcr die Klassen 1-6. Z\u00fcrich: Kamp Verlag. <\/p>\n","protected":false},"excerpt":{"rendered":"<p>inhaltsbezogene Kompetenzen: Die SuS k\u00f6nnen einfache kombinatorische Aufgaben durch Probieren oder systematisches Vorgehen l\u00f6sen Die SuS kennen Baumdiagramme und k\u00f6nnen sie aufgabenbezogen anwenden prozessbezogene Kompetenzen: Die SuS k\u00f6nnen verschiedene L\u00f6sungswege anerkennen und kritisch pr\u00fcfen Die SuS k\u00f6nnen f\u00fcr das Bearbeiten mathematischer Aufgaben geeignete Darstellungen ausw\u00e4hlen, entwickeln und nutzen medienbezogene Kompetenzen: Die SuS k\u00f6nnen unter Nutzung &hellip; <a href=\"https:\/\/blogs.urz.uni-halle.de\/lernpfade\/kompetenzen-3\/\" class=\"more-link\"><span class=\"screen-reader-text\">Kompetenzen<\/span> weiterlesen <span class=\"meta-nav\">&rarr;<\/span><\/a><\/p>\n","protected":false},"author":2737,"featured_media":0,"parent":0,"menu_order":0,"comment_status":"closed","ping_status":"closed","template":"","meta":[],"_links":{"self":[{"href":"https:\/\/blogs.urz.uni-halle.de\/lernpfade\/wp-json\/wp\/v2\/pages\/473"}],"collection":[{"href":"https:\/\/blogs.urz.uni-halle.de\/lernpfade\/wp-json\/wp\/v2\/pages"}],"about":[{"href":"https:\/\/blogs.urz.uni-halle.de\/lernpfade\/wp-json\/wp\/v2\/types\/page"}],"author":[{"embeddable":true,"href":"https:\/\/blogs.urz.uni-halle.de\/lernpfade\/wp-json\/wp\/v2\/users\/2737"}],"replies":[{"embeddable":true,"href":"https:\/\/blogs.urz.uni-halle.de\/lernpfade\/wp-json\/wp\/v2\/comments?post=473"}],"version-history":[{"count":4,"href":"https:\/\/blogs.urz.uni-halle.de\/lernpfade\/wp-json\/wp\/v2\/pages\/473\/revisions"}],"predecessor-version":[{"id":655,"href":"https:\/\/blogs.urz.uni-halle.de\/lernpfade\/wp-json\/wp\/v2\/pages\/473\/revisions\/655"}],"wp:attachment":[{"href":"https:\/\/blogs.urz.uni-halle.de\/lernpfade\/wp-json\/wp\/v2\/media?parent=473"}],"curies":[{"name":"wp","href":"https:\/\/api.w.org\/{rel}","templated":true}]}}