{"id":103,"date":"2019-03-04T12:00:59","date_gmt":"2019-03-04T11:00:59","guid":{"rendered":"https:\/\/blogs.urz.uni-halle.de\/lichtbild\/?page_id=103"},"modified":"2019-03-27T19:24:46","modified_gmt":"2019-03-27T18:24:46","slug":"eine-digitale-welt-in-analog","status":"publish","type":"page","link":"https:\/\/blogs.urz.uni-halle.de\/lichtbild\/eine-digitale-welt-in-analog\/","title":{"rendered":"Eine digitale Welt in analog?"},"content":{"rendered":"<p><strong>Der Anfang<\/strong><br \/>\nMein Name ist Elisabeth und ich fand meine erste analog Kamera auf dem Dachboden meines Elternhauses. Im Karton vergraben viel sie mir in die H\u00e4nde, als ich eigentlich nach alten Matheaufzeichnungen meiner Schwester suchte, um meine Matheklausur am n\u00e4chsten Tag zu bestehen. Viel gelernt wurde nach dem Fund nicht mehr.<br \/>\nIch wurde im Jahr 2000 geboren und wuchs in meiner Kindheit zwar mit Filmkameras auf, allerdings waren diese bereits &#8222;moderner&#8220;. Solch ein wundersch\u00f6nes altes Exemplar hatte ich vorher noch nie gesehen. Ich kaufte mir also einen Film und begann mir die Handhabung selbst beizubringen. Ich war (und bin es immer noch) so fasziniert von der begrenzten Zahl der Fotos, die man aufnehmen kann in einer Zeit in der es m\u00f6glich ist so viele Bilder mit seinem Handy machen, wie man m\u00f6chte. Von der vintage \u00c4sthetik inspiriert wollte ich immer mehr wissen und so ging ich auf viele Flohm\u00e4rkte und schaute mir die Kameras an und kaufte nat\u00fcrlich auch immer mehr.<br \/>\n<strong>Unwissen ist die Basis<\/strong><br \/>\nAnaloge Fotografie ist ein klassischer Fall von &#8222;learning-by-doing&#8220;. Es sollte nicht abschreckend sein etwas neues auszuprobieren. Man muss im Gegenteil sogar den Reiz versp\u00fcren sich auf etwas neues (altes) einzulassen. Es dauert eine gewisse Zeit, bis die Filme so werden, wie das Bild, dass man beim fotografieren im Kopf hat, aber wenn erstmal ein paar Bilder so aussehen, wie man sie sich vorgestellt hat, dann will man gar nicht mehr aufh\u00f6ren! Der Prozess und die Entwicklung steht bei der analogen Fotografie im Vordergrund. Diese l\u00e4sst sich auch wunderbar anhand der ersten entwickelten Filme nachvollziehen und man kann merken, dass man besser wird in dem, was man tut und dieses Gef\u00fchl ist wunderbar!<br \/>\n<strong>Okay, aber wozu der Blog?<\/strong><br \/>\nBerechtigte Frage. Ich habe mich dazu entschieden diesen Blog zu erstellen, um meine Gedanken zum Thema Fotografie zu teilen. Wer eine Anleitung zur analogen Fotografie sucht ist hier falsch, da ich wie bereits erw\u00e4hnt kein Profi bin, sondern selbst noch lerne mit jedem Bild, das ich mache. Meine Beitr\u00e4ge werden viel mehr aus ein paar analogen Bildern bestehen, zu denen ich meine Gedanken aufschreiben werde. Ihr k\u00f6nnt mich also auf meiner eigenen Entwicklung begleiten und vielleicht kann das der Anlass f\u00fcr einige sein sich selbst weiter mit dem Thema auseinander zu setzen.<br \/>\nAlso f\u00fchlt euch frei immer mal vorbeizuschauen! <\/p>\n<p>see you,<br \/>\nElisabeth <\/p>\n<p><del datetime=\"2019-03-04T11:07:33+00:00\"><\/p>\n","protected":false},"excerpt":{"rendered":"<div class=\"entry-summary\">\nDer Anfang Mein Name ist Elisabeth und ich fand meine erste analog Kamera auf dem Dachboden meines Elternhauses. Im Karton&hellip;\n<\/div>\n<div class=\"link-more\"><a href=\"https:\/\/blogs.urz.uni-halle.de\/lichtbild\/eine-digitale-welt-in-analog\/\" class=\"more-link\">Continue reading<span class=\"screen-reader-text\"> &ldquo;Eine digitale Welt in analog?&rdquo;<\/span>&hellip;<\/a><\/div>\n","protected":false},"author":3901,"featured_media":0,"parent":0,"menu_order":0,"comment_status":"closed","ping_status":"closed","template":"","meta":[],"_links":{"self":[{"href":"https:\/\/blogs.urz.uni-halle.de\/lichtbild\/wp-json\/wp\/v2\/pages\/103"}],"collection":[{"href":"https:\/\/blogs.urz.uni-halle.de\/lichtbild\/wp-json\/wp\/v2\/pages"}],"about":[{"href":"https:\/\/blogs.urz.uni-halle.de\/lichtbild\/wp-json\/wp\/v2\/types\/page"}],"author":[{"embeddable":true,"href":"https:\/\/blogs.urz.uni-halle.de\/lichtbild\/wp-json\/wp\/v2\/users\/3901"}],"replies":[{"embeddable":true,"href":"https:\/\/blogs.urz.uni-halle.de\/lichtbild\/wp-json\/wp\/v2\/comments?post=103"}],"version-history":[{"count":4,"href":"https:\/\/blogs.urz.uni-halle.de\/lichtbild\/wp-json\/wp\/v2\/pages\/103\/revisions"}],"predecessor-version":[{"id":233,"href":"https:\/\/blogs.urz.uni-halle.de\/lichtbild\/wp-json\/wp\/v2\/pages\/103\/revisions\/233"}],"wp:attachment":[{"href":"https:\/\/blogs.urz.uni-halle.de\/lichtbild\/wp-json\/wp\/v2\/media?parent=103"}],"curies":[{"name":"wp","href":"https:\/\/api.w.org\/{rel}","templated":true}]}}