{"id":75,"date":"2024-11-20T15:21:32","date_gmt":"2024-11-20T14:21:32","guid":{"rendered":"https:\/\/blogs.urz.uni-halle.de\/makrooekonomik\/?page_id=75"},"modified":"2026-02-23T16:26:41","modified_gmt":"2026-02-23T15:26:41","slug":"einladung-experiment-coordinationtime","status":"publish","type":"page","link":"https:\/\/blogs.urz.uni-halle.de\/makrooekonomik\/einladung-experiment-coordinationtime\/","title":{"rendered":"Einladung Experiment Coordination and Time \/ 24"},"content":{"rendered":"\n<p><\/p>\n\n\n\n<div class=\"wp-block-contact-form-7-contact-form-selector\"><div role=\"form\" class=\"wpcf7\" id=\"wpcf7-f74-o1\" lang=\"de-DE\" dir=\"ltr\">\n<div class=\"screen-reader-response\"><p role=\"status\" aria-live=\"polite\" aria-atomic=\"true\"><\/p> <ul><\/ul><\/div>\n<form action=\"\/makrooekonomik\/wp-json\/wp\/v2\/pages\/75#wpcf7-f74-o1\" method=\"post\" class=\"wpcf7-form init\" novalidate=\"novalidate\" data-status=\"init\">\n<div style=\"display: none;\">\n<input type=\"hidden\" name=\"_wpcf7\" value=\"74\" \/>\n<input type=\"hidden\" name=\"_wpcf7_version\" value=\"5.3.2\" \/>\n<input type=\"hidden\" name=\"_wpcf7_locale\" value=\"de_DE\" \/>\n<input type=\"hidden\" name=\"_wpcf7_unit_tag\" value=\"wpcf7-f74-o1\" \/>\n<input type=\"hidden\" name=\"_wpcf7_container_post\" value=\"0\" \/>\n<input type=\"hidden\" name=\"_wpcf7_posted_data_hash\" value=\"\" \/>\n<input type=\"hidden\" name=\"_wpcf7dtx_version\" value=\"5.0.4\" \/>\n<input type=\"hidden\" name=\"_wpcf7cf_hidden_group_fields\" value=\"[]\" \/>\n<input type=\"hidden\" name=\"_wpcf7cf_hidden_groups\" value=\"[]\" \/>\n<input type=\"hidden\" name=\"_wpcf7cf_visible_groups\" value=\"[]\" \/>\n<input type=\"hidden\" name=\"_wpcf7cf_repeaters\" value=\"[]\" \/>\n<input type=\"hidden\" name=\"_wpcf7cf_steps\" value=\"{}\" \/>\n<input type=\"hidden\" name=\"_wpcf7cf_options\" value=\"{&quot;form_id&quot;:74,&quot;conditions&quot;:[],&quot;settings&quot;:{&quot;animation&quot;:&quot;yes&quot;,&quot;animation_intime&quot;:200,&quot;animation_outtime&quot;:200,&quot;conditions_ui&quot;:&quot;normal&quot;,&quot;notice_dismissed&quot;:false}}\" \/>\n<\/div>\n<p><script src=\"https:\/\/code.jquery.com\/jquery-3.6.0.min.js\"><\/script><br \/>\n<script type=\"text\/javascript\">\njQuery(document).ready(function($){\n  $(\"input[name='Sprache']\").change(function() {\n    if ($(this).val() === 'deutsch') {\n          $('.english').hide();\n          $('.german').show();\n          $('.noshow').show();\n}\n if ($(this).val() === 'english') {\n          $('.english').show();\n          $('.german').hide();\n          $('.noshow').show();\n}\n        });\n    });\n<\/script><\/p>\n<style type=\"text\/css\">\n.wpcf7-list-item.first {\n    display: none;\n}\n<\/style>\n<p>\n<small>Bitte w\u00e4hlen Sie die gew\u00fcnschte Sprachversion. | Please select your preferred language.<\/small>\n<\/p>\n<p><fieldset>\n<span class=\"wpcf7-form-control-wrap Sprache\"><span class=\"wpcf7-form-control wpcf7-radio\"><span class=\"wpcf7-list-item first\"><label><input type=\"radio\" name=\"Sprache\" value=\"\" checked=\"checked\" \/><span class=\"wpcf7-list-item-label\"><\/span><\/label><\/span><span class=\"wpcf7-list-item last\"><label><input type=\"radio\" name=\"Sprache\" value=\"deutsch\" \/><span class=\"wpcf7-list-item-label\">deutsch<\/span><\/label><\/span><\/span><\/span><br \/>\n<span class=\"wpcf7-form-control-wrap Sprache\"><span class=\"wpcf7-form-control wpcf7-radio\"><span class=\"wpcf7-list-item first\"><label><input type=\"radio\" name=\"Sprache\" value=\"\" checked=\"checked\" \/><span class=\"wpcf7-list-item-label\"><\/span><\/label><\/span><span class=\"wpcf7-list-item last\"><label><input type=\"radio\" name=\"Sprache\" value=\"english\" \/><span class=\"wpcf7-list-item-label\">english<\/span><\/label><\/span><\/span><\/span><\/p>\n<fieldset>\n<div class=\"noshow\" style=\"display:none;\">\n<p class=\"german\" id=\"pflicht\" style=\"display:none;\">* Pflichtfeld<\/p>\n<p class=\"english\" id=\"pflicht\" style=\"display:none;\">* Required field<\/p>\n<div class=\"german\" style=\"display:none;\">\nSie haben sich als Interessent f\u00fcr Experimente an unserem Lehrstuhl in den Probanden-Pool eingetragen, wor\u00fcber wir uns sehr freuen und bedanken. Heute m\u00f6chten wir Sie f\u00fcr ein konkretes Experiment einladen mit dem Titel: <i> Coordination in Time <\/i>.<br \/>\nDa Sie f\u00fcr Ihre Teilnahme einen Geldbetrag bekommen, ben\u00f6tigen wir einige wenige Informationen (z.B. Namen, Anschrift, Bankverbindung und Geburtsdatum) im Vorfeld.<\/p>\n<p>Zudem wollen wir Termine f\u00fcr die Durchf\u00fchrung des Experiment abstimmen. <\/p>\n<p><i>F\u00fcr das Eintragen diese max. 8 Informationen werden Sie ca. 2 min ben\u00f6tigen.<\/i><\/p>\n<p><b> Anmerkung: Alle Daten aus diesem Formular, werden nach Abschluss des Experiments vollst\u00e4ndig gel\u00f6scht.<\/b><\/p>\n<\/div>\n<div class=\"english\" style=\"display:none;\">\nYou have registered as a potential test subject for experiments at our chair. We are very pleased and grateful for your contribution. Today we would like to invite you to participate in a specific experiment entitled: <i> Coordination in Time. <\/i><br \/>\nAs you will receive money for your participation, we need a few pieces of information (name, address, bank details and date of birth) in advance. <\/p>\n<p>We also want to arrange dates for carrying out the experiment. <\/p>\n<p><i>You will need approx. 2 minutes to enter these max. 8 pieces of information.<\/i><\/p>\n<p><b> Note: All data from this form will be completely deleted after completion of the experiment. <\/b><\/p>\n<\/div>\n<div class=\"german\" style=\"display:none;\"><b>1a. Name*<\/b><\/div>\n<div class=\"english\" style=\"display:none;\"><b>1a. Surname*<\/b><\/div>\n<p>    <span class=\"wpcf7-form-control-wrap Name\"><input type=\"text\" name=\"Name\" value=\"\" size=\"40\" class=\"wpcf7-form-control wpcf7-text wpcf7-validates-as-required\" aria-required=\"true\" aria-invalid=\"false\" \/><\/span> <\/label><\/p>\n<div class=\"german\" style=\"display:none;\"><b>1b. Vorname* <\/b> <\/div>\n<div class=\"english\" style=\"display:none;\"><b>1b. Name* <\/b> <\/div>\n<p>    <span class=\"wpcf7-form-control-wrap Vorname\"><input type=\"text\" name=\"Vorname\" value=\"\" size=\"40\" class=\"wpcf7-form-control wpcf7-text wpcf7-validates-as-required\" aria-required=\"true\" aria-invalid=\"false\" placeholder=\"Chris Alex (add other names too)\" \/><\/span><\/p>\n<div class=\"german\" style=\"display:none;\"><b>2a. Ihre private Anschrift* <\/b> <i> (Stra\u00dfe Nr.)<\/i><\/div>\n<div class=\"english\" style=\"display:none;\"><b>2a. Your private address* <\/b> <i> (Street No.)<\/i><\/div>\n<p>    <span class=\"wpcf7-form-control-wrap ADRESSE\"><input type=\"text\" name=\"ADRESSE\" value=\"\" size=\"40\" class=\"wpcf7-form-control wpcf7-text wpcf7-validates-as-required\" aria-required=\"true\" aria-invalid=\"false\" placeholder=\"Universit\u00e4tsring 3\" \/><\/span><\/p>\n<div class=\"german\" style=\"display:none;\"><b>2b. Ihre private PLZ* <\/b> <\/div>\n<div class=\"english\" style=\"display:none;\"><b>2b. Your private postal code* <\/b> <\/div>\n<p>    <span class=\"wpcf7-form-control-wrap PLZ\"><input type=\"text\" name=\"PLZ\" value=\"\" size=\"40\" class=\"wpcf7-form-control wpcf7-text wpcf7-validates-as-required\" aria-required=\"true\" aria-invalid=\"false\" placeholder=\"06018\" \/><\/span><\/p>\n<div class=\"german\" style=\"display:none;\"><b>2c. Ort, Land* <\/b> <\/div>\n<div class=\"english\" style=\"display:none;\"><b>2c. City, Country* <\/b>  <\/div>\n<p>    <span class=\"wpcf7-form-control-wrap City\"><input type=\"text\" name=\"City\" value=\"\" size=\"40\" class=\"wpcf7-form-control wpcf7-text wpcf7-validates-as-required\" aria-required=\"true\" aria-invalid=\"false\" placeholder=\"Halle, Deutschland\" \/><\/span><\/p>\n<div class=\"german\" style=\"display:none;\"><b>3. Geburtsdatum (tt.mm.jjjj)* <\/b><\/p>\n<\/div>\n<div class=\"english\" style=\"display:none;\"><b>3. Date of birth (dd.mm.yyyy)*<\/b><\/p>\n<\/div>\n<p><span class=\"wpcf7-form-control-wrap birthdate\"><input type=\"date\" name=\"birthdate\" value=\"\" class=\"wpcf7-form-control wpcf7-date wpcf7-validates-as-required wpcf7-validates-as-date\" min=\"1900-06-17\" max=\"2024-06-17\" aria-required=\"true\" aria-invalid=\"false\" \/><\/span><\/p>\n<div class=\"german\" style=\"display:none;\">\n <b>4a. Bank Details - IBAN* <\/b>\n<\/div>\n<div class=\"english\" style=\"display:none;\">\n <b>4a. Bank details - IBAN* <\/b>\n<\/div>\n<p><span class=\"wpcf7-form-control-wrap IBAN\"><input type=\"text\" name=\"IBAN\" value=\"\" size=\"40\" class=\"wpcf7-form-control wpcf7-text wpcf7-validates-as-required\" aria-required=\"true\" aria-invalid=\"false\" \/><\/span> <\/label><\/p>\n<div class=\"german\" style=\"display:none;\">\n<b>4b. Bank Details - BIC* <\/b>\n<\/div>\n<div class=\"english\" style=\"display:none;\">\n<b>4b. Bank details - BIC* <\/b>\n<\/div>\n<p><span class=\"wpcf7-form-control-wrap BIC\"><input type=\"text\" name=\"BIC\" value=\"\" size=\"40\" class=\"wpcf7-form-control wpcf7-text wpcf7-validates-as-required\" aria-required=\"true\" aria-invalid=\"false\" \/><\/span> <\/label><\/p>\n<div class=\"german\" style=\"display:none;\">\n<b>5. Auswahl Daten\/Selection Dates*<\/b><\/p>\n<p>Wir werden Sie mit anderen Probanden poolen und Ihnen per E-mail den Termin best\u00e4tigen. Erfahrungsgem\u00e4\u00df werden Sie nur 30min ihrer Zeit einplanen m\u00fcssen. Experimente finden in der Gro\u00dfen Steinstra\u00dfe 73 im Pool 1 ein. Wir w\u00fcrden uns sehr freuen, wenn Sie mehrere Optionen ausw\u00e4hlen, da wir eine Mindestanzahl pro Durchgang ben\u00f6tigen.<\/p>\n<\/div>\n<div class=\"english\" style=\"display:none;\"><b>5. Preferred Dates* <\/b><\/p>\n<p>We will pool you with other test persons and confirm your appointment by e-mail. Experience has shown that you only need to plan 30 minutes of your time. Experiments take place at Gro\u00dfe Steinstra\u00dfe 73 in Pool 1. We would highly appreciate, if you choose several options, as we have to pool test persons with a minimum of participants.<\/p>\n<\/div>\n<p><span class=\"wpcf7-form-control-wrap Datum\"><span class=\"wpcf7-form-control wpcf7-checkbox wpcf7-validates-as-required\"><span class=\"wpcf7-list-item first\"><label><input type=\"checkbox\" name=\"Datum[]\" value=\"blind button, wegen wpcf7-list-item.first display: none\" \/><span class=\"wpcf7-list-item-label\">blind button, wegen wpcf7-list-item.first display: none<\/span><\/label><\/span><span class=\"wpcf7-list-item\"><label><input type=\"checkbox\" name=\"Datum[]\" value=\"04-Nov-2025 16:00-17:00\" \/><span class=\"wpcf7-list-item-label\">04-Nov-2025 16:00-17:00<\/span><\/label><\/span><span class=\"wpcf7-list-item\"><label><input type=\"checkbox\" name=\"Datum[]\" value=\"11-Nov-2025 16:00-17:00\" \/><span class=\"wpcf7-list-item-label\">11-Nov-2025 16:00-17:00<\/span><\/label><\/span><span class=\"wpcf7-list-item last\"><label><input type=\"checkbox\" name=\"Datum[]\" value=\"keiner der Termine passt mir\/dates not possible\" \/><span class=\"wpcf7-list-item-label\">keiner der Termine passt mir\/dates not possible<\/span><\/label><\/span><\/span><\/span><\/p>\n<div class=\"english\" id=\"field\" style=\"display:none;\"><b>6. E-Mail:*<\/b> Enter your e-mail address at which you received this invitations.<\/div>\n<div class=\"german\" id=\"field\" style=\"display:none;\"><b>6. E-Mail:*<\/b> Geben Sie Ihre E-Mailadresse ein, unter welcher Sie diese Einladung erhielten.<\/div>\n<p><span class=\"wpcf7-form-control-wrap Mail\"><input type=\"email\" name=\"Mail\" value=\"\" size=\"40\" class=\"wpcf7-form-control wpcf7-text wpcf7-email wpcf7-validates-as-required wpcf7-validates-as-email\" aria-required=\"true\" aria-invalid=\"false\" \/><\/span><\/p>\n<div class=\"german\" style=\"display:none;\">\n<b>7. Telefon <\/b><\/p>\n<\/div>\n<div class=\"english\" style=\"display:none;\">\n<b>7. Phone <\/b><\/p>\n<\/div>\n<div class=\"german\" style=\"display:none;\">\n<i>Freiwillig Angabe f\u00fcr potentielle kurzfristige Termin\u00e4nderungen. <\/i><\/p>\n<\/div>\n<div class=\"english\" style=\"display:none;\">\n<i>Voluntary information for potential last-minute date changes.<\/i><\/p>\n<\/div>\n<p><span class=\"wpcf7-form-control-wrap TELE\"><input type=\"text\" name=\"TELE\" value=\"\" size=\"40\" class=\"wpcf7-form-control wpcf7-text\" aria-invalid=\"false\" \/><\/span> <\/label><\/p>\n<div class=\"german\" style=\"display:none;\">\n<b>8. Deutschkenntnisse:*<\/b> Haben Sie ausreichend Deutschkenntnisse um Experiment-Anweisungen in deutscher Sprache zu verstehen? (mind. Niveaus B1 des Gemeinsamen Europ\u00e4ischen Referenzrahmen f\u00fcr Sprachen) <\/p>\n<\/div>\n<div class=\"english\" style=\"display:none;\">\n<b>8. German language skills:*<\/b> Do you have sufficient knowledge of German to understand experiment instructions in German? (at least level B1 of the Common European Framework of Reference for Languages)<\/p>\n<\/div>\n<p><span class=\"wpcf7-form-control-wrap GermanSkills\"><span class=\"wpcf7-form-control wpcf7-radio\"><span class=\"wpcf7-list-item first\"><label><input type=\"radio\" name=\"GermanSkills\" value=\"blind button\" checked=\"checked\" \/><span class=\"wpcf7-list-item-label\">blind button<\/span><\/label><\/span><span class=\"wpcf7-list-item\"><label><input type=\"radio\" name=\"GermanSkills\" value=\"Ja\/Yes\" \/><span class=\"wpcf7-list-item-label\">Ja\/Yes<\/span><\/label><\/span><span class=\"wpcf7-list-item last\"><label><input type=\"radio\" name=\"GermanSkills\" value=\"Nein\/No\" \/><span class=\"wpcf7-list-item-label\">Nein\/No<\/span><\/label><\/span><\/span><\/span><\/p>\n<div class=\"german\" style=\"display:none;\">\nSie m\u00f6chten noch etwas loswerden?\n<\/div>\n<div class=\"english\" style=\"display:none;\">\n Do you want to add something?\n<\/div>\n<p>    <span class=\"wpcf7-form-control-wrap your-message\"><textarea name=\"your-message\" cols=\"40\" rows=\"10\" class=\"wpcf7-form-control wpcf7-textarea\" aria-invalid=\"false\"><\/textarea><\/span> <\/label><\/p>\n<\/div>\n<p class=\"english\" style=\"display:none;\">\n<input type=\"submit\" value=\"Submit\" class=\"wpcf7-form-control wpcf7-submit\" \/><\/p>\n<p class=\"german\" style=\"display:none;\">\n<input type=\"submit\" value=\"Senden\" class=\"wpcf7-form-control wpcf7-submit\" \/><\/p>\n<p><\/br><\/div>\n<div class=\"wpcf7-response-output\" aria-hidden=\"true\"><\/div><\/form><\/div><\/div>\n","protected":false},"excerpt":{"rendered":"","protected":false},"author":3273,"featured_media":0,"parent":0,"menu_order":0,"comment_status":"closed","ping_status":"closed","template":"","meta":[],"_links":{"self":[{"href":"https:\/\/blogs.urz.uni-halle.de\/makrooekonomik\/wp-json\/wp\/v2\/pages\/75"}],"collection":[{"href":"https:\/\/blogs.urz.uni-halle.de\/makrooekonomik\/wp-json\/wp\/v2\/pages"}],"about":[{"href":"https:\/\/blogs.urz.uni-halle.de\/makrooekonomik\/wp-json\/wp\/v2\/types\/page"}],"author":[{"embeddable":true,"href":"https:\/\/blogs.urz.uni-halle.de\/makrooekonomik\/wp-json\/wp\/v2\/users\/3273"}],"replies":[{"embeddable":true,"href":"https:\/\/blogs.urz.uni-halle.de\/makrooekonomik\/wp-json\/wp\/v2\/comments?post=75"}],"version-history":[{"count":2,"href":"https:\/\/blogs.urz.uni-halle.de\/makrooekonomik\/wp-json\/wp\/v2\/pages\/75\/revisions"}],"predecessor-version":[{"id":77,"href":"https:\/\/blogs.urz.uni-halle.de\/makrooekonomik\/wp-json\/wp\/v2\/pages\/75\/revisions\/77"}],"wp:attachment":[{"href":"https:\/\/blogs.urz.uni-halle.de\/makrooekonomik\/wp-json\/wp\/v2\/media?parent=75"}],"curies":[{"name":"wp","href":"https:\/\/api.w.org\/{rel}","templated":true}]}}