{"id":88,"date":"2017-10-23T17:49:41","date_gmt":"2017-10-23T15:49:41","guid":{"rendered":"https:\/\/blogs.urz.uni-halle.de\/mariaott\/?page_id=88"},"modified":"2025-09-18T11:13:41","modified_gmt":"2025-09-18T09:13:41","slug":"publications","status":"publish","type":"page","link":"https:\/\/blogs.urz.uni-halle.de\/mariaott\/publications\/","title":{"rendered":"Publications"},"content":{"rendered":"<ol reversed=\"\">\n<li>Wurl, M. Ott, C. Schwieger and T. M. Ferreira. <strong>Crystallization of n-Alkanes under Anisotropic Nanoconfinement in Lipid Bilayers<\/strong><em>. J. <a href=\"https:\/\/doi.org\/10.1021\/acs.jpcb.4c04332\">Phys. Chem. B <\/a><\/em>129, 435-446 (2025)<\/li>\n<li>\n<hr \/>\n<p>Paschold, M. Sch\u00e4ffler, X. Miao, L. Gardon, S. Kr\u00fcger, H. Heise, M.I.S. R\u00f6hr, M. Ott, B. Strodel, and W.H. Binder <strong>Photocontrolled Reversible Amyloid Fibril Formation of Parathyroid Hormone-Derived Peptides<\/strong>. <a href=\"https:\/\/doi.org\/10.1021\/acs.bioconjchem.4c00188\">Bioconjugate Chemistry<\/a> 2024, 35(7), 981-995<\/li>\n<li>\n<hr \/>\n<p>Voigt,\u00a0M. Ott,\u00a0J. Balbach,\u00a0<strong>A Competition of Secondary and Primary Nucleation Controls Amyloid Fibril Formation of the Parathyroid Hormone<\/strong>.<a href=\"https:\/\/doi.org\/10.1002\/mabi.202200525\">\u00a0<\/a><a href=\"https:\/\/doi.org\/10.1002\/mabi.202200525\"><em>Macromol. Biosci. <\/em><\/a>2023, 23, 2200525.<\/li>\n<li>\n<hr \/>\n<p>B. Voigt,\u00a0T. Bhatia,\u00a0J. Hesselbarth,\u00a0M. Baumann,\u00a0C. Schmidt,\u00a0M. Ott,\u00a0J. Balbach,\u00a0<strong>The Prenucleation Equilibrium of the Parathyroid Hormone Determines the Critical Aggregation Concentration and Amyloid Fibril Nucleation<\/strong>. <a href=\"https:\/\/doi.org\/10.1002\/cphc.202300439\"><em>ChemPhysChem<\/em><\/a> 2023,\u00a024, e202300439.<\/p>\n<hr \/>\n<\/li>\n<li>De Sio, S., Waegele, J., Bhatia, T., Voigt, B., Lilie, H., Ott, M., <strong>Inherent Adaptivity of Alzheimer Peptides to Crowded Environments.<\/strong> <a href=\"https:\/\/doi.org\/10.1002\/mabi.202200527\"><em>Macromol. Biosci. 23(7):e2200527 <\/em><\/a>(2023)<br \/>\n<hr \/>\n<\/li>\n<li>Lauth, L.M., Voigt, B., Bhatia, T., Machner, L., Balbach, J., Ott, M., 2022.<strong> Heparin promotes rapid fibrillation of the basic parathyroid hormone at physiological pH<\/strong>.<span style=\"color: #008000\"><em><a href=\"https:\/\/febs.onlinelibrary.wiley.com\/doi\/full\/10.1002\/1873-3468.14455\"> FEBS Letters<\/a>.<\/em><\/span> (2022)<\/li>\n<li>\n<hr \/>\n<p>Wurl, A., Ott, M., Plato, E., Meister, A., Hamdi, F., Kastritis, P.L., Blume, A., Ferreira, T.M.. Filling the Gap with Long n-Alkanes: Incorporation of C20 and C30 into Phospholipid Membranes. <a href=\"10.1021\/acs.langmuir.2c00872\">Langmuir<\/a> 38, 8595\u20138606. (2022)<\/p>\n<hr \/>\n<\/li>\n<li>J. W\u00e4gele, S. De Sio, B. Voigt, J. Balbach, M. Ott<b>.<\/b> <strong>How fluorescent tags modify oligomer size distributions of the Alzheimer-peptide.<\/strong> <a href=\"https:\/\/doi.org\/10.1016\/j.bpj.2018.12.010\"><em>Biophys. J<\/em>. 116,\u00a0227-238<\/a>\u00a0(2019)<br \/>\n<hr \/>\n<\/li>\n<li>M. Kordts, A. Kerth, S. Drescher, M. Ott, A. Blume.\u00a0<b>The cmc-value of a bolalipid with two phosphocholine headgroups and a C24 alkyl chain: Unusual binding properties of fluorescence probes to bolalipid aggregates<i>.\u00a0<\/i><\/b><a href=\"https:\/\/doi.org\/10.1016\/j.jcis.2017.04.077\"><em>Colloid Interface Sci.<\/em> 501, 294<\/a>\u00a0(2017)<br \/>\n<hr \/>\n<\/li>\n<li>Roos M, <strong>Ott M,<\/strong><span class=\"Apple-converted-space\">\u00a0 <\/span>Hofmann M,<span class=\"Apple-converted-space\">\u00a0 <\/span>Link S, R\u00f6ssler E, Balbach J, Krushelnitsky A,<span class=\"Apple-converted-space\">\u00a0 <\/span>and K. Saalw\u00e4chter.\u00a0<strong>Coupling and Decoupling of Rotational and Translational Diffusion of Proteins under Crowding Conditions.<\/strong> <a href=\"https:\/\/pubs.acs.org\/doi\/abs\/10.1021\/jacs.6b06615\"><em>J.\u00a0Am. Chem. Soc.<\/em> 138,10365\u201310372<\/a>\u00a0(2016)<br \/>\n<hr \/>\n<\/li>\n<li>Roos M, Hofmann M, Link S, <strong>Ott M<\/strong>, Balbach J, R\u00f6ssler E, Saalw\u00e4chter K, Krushelnitsky A.\u00a0<strong>The \u201clong tail\u201d of the protein tumbling correlation function: observation by 1H NMR relaxometry in a wide frequency and concentration range.<a href=\"https:\/\/link.springer.com\/article\/10.1007%2Fs10858-015-0001-1\">\u00a0<\/a><\/strong><a href=\"https:\/\/link.springer.com\/article\/10.1007%2Fs10858-015-0001-1\"><em>J. Biomol. NMR<\/em> 4, 403-415<\/a> (2015)<span class=\"Apple-converted-space\"><span class=\"Apple-converted-space\">\u00a0<\/span><\/span><br \/>\n<hr \/>\n<\/li>\n<li><strong>Ott M<\/strong>, P\u00e9rez-Aparicio R, Schneider H, Sotta P, Saalw\u00e4chter K,<br \/>\n<strong>Microscopic study of chain deformation and orientation in uniaxially strained polymer networks \u2013 NMR results vs. different network models.<\/strong><b>\u00a0<\/b><a href=\"https:\/\/pubs.acs.org\/doi\/abs\/10.1021\/ma5012655\"><em>Macromolecules<\/em> 47, 7597\u22127611<\/a> (2014)<\/p>\n<hr \/>\n<\/li>\n<li><strong>M. Ott,<\/strong> Y. Shai, G. Haran.\u00a0<strong>Single-Particle Tracking Reveals Switching of the HIV Fusion Peptide between Two Diffusive Modes in Membranes.<\/strong>\u00a0<a href=\"https:\/\/pubs.acs.org\/doi\/abs\/10.1021\/jp4039418\"><i>J. Phys. Chem. B<\/i> 117<\/a>, 13308 (2013)<span class=\"Apple-converted-space\"><span class=\"Apple-converted-space\">\u00a0<\/span><\/span><br \/>\n<hr \/>\n<\/li>\n<li>R. P\u00e9rez-Aparicio, M. Schiewek, J.L. Valent\u00edn, H. Schneider, D.R. Long, M. Saphiannikova, P. Sotta, K. Saalw\u00e4chter and <strong>M. Ott.<\/strong>\u00a0<strong>Local Chain Deformation and Overstrain in Reinforced Elastomers: An NMR Study.<a href=\"https:\/\/pubs.acs.org\/doi\/10.1021\/ma400921k\">\u00a0<\/a><\/strong><a href=\"https:\/\/pubs.acs.org\/doi\/10.1021\/ma400921k\"><em>Macromolecules<\/em> 46, 5549\u20135560 <\/a>(2013)<span class=\"Apple-converted-space\"><span class=\"Apple-converted-space\">\u00a0<\/span><\/span><br \/>\n<hr \/>\n<\/li>\n<li>H. Hofmann, R.P. Golbik, <strong>M. Ott<\/strong>, C.G. H\u00fcbner and R. Ulbrich-Hofmann.\u00a0<strong>Coulomb forces control the density of the collapsed unfolded state of barstar.\u00a0<\/strong><a href=\"https:\/\/doi.org\/10.1016\/j.jmb.2007.11.083\"><em>J. Mol. Biol.\u00a0376<\/em>, 597\u2013605<\/a> (2008)<br \/>\n<hr \/>\n<\/li>\n<li>K. Henzler-Wildman, M. Lei, V. Thai, <strong>M. Ott,<\/strong> M. Wolf-Watz, T. Fenn, E.Pozharski, M.A. Wilson, G.A. Petsko, M. Karplus, C.G. H\u00fcbner and D. Kern.\u00a0<strong>Intrinsic motions along an enzymatic reaction trajectory.<\/strong>\u00a0<a href=\"https:\/\/www.nature.com\/articles\/nature06410\"><em>Nature<\/em> 450, 838-744<\/a> (2007)<br \/>\n<hr \/>\n<\/li>\n<li>Henzler-Wildman KA, Lei M., Thai V., Wolf-Watz M,<span class=\"Apple-converted-space\">\u00a0 <\/span>Kerns J, <b>Wunderlich M<\/b>, H\u00fcbner CG and Kern D.\u00a0<strong>Linkage between multiple-timescale dynamics, activity, and stability.<\/strong>\u00a0<em>Biophys. J.<\/em><i> <\/i>176A-176A (2007)<br \/>\n<hr \/>\n<\/li>\n<li>F. Fankhauser, <strong>M. Ott,<\/strong> B. Pajic.\u00a0<strong>Dry senile macular degeneration.<\/strong> In: Femtosecond laser. Techniques and Technology.\u00a0<em>Jaypee Brothers Medical Pub.<\/em> 2012<\/li>\n<\/ol>\n<p>Please also check at <a href=\"https:\/\/www.researchgate.net\/profile\/Maria_Ott\/publications\">Resarch Gate<\/a>.<\/p>\n","protected":false},"excerpt":{"rendered":"<p>Wurl, M. Ott, C. Schwieger and T. M. Ferreira. Crystallization of n-Alkanes under Anisotropic Nanoconfinement in Lipid Bilayers. J. Phys. Chem. B 129, 435-446 (2025) Paschold, M. Sch\u00e4ffler, X. Miao, L. Gardon, S. Kr\u00fcger, H. Heise, M.I.S. R\u00f6hr, M. Ott, B. Strodel, and W.H. Binder Photocontrolled Reversible Amyloid Fibril Formation of Parathyroid Hormone-Derived Peptides. Bioconjugate &hellip; <a href=\"https:\/\/blogs.urz.uni-halle.de\/mariaott\/publications\/\" class=\"more-link\">Continue reading <span class=\"screen-reader-text\">Publications<\/span> <span class=\"meta-nav\">&rarr;<\/span><\/a><\/p>\n","protected":false},"author":3032,"featured_media":0,"parent":0,"menu_order":0,"comment_status":"closed","ping_status":"closed","template":"","meta":[],"_links":{"self":[{"href":"https:\/\/blogs.urz.uni-halle.de\/mariaott\/wp-json\/wp\/v2\/pages\/88"}],"collection":[{"href":"https:\/\/blogs.urz.uni-halle.de\/mariaott\/wp-json\/wp\/v2\/pages"}],"about":[{"href":"https:\/\/blogs.urz.uni-halle.de\/mariaott\/wp-json\/wp\/v2\/types\/page"}],"author":[{"embeddable":true,"href":"https:\/\/blogs.urz.uni-halle.de\/mariaott\/wp-json\/wp\/v2\/users\/3032"}],"replies":[{"embeddable":true,"href":"https:\/\/blogs.urz.uni-halle.de\/mariaott\/wp-json\/wp\/v2\/comments?post=88"}],"version-history":[{"count":9,"href":"https:\/\/blogs.urz.uni-halle.de\/mariaott\/wp-json\/wp\/v2\/pages\/88\/revisions"}],"predecessor-version":[{"id":460,"href":"https:\/\/blogs.urz.uni-halle.de\/mariaott\/wp-json\/wp\/v2\/pages\/88\/revisions\/460"}],"wp:attachment":[{"href":"https:\/\/blogs.urz.uni-halle.de\/mariaott\/wp-json\/wp\/v2\/media?parent=88"}],"curies":[{"name":"wp","href":"https:\/\/api.w.org\/{rel}","templated":true}]}}