{"id":2,"date":"2025-03-03T16:08:57","date_gmt":"2025-03-03T15:08:57","guid":{"rendered":"https:\/\/blogs.urz.uni-halle.de\/matheeinblicke\/?page_id=2"},"modified":"2025-03-05T10:48:32","modified_gmt":"2025-03-05T09:48:32","slug":"beispiel-seite","status":"publish","type":"page","link":"https:\/\/blogs.urz.uni-halle.de\/matheeinblicke\/beispiel-seite\/","title":{"rendered":"Termine &amp; Veranstaltungen"},"content":{"rendered":"\n<figure class=\"wp-block-table is-style-stripes\"><table><thead><tr><th>Tag<\/th><th>Veranstaltung<\/th><th class=\"has-text-align-left\" data-align=\"left\">Bemerkung<\/th><\/tr><\/thead><tbody><tr><td>03.04.2025<\/td><td><a href=\"https:\/\/www.marketing.uni-halle.de\/schulbuero\/zukunftstag\/\"><span class=\"has-inline-color has-vivid-cyan-blue-color\">Zukunftstag<\/span><\/a><\/td><td class=\"has-text-align-left\" data-align=\"left\">Berufsorientierungstag<\/td><\/tr><tr><td>24.05.2025<\/td><td><a href=\"https:\/\/www.ich-will-wissen.de\/service-und-beratung\/studien-und-berufsorientierung\/hochschulinformationstag\/\"><span class=\"has-inline-color has-vivid-cyan-blue-color\">Hochschul-<br>informationstag<\/span><\/a><\/td><td class=\"has-text-align-left\" data-align=\"left\">Informieren \u00fcber Studieng\u00e4nge,<br>Abl\u00e4ufe, Termine, Inhalte, Orte<\/td><\/tr><tr><td>04.07.2025<\/td><td><a href=\"https:\/\/lndwhalle.de\/\"><span class=\"has-inline-color has-vivid-cyan-blue-color\">Lange Nacht der<br>Wissenschaften<\/span><\/a><\/td><td class=\"has-text-align-left\" data-align=\"left\">Kostenlose Experimente, Vortr\u00e4ge,<br>Spiele, Ausstellungen<\/td><\/tr><\/tbody><\/table><\/figure>\n\n\n\n<div class=\"wp-block-group\"><div class=\"wp-block-group__inner-container\">\n<figure class=\"wp-block-gallery columns-3 is-cropped\"><ul class=\"blocks-gallery-grid\"><li class=\"blocks-gallery-item\"><figure><img loading=\"lazy\" width=\"1024\" height=\"653\" src=\"https:\/\/blogs.urz.uni-halle.de\/matheeinblicke\/files\/2025\/03\/termin2-1024x653.jpg\" alt=\"\" data-id=\"44\" data-full-url=\"https:\/\/blogs.urz.uni-halle.de\/matheeinblicke\/files\/2025\/03\/termin2.jpg\" data-link=\"https:\/\/blogs.urz.uni-halle.de\/matheeinblicke\/beispiel-seite\/termin2\/\" class=\"wp-image-44\" srcset=\"https:\/\/blogs.urz.uni-halle.de\/matheeinblicke\/files\/2025\/03\/termin2-1024x653.jpg 1024w, https:\/\/blogs.urz.uni-halle.de\/matheeinblicke\/files\/2025\/03\/termin2-300x191.jpg 300w, https:\/\/blogs.urz.uni-halle.de\/matheeinblicke\/files\/2025\/03\/termin2-768x490.jpg 768w, https:\/\/blogs.urz.uni-halle.de\/matheeinblicke\/files\/2025\/03\/termin2-1536x980.jpg 1536w, https:\/\/blogs.urz.uni-halle.de\/matheeinblicke\/files\/2025\/03\/termin2.jpg 1550w\" sizes=\"(max-width: 1024px) 100vw, 1024px\" \/><\/figure><\/li><li class=\"blocks-gallery-item\"><figure><img loading=\"lazy\" width=\"800\" height=\"600\" src=\"https:\/\/blogs.urz.uni-halle.de\/matheeinblicke\/files\/2025\/03\/termin3.jpg\" alt=\"\" data-id=\"43\" data-full-url=\"https:\/\/blogs.urz.uni-halle.de\/matheeinblicke\/files\/2025\/03\/termin3.jpg\" data-link=\"https:\/\/blogs.urz.uni-halle.de\/matheeinblicke\/beispiel-seite\/termin3\/\" class=\"wp-image-43\" srcset=\"https:\/\/blogs.urz.uni-halle.de\/matheeinblicke\/files\/2025\/03\/termin3.jpg 800w, https:\/\/blogs.urz.uni-halle.de\/matheeinblicke\/files\/2025\/03\/termin3-300x225.jpg 300w, https:\/\/blogs.urz.uni-halle.de\/matheeinblicke\/files\/2025\/03\/termin3-768x576.jpg 768w\" sizes=\"(max-width: 800px) 100vw, 800px\" \/><\/figure><\/li><li class=\"blocks-gallery-item\"><figure><img loading=\"lazy\" width=\"800\" height=\"534\" src=\"https:\/\/blogs.urz.uni-halle.de\/matheeinblicke\/files\/2025\/03\/termin1.jpg\" alt=\"\" data-id=\"45\" data-full-url=\"https:\/\/blogs.urz.uni-halle.de\/matheeinblicke\/files\/2025\/03\/termin1.jpg\" data-link=\"https:\/\/blogs.urz.uni-halle.de\/matheeinblicke\/beispiel-seite\/termin1\/\" class=\"wp-image-45\" srcset=\"https:\/\/blogs.urz.uni-halle.de\/matheeinblicke\/files\/2025\/03\/termin1.jpg 800w, https:\/\/blogs.urz.uni-halle.de\/matheeinblicke\/files\/2025\/03\/termin1-300x200.jpg 300w, https:\/\/blogs.urz.uni-halle.de\/matheeinblicke\/files\/2025\/03\/termin1-768x513.jpg 768w\" sizes=\"(max-width: 800px) 100vw, 800px\" \/><\/figure><\/li><\/ul><\/figure>\n\n\n\n<div class=\"wp-block-group\"><div class=\"wp-block-group__inner-container\">\n<figure class=\"wp-block-table is-style-stripes\"><table><thead><tr><th>Angebot<\/th><th>Beschreibung<\/th><\/tr><\/thead><tbody><tr><td><a href=\"https:\/\/www.marketing.uni-halle.de\/schulbuero\/praktikum\/\"><span class=\"has-inline-color has-vivid-cyan-blue-color\">Sch\u00fcler:innenpraktikum<\/span><\/a><\/td><td>Studieng\u00e4nge und Berufsfelder kennen<br>lernen<\/td><\/tr><tr><td><a href=\"https:\/\/www.marketing.uni-halle.de\/schulbuero\/fruehstudium\/\"><span class=\"has-inline-color has-vivid-cyan-blue-color\">Fr\u00fchstudium<\/span><\/a><\/td><td>Selber in Veranstaltungen sitzen und f\u00fcr<br>sp\u00e4ter anerkennen lassen<\/td><\/tr><tr><td><a href=\"https:\/\/www.marketing.uni-halle.de\/schulbuero\/besuchsdienst\/\"><span class=\"has-inline-color has-vivid-cyan-blue-color\">Klassenbesuch<\/span><\/a><\/td><td>1-2 Tage mit der ganzen Klasse an der <br>Uni reinschnuppern<\/td><\/tr><tr><td><a href=\"https:\/\/didaktik.mathematik.uni-halle.de\/schuelerseite\/experimente-werkstatt_mathe\/\"><span class=\"has-inline-color has-vivid-cyan-blue-color\">Experimente-Werkstatt<br>Mathematik<\/span><\/a><\/td><td>Mathematik entdecken, erkunden,<br>erproben<\/td><\/tr><tr><td><a href=\"https:\/\/www2.mathematik.uni-halle.de\/mathe-treffpunkt\/\"><span class=\"has-inline-color has-vivid-cyan-blue-color\">Mathe-Treff<\/span><\/a><\/td><td>Lernzentrum des Instituts f\u00fcr<br>Mathematik besuchen und Studierende<br>ausfragen<\/td><\/tr><\/tbody><\/table><\/figure>\n\n\n\n<p><\/p>\n<\/div><\/div>\n<\/div><\/div>\n","protected":false},"excerpt":{"rendered":"<p>Tag Veranstaltung Bemerkung 03.04.2025 Zukunftstag Berufsorientierungstag 24.05.2025 Hochschul-informationstag Informieren \u00fcber Studieng\u00e4nge,Abl\u00e4ufe, Termine, Inhalte, Orte 04.07.2025 Lange Nacht derWissenschaften Kostenlose Experimente, [&hellip;]<\/p>\n","protected":false},"author":5282,"featured_media":0,"parent":0,"menu_order":0,"comment_status":"closed","ping_status":"open","template":"","meta":{"site-sidebar-layout":"default","site-content-layout":"","ast-site-content-layout":"","site-content-style":"default","site-sidebar-style":"default","ast-global-header-display":"","ast-banner-title-visibility":"","ast-main-header-display":"","ast-hfb-above-header-display":"","ast-hfb-below-header-display":"","ast-hfb-mobile-header-display":"","site-post-title":"","ast-breadcrumbs-content":"","ast-featured-img":"","footer-sml-layout":"","theme-transparent-header-meta":"","adv-header-id-meta":"","stick-header-meta":"","header-above-stick-meta":"","header-main-stick-meta":"","header-below-stick-meta":"","astra-migrate-meta-layouts":"default","ast-page-background-enabled":"default","ast-page-background-meta":{"desktop":{"background-color":"var(--ast-global-color-4)","background-image":"","background-repeat":"repeat","background-position":"center center","background-size":"auto","background-attachment":"scroll","background-type":"","background-media":"","overlay-type":"","overlay-color":"","overlay-opacity":"","overlay-gradient":""},"tablet":{"background-color":"","background-image":"","background-repeat":"repeat","background-position":"center center","background-size":"auto","background-attachment":"scroll","background-type":"","background-media":"","overlay-type":"","overlay-color":"","overlay-opacity":"","overlay-gradient":""},"mobile":{"background-color":"","background-image":"","background-repeat":"repeat","background-position":"center center","background-size":"auto","background-attachment":"scroll","background-type":"","background-media":"","overlay-type":"","overlay-color":"","overlay-opacity":"","overlay-gradient":""}},"ast-content-background-meta":{"desktop":{"background-color":"var(--ast-global-color-5)","background-image":"","background-repeat":"repeat","background-position":"center center","background-size":"auto","background-attachment":"scroll","background-type":"","background-media":"","overlay-type":"","overlay-color":"","overlay-opacity":"","overlay-gradient":""},"tablet":{"background-color":"var(--ast-global-color-5)","background-image":"","background-repeat":"repeat","background-position":"center center","background-size":"auto","background-attachment":"scroll","background-type":"","background-media":"","overlay-type":"","overlay-color":"","overlay-opacity":"","overlay-gradient":""},"mobile":{"background-color":"var(--ast-global-color-5)","background-image":"","background-repeat":"repeat","background-position":"center center","background-size":"auto","background-attachment":"scroll","background-type":"","background-media":"","overlay-type":"","overlay-color":"","overlay-opacity":"","overlay-gradient":""}}},"_links":{"self":[{"href":"https:\/\/blogs.urz.uni-halle.de\/matheeinblicke\/wp-json\/wp\/v2\/pages\/2"}],"collection":[{"href":"https:\/\/blogs.urz.uni-halle.de\/matheeinblicke\/wp-json\/wp\/v2\/pages"}],"about":[{"href":"https:\/\/blogs.urz.uni-halle.de\/matheeinblicke\/wp-json\/wp\/v2\/types\/page"}],"author":[{"embeddable":true,"href":"https:\/\/blogs.urz.uni-halle.de\/matheeinblicke\/wp-json\/wp\/v2\/users\/5282"}],"replies":[{"embeddable":true,"href":"https:\/\/blogs.urz.uni-halle.de\/matheeinblicke\/wp-json\/wp\/v2\/comments?post=2"}],"version-history":[{"count":9,"href":"https:\/\/blogs.urz.uni-halle.de\/matheeinblicke\/wp-json\/wp\/v2\/pages\/2\/revisions"}],"predecessor-version":[{"id":46,"href":"https:\/\/blogs.urz.uni-halle.de\/matheeinblicke\/wp-json\/wp\/v2\/pages\/2\/revisions\/46"}],"wp:attachment":[{"href":"https:\/\/blogs.urz.uni-halle.de\/matheeinblicke\/wp-json\/wp\/v2\/media?parent=2"}],"curies":[{"name":"wp","href":"https:\/\/api.w.org\/{rel}","templated":true}]}}