{"id":55,"date":"2025-03-05T11:03:07","date_gmt":"2025-03-05T10:03:07","guid":{"rendered":"https:\/\/blogs.urz.uni-halle.de\/matheeinblicke\/?page_id=55"},"modified":"2025-03-06T16:28:27","modified_gmt":"2025-03-06T15:28:27","slug":"institut-fuer-mathematik","status":"publish","type":"page","link":"https:\/\/blogs.urz.uni-halle.de\/matheeinblicke\/","title":{"rendered":"Institut f\u00fcr Mathematik"},"content":{"rendered":"\n<p><\/p>\n\n\n\n<figure class=\"wp-block-gallery columns-2 is-cropped\"><ul class=\"blocks-gallery-grid\"><li class=\"blocks-gallery-item\"><figure><img loading=\"lazy\" width=\"1024\" height=\"542\" src=\"https:\/\/blogs.urz.uni-halle.de\/matheeinblicke\/files\/2025\/03\/insti2-1024x542.jpg\" alt=\"\" data-id=\"57\" data-link=\"https:\/\/blogs.urz.uni-halle.de\/matheeinblicke\/?attachment_id=57\" class=\"wp-image-57\" srcset=\"https:\/\/blogs.urz.uni-halle.de\/matheeinblicke\/files\/2025\/03\/insti2-1024x542.jpg 1024w, https:\/\/blogs.urz.uni-halle.de\/matheeinblicke\/files\/2025\/03\/insti2-300x159.jpg 300w, https:\/\/blogs.urz.uni-halle.de\/matheeinblicke\/files\/2025\/03\/insti2-768x406.jpg 768w, https:\/\/blogs.urz.uni-halle.de\/matheeinblicke\/files\/2025\/03\/insti2.jpg 1200w\" sizes=\"(max-width: 1024px) 100vw, 1024px\" \/><\/figure><\/li><li class=\"blocks-gallery-item\"><figure><img loading=\"lazy\" width=\"800\" height=\"600\" src=\"https:\/\/blogs.urz.uni-halle.de\/matheeinblicke\/files\/2025\/03\/insti1.jpg\" alt=\"\" data-id=\"58\" data-link=\"https:\/\/blogs.urz.uni-halle.de\/matheeinblicke\/?attachment_id=58\" class=\"wp-image-58\" srcset=\"https:\/\/blogs.urz.uni-halle.de\/matheeinblicke\/files\/2025\/03\/insti1.jpg 800w, https:\/\/blogs.urz.uni-halle.de\/matheeinblicke\/files\/2025\/03\/insti1-300x225.jpg 300w, https:\/\/blogs.urz.uni-halle.de\/matheeinblicke\/files\/2025\/03\/insti1-768x576.jpg 768w\" sizes=\"(max-width: 800px) 100vw, 800px\" \/><\/figure><\/li><\/ul><\/figure>\n\n\n\n<p class=\"has-black-color has-text-color has-background\" style=\"background-color:#dce0e3\"><em>Das Institut f\u00fcr Mathematik liegt auf dem Heide-Campus der Uni Halle im Norden der Stadt. Hier arbeiten 38 Mitarbeiter zu unterschiedlichsten Themen der Mathematik.<br>Diese werden auf 10 Arbeitsgruppen &#8211; Professuren genannt &#8211; aufgeteilt.<\/em><\/p>\n\n\n\n<figure class=\"wp-block-image alignwide size-large\"><img loading=\"lazy\" width=\"1024\" height=\"665\" src=\"https:\/\/blogs.urz.uni-halle.de\/matheeinblicke\/files\/2025\/03\/profs-1024x665.jpg\" alt=\"\" class=\"wp-image-66\" srcset=\"https:\/\/blogs.urz.uni-halle.de\/matheeinblicke\/files\/2025\/03\/profs-1024x665.jpg 1024w, https:\/\/blogs.urz.uni-halle.de\/matheeinblicke\/files\/2025\/03\/profs-300x195.jpg 300w, https:\/\/blogs.urz.uni-halle.de\/matheeinblicke\/files\/2025\/03\/profs-768x499.jpg 768w, https:\/\/blogs.urz.uni-halle.de\/matheeinblicke\/files\/2025\/03\/profs.jpg 1218w\" sizes=\"(max-width: 1024px) 100vw, 1024px\" \/><\/figure>\n\n\n\n<p class=\"has-text-align-center has-ast-global-color-6-background-color has-background has-large-font-size\">Was steckt hinter diesen Forschungsgebieten?<\/p>\n\n\n\n<p class=\"has-text-align-center has-cyan-bluish-gray-background-color has-background has-medium-font-size\"><code><div class=\"h5p-iframe-wrapper\"><iframe id=\"h5p-iframe-1\" class=\"h5p-iframe\" data-content-id=\"1\" style=\"height:1px\" src=\"about:blank\" frameBorder=\"0\" scrolling=\"no\" title=\"Ziehe jede Begriff in sein zugeh\u00f6riges Forschungsgebiet\"><\/iframe><\/div><\/code><\/p>\n\n\n\n<ul><li>Nicht jedes Wort ist eindeutig zu zuordnen<\/li><li>Forschungsgebiete greifen ineinander und sind auch mit anderen F\u00e4chern eng vernetzt<\/li><li>Das sieht man auch an den folgenden aktuellen Forschungsvorhaben am Institut<\/li><\/ul>\n\n\n\n<hr class=\"wp-block-separator is-style-wide\" \/>\n\n\n\n<figure class=\"wp-block-image alignwide size-large\"><img loading=\"lazy\" width=\"1024\" height=\"613\" src=\"https:\/\/blogs.urz.uni-halle.de\/matheeinblicke\/files\/2025\/03\/anwend-1024x613.jpg\" alt=\"\" class=\"wp-image-113\" srcset=\"https:\/\/blogs.urz.uni-halle.de\/matheeinblicke\/files\/2025\/03\/anwend-1024x613.jpg 1024w, https:\/\/blogs.urz.uni-halle.de\/matheeinblicke\/files\/2025\/03\/anwend-300x180.jpg 300w, https:\/\/blogs.urz.uni-halle.de\/matheeinblicke\/files\/2025\/03\/anwend-768x460.jpg 768w, https:\/\/blogs.urz.uni-halle.de\/matheeinblicke\/files\/2025\/03\/anwend.jpg 1280w\" sizes=\"(max-width: 1024px) 100vw, 1024px\" \/><\/figure>\n\n\n\n<p><\/p>\n\n\n\n<ol><li><a href=\"https:\/\/thread-etn.eu\/\">THREAD<\/a> &#8211; Modellierung von sehr langen Kabelstrukturen (Seilbahnen, Offshore-Windparks, Textilfabriken) und deren Simulation<\/li><li>Beschreibung der Entwicklung von Finanzprodukten als Levy-Prozess und deren Entwicklung<\/li><li>Ideale Steuerung der Bilderfassung mit Hilfe von neurolen Netzwerken am Beispiel der Erkennung von Klamotten-Fotos<\/li><li><a href=\"https:\/\/beam.uni-halle.de\/\">BEAM<\/a> &#8211; Erfassung der Struktur weicher Materie (Gummi, Knete) durch Symmetrien und welche chemischen Eigenschaften sich davon ableiten<\/li><li>Soliton &#8211; Wie bewegt sich dieses neuartige Wellenpaket, das \u00fcber sehr weite Strecken Informationen nahezu ohne Verlust transportieren kann?<\/li><\/ol>\n\n\n\n<p class=\"has-text-align-center has-ast-global-color-6-background-color has-background has-large-font-size\">Finde zu den Projekten das passende Gebiet!<\/p>\n\n\n\n<p class=\"has-text-align-center has-cyan-bluish-gray-background-color has-background\"><code><div class=\"h5p-content\" data-content-id=\"2\"><\/div><\/code><\/p>\n\n\n\n<ul><li>Mathematik steckt in vielen Anwendungsbereichen<\/li><li>Jeder Begriff aus der Theorie wird irgendwo aufgegriffen<\/li><li>Oft ist nicht offensichtlich, wo Mathematik \u00fcberall eine Rolle spielt<\/li><\/ul>\n\n\n\n<p class=\"has-ast-global-color-6-background-color has-background has-medium-font-size\">Jede Person, die Mathematik in Halle studiert, &#8230;<br>                                   &#8230; hat auch ein zweites kleineres Fach. Typisch sind:<\/p>\n\n\n\n<ul><li>Physik<\/li><li>Chemie<\/li><li>Informatik<\/li><li>Wirtschaftswissenschaften<\/li><li>Aber theoretisch ist alles m\u00f6glich<\/li><\/ul>\n\n\n\n<p class=\"has-ast-global-color-6-background-color has-background\">Mathematik dient als Sprache der Wissenschaft, in der wir alles in unserer Realit\u00e4t abstrakt beschreiben k\u00f6nnen, das akstrakte Problem untersuchen und somit Folgerung f\u00fcr die Weiterentwicklung\/Zukunft\/Ideenfindung entnehmen k\u00f6nnen. Mathematik und Wissenschaften befruchten sich in ihrem Entwicklungsprozess immer wieder gegenseitig.<\/p>\n\n\n\n<figure class=\"wp-block-gallery alignwide columns-3 is-cropped\"><ul class=\"blocks-gallery-grid\"><li class=\"blocks-gallery-item\"><figure><img loading=\"lazy\" width=\"960\" height=\"612\" src=\"https:\/\/blogs.urz.uni-halle.de\/matheeinblicke\/files\/2025\/03\/anwend7.png\" alt=\"\" data-id=\"93\" data-link=\"https:\/\/blogs.urz.uni-halle.de\/matheeinblicke\/institut-fuer-mathematik\/anwend7\/\" class=\"wp-image-93\" srcset=\"https:\/\/blogs.urz.uni-halle.de\/matheeinblicke\/files\/2025\/03\/anwend7.png 960w, https:\/\/blogs.urz.uni-halle.de\/matheeinblicke\/files\/2025\/03\/anwend7-300x191.png 300w, https:\/\/blogs.urz.uni-halle.de\/matheeinblicke\/files\/2025\/03\/anwend7-768x490.png 768w\" sizes=\"(max-width: 960px) 100vw, 960px\" \/><\/figure><\/li><li class=\"blocks-gallery-item\"><figure><img loading=\"lazy\" width=\"960\" height=\"540\" src=\"https:\/\/blogs.urz.uni-halle.de\/matheeinblicke\/files\/2025\/03\/anwend1.jpg\" alt=\"\" data-id=\"94\" data-link=\"https:\/\/blogs.urz.uni-halle.de\/matheeinblicke\/institut-fuer-mathematik\/anwend1\/\" class=\"wp-image-94\" srcset=\"https:\/\/blogs.urz.uni-halle.de\/matheeinblicke\/files\/2025\/03\/anwend1.jpg 960w, https:\/\/blogs.urz.uni-halle.de\/matheeinblicke\/files\/2025\/03\/anwend1-300x169.jpg 300w, https:\/\/blogs.urz.uni-halle.de\/matheeinblicke\/files\/2025\/03\/anwend1-768x432.jpg 768w\" sizes=\"(max-width: 960px) 100vw, 960px\" \/><\/figure><\/li><li class=\"blocks-gallery-item\"><figure><img loading=\"lazy\" width=\"960\" height=\"540\" src=\"https:\/\/blogs.urz.uni-halle.de\/matheeinblicke\/files\/2025\/03\/anwend6.jpg\" alt=\"\" data-id=\"95\" data-link=\"https:\/\/blogs.urz.uni-halle.de\/matheeinblicke\/institut-fuer-mathematik\/anwend6\/\" class=\"wp-image-95\" srcset=\"https:\/\/blogs.urz.uni-halle.de\/matheeinblicke\/files\/2025\/03\/anwend6.jpg 960w, https:\/\/blogs.urz.uni-halle.de\/matheeinblicke\/files\/2025\/03\/anwend6-300x169.jpg 300w, https:\/\/blogs.urz.uni-halle.de\/matheeinblicke\/files\/2025\/03\/anwend6-768x432.jpg 768w\" sizes=\"(max-width: 960px) 100vw, 960px\" \/><\/figure><\/li><li class=\"blocks-gallery-item\"><figure><img loading=\"lazy\" width=\"958\" height=\"720\" src=\"https:\/\/blogs.urz.uni-halle.de\/matheeinblicke\/files\/2025\/03\/anwend4-1.jpg\" alt=\"\" data-id=\"100\" data-full-url=\"https:\/\/blogs.urz.uni-halle.de\/matheeinblicke\/files\/2025\/03\/anwend4-1.jpg\" data-link=\"https:\/\/blogs.urz.uni-halle.de\/matheeinblicke\/institut-fuer-mathematik\/anwend4-1\/\" class=\"wp-image-100\" srcset=\"https:\/\/blogs.urz.uni-halle.de\/matheeinblicke\/files\/2025\/03\/anwend4-1.jpg 958w, https:\/\/blogs.urz.uni-halle.de\/matheeinblicke\/files\/2025\/03\/anwend4-1-300x225.jpg 300w, https:\/\/blogs.urz.uni-halle.de\/matheeinblicke\/files\/2025\/03\/anwend4-1-768x577.jpg 768w\" sizes=\"(max-width: 958px) 100vw, 958px\" \/><\/figure><\/li><li class=\"blocks-gallery-item\"><figure><img loading=\"lazy\" width=\"960\" height=\"487\" src=\"https:\/\/blogs.urz.uni-halle.de\/matheeinblicke\/files\/2025\/03\/anwend3.jpg\" alt=\"\" data-id=\"98\" data-link=\"https:\/\/blogs.urz.uni-halle.de\/matheeinblicke\/institut-fuer-mathematik\/anwend3\/\" class=\"wp-image-98\" srcset=\"https:\/\/blogs.urz.uni-halle.de\/matheeinblicke\/files\/2025\/03\/anwend3.jpg 960w, https:\/\/blogs.urz.uni-halle.de\/matheeinblicke\/files\/2025\/03\/anwend3-300x152.jpg 300w, https:\/\/blogs.urz.uni-halle.de\/matheeinblicke\/files\/2025\/03\/anwend3-768x390.jpg 768w\" sizes=\"(max-width: 960px) 100vw, 960px\" \/><\/figure><\/li><li class=\"blocks-gallery-item\"><figure><img loading=\"lazy\" width=\"720\" height=\"720\" src=\"https:\/\/blogs.urz.uni-halle.de\/matheeinblicke\/files\/2025\/03\/anwend2.jpg\" alt=\"\" data-id=\"99\" data-full-url=\"https:\/\/blogs.urz.uni-halle.de\/matheeinblicke\/files\/2025\/03\/anwend2.jpg\" data-link=\"https:\/\/blogs.urz.uni-halle.de\/matheeinblicke\/institut-fuer-mathematik\/anwend2\/\" class=\"wp-image-99\" srcset=\"https:\/\/blogs.urz.uni-halle.de\/matheeinblicke\/files\/2025\/03\/anwend2.jpg 720w, https:\/\/blogs.urz.uni-halle.de\/matheeinblicke\/files\/2025\/03\/anwend2-300x300.jpg 300w, https:\/\/blogs.urz.uni-halle.de\/matheeinblicke\/files\/2025\/03\/anwend2-150x150.jpg 150w\" sizes=\"(max-width: 720px) 100vw, 720px\" \/><\/figure><\/li><\/ul><figcaption class=\"blocks-gallery-caption\">Alles Mathematik: Bildverarbeitung &#8211; KI &#8211; Suchmaschinen &#8211; Netzwerke &#8211; Optik &#8211; Statistik<\/figcaption><\/figure>\n\n\n\n<hr class=\"wp-block-separator has-text-color has-background has-ast-global-color-1-background-color has-ast-global-color-1-color is-style-wide\" \/>\n\n\n\n<p>Am Institut f\u00fcr Mathematik geben wir F\u00e4cher f\u00fcr Studierende in den Bereichen:<\/p>\n\n\n\n<ul><li>Mathematik, Wirtschaftsmathematik<\/li><li>Physik, Medizinische Physik, Physik und Nanotechnologien, Physik und Digitale Technologien<\/li><li>Chemie, Biochemie, Lebensmittelchemie<\/li><li>Informatik, Bioinformatik<\/li><li>VWL, BWL<\/li><li>Aggrarwissenschaft, Geologie<\/li><li>Lehramt Mathematik Gymnasium, Sekundarschule, Grundschule<\/li><\/ul>\n\n\n\n<p class=\"has-text-align-center has-large-font-size\"><strong>Wir sehen uns im Studium!<\/strong><\/p>\n\n\n\n<p class=\"has-text-align-center has-ast-global-color-6-background-color has-background has-large-font-size\">Warum m\u00fcssen die den alle Mathematik k\u00f6nnen?<\/p>\n\n\n\n<p>Am Beispiel meiner Doktorarbeit m\u00f6chte ich das einmal verdeutlichen. Im Fokus stand die Frage: <\/p>\n\n\n\n<p class=\"has-text-align-center\" style=\"font-size:30px\">Mit welchem Material (charakterisiert durch Masse, Weichheit, Schmierf\u00e4higkeit) bewegt sich ein Roboterarm am besten?<\/p>\n\n\n\n<p>Folgendes Schema beschreibt den Arbeitsprozess zum Beantworten dieser Frage. Tippe auf alle W\u00f6rter, an dessen Stelle die Physikerin oder der Physiker bei einer Zusammenarbeit zwischen Physik und Mathematik beteiligt ist.<\/p>\n\n\n\n<p class=\"has-text-align-center has-ast-global-color-3-background-color has-background\"><code><div class=\"h5p-content\" data-content-id=\"3\"><\/div><\/code><\/p>\n\n\n\n<p>PS: Warum m\u00fcssen Lehrer:innen in ihrem Studium auch so viel mehr \u00fcber Mathematik kennen lernen, als man in der 12. Klasse braucht?<\/p>\n","protected":false},"excerpt":{"rendered":"<p>Das Institut f\u00fcr Mathematik liegt auf dem Heide-Campus der Uni Halle im Norden der Stadt. Hier arbeiten 38 Mitarbeiter zu [&hellip;]<\/p>\n","protected":false},"author":5282,"featured_media":0,"parent":0,"menu_order":0,"comment_status":"closed","ping_status":"closed","template":"","meta":{"site-sidebar-layout":"default","site-content-layout":"","ast-site-content-layout":"","site-content-style":"default","site-sidebar-style":"default","ast-global-header-display":"","ast-banner-title-visibility":"","ast-main-header-display":"","ast-hfb-above-header-display":"","ast-hfb-below-header-display":"","ast-hfb-mobile-header-display":"","site-post-title":"","ast-breadcrumbs-content":"","ast-featured-img":"","footer-sml-layout":"","theme-transparent-header-meta":"","adv-header-id-meta":"","stick-header-meta":"","header-above-stick-meta":"","header-main-stick-meta":"","header-below-stick-meta":"","astra-migrate-meta-layouts":"default","ast-page-background-enabled":"default","ast-page-background-meta":{"desktop":{"background-color":"var(--ast-global-color-4)","background-image":"","background-repeat":"repeat","background-position":"center center","background-size":"auto","background-attachment":"scroll","background-type":"","background-media":"","overlay-type":"","overlay-color":"","overlay-opacity":"","overlay-gradient":""},"tablet":{"background-color":"","background-image":"","background-repeat":"repeat","background-position":"center center","background-size":"auto","background-attachment":"scroll","background-type":"","background-media":"","overlay-type":"","overlay-color":"","overlay-opacity":"","overlay-gradient":""},"mobile":{"background-color":"","background-image":"","background-repeat":"repeat","background-position":"center center","background-size":"auto","background-attachment":"scroll","background-type":"","background-media":"","overlay-type":"","overlay-color":"","overlay-opacity":"","overlay-gradient":""}},"ast-content-background-meta":{"desktop":{"background-color":"var(--ast-global-color-5)","background-image":"","background-repeat":"repeat","background-position":"center center","background-size":"auto","background-attachment":"scroll","background-type":"","background-media":"","overlay-type":"","overlay-color":"","overlay-opacity":"","overlay-gradient":""},"tablet":{"background-color":"var(--ast-global-color-5)","background-image":"","background-repeat":"repeat","background-position":"center center","background-size":"auto","background-attachment":"scroll","background-type":"","background-media":"","overlay-type":"","overlay-color":"","overlay-opacity":"","overlay-gradient":""},"mobile":{"background-color":"var(--ast-global-color-5)","background-image":"","background-repeat":"repeat","background-position":"center center","background-size":"auto","background-attachment":"scroll","background-type":"","background-media":"","overlay-type":"","overlay-color":"","overlay-opacity":"","overlay-gradient":""}}},"_links":{"self":[{"href":"https:\/\/blogs.urz.uni-halle.de\/matheeinblicke\/wp-json\/wp\/v2\/pages\/55"}],"collection":[{"href":"https:\/\/blogs.urz.uni-halle.de\/matheeinblicke\/wp-json\/wp\/v2\/pages"}],"about":[{"href":"https:\/\/blogs.urz.uni-halle.de\/matheeinblicke\/wp-json\/wp\/v2\/types\/page"}],"author":[{"embeddable":true,"href":"https:\/\/blogs.urz.uni-halle.de\/matheeinblicke\/wp-json\/wp\/v2\/users\/5282"}],"replies":[{"embeddable":true,"href":"https:\/\/blogs.urz.uni-halle.de\/matheeinblicke\/wp-json\/wp\/v2\/comments?post=55"}],"version-history":[{"count":11,"href":"https:\/\/blogs.urz.uni-halle.de\/matheeinblicke\/wp-json\/wp\/v2\/pages\/55\/revisions"}],"predecessor-version":[{"id":125,"href":"https:\/\/blogs.urz.uni-halle.de\/matheeinblicke\/wp-json\/wp\/v2\/pages\/55\/revisions\/125"}],"wp:attachment":[{"href":"https:\/\/blogs.urz.uni-halle.de\/matheeinblicke\/wp-json\/wp\/v2\/media?parent=55"}],"curies":[{"name":"wp","href":"https:\/\/api.w.org\/{rel}","templated":true}]}}