{"id":2,"date":"2025-05-28T14:32:46","date_gmt":"2025-05-28T12:32:46","guid":{"rendered":"https:\/\/blogs.urz.uni-halle.de\/maumau\/?page_id=2"},"modified":"2025-09-18T15:58:02","modified_gmt":"2025-09-18T13:58:02","slug":"beispiel-seite","status":"publish","type":"page","link":"https:\/\/blogs.urz.uni-halle.de\/maumau\/","title":{"rendered":"Let them eat cake"},"content":{"rendered":"<p>Dies ist eine Website mit Basic Informationen \u00fcber Marie Antoinette, die im Rahmen des Webentwicklungsseminars entstanden ist..<\/p>\n\n\n<figure class=\"wp-block-image size-large\"><img src=\"https:\/\/upload.wikimedia.org\/wikipedia\/commons\/thumb\/9\/98\/Marie-Antoinette%2C_1775_-_Mus\u00e9e_Antoine_L\u00e9cuyer.jpg\/1200px-Marie-Antoinette%2C_1775_-_Mus\u00e9e_Antoine_L\u00e9cuyer.jpg\" alt=\"\" \/><\/figure>\n\n\n\n<figure class=\"wp-block-pullquote\"><blockquote><p>In schwierigen Situationen sollte man nicht den Kopf verlieren.<\/p><cite>marie Antoinette<\/cite><\/blockquote><\/figure>\n\n\n\n<p>Maria Antonia Josepha Johanna kommt 1755 auf die Welt, als 15. Kind der \u00f6sterreichischen Kaiserin Maria Theresia. Sie ist offenbar ein heiteres M\u00e4dchen, liebt die Musik und den Tanz. Die Energie und Strenge ihrer Mutter, die sich im Machtpoker der europ\u00e4ischen Herrscher \u00e4u\u00dferst geschickt zu behaupten wei\u00df, scheint ihr zu fehlen.<\/p>\n\n\n\n<p>Frankreich und \u00d6sterreich sind damals seit Generationen verfeindet. Doch kurz nach Marias Geburt schlie\u00dfen sich die beiden L\u00e4nder gegen&nbsp;Preu\u00dfen&nbsp;zusammen. M\u00f6glichst bald wollen die Herrscherh\u00e4user dieses neue B\u00fcndnis mit Leben f\u00fcllen \u2013 etwa durch eine&nbsp;Hochzeit, wie es damals \u00fcblich ist. Maria als \u00f6sterreichische Prinzessin soll den franz\u00f6sischen Prinzen Ludwig heiraten, den zuk\u00fcnftigen&nbsp;K\u00f6nig Ludwig XVI. von Frankreich.<\/p>\n\n\n\n<h2>Die K\u00f6nigin<\/h2>\n\n\n\n<p>Dass ausgerechnet Ludwig und Maria f\u00fcreinander bestimmt werden, ist ein doppelter Zufall. Er wird nur Thronfolger, weil sein \u00e4lterer Bruder als Kind stirbt; sie wird nur seine Verlobte, weil ihre \u00e4ltere Schwester \u00fcberraschend anderweitig verheiratet wird.&nbsp;<\/p>\n\n\n\n<p>Mit 14 Jahren wird Maria auf einer Rheininsel bei Stra\u00dfburg den Abgesandten ihres Zuk\u00fcnftigen \u00fcbergeben wie eine Ware. In einem eigens daf\u00fcr errichteten Pavillon in der Mitte der Insel muss sie sich komplett entkleiden, nichts darf sie behalten.&nbsp;<\/p>\n\n\n\n<p>Dann wird sie, die man nun Marie Antoinette nennt, ihrer neuen Hofdame zugef\u00fchrt. Die Macht der franz\u00f6sischen Monarchie ist alles, sie selbst als eingeheiratete \u00d6sterreicherin nichts: Das will man Marie Antoinette so fr\u00fch wie m\u00f6glich vermitteln.<\/p>\n\n\n\n<figure class=\"wp-block-image size-large\"><img loading=\"lazy\" width=\"889\" height=\"1024\" src=\"https:\/\/blogs.urz.uni-halle.de\/maumau\/files\/2025\/05\/MarieAntoinette1769-70-e1707250567161-2-889x1024.jpg\" alt=\"\" class=\"wp-image-19\" srcset=\"https:\/\/blogs.urz.uni-halle.de\/maumau\/files\/2025\/05\/MarieAntoinette1769-70-e1707250567161-2-889x1024.jpg 889w, https:\/\/blogs.urz.uni-halle.de\/maumau\/files\/2025\/05\/MarieAntoinette1769-70-e1707250567161-2-260x300.jpg 260w, https:\/\/blogs.urz.uni-halle.de\/maumau\/files\/2025\/05\/MarieAntoinette1769-70-e1707250567161-2-768x884.jpg 768w, https:\/\/blogs.urz.uni-halle.de\/maumau\/files\/2025\/05\/MarieAntoinette1769-70-e1707250567161-2.jpg 1134w\" sizes=\"(max-width: 889px) 100vw, 889px\" \/><\/figure>\n\n\n\n<p>Die Reise ging \u00fcber Stra\u00dfburg nach Paris, es gab Feste \u00fcber Feste und schon leicht ersch\u00f6pft traf Marie Antoinette auf den K\u00f6nig und den Dauphin. W\u00e4hrend Ludwig XV. strahlend auf sie zueilte, sie herzte und dr\u00fcckte, mit ihr lachte und scherzte (wobei der Hof bemerkte, dass der Frauenheld ihre Reize durchaus mehr zu sch\u00e4tzen wu\u00dfte, als es ihm als ihrem \u201elieben Gro\u00dfvater\u201c zugekommen w\u00e4re), stand der Dauphin mi\u00dfmutig daneben und reichte ihr nur widerwillig Hand und Wange zu Gru\u00df und Ku\u00df. Schwerf\u00e4llig, mit h\u00e4ngenden Schultern und schweigend war er der Einzige, der in diese tagelangen Festlichkeiten nicht passte. Von Feier zu Feier wurden die beiden geschleppt, jubelnde Menschenmassen allerortens. Marie Antoinette war \u00fcberw\u00e4ltigt, erfreut, m\u00fcde. Ihre Frische, ihre Sch\u00f6nheit, ihre Jugend, ihre entz\u00fcckende Art, sich \u00fcberschwenglich zu freuen, wurden gelobt; Millionen Franzosen h\u00e4tten sich heute in sie verliebt, so bekommt sie von einem Mitglied des Hofes zu h\u00f6ren. Mit ihrem Mann, den sie am 14. Mai offiziell heiratet, hatte sie kaum eine Sekunde alleine. Aber sie wird das kaum bemerkt haben, zu aufregend ist alles um sie herum. Sie mag in diesen ersten Tagen das Gef\u00fchl gehabt haben, endlich angekommen zu sein: diese st\u00e4ndige Musik, die Schauspiele, die opulenten Feste: sie sind, was sie in Wien vermisste, ohne es zu kennen. T\u00e4ndeln, Tanzen und Spielen den ganzen Tag lang. Doch zum Ende der Feierlichkeiten am 30. Mai f\u00e4llt ein erster Schatten auf ihr neues Leben: w\u00e4hrend eines Feuerwerkes bricht eine Massenpanik aus und \u00fcber hundert Menschen sterben, hunderte werden verletzt. Einige Jahre sp\u00e4ter wird man die K\u00f6nigin auch hierf\u00fcr verantwortlich machen.<\/p>\n\n\n\n<figure class=\"wp-block-image size-large\"><img src=\"https:\/\/cdn.shopify.com\/s\/files\/1\/0344\/6469\/files\/ugly-cat-paintings-1.jpg?v=1531239930\" alt=\"\" \/><\/figure>\n\n\n\n<p><\/p>\n","protected":false},"excerpt":{"rendered":"<p>Dies ist eine Website mit Basic Informationen \u00fcber Marie Antoinette, die im Rahmen des Webentwicklungsseminars entstanden ist.. In schwierigen Situationen sollte man nicht den Kopf verlieren. marie Antoinette Maria Antonia Josepha Johanna kommt 1755 auf die Welt, als 15. Kind<\/p>\n","protected":false},"author":6333,"featured_media":0,"parent":0,"menu_order":0,"comment_status":"closed","ping_status":"open","template":"","meta":[],"_links":{"self":[{"href":"https:\/\/blogs.urz.uni-halle.de\/maumau\/wp-json\/wp\/v2\/pages\/2"}],"collection":[{"href":"https:\/\/blogs.urz.uni-halle.de\/maumau\/wp-json\/wp\/v2\/pages"}],"about":[{"href":"https:\/\/blogs.urz.uni-halle.de\/maumau\/wp-json\/wp\/v2\/types\/page"}],"author":[{"embeddable":true,"href":"https:\/\/blogs.urz.uni-halle.de\/maumau\/wp-json\/wp\/v2\/users\/6333"}],"replies":[{"embeddable":true,"href":"https:\/\/blogs.urz.uni-halle.de\/maumau\/wp-json\/wp\/v2\/comments?post=2"}],"version-history":[{"count":6,"href":"https:\/\/blogs.urz.uni-halle.de\/maumau\/wp-json\/wp\/v2\/pages\/2\/revisions"}],"predecessor-version":[{"id":24,"href":"https:\/\/blogs.urz.uni-halle.de\/maumau\/wp-json\/wp\/v2\/pages\/2\/revisions\/24"}],"wp:attachment":[{"href":"https:\/\/blogs.urz.uni-halle.de\/maumau\/wp-json\/wp\/v2\/media?parent=2"}],"curies":[{"name":"wp","href":"https:\/\/api.w.org\/{rel}","templated":true}]}}