{"id":2,"date":"2017-03-09T08:21:22","date_gmt":"2017-03-09T07:21:22","guid":{"rendered":"https:\/\/blogs.urz.uni-halle.de\/medsoz1\/?page_id=2"},"modified":"2019-01-21T11:31:07","modified_gmt":"2019-01-21T10:31:07","slug":"beispiel-seite","status":"publish","type":"page","link":"https:\/\/blogs.urz.uni-halle.de\/medsoz1\/","title":{"rendered":"Herzlich Willkommen"},"content":{"rendered":"<h1>Einf\u00fchrung<img loading=\"lazy\" class=\"size-medium wp-image-1061 alignright\" src=\"https:\/\/blogs.urz.uni-halle.de\/medsoz1\/files\/2019\/01\/bookshelves-1751334_640-298x300.png\" alt=\"\" width=\"298\" height=\"300\" srcset=\"https:\/\/blogs.urz.uni-halle.de\/medsoz1\/files\/2019\/01\/bookshelves-1751334_640-298x300.png 298w, https:\/\/blogs.urz.uni-halle.de\/medsoz1\/files\/2019\/01\/bookshelves-1751334_640-150x150.png 150w, https:\/\/blogs.urz.uni-halle.de\/medsoz1\/files\/2019\/01\/bookshelves-1751334_640.png 636w\" sizes=\"(max-width: 298px) 100vw, 298px\" \/><\/h1>\n<p>Wer an der Medizinischen Fakult\u00e4t der Martin-Luther-Universit\u00e4t Halle-Wittenberg studiert, hat die M\u00f6glichkeit zum &#8222;<strong>Dr. med.<\/strong>&#8220; oder zum &#8222;<strong>Dr. rer. medic.<\/strong>&#8220; zu promovieren.<\/p>\n<p class=\"bodytext\">Am <strong>Institut f\u00fcr Medizinische Soziologie<\/strong> <strong>(IMS)<\/strong> k\u00f6nnen Studierende eine medizinsoziologische Dissertation anfertigen. Methodisch sind die Dissertationen am IMS sozialwissenschaftlich fundiert. Um sich intensiv mit dieser Forschungsmethode vertraut zu machen, finden in regelm\u00e4\u00dfigen Abst\u00e4nden Doktoranden-Kolloquien statt, in denen die Doktoranden ihre Forschungsergebnisse pr\u00e4sentieren und <strong>mit Hilfe des IMS <\/strong><strong>international ver\u00f6ffentlichen<\/strong>. In der Regel arbeiten die Doktoranden 3-5 Jahre an einer Dissertation. Je nach individuellen Voraussetzungen, kann sich diese Zeit aber auch verk\u00fcrzen.<\/p>\n<p class=\"bodytext\">Im Allgemeinen st\u00fctzen sich die Arbeiten auf <strong>soziologische Ph\u00e4nomene in der Medizin und der gesundheitlichen Versorgung<\/strong>.\u00a0 Die Dissertationen sind an den Methoden der empirischen Sozialforschung ausgerichtet oder auch als Literaturarbeiten m\u00f6glich.<\/p>\n<p class=\"bodytext\"><img loading=\"lazy\" class=\"size-medium wp-image-1065 alignleft\" src=\"https:\/\/blogs.urz.uni-halle.de\/medsoz1\/files\/2019\/01\/university-1547551_640-300x208.png\" alt=\"\" width=\"300\" height=\"208\" srcset=\"https:\/\/blogs.urz.uni-halle.de\/medsoz1\/files\/2019\/01\/university-1547551_640-300x208.png 300w, https:\/\/blogs.urz.uni-halle.de\/medsoz1\/files\/2019\/01\/university-1547551_640.png 640w\" sizes=\"(max-width: 300px) 100vw, 300px\" \/>Bei Interesse an einer medizinsoziologischen Dissertation am Institut f\u00fcr Medizinische Soziologie k\u00f6nnen sich Interessierte mit einer kurzen Begr\u00fcndung Ihres Interesses, einer Themenvorstellung und einem Lebenslauf an das <a href=\"mailto:medizinische-soziologie@medizin.uni-halle.de\">Sekretariat<\/a> wenden. Gern vereinbaren wir dann einen pers\u00f6nlichen Gespr\u00e4chstermin, in dem weitere Details und M\u00f6glichkeiten mit Herrn\u00a0<a href=\"http:\/\/www.ims.uni-halle.de\/team\/prof._dr._matthias_richter\/\" target=\"_blank\" rel=\"noopener noreferrer\">Prof. Dr. Matthias Richter<\/a>\u00a0besprochen werden k\u00f6nnen.<\/p>\n<p class=\"bodytext\">Detaillierte Informationen zu den allgemeinen Voraussetzungen und Anforderungen k\u00f6nnen in der\u00a0<a title=\"\u00d6ffnet externen Link in neuem Fenster\" href=\"http:\/\/web.uk-halle.de\/fileadmin\/Bereichsordner\/MedizinischeFakultaet\/Promotion\/2016\/_25__neue_PO_vom_08.12.2015_Amtsblatt_23.02.2016.pdf\" target=\"_blank\" rel=\"noopener noreferrer\">Promotionsordnung der Medizinischen Fakult\u00e4t<\/a>\u00a0nachgelesen werden.<\/p>\n","protected":false},"excerpt":{"rendered":"<p>Einf\u00fchrung Wer an der Medizinischen Fakult\u00e4t der Martin-Luther-Universit\u00e4t Halle-Wittenberg studiert, hat die M\u00f6glichkeit zum &#8222;Dr. med.&#8220; oder zum &#8222;Dr. rer. medic.&#8220; zu promovieren. Am Institut f\u00fcr Medizinische Soziologie (IMS) k\u00f6nnen Studierende eine medizinsoziologische Dissertation anfertigen. Methodisch sind die Dissertationen am IMS sozialwissenschaftlich fundiert. Um sich intensiv mit dieser Forschungsmethode vertraut zu machen, finden in regelm\u00e4\u00dfigen &#8230; <a title=\"Herzlich Willkommen\" class=\"read-more\" href=\"https:\/\/blogs.urz.uni-halle.de\/medsoz1\/\">Weiterlesen <span class=\"screen-reader-text\">Herzlich Willkommen<\/span><\/a><\/p>\n","protected":false},"author":2524,"featured_media":0,"parent":0,"menu_order":0,"comment_status":"closed","ping_status":"open","template":"","meta":[],"_links":{"self":[{"href":"https:\/\/blogs.urz.uni-halle.de\/medsoz1\/wp-json\/wp\/v2\/pages\/2"}],"collection":[{"href":"https:\/\/blogs.urz.uni-halle.de\/medsoz1\/wp-json\/wp\/v2\/pages"}],"about":[{"href":"https:\/\/blogs.urz.uni-halle.de\/medsoz1\/wp-json\/wp\/v2\/types\/page"}],"author":[{"embeddable":true,"href":"https:\/\/blogs.urz.uni-halle.de\/medsoz1\/wp-json\/wp\/v2\/users\/2524"}],"replies":[{"embeddable":true,"href":"https:\/\/blogs.urz.uni-halle.de\/medsoz1\/wp-json\/wp\/v2\/comments?post=2"}],"version-history":[{"count":11,"href":"https:\/\/blogs.urz.uni-halle.de\/medsoz1\/wp-json\/wp\/v2\/pages\/2\/revisions"}],"predecessor-version":[{"id":1070,"href":"https:\/\/blogs.urz.uni-halle.de\/medsoz1\/wp-json\/wp\/v2\/pages\/2\/revisions\/1070"}],"wp:attachment":[{"href":"https:\/\/blogs.urz.uni-halle.de\/medsoz1\/wp-json\/wp\/v2\/media?parent=2"}],"curies":[{"name":"wp","href":"https:\/\/api.w.org\/{rel}","templated":true}]}}