{"id":265,"date":"2017-04-07T09:34:21","date_gmt":"2017-04-07T07:34:21","guid":{"rendered":"https:\/\/blogs.urz.uni-halle.de\/medsoz1\/?page_id=265"},"modified":"2017-06-12T13:38:21","modified_gmt":"2017-06-12T11:38:21","slug":"literatur","status":"publish","type":"page","link":"https:\/\/blogs.urz.uni-halle.de\/medsoz1\/literatur\/","title":{"rendered":"Literatur-Empfehlungen"},"content":{"rendered":"<h2><a href=\"https:\/\/blogs.urz.uni-halle.de\/medsoz1\/literatur\/books-2241635_1920\/#main\" rel=\"attachment wp-att-332\"><img loading=\"lazy\" class=\"alignright wp-image-332\" src=\"https:\/\/blogs.urz.uni-halle.de\/medsoz1\/files\/2017\/05\/books-2241635_1920-300x174.jpg\" alt=\"\" width=\"350\" height=\"203\" srcset=\"https:\/\/blogs.urz.uni-halle.de\/medsoz1\/files\/2017\/05\/books-2241635_1920-300x174.jpg 300w, https:\/\/blogs.urz.uni-halle.de\/medsoz1\/files\/2017\/05\/books-2241635_1920-768x446.jpg 768w, https:\/\/blogs.urz.uni-halle.de\/medsoz1\/files\/2017\/05\/books-2241635_1920-1024x595.jpg 1024w, https:\/\/blogs.urz.uni-halle.de\/medsoz1\/files\/2017\/05\/books-2241635_1920.jpg 1920w\" sizes=\"(max-width: 350px) 100vw, 350px\" \/><\/a>Ein schneller Einstieg<\/h2>\n<ul>\n<li>Neugebauer, Edmund A. M.; Mutschler, Wolf; Claes, Lutz (2011): Von der Idee zur Publikation. Erfolgreiches wissenschaftliches Arbeiten in der medizinischen Forschung. 2. Aufl. Berlin, Heidelberg: Springer-Verlag.<\/li>\n<li>Sch\u00f6neck-Vo\u00df, Nadine M.; Vo\u00df, Werner (2013): Das Forschungsprojekt. Planung, Durchf\u00fchrung und Auswertung einer quantitativen Studie. 2., \u00fcberarb. Aufl. Wiesbaden: VS Verlag f\u00fcr Sozialwissenschaften.<\/li>\n<li>Trimmel, Michael (2009): Wissenschaftliches Arbeiten in Psychologie und Medizin. 1. Aufl. Wien: Facultas.wuv (UTB).<\/li>\n<\/ul>\n<h2><\/h2>\n<h2>Grundlagenliteratur<\/h2>\n<h3>Quantitativ<\/h3>\n<ul>\n<li>D\u00f6ring, Nicola (2016): Forschungsmethoden und Evaluation in den Sozial- und Humanwissenschaften. 5. Aufl. Berlin: Springer.<\/li>\n<li>Harms, Volker (2012): Medizinische Statistik: eine leicht verst\u00e4ndliche Einf\u00fchrung; [nach dem Gegenstandskatalog f\u00fcr die 2. \u00c4rztliche Pr\u00fcfung]. 8. Aufl. Lindh\u00f6ft: Harms.<\/li>\n<li>Schnell, Rainer; Hill, Paul B.; Esser, Elke (2014): Methoden der empirischen Sozialforschung. 10. Aufl. M\u00fcnchen: Oldenbourg.<\/li>\n<\/ul>\n<h3>Qualitativ<\/h3>\n<ul>\n<li>Mayring, Philipp (2016): Einf\u00fchrung in die qualitative Sozialforschung: eine Anleitung zu qualitativem Denken. 6. Aufl. Weinheim: Beltz.<\/li>\n<li>Mey, G\u00fcnter; Mruck, Katja (2010): Handbuch Qualitative Forschung in der Psychologie. Wiesbaden: VS Verlag f\u00fcr Sozialwissenschaften.<\/li>\n<li>Przyborski, Aglaja; Wohlrab-Sahr, Monika (2014): Qualitative Sozialforschung. Ein Arbeitsbuch. 4. erweiterte Aufl. M\u00fcnchen: Oldenbourg.<\/li>\n<\/ul>\n<h2><\/h2>\n<h2>F\u00fcr ganz Neugierige<\/h2>\n<ul>\n<li>Popper, Karl Raimund; Keuth, Herbert (Hg.) (2005): Logik der Forschung. 11. Aufl. durchges. u. erg. T\u00fcbingen: Mohr Siebeck.<\/li>\n<\/ul>\n","protected":false},"excerpt":{"rendered":"<p>Ein schneller Einstieg Neugebauer, Edmund A. M.; Mutschler, Wolf; Claes, Lutz (2011): Von der Idee zur Publikation. Erfolgreiches wissenschaftliches Arbeiten in der medizinischen Forschung. 2. Aufl. Berlin, Heidelberg: Springer-Verlag. Sch\u00f6neck-Vo\u00df, Nadine M.; Vo\u00df, Werner (2013): Das Forschungsprojekt. Planung, Durchf\u00fchrung und Auswertung einer quantitativen Studie. 2., \u00fcberarb. Aufl. Wiesbaden: VS Verlag f\u00fcr Sozialwissenschaften. Trimmel, Michael (2009): &#8230; <a title=\"Literatur-Empfehlungen\" class=\"read-more\" href=\"https:\/\/blogs.urz.uni-halle.de\/medsoz1\/literatur\/\">Weiterlesen <span class=\"screen-reader-text\">Literatur-Empfehlungen<\/span><\/a><\/p>\n","protected":false},"author":2524,"featured_media":0,"parent":0,"menu_order":40,"comment_status":"closed","ping_status":"closed","template":"","meta":[],"_links":{"self":[{"href":"https:\/\/blogs.urz.uni-halle.de\/medsoz1\/wp-json\/wp\/v2\/pages\/265"}],"collection":[{"href":"https:\/\/blogs.urz.uni-halle.de\/medsoz1\/wp-json\/wp\/v2\/pages"}],"about":[{"href":"https:\/\/blogs.urz.uni-halle.de\/medsoz1\/wp-json\/wp\/v2\/types\/page"}],"author":[{"embeddable":true,"href":"https:\/\/blogs.urz.uni-halle.de\/medsoz1\/wp-json\/wp\/v2\/users\/2524"}],"replies":[{"embeddable":true,"href":"https:\/\/blogs.urz.uni-halle.de\/medsoz1\/wp-json\/wp\/v2\/comments?post=265"}],"version-history":[{"count":10,"href":"https:\/\/blogs.urz.uni-halle.de\/medsoz1\/wp-json\/wp\/v2\/pages\/265\/revisions"}],"predecessor-version":[{"id":728,"href":"https:\/\/blogs.urz.uni-halle.de\/medsoz1\/wp-json\/wp\/v2\/pages\/265\/revisions\/728"}],"wp:attachment":[{"href":"https:\/\/blogs.urz.uni-halle.de\/medsoz1\/wp-json\/wp\/v2\/media?parent=265"}],"curies":[{"name":"wp","href":"https:\/\/api.w.org\/{rel}","templated":true}]}}