{"id":337,"date":"2017-05-31T08:08:06","date_gmt":"2017-05-31T06:08:06","guid":{"rendered":"https:\/\/blogs.urz.uni-halle.de\/medsoz1\/?page_id=337"},"modified":"2017-06-12T15:15:24","modified_gmt":"2017-06-12T13:15:24","slug":"der-forschungsprozess-2","status":"publish","type":"page","link":"https:\/\/blogs.urz.uni-halle.de\/medsoz1\/der-forschungsprozess-2\/","title":{"rendered":"Der Forschungsprozess"},"content":{"rendered":"<div class=\"ilc_Paragraph ilc_text_block_Standard\">F\u00fcr viele unterschiedliche <strong>Problemstellungen<\/strong> werden in modernen Gesellschaften<strong> systematische Informationen<\/strong> \u00fcber<strong> gesellschaftliche Zusammenh\u00e4nge<\/strong> und das Handeln von Menschen ben\u00f6tigt: <em>Gesundheitsverhalten, Konsumgewohnheiten, Ausbreitung und Folgen neuer Technologien, demographische Entwicklung und Fertilit\u00e4t u.v.m<\/em>. Bei der Erhebung entsprechender Daten werden <strong>Methoden der empirischen Sozialforschung<\/strong> angewandt.<\/div>\n<div class=\"ilc_Paragraph ilc_text_block_Standard\"><\/div>\n<p>Die akademische empirische Sozialforschung ist von einer einfachen Umfrage, wie wir sie nahezu t\u00e4glich in den Medien finden, zu unterscheiden. Als Kriterien f\u00fcr wissenschaftliche Forschung nennen King, Keohanen und Verba (1):<\/p>\n<ol class=\"ilc_list_o_NumberedList\">\n<li class=\"ilc_list_item_StandardListItem\"><span class=\"ilc_text_inline_Strong\" style=\"color: #ee7d0e\">Das Ziel der Forschung ist Inferenz:<\/span> Das Interesse geht \u00fcber die Beobachtung hinaus. L\u00e4sst sich das, was untersucht wurde (bspw. eine Stichprobe) auf gr\u00f6\u00dfere Einheiten \u00fcbertragen?<\/li>\n<li class=\"ilc_list_item_StandardListItem\"><span class=\"ilc_text_inline_Strong\" style=\"color: #ee7d0e\">Die Details der Vorgehensweise sind \u00f6ffentlich zug\u00e4nglich:<\/span> Nur dann kann die Glaubw\u00fcrdigkeit einer wissenschaftlichen Arbeit eingesch\u00e4tzt werden und der Versuch einer Replikation ist m\u00f6glich.<\/li>\n<li class=\"ilc_list_item_StandardListItem\"><span class=\"ilc_text_inline_Strong\" style=\"color: #ee7d0e\">Die Schlussfolgerungen sind prinzipiell unsicher: <\/span>Auch wenn das Ziel der Forschung die \u00dcbertragung auf nicht untersuchte\/beobachtete Einheiten ist, landen wir nicht im Determinismus (wenn &#8211; dann; je- desto) sondern bleiben im probabilistischen Bereich (um so wahrscheinlicher). Wir k\u00f6nnen aber das Ausma\u00df der Unsicherheit einer Aussage absch\u00e4tzen.<\/li>\n<li class=\"ilc_list_item_StandardListItem\"><span class=\"ilc_text_inline_Strong\" style=\"color: #ee7d0e\">Das Kennzeichen der Wissenschaft ist die Methode: <\/span>Wissenschaft l\u00e4sst sich nur \u00fcber die Methode definieren. Die Vorgehensweise bestimmt die Glaubw\u00fcrdigkeit der Untersuchung, die Aussage und letztlich auch die Schlussfolgerung.<br \/>\n(Quelle: King, Gary; Keohane, Robert O.; Verba, Sidney (1994): Designing Social Inquiry: Scientific Inference in Qualitative Research. Princeton: University Press.)<\/li>\n<\/ol>\n<p><span class=\"fontstyle0\">Je nach Problemstellung des geplanten Forschungsprojektes sind die verschiedenen Methoden und Techniken der empirischen Sozialforschung zur Bearbeitung unterschiedlich geeignet. Dabei wird in <span style=\"color: #000000\"><strong><a href=\"https:\/\/blogs.urz.uni-halle.de\/medsoz1\/der-forschungsprozess-2\/der-qualitative-forschungsprozess\/\">qualitative<\/a><\/strong> und <strong><a href=\"https:\/\/blogs.urz.uni-halle.de\/medsoz1\/der-forschungsprozess-2\/der-forschungsprozess\/\">quantitative<\/a> Forschungsmethoden <\/strong><\/span>unterschieden, oder auch in<strong> induktive <\/strong>bzw.<strong> deduktive <\/strong>Vorgehensweise. <\/span><\/p>\n<ul>\n<li class=\"ilc_list_item_StandardListItem\">\n<div class=\"ilc_Paragraph ilc_text_block_List\"><span style=\"color: #ee7d0e\"><span class=\"ilc_text_inline_Strong\">Induktiv: <\/span><\/span>Von den Hypothesen zur Theorie \u2192 aus einzelnen Beobachtungen werden allgemeine Aussagen abgeleitet.<\/div>\n<\/li>\n<li class=\"ilc_list_item_StandardListItem\">\n<div class=\"ilc_Paragraph ilc_text_block_List\"><span style=\"color: #ff950e\"><span class=\"ilc_text_inline_Strong\"><span style=\"color: #ee7d0e\">Deduktiv:<\/span> <\/span><\/span>Von der Theorie zu den Hypothesen \u2192 aus allgemeinen Aussagen werden Vorhersagen f\u00fcr einzelne Schritte abgeleitet.<\/div>\n<\/li>\n<\/ul>\n<p>&nbsp;<\/p>\n","protected":false},"excerpt":{"rendered":"<p>F\u00fcr viele unterschiedliche Problemstellungen werden in modernen Gesellschaften systematische Informationen \u00fcber gesellschaftliche Zusammenh\u00e4nge und das Handeln von Menschen ben\u00f6tigt: Gesundheitsverhalten, Konsumgewohnheiten, Ausbreitung und Folgen neuer Technologien, demographische Entwicklung und Fertilit\u00e4t u.v.m. Bei der Erhebung entsprechender Daten werden Methoden der empirischen Sozialforschung angewandt. Die akademische empirische Sozialforschung ist von einer einfachen Umfrage, wie wir sie nahezu &#8230; <a title=\"Der Forschungsprozess\" class=\"read-more\" href=\"https:\/\/blogs.urz.uni-halle.de\/medsoz1\/der-forschungsprozess-2\/\">Weiterlesen <span class=\"screen-reader-text\">Der Forschungsprozess<\/span><\/a><\/p>\n","protected":false},"author":2524,"featured_media":0,"parent":0,"menu_order":10,"comment_status":"closed","ping_status":"closed","template":"","meta":[],"_links":{"self":[{"href":"https:\/\/blogs.urz.uni-halle.de\/medsoz1\/wp-json\/wp\/v2\/pages\/337"}],"collection":[{"href":"https:\/\/blogs.urz.uni-halle.de\/medsoz1\/wp-json\/wp\/v2\/pages"}],"about":[{"href":"https:\/\/blogs.urz.uni-halle.de\/medsoz1\/wp-json\/wp\/v2\/types\/page"}],"author":[{"embeddable":true,"href":"https:\/\/blogs.urz.uni-halle.de\/medsoz1\/wp-json\/wp\/v2\/users\/2524"}],"replies":[{"embeddable":true,"href":"https:\/\/blogs.urz.uni-halle.de\/medsoz1\/wp-json\/wp\/v2\/comments?post=337"}],"version-history":[{"count":9,"href":"https:\/\/blogs.urz.uni-halle.de\/medsoz1\/wp-json\/wp\/v2\/pages\/337\/revisions"}],"predecessor-version":[{"id":732,"href":"https:\/\/blogs.urz.uni-halle.de\/medsoz1\/wp-json\/wp\/v2\/pages\/337\/revisions\/732"}],"wp:attachment":[{"href":"https:\/\/blogs.urz.uni-halle.de\/medsoz1\/wp-json\/wp\/v2\/media?parent=337"}],"curies":[{"name":"wp","href":"https:\/\/api.w.org\/{rel}","templated":true}]}}