{"id":46,"date":"2017-03-09T09:31:34","date_gmt":"2017-03-09T08:31:34","guid":{"rendered":"https:\/\/blogs.urz.uni-halle.de\/medsoz1\/?page_id=46"},"modified":"2017-10-17T07:42:37","modified_gmt":"2017-10-17T05:42:37","slug":"dr-anja-knoechelmann","status":"publish","type":"page","link":"https:\/\/blogs.urz.uni-halle.de\/medsoz1\/ueber-uns\/dr-anja-knoechelmann\/","title":{"rendered":"Dr. Anja Kn\u00f6chelmann"},"content":{"rendered":"<p><strong>Was habe ich bisher gemacht?<a href=\"https:\/\/blogs.urz.uni-halle.de\/medsoz1\/ueber-uns\/dr-anja-knoechelmann\/anja_knoechelmann\/#main\" rel=\"attachment wp-att-737\"><img loading=\"lazy\" class=\"size-full wp-image-737 alignright\" src=\"https:\/\/blogs.urz.uni-halle.de\/medsoz1\/files\/2017\/03\/Anja_Kn\u00f6chelmann.png\" alt=\"\" width=\"222\" height=\"299\" \/><\/a><\/strong><br \/>\nMein Studium der Soziologie (mit Nebenf\u00e4chern Kommunikations- und Medienwissenschaften habe ich in Leipzig absolviert. Anschlie\u00dfend bin ich an die Medizinische Hochschule Hannover gegangen und habe in einem Projekt zu den <a href=\"https:\/\/www.mh-hannover.de\/angeborene_herzfehler.html\">Belastungen der Eltern von Kindern mit angeborenem Herzfehler<\/a> gearbeitet, in welchem ich auch promovierte. In meiner Dissertation befasste ich mich mit der Erfassung m\u00fctterlichen Wissens zum Herzfehler des Kindes \u00fcber einen Zeitraum von einem Jahr sowie m\u00f6glicher assoziierter Faktoren. Zur Erkl\u00e4rung habe ich mir das Konzept der Gesundheitskompetenz n\u00e4her angesehen und aufgearbeitet.<\/p>\n<p>Seit 2016 arbeite ich als wissenschaftliche Mitarbeiterin am Institut f\u00fcr Medizinische Soziologie (IMS) und bin Leiterin der AG Lebenslaufforschung. Ich befasse mich dementsprechend haupts\u00e4chlich mit dem Thema der Erkl\u00e4rung wie g<a href=\"http:\/\/ims.uni-halle.de\/forschung\/forschungsprojekte\/laufende_projekte\/soep-dfg\/\">esundheitliche Ungleichheiten durch Benachteiligungen im Laufe des Lebens erkl\u00e4rt werden k\u00f6nnen<\/a>. Dar\u00fcber hinaus befasse ich mich weiterhin mit dem Konzept Gesundheitskompetenz und versuche dieses weiterzuentwickeln.<\/p>\n<p><strong>Was sind meine Forschungsschwerpunkte?<\/strong><\/p>\n<ul>\n<li>Beschreibung und Erkl\u00e4rung gesundheitlicher Ungleichheiten \u00fcber den Lebenslauf<\/li>\n<li>Gesundheitskompetenz<\/li>\n<li>Angeborene Herzfehler<\/li>\n<li>Quantitative Verfahren (z.B. Datenerhebung und \u2013auswertung)<\/li>\n<li>Schulsurveys und Trendanalysen<\/li>\n<\/ul>\n<p><strong>Wobei kann ich helfen?<\/strong><br \/>\nIch unterst\u00fctze gern Arbeiten im Bereich der Lebenslaufforschung zu gesundheitlichen Ungleichheiten und bin gern auch bei der Planung von Datenerhebungen behilflich. Au\u00dferdem w\u00fcrde ich mich freuen Arbeiten zur Gesundheitskompetenz zu betreuen; auch Patienten mit angeborenen Herzfehlern wecken bei mir nach wie vor gro\u00dfes Interesse.<\/p>\n<p><strong>Wie kannst Du mich erreichen?<\/strong><br \/>\nWir k\u00f6nnen uns gerne f\u00fcr ein pers\u00f6nliches Gespr\u00e4ch zusammensetzen. Bitte melde Dich per E-Mail <a href=\"mailto:anja.knoechelmann@medizin.uni-halle.de\">anja.knoechelmann@medizin.uni-halle.de<\/a>, damit wir einen Termin abstimmen k\u00f6nnen.<\/p>\n","protected":false},"excerpt":{"rendered":"<p>Was habe ich bisher gemacht? Mein Studium der Soziologie (mit Nebenf\u00e4chern Kommunikations- und Medienwissenschaften habe ich in Leipzig absolviert. Anschlie\u00dfend bin ich an die Medizinische Hochschule Hannover gegangen und habe in einem Projekt zu den Belastungen der Eltern von Kindern mit angeborenem Herzfehler gearbeitet, in welchem ich auch promovierte. In meiner Dissertation befasste ich mich &#8230; <a title=\"Dr. Anja Kn\u00f6chelmann\" class=\"read-more\" href=\"https:\/\/blogs.urz.uni-halle.de\/medsoz1\/ueber-uns\/dr-anja-knoechelmann\/\">Weiterlesen <span class=\"screen-reader-text\">Dr. Anja Kn\u00f6chelmann<\/span><\/a><\/p>\n","protected":false},"author":2524,"featured_media":0,"parent":38,"menu_order":0,"comment_status":"closed","ping_status":"closed","template":"","meta":[],"_links":{"self":[{"href":"https:\/\/blogs.urz.uni-halle.de\/medsoz1\/wp-json\/wp\/v2\/pages\/46"}],"collection":[{"href":"https:\/\/blogs.urz.uni-halle.de\/medsoz1\/wp-json\/wp\/v2\/pages"}],"about":[{"href":"https:\/\/blogs.urz.uni-halle.de\/medsoz1\/wp-json\/wp\/v2\/types\/page"}],"author":[{"embeddable":true,"href":"https:\/\/blogs.urz.uni-halle.de\/medsoz1\/wp-json\/wp\/v2\/users\/2524"}],"replies":[{"embeddable":true,"href":"https:\/\/blogs.urz.uni-halle.de\/medsoz1\/wp-json\/wp\/v2\/comments?post=46"}],"version-history":[{"count":10,"href":"https:\/\/blogs.urz.uni-halle.de\/medsoz1\/wp-json\/wp\/v2\/pages\/46\/revisions"}],"predecessor-version":[{"id":818,"href":"https:\/\/blogs.urz.uni-halle.de\/medsoz1\/wp-json\/wp\/v2\/pages\/46\/revisions\/818"}],"up":[{"embeddable":true,"href":"https:\/\/blogs.urz.uni-halle.de\/medsoz1\/wp-json\/wp\/v2\/pages\/38"}],"wp:attachment":[{"href":"https:\/\/blogs.urz.uni-halle.de\/medsoz1\/wp-json\/wp\/v2\/media?parent=46"}],"curies":[{"name":"wp","href":"https:\/\/api.w.org\/{rel}","templated":true}]}}