{"id":48,"date":"2017-03-09T09:33:15","date_gmt":"2017-03-09T08:33:15","guid":{"rendered":"https:\/\/blogs.urz.uni-halle.de\/medsoz1\/?page_id=48"},"modified":"2019-10-01T10:36:04","modified_gmt":"2019-10-01T08:36:04","slug":"dr-martin-mlinaric","status":"publish","type":"page","link":"https:\/\/blogs.urz.uni-halle.de\/medsoz1\/ueber-uns\/dr-martin-mlinaric\/","title":{"rendered":"Dr. Martin Mlinaric"},"content":{"rendered":"<p><strong>Was habe ich bisher gemacht?<\/strong><strong><img loading=\"lazy\" class=\"wp-image-1089 size-medium alignright\" src=\"https:\/\/blogs.urz.uni-halle.de\/medsoz1\/files\/2019\/10\/foto_martin-200x300.jpg\" alt=\"\" width=\"200\" height=\"300\" srcset=\"https:\/\/blogs.urz.uni-halle.de\/medsoz1\/files\/2019\/10\/foto_martin-200x300.jpg 200w, https:\/\/blogs.urz.uni-halle.de\/medsoz1\/files\/2019\/10\/foto_martin-768x1154.jpg 768w, https:\/\/blogs.urz.uni-halle.de\/medsoz1\/files\/2019\/10\/foto_martin-682x1024.jpg 682w\" sizes=\"(max-width: 200px) 100vw, 200px\" \/><\/strong><br \/>\nMein Studium der Soziologie und S\u00fcdslawistik habe ich an der Friedrich-Schiller-Universit\u00e4t Jena absolviert, an welcher ich auch im Rahmen des DFG-Graduiertenkollegs 1412 \u201eKulturelle Orientierungen und gesellschaftliche Ordnungsstrukturen\u201c (2012\u20132015) meine Dissertation zum Thema \u201eHomophobie im Westbalkan\u201c verfasst habe. Seit 2016 arbeite ich als wissenschaftlicher Mitarbeiter am Institut f\u00fcr Medizinische Soziologie (IMS) und befasse mich haupts\u00e4chlich mit gesundheitlichen Ungleichheiten und der Implementierung von Tabakkontrollpolitiken in der EU im Rahmen des von der Europ\u00e4ischen Kommission gef\u00f6rderten <a href=\"http:\/\/www.medizin.uni-halle.de\/index.php?id=2882&amp;tx_ttnews%5Btt_news%5D=5405&amp;cHash=80cf27cea6a73aadcdde1691204aa703\">SILNE-R-Projektes<\/a>. Soziale Wandlungsprozesse im internationalen Gesellschaftsvergleich sind meine Forschungsschwerpunkte, die ich in meiner Dissertation und in Projekten des IMS mittels qualitativer und quantitativer Methoden untersuche.<\/p>\n<p><strong>Was sind meine Forschungsschwerpunkte?<\/strong><\/p>\n<ul>\n<li>Soziologische Theorien sozialer Ungleichheit,<\/li>\n<li>Implementierung und Wirkung von Tabakkontrollpolitiken,<\/li>\n<li>De-Normalisierung des Rauchens im internationalem Vergleich,<\/li>\n<li>Quantitative Methoden (u.a. Planung, Durchf\u00fchrung und Auswertung von Schulsurveys),<\/li>\n<li>Qualitative Methoden (u.a. leitfadengest\u00fctzte Interviews, Fokusgruppen, Diskursanalyse).<\/li>\n<\/ul>\n<p><strong>Wobei kann ich helfen?<\/strong><br \/>\nIch unterst\u00fctze gerne Arbeiten im Bereich theoriegeleiteter oder qualitativer Fragestellungen, die gesundheitliche Ungleichheiten in zentralen gesellschaftlichen Institutionen oder politische Interventionen untersuchen m\u00f6chten. Ferner unterst\u00fctze ich Dissertationsvorhaben, die sich mit den SILNE-Datens\u00e4tzen mittels Netzwerkanalysen oder der Untersuchung sozialer Ungleichheiten im Rauchen auseinandersetzen m\u00f6chten.<\/p>\n<p><strong>In welchen Projekten arbeite ich?<\/strong><br \/>\n<a href=\"http:\/\/silne-r.ensp.org\/\">SILNE-R<\/a><\/p>\n","protected":false},"excerpt":{"rendered":"<p>Was habe ich bisher gemacht? Mein Studium der Soziologie und S\u00fcdslawistik habe ich an der Friedrich-Schiller-Universit\u00e4t Jena absolviert, an welcher ich auch im Rahmen des DFG-Graduiertenkollegs 1412 \u201eKulturelle Orientierungen und gesellschaftliche Ordnungsstrukturen\u201c (2012\u20132015) meine Dissertation zum Thema \u201eHomophobie im Westbalkan\u201c verfasst habe. Seit 2016 arbeite ich als wissenschaftlicher Mitarbeiter am Institut f\u00fcr Medizinische Soziologie (IMS) &#8230; <a title=\"Dr. Martin Mlinaric\" class=\"read-more\" href=\"https:\/\/blogs.urz.uni-halle.de\/medsoz1\/ueber-uns\/dr-martin-mlinaric\/\">Weiterlesen <span class=\"screen-reader-text\">Dr. Martin Mlinaric<\/span><\/a><\/p>\n","protected":false},"author":2524,"featured_media":0,"parent":38,"menu_order":0,"comment_status":"closed","ping_status":"closed","template":"","meta":[],"_links":{"self":[{"href":"https:\/\/blogs.urz.uni-halle.de\/medsoz1\/wp-json\/wp\/v2\/pages\/48"}],"collection":[{"href":"https:\/\/blogs.urz.uni-halle.de\/medsoz1\/wp-json\/wp\/v2\/pages"}],"about":[{"href":"https:\/\/blogs.urz.uni-halle.de\/medsoz1\/wp-json\/wp\/v2\/types\/page"}],"author":[{"embeddable":true,"href":"https:\/\/blogs.urz.uni-halle.de\/medsoz1\/wp-json\/wp\/v2\/users\/2524"}],"replies":[{"embeddable":true,"href":"https:\/\/blogs.urz.uni-halle.de\/medsoz1\/wp-json\/wp\/v2\/comments?post=48"}],"version-history":[{"count":10,"href":"https:\/\/blogs.urz.uni-halle.de\/medsoz1\/wp-json\/wp\/v2\/pages\/48\/revisions"}],"predecessor-version":[{"id":1092,"href":"https:\/\/blogs.urz.uni-halle.de\/medsoz1\/wp-json\/wp\/v2\/pages\/48\/revisions\/1092"}],"up":[{"embeddable":true,"href":"https:\/\/blogs.urz.uni-halle.de\/medsoz1\/wp-json\/wp\/v2\/pages\/38"}],"wp:attachment":[{"href":"https:\/\/blogs.urz.uni-halle.de\/medsoz1\/wp-json\/wp\/v2\/media?parent=48"}],"curies":[{"name":"wp","href":"https:\/\/api.w.org\/{rel}","templated":true}]}}