{"id":529,"date":"2017-06-02T15:30:47","date_gmt":"2017-06-02T13:30:47","guid":{"rendered":"https:\/\/blogs.urz.uni-halle.de\/medsoz1\/?page_id=529"},"modified":"2019-01-12T14:58:18","modified_gmt":"2019-01-12T13:58:18","slug":"die-wissenschaftliche-beobachtung","status":"publish","type":"page","link":"https:\/\/blogs.urz.uni-halle.de\/medsoz1\/der-forschungsprozess-2\/der-forschungsprozess\/methoden-der-datengewinnung\/die-wissenschaftliche-beobachtung\/","title":{"rendered":"Beobachtung"},"content":{"rendered":"<blockquote><p><span style=\"color: #ee7d00\"><strong>&#8222;Unter einer wissenschaftlichen Beobachtung (\u201escientific observation\u201c) versteht man die zielgerichtete, systematische und regelgeleitete Erfassung, Dokumentation und Interpretation von Merkmalen, Ereignissen oder Verhaltensweisen mithilfe menschlicher Sinnesorgane und\/oder technischer Sensoren zum Zeitpunkt <\/strong><strong>ihres Auftretens.&#8220;*<\/strong><\/span><\/p><\/blockquote>\n<p>Wann ist eine Beobachtung empfehlenswert?<\/p>\n<ul>\n<li>Bei eingeschr\u00e4nkter Verbalisationsm\u00f6glichkeit (z.B. Kleinkinder in ihrem Spielverhalten).<\/li>\n<li>Wenn automatisierte und unbewusste Verhaltensweisen wichtig sind (z.B. Mimik, Gestik nicht im Fragebogen darstellbar).<\/li>\n<li>Bei beschr\u00e4nkte Auskunftswilligkeit (z.B. bei Drogenhandel im Bahnhofsviertel, Verhalten von Polizei und Demonstrierenden bei gewaltt\u00e4tigen Auseinandersetzungen).<\/li>\n<li>Wenn eine non-reaktive Methode gefordert ist (Selbstauskunft von Arbeitsvermittlern vs. Beobachtung der Dienstleistung).<\/li>\n<li>Wenn Verhalten im Zeitverlauf abgebildet werden soll.<\/li>\n<\/ul>\n<p>Diesen Vorteilen bzw. Einsatzgebieten stehen (mindestens) 3 Nachteile gegen\u00fcber**:<\/p>\n<ol>\n<li>Der Zeit- und Kostenaufwand (insb. im Vergleich zur Befragung).<\/li>\n<li>Nicht alles kann beobachtet werden (subjektive Erlebensph\u00e4nomene k\u00f6nnen nicht Fremdbeobachtet, sondern werden m\u00fcssen erfragt werden).<\/li>\n<li>Beobachtungen sind auf methodologischer Ebene weniger ausgearbeitet (Befragungen dominieren).<\/li>\n<\/ol>\n<p><a href=\"https:\/\/blogs.urz.uni-halle.de\/medsoz1\/der-forschungsprozess-2\/der-forschungsprozess\/methoden-der-datengewinnung\/die-wissenschaftliche-beobachtung\/beobachtung\/#main\" rel=\"attachment wp-att-531\"><img loading=\"lazy\" class=\"alignnone wp-image-531\" src=\"https:\/\/blogs.urz.uni-halle.de\/medsoz1\/files\/2017\/06\/Beobachtung-300x206.png\" alt=\"\" width=\"700\" height=\"480\" srcset=\"https:\/\/blogs.urz.uni-halle.de\/medsoz1\/files\/2017\/06\/Beobachtung-300x206.png 300w, https:\/\/blogs.urz.uni-halle.de\/medsoz1\/files\/2017\/06\/Beobachtung-768x527.png 768w, https:\/\/blogs.urz.uni-halle.de\/medsoz1\/files\/2017\/06\/Beobachtung-1024x702.png 1024w, https:\/\/blogs.urz.uni-halle.de\/medsoz1\/files\/2017\/06\/Beobachtung.png 1352w\" sizes=\"(max-width: 700px) 100vw, 700px\" \/><\/a><\/p>\n<div class=\"ilc_Paragraph ilc_text_block_List\"><\/div>\n<div><a href=\"https:\/\/blogs.urz.uni-halle.de\/medsoz1\/der-forschungsprozess-2\/der-forschungsprozess\/\">zur \u00dcbersicht\u00a0<\/a>\u00a0\u00a0\u00a0\u00a0\u00a0\u00a0\u00a0\u00a0 <a href=\"https:\/\/blogs.urz.uni-halle.de\/medsoz1\/der-forschungsprozess-2\/der-forschungsprozess\/methoden-der-datengewinnung\/\">zur\u00fcck<\/a>\u00a0\u00a0\u00a0\u00a0\u00a0\u00a0\u00a0\u00a0\u00a0\u00a0\u00a0<a href=\"https:\/\/blogs.urz.uni-halle.de\/medsoz1\/der-forschungsprozess-2\/der-forschungsprozess\/methoden-der-datengewinnung\/dokumentenanalyse\/\"> n\u00e4chste Seite<\/a><\/div>\n<p>&nbsp;<\/p>\n<p>* D\u00f6ring N (2016): Forschungsmethoden und Evaluation in den Sozial- und Humanwissenschaften. 5. Aufl. Berlin: Springer, S. 324.<br \/>\n** D\u00f6ring N (2016): Forschungsmethoden und Evaluation in den Sozial- und Humanwissenschaften. 5. Aufl. Berlin: Springer.<\/p>\n","protected":false},"excerpt":{"rendered":"<p>&#8222;Unter einer wissenschaftlichen Beobachtung (\u201escientific observation\u201c) versteht man die zielgerichtete, systematische und regelgeleitete Erfassung, Dokumentation und Interpretation von Merkmalen, Ereignissen oder Verhaltensweisen mithilfe menschlicher Sinnesorgane und\/oder technischer Sensoren zum Zeitpunkt ihres Auftretens.&#8220;* Wann ist eine Beobachtung empfehlenswert? Bei eingeschr\u00e4nkter Verbalisationsm\u00f6glichkeit (z.B. Kleinkinder in ihrem Spielverhalten). Wenn automatisierte und unbewusste Verhaltensweisen wichtig sind (z.B. Mimik, Gestik &#8230; <a title=\"Beobachtung\" class=\"read-more\" href=\"https:\/\/blogs.urz.uni-halle.de\/medsoz1\/der-forschungsprozess-2\/der-forschungsprozess\/methoden-der-datengewinnung\/die-wissenschaftliche-beobachtung\/\">Weiterlesen <span class=\"screen-reader-text\">Beobachtung<\/span><\/a><\/p>\n","protected":false},"author":2524,"featured_media":0,"parent":96,"menu_order":1,"comment_status":"closed","ping_status":"closed","template":"","meta":[],"_links":{"self":[{"href":"https:\/\/blogs.urz.uni-halle.de\/medsoz1\/wp-json\/wp\/v2\/pages\/529"}],"collection":[{"href":"https:\/\/blogs.urz.uni-halle.de\/medsoz1\/wp-json\/wp\/v2\/pages"}],"about":[{"href":"https:\/\/blogs.urz.uni-halle.de\/medsoz1\/wp-json\/wp\/v2\/types\/page"}],"author":[{"embeddable":true,"href":"https:\/\/blogs.urz.uni-halle.de\/medsoz1\/wp-json\/wp\/v2\/users\/2524"}],"replies":[{"embeddable":true,"href":"https:\/\/blogs.urz.uni-halle.de\/medsoz1\/wp-json\/wp\/v2\/comments?post=529"}],"version-history":[{"count":10,"href":"https:\/\/blogs.urz.uni-halle.de\/medsoz1\/wp-json\/wp\/v2\/pages\/529\/revisions"}],"predecessor-version":[{"id":1044,"href":"https:\/\/blogs.urz.uni-halle.de\/medsoz1\/wp-json\/wp\/v2\/pages\/529\/revisions\/1044"}],"up":[{"embeddable":true,"href":"https:\/\/blogs.urz.uni-halle.de\/medsoz1\/wp-json\/wp\/v2\/pages\/96"}],"wp:attachment":[{"href":"https:\/\/blogs.urz.uni-halle.de\/medsoz1\/wp-json\/wp\/v2\/media?parent=529"}],"curies":[{"name":"wp","href":"https:\/\/api.w.org\/{rel}","templated":true}]}}