{"id":561,"date":"2017-06-02T16:42:16","date_gmt":"2017-06-02T14:42:16","guid":{"rendered":"https:\/\/blogs.urz.uni-halle.de\/medsoz1\/?page_id=561"},"modified":"2019-01-12T14:52:57","modified_gmt":"2019-01-12T13:52:57","slug":"schriftliche-befragung","status":"publish","type":"page","link":"https:\/\/blogs.urz.uni-halle.de\/medsoz1\/der-forschungsprozess-2\/der-forschungsprozess\/methoden-der-datengewinnung\/schriftliche-befragung\/","title":{"rendered":"Schriftliche Befragung"},"content":{"rendered":"<blockquote><p><span style=\"color: #ee9900\"><strong>\u201eEin Fragebogen ist eine mehr oder weniger standardisierte Zusammenstellung von Fragen, die Personen zur Beantwortung vorgelegt werden mit dem Ziel, deren Antworten zur \u00dcberpr\u00fcfung der den Fragen zugrundeliegenden theoretischen Konzepte und Zusammenh\u00e4nge zu verwenden. Somit stellt ein Fragebogen das zentrale Verbindungsst\u00fcck zwischen Theorie und Analyse dar.\u201d*<\/strong><\/span><\/p><\/blockquote>\n<p>Das Bonmot &#8218;<em>Wenn Sie Sie irgendwie irgendeine Frage stellen, werden Sie sicherlich irgendwie irgendeine Art von Antwort erhalten&#8216;<\/em> deutet bereits an, dass auch das <span style=\"color: #ee7d00\">Erstellen von Frageb\u00f6gen eine komplexe Angelegenheit<\/span> ist. Auch wenn viele Frageb\u00f6gen, die wir bspw. in unwissenschaftlichen Erhebungen erhalten, sicherlich nicht die Schwierigkeit der Aufgabe erahnen lassen.<\/p>\n<p>Doch ein Fragebogen stellt auch gleich schon eine <span style=\"color: #ee7d00\">Herausforderung f\u00fcr die Befragten<\/span> dar. Sie m\u00fcssen:<\/p>\n<ul>\n<li>die gestellte Frage verstehen,<\/li>\n<li>relevante Informationen zum Beantworten der Frage aus dem Ged\u00e4chtnis abrufen,<\/li>\n<li>auf der Basis dieser Informationen ein Urteil bilden,<\/li>\n<li>dieses Urteil gegebenenfalls in ein Antwortformat einpassen und<\/li>\n<li>ihr \u201eprivates\u201c Urteil vor Weitergabe an den Interviewer bzw. den Fragebogen gegebenenfalls \u201eeditieren\u201d.<\/li>\n<\/ul>\n<p>Um das sicherzustellen ist es unsere Pflicht, einen guten Fragebogen zu entwerfen.<\/p>\n<p>Porst formuliert <span style=\"color: #ee7d00\">10 Regeln f\u00fcr die Formulierung von Fragebogen-Fragen:**<\/span><\/p>\n<ul>\n<li>&#8222;Du sollst einfache, unzweideutige Begriffe verwenden, die von allen Befragten in gleicher Weise verstanden werden!<\/li>\n<li>Du sollst lange und komplexe Fragen vermeiden!<\/li>\n<li>Du sollst hypothetische Fragen vermeiden!<\/li>\n<li>Du sollst doppelte Stimuli und Verneinungen vermeiden!<\/li>\n<li>Du sollst Unterstellungen und suggestive Fragen vermeiden!<\/li>\n<li>Du sollst Fragen vermeiden, die auf Informationen abzielen, \u00fcber die viele Befragte mutma\u00dflich nicht verf\u00fcgen!<\/li>\n<li>Du sollst Fragen mit eindeutigem zeitlichen Bezug verwenden!<\/li>\n<li>Du sollst Antwortkategorien verwenden, die ersch\u00f6pfend und disjunkt (\u00fcberschneidungsfrei) sind!<\/li>\n<li>Du sollst sicherstellen, dass der Kontext einer Frage sich nicht (unkontrolliert) auf deren Beantwortung auswirkt!<\/li>\n<li>Du sollst unklare Begriffe definieren!&#8220;<\/li>\n<\/ul>\n<p>Aber neben der Formulierung der Fragen, sind noch u.a. die Dramaturgie des Fragebogens, Hinweise f\u00fcr die Befragten, Filterf\u00fchrungen und das Layout des Fragebogens zu beachten. Dar\u00fcber hinaus sollte ein neu entwickelter Fragebogen auch vor dem Einsatz in einer Studie getestet werden (Pretest).<\/p>\n<p><span style=\"color: #ee7d00\">Auch hinter einem scheinbar einfachen Datenerhebungsinstrument steckt viel Know how und es empfiehlt sich vor der selbstst\u00e4ndigen Konstruktion mit entsprechender Fachliteratur vertraut zu machen (wie bei allen Verfahren). Fehler oder Unklarheiten in der Datenerhebung schleppen sich durch das ganze Projekt und k\u00f6nnen sp\u00e4ter nicht mehr gesch\u00f6nt werden.<\/span><\/p>\n<p><strong>Weiterf\u00fchrende Literatur:<\/strong><\/p>\n<ul>\n<li>Hollenberg S (2016): Frageb\u00f6gen: Fundierte Konstruktion, sachgerechte Anwendung und aussagekr\u00e4ftige Auswertung. 1. Aufl. Wiesbaden: Springer VS.<\/li>\n<li>Porst R (2014): Fragebogen. Wiesbaden: Springer Fachmedien Wiesbaden.<\/li>\n<li>Raab-Steiner E; Benesch M (2015): Der Fragebogen. Von der Forschungsidee zur SPSS-Auswertung. 4., aktualisierte und \u00fcberarb. Aufl. Wien: Facultas.<\/li>\n<\/ul>\n<p>* Porst R (2014): Fragebogen. Wiesbaden: Springer Fachmedien Wiesbaden, S. 16.<br \/>\n** Porst R (2014): Fragebogen. Wiesbaden: Springer Fachmedien Wiesbaden, S. 99-100.<\/p>\n<p>&nbsp;<\/p>\n<p><a href=\"https:\/\/blogs.urz.uni-halle.de\/medsoz1\/der-forschungsprozess-2\/der-forschungsprozess\/\">zur \u00dcbersicht\u00a0<\/a>\u00a0\u00a0\u00a0\u00a0\u00a0\u00a0\u00a0\u00a0 <a href=\"https:\/\/blogs.urz.uni-halle.de\/medsoz1\/der-forschungsprozess-2\/der-forschungsprozess\/methoden-der-datengewinnung\/psychologische-tests\/\">zur\u00fcck<\/a>\u00a0\u00a0\u00a0\u00a0\u00a0\u00a0\u00a0\u00a0\u00a0\u00a0\u00a0<a href=\"https:\/\/blogs.urz.uni-halle.de\/medsoz1\/der-forschungsprozess-2\/der-forschungsprozess\/datenauswertung-und-interpretation\/\"> n\u00e4chste Seite<\/a><\/p>\n","protected":false},"excerpt":{"rendered":"<p>\u201eEin Fragebogen ist eine mehr oder weniger standardisierte Zusammenstellung von Fragen, die Personen zur Beantwortung vorgelegt werden mit dem Ziel, deren Antworten zur \u00dcberpr\u00fcfung der den Fragen zugrundeliegenden theoretischen Konzepte und Zusammenh\u00e4nge zu verwenden. Somit stellt ein Fragebogen das zentrale Verbindungsst\u00fcck zwischen Theorie und Analyse dar.\u201d* Das Bonmot &#8218;Wenn Sie Sie irgendwie irgendeine Frage stellen, &#8230; <a title=\"Schriftliche Befragung\" class=\"read-more\" href=\"https:\/\/blogs.urz.uni-halle.de\/medsoz1\/der-forschungsprozess-2\/der-forschungsprozess\/methoden-der-datengewinnung\/schriftliche-befragung\/\">Weiterlesen <span class=\"screen-reader-text\">Schriftliche Befragung<\/span><\/a><\/p>\n","protected":false},"author":2524,"featured_media":0,"parent":96,"menu_order":6,"comment_status":"closed","ping_status":"closed","template":"","meta":[],"_links":{"self":[{"href":"https:\/\/blogs.urz.uni-halle.de\/medsoz1\/wp-json\/wp\/v2\/pages\/561"}],"collection":[{"href":"https:\/\/blogs.urz.uni-halle.de\/medsoz1\/wp-json\/wp\/v2\/pages"}],"about":[{"href":"https:\/\/blogs.urz.uni-halle.de\/medsoz1\/wp-json\/wp\/v2\/types\/page"}],"author":[{"embeddable":true,"href":"https:\/\/blogs.urz.uni-halle.de\/medsoz1\/wp-json\/wp\/v2\/users\/2524"}],"replies":[{"embeddable":true,"href":"https:\/\/blogs.urz.uni-halle.de\/medsoz1\/wp-json\/wp\/v2\/comments?post=561"}],"version-history":[{"count":10,"href":"https:\/\/blogs.urz.uni-halle.de\/medsoz1\/wp-json\/wp\/v2\/pages\/561\/revisions"}],"predecessor-version":[{"id":1035,"href":"https:\/\/blogs.urz.uni-halle.de\/medsoz1\/wp-json\/wp\/v2\/pages\/561\/revisions\/1035"}],"up":[{"embeddable":true,"href":"https:\/\/blogs.urz.uni-halle.de\/medsoz1\/wp-json\/wp\/v2\/pages\/96"}],"wp:attachment":[{"href":"https:\/\/blogs.urz.uni-halle.de\/medsoz1\/wp-json\/wp\/v2\/media?parent=561"}],"curies":[{"name":"wp","href":"https:\/\/api.w.org\/{rel}","templated":true}]}}