{"id":770,"date":"2017-07-07T10:14:38","date_gmt":"2017-07-07T08:14:38","guid":{"rendered":"https:\/\/blogs.urz.uni-halle.de\/medsoz1\/?page_id=770"},"modified":"2017-07-07T13:20:31","modified_gmt":"2017-07-07T11:20:31","slug":"impressum","status":"publish","type":"page","link":"https:\/\/blogs.urz.uni-halle.de\/medsoz1\/ueber-uns\/impressum\/","title":{"rendered":"Impressum"},"content":{"rendered":"<h3>Kontakt<\/h3>\n<p>Martin-Luther-Universit\u00e4t Halle-Wittenberg<br \/>\nInstitut f\u00fcr Medizinische Soziologie<\/p>\n<p>Magdeburger Str. 8<br \/>\n06112 Halle<\/p>\n<p>Telefon: +49 (0) 345 557-1161<br \/>\nE-Mail: <a class=\"external text\" href=\"mailto:info@llz.uni-halle.de\" target=\"_blank\" rel=\"nofollow noopener noreferrer\">medizinische-soziologie@medizin.uni-halle.de<\/a><\/p>\n<h3>Inhaltlich Verantwortlicher<\/h3>\n<p>Prof. Dr. Matthias Richter<\/p>\n<h3>Institution<\/h3>\n<p>Martin-Luther-Universit\u00e4t Halle-Wittenberg<br \/>\nK\u00f6rperschaft des \u00f6ffentlichen Rechts<br \/>\nvertreten durch den Rektor Prof. Dr. Udo Str\u00e4ter<br \/>\nHausanschrift (Sitz): Universit\u00e4tsplatz 10, 06108 Halle<br \/>\nPostanschrift: 06099 Halle<br \/>\nTelefon: +49 (0) 345 55-20<br \/>\nTelefax: +49 (0) 345 55-27077<br \/>\nE-Mail: rektor@uni-halle.de<br \/>\nUmsatzsteuer-Identifikationsnummer: DE 811353703<\/p>\n<div class=\"page\" title=\"Page 1\">\n<div class=\"layoutArea\">\n<div class=\"column\">\n<h3>Haftung fu\u0308r Inhalte<\/h3>\n<p>Als Diensteanbieter sind wir gema\u0308\u00df \u00a7 7 Abs.1 TMG fu\u0308r eigene Inhalte auf diesen Seiten nach den allgemeinen Gesetzen verantwortlich. Nach \u00a7\u00a7 8 bis 10 TMG sind wir als Diensteanbieter jedoch nicht verpflichtet, u\u0308bermittelte oder gespeicherte fremde Informationen zu u\u0308berwachen oder nach Umsta\u0308nden zu forschen, die auf eine rechtswidrige Ta\u0308tigkeit hinweisen. Verpflichtungen zur Entfernung oder Sperrung der Nutzung von Informationen nach den allgemeinenGesetzen bleiben hiervon unberu\u0308hrt. Eine diesbezu\u0308gliche Haftung ist jedoch erst ab dem Zeitpunkt der Kenntnis einer konkreten Rechtsverletzung mo\u0308glich. Bei Bekanntwerden von entsprechenden Rechtsverletzungen werden wir diese Inhalte umgehend entfernen.<\/p>\n<\/div>\n<\/div>\n<\/div>\n<div class=\"page\" title=\"Page 2\">\n<div class=\"layoutArea\">\n<div class=\"column\">\n<h3>Haftung fu\u0308r Links<\/h3>\n<p>Unser Angebot entha\u0308lt Links zu externen Webseiten Dritter, auf deren Inhalte wir keinen Einfluss haben. Deshalb ko\u0308nnen wir fu\u0308r diese fremden Inhalte auch keine Gewa\u0308hr u\u0308bernehmen. Fu\u0308r die Inhalte der verlinkten Seiten ist stets der jeweilige Anbieter oder Betreiber der Seiten verantwortlich. Die verlinkten Seiten wurden zum Zeitpunkt der Verlinkung auf mo\u0308gliche Rechtsversto\u0308\u00dfe u\u0308berpru\u0308ft. Rechtswidrige Inhalte waren zum Zeitpunkt der Verlinkung nicht erkennbar. Eine permanente inhaltliche Kontrolle der verlinkten Seiten ist jedoch ohne konkrete Anhaltspunkte einer Rechtsverletzung nicht zumutbar. Bei Bekanntwerden von Rechtsverletzungen werden wir derartige Links umgehend entfernen.<\/p>\n<h3>Urheberrecht<\/h3>\n<p>Die durch die Seitenbetreiber erstellten Inhalte und Werke auf diesen Seiten unterliegen dem deutschen Urheberrecht. Die Vervielfa\u0308ltigung, Bearbeitung, Verbreitung und jede Art der Verwertung au\u00dferhalb der Grenzen des Urheberrechtes bedu\u0308rfen der schriftlichen Zustimmung des jeweiligen Autors bzw. Erstellers. Downloads und Kopien dieser Seite sind nur fu\u0308r den privaten, nicht kommerziellen Gebrauch gestattet. Soweit die Inhalte auf dieser Seite nicht vom Betreiber erstellt wurden, werden die Urheberrechte Dritter beachtet. Insbesondere werden Inhalte Dritter als solche gekennzeichnet. Sollten Sie trotzdem auf eine Urheberrechtsverletzung aufmerksam werden, bitten wir um einen entsprechenden Hinweis. Bei Bekanntwerden von Rechtsverletzungen werden wir derartige Inhalte umgehend entfernen.<\/p>\n<\/div>\n<\/div>\n<\/div>\n<p>&nbsp;<\/p>\n","protected":false},"excerpt":{"rendered":"<p>Kontakt Martin-Luther-Universit\u00e4t Halle-Wittenberg Institut f\u00fcr Medizinische Soziologie Magdeburger Str. 8 06112 Halle Telefon: +49 (0) 345 557-1161 E-Mail: medizinische-soziologie@medizin.uni-halle.de Inhaltlich Verantwortlicher Prof. Dr. Matthias Richter Institution Martin-Luther-Universit\u00e4t Halle-Wittenberg K\u00f6rperschaft des \u00f6ffentlichen Rechts vertreten durch den Rektor Prof. Dr. Udo Str\u00e4ter Hausanschrift (Sitz): Universit\u00e4tsplatz 10, 06108 Halle Postanschrift: 06099 Halle Telefon: +49 (0) 345 55-20 Telefax: &#8230; <a title=\"Impressum\" class=\"read-more\" href=\"https:\/\/blogs.urz.uni-halle.de\/medsoz1\/ueber-uns\/impressum\/\">Weiterlesen <span class=\"screen-reader-text\">Impressum<\/span><\/a><\/p>\n","protected":false},"author":2524,"featured_media":0,"parent":38,"menu_order":5,"comment_status":"closed","ping_status":"closed","template":"","meta":[],"_links":{"self":[{"href":"https:\/\/blogs.urz.uni-halle.de\/medsoz1\/wp-json\/wp\/v2\/pages\/770"}],"collection":[{"href":"https:\/\/blogs.urz.uni-halle.de\/medsoz1\/wp-json\/wp\/v2\/pages"}],"about":[{"href":"https:\/\/blogs.urz.uni-halle.de\/medsoz1\/wp-json\/wp\/v2\/types\/page"}],"author":[{"embeddable":true,"href":"https:\/\/blogs.urz.uni-halle.de\/medsoz1\/wp-json\/wp\/v2\/users\/2524"}],"replies":[{"embeddable":true,"href":"https:\/\/blogs.urz.uni-halle.de\/medsoz1\/wp-json\/wp\/v2\/comments?post=770"}],"version-history":[{"count":5,"href":"https:\/\/blogs.urz.uni-halle.de\/medsoz1\/wp-json\/wp\/v2\/pages\/770\/revisions"}],"predecessor-version":[{"id":776,"href":"https:\/\/blogs.urz.uni-halle.de\/medsoz1\/wp-json\/wp\/v2\/pages\/770\/revisions\/776"}],"up":[{"embeddable":true,"href":"https:\/\/blogs.urz.uni-halle.de\/medsoz1\/wp-json\/wp\/v2\/pages\/38"}],"wp:attachment":[{"href":"https:\/\/blogs.urz.uni-halle.de\/medsoz1\/wp-json\/wp\/v2\/media?parent=770"}],"curies":[{"name":"wp","href":"https:\/\/api.w.org\/{rel}","templated":true}]}}