{"id":45,"date":"2022-07-14T15:23:18","date_gmt":"2022-07-14T13:23:18","guid":{"rendered":"https:\/\/blogs.urz.uni-halle.de\/mehrsprachigeschule\/?page_id=45"},"modified":"2022-09-26T11:59:35","modified_gmt":"2022-09-26T09:59:35","slug":"literatur","status":"publish","type":"page","link":"https:\/\/blogs.urz.uni-halle.de\/mehrsprachigeschule\/literatur\/","title":{"rendered":"Literatur"},"content":{"rendered":"\n<p>Heike Wiese\/Rosemarie Tracy\/Anke Sennema (2020): <a rel=\"noreferrer noopener\" href=\"https:\/\/shop.duden.de\/products\/deutschpflicht-auf-dem-schulhof\" data-type=\"URL\" data-id=\"https:\/\/shop.duden.de\/products\/deutschpflicht-auf-dem-schulhof\" target=\"_blank\">Deutschpflicht auf dem Schulhof?: Warum wir Mehrsprachigkeit brauchen<\/a>. Duden<\/p>\n\n\n\n<p>Manfred Krifka, Joanna B\u0142aszczak, Annette Le\u00dfm\u00f6llmann, Andr\u00e9 Meinunger, Barbara Stiebels, Rosemarie Tracy, Hubert Truckenbrodt (Hrsg.) (2014): <a rel=\"noreferrer noopener\" href=\"https:\/\/link.springer.com\/book\/10.1007\/978-3-642-34315-5\" data-type=\"URL\" data-id=\"https:\/\/link.springer.com\/book\/10.1007\/978-3-642-34315-5\" target=\"_blank\">Das mehrsprachige Klassenzimmer: \u00fcber die Muttersprachen unserer Sch\u00fcler<\/a>. Berlin\/Heidelberg: Springer VS<\/p>\n\n\n\n<p>Heidi R\u00f6sch (2017): <a href=\"https:\/\/doi.org\/10.1007\/978-3-476-05548-4\" data-type=\"URL\" data-id=\"https:\/\/doi.org\/10.1007\/978-3-476-05548-4\" target=\"_blank\" rel=\"noreferrer noopener\">Deutschunterricht in der Migrationsgesellschaft: eine Einf\u00fchrung<\/a>. Stuttgart: J.B. Metzler<\/p>\n\n\n\n<p><\/p>\n","protected":false},"excerpt":{"rendered":"<p>Heike Wiese\/Rosemarie Tracy\/Anke Sennema (2020): Deutschpflicht auf dem Schulhof?: Warum wir Mehrsprachigkeit brauchen. Duden Manfred Krifka, Joanna B\u0142aszczak, Annette Le\u00dfm\u00f6llmann, Andr\u00e9 Meinunger, Barbara Stiebels, Rosemarie Tracy, Hubert Truckenbrodt (Hrsg.) (2014): Das mehrsprachige Klassenzimmer: \u00fcber die Muttersprachen unserer Sch\u00fcler. Berlin\/Heidelberg: Springer<\/p>\n","protected":false},"author":5523,"featured_media":0,"parent":0,"menu_order":0,"comment_status":"closed","ping_status":"closed","template":"","meta":[],"_links":{"self":[{"href":"https:\/\/blogs.urz.uni-halle.de\/mehrsprachigeschule\/wp-json\/wp\/v2\/pages\/45"}],"collection":[{"href":"https:\/\/blogs.urz.uni-halle.de\/mehrsprachigeschule\/wp-json\/wp\/v2\/pages"}],"about":[{"href":"https:\/\/blogs.urz.uni-halle.de\/mehrsprachigeschule\/wp-json\/wp\/v2\/types\/page"}],"author":[{"embeddable":true,"href":"https:\/\/blogs.urz.uni-halle.de\/mehrsprachigeschule\/wp-json\/wp\/v2\/users\/5523"}],"replies":[{"embeddable":true,"href":"https:\/\/blogs.urz.uni-halle.de\/mehrsprachigeschule\/wp-json\/wp\/v2\/comments?post=45"}],"version-history":[{"count":2,"href":"https:\/\/blogs.urz.uni-halle.de\/mehrsprachigeschule\/wp-json\/wp\/v2\/pages\/45\/revisions"}],"predecessor-version":[{"id":121,"href":"https:\/\/blogs.urz.uni-halle.de\/mehrsprachigeschule\/wp-json\/wp\/v2\/pages\/45\/revisions\/121"}],"wp:attachment":[{"href":"https:\/\/blogs.urz.uni-halle.de\/mehrsprachigeschule\/wp-json\/wp\/v2\/media?parent=45"}],"curies":[{"name":"wp","href":"https:\/\/api.w.org\/{rel}","templated":true}]}}