{"id":59,"date":"2022-07-14T15:28:57","date_gmt":"2022-07-14T13:28:57","guid":{"rendered":"https:\/\/blogs.urz.uni-halle.de\/mehrsprachigeschule\/?page_id=59"},"modified":"2023-02-02T19:33:58","modified_gmt":"2023-02-02T18:33:58","slug":"im-lehrerinnenzimmer","status":"publish","type":"page","link":"https:\/\/blogs.urz.uni-halle.de\/mehrsprachigeschule\/im-lehrerinnenzimmer\/","title":{"rendered":"Im LehrerInnenzimmer"},"content":{"rendered":"\n<h2>EMPATHIZE ME<\/h2>\n\n\n\n<p>Unsere Spielidee, basierend auf dem Gesellschaftsspiel <a rel=\"noreferrer noopener\" href=\"https:\/\/www.schmidtspiele.de\/details\/produkt\/perfect-match.html\" data-type=\"URL\" data-id=\"https:\/\/www.schmidtspiele.de\/details\/produkt\/perfect-match.html\" target=\"_blank\">Perfect Match<\/a>, soll Lehrpersonen auf spielerische Art und Weise dabei unterst\u00fctzen, ihre Empathief\u00e4higkeit auszubauen und ihr Bewusstsein f\u00fcr Mehrsprachigkeit zu st\u00e4rken. Die Bastel- und Spielanleitung im Videoclip-Format erlaubt einen niedrigschwelligen Einstieg, egal, ob ihr es mit Kolleg:innen spielt oder vielleicht doch im Klassenzimmer?!<\/p>\n\n\n\n<figure class=\"wp-block-embed-youtube wp-block-embed is-type-video is-provider-youtube wp-embed-aspect-16-9 wp-has-aspect-ratio\"><div class=\"wp-block-embed__wrapper\">\n<div class=\"responsive-video\"><iframe title=\"EMPATHIZE ME Vorspiel how to play\" width=\"755\" height=\"425\" src=\"https:\/\/www.youtube.com\/embed\/P17RfCbevzI?feature=oembed\" frameborder=\"0\" allow=\"accelerometer; autoplay; clipboard-write; encrypted-media; gyroscope; picture-in-picture; web-share\" allowfullscreen><\/iframe><\/div>\n<\/div><figcaption>Kurze Spielbeschreibung am Beispiel\/how to play &#8211; an example <\/figcaption><\/figure>\n\n\n\n<p>Our game idea, based on the board game <a rel=\"noreferrer noopener\" href=\"https:\/\/www.schmidtspiele.de\/details\/produkt\/perfect-match.html\" data-type=\"URL\" data-id=\"https:\/\/www.schmidtspiele.de\/details\/produkt\/perfect-match.html\" target=\"_blank\">Perfect Match<\/a>, is designed to support teachers in a playful way to develop their empathy skills and strengthen their awareness of multilingualism. Craft instruction and game guide in short video clips allow a low-threshold entry, no matter if you play it with colleagues or maybe in the classroom?!<\/p>\n\n\n\n<div class=\"wp-block-file\"><a href=\"https:\/\/blogs.urz.uni-halle.de\/mehrsprachigeschule\/files\/2022\/09\/EMPATHIZE-ME_deutsche-Version.pdf\">EMPATHIZE-ME_deutsche-Version<\/a><a href=\"https:\/\/blogs.urz.uni-halle.de\/mehrsprachigeschule\/files\/2022\/09\/EMPATHIZE-ME_deutsche-Version.pdf\" class=\"wp-block-file__button\" download>Herunterladen<\/a><\/div>\n\n\n\n<div class=\"wp-block-file\"><a href=\"https:\/\/blogs.urz.uni-halle.de\/mehrsprachigeschule\/files\/2022\/09\/EMPATHIZE-ME_english-version.pdf\">EMPATHIZE-ME_english-version<\/a><a href=\"https:\/\/blogs.urz.uni-halle.de\/mehrsprachigeschule\/files\/2022\/09\/EMPATHIZE-ME_english-version.pdf\" class=\"wp-block-file__button\" download>Herunterladen<\/a><\/div>\n\n\n\n<figure class=\"wp-block-embed-youtube wp-block-embed is-type-video is-provider-youtube wp-embed-aspect-16-9 wp-has-aspect-ratio\"><div class=\"wp-block-embed__wrapper\">\n<div class=\"responsive-video\"><iframe title=\"EMPATHIZE ME Bastelanleitung craft instruction\" width=\"755\" height=\"425\" src=\"https:\/\/www.youtube.com\/embed\/ix5a3O6jNj4?feature=oembed\" frameborder=\"0\" allow=\"accelerometer; autoplay; clipboard-write; encrypted-media; gyroscope; picture-in-picture; web-share\" allowfullscreen><\/iframe><\/div>\n<\/div><figcaption>Bastelanleitung\/Craft instruction<\/figcaption><\/figure>\n\n\n\n<h2>Land der Woche<\/h2>\n\n\n\n<p>Mit dem &#8222;Land der Woche&#8220; soll Lehrkr\u00e4ften die M\u00f6glichkeit geboten werden, Mehrsprachigkeit regelm\u00e4\u00dfig in den Unterricht zu integrieren. Die nachfolgende Landkarte mit den jeweiligen Unterrichtskonzepten pro Land kann als Prototyp <a href=\"https:\/\/padlet.com\/user672\/land-der-woche-q0ydani6lo2kmbad\" data-type=\"URL\" data-id=\"https:\/\/padlet.com\/user672\/land-der-woche-q0ydani6lo2kmbad\" target=\"_blank\" rel=\"noreferrer noopener\">hier<\/a> heruntergeladen und von Lehrkr\u00e4ften genutzt und erg\u00e4nzt werden.<\/p>\n\n\n\n<figure class=\"wp-block-image size-large is-resized\"><img loading=\"lazy\" src=\"https:\/\/blogs.urz.uni-halle.de\/mehrsprachigeschule\/files\/2023\/02\/padlet-q0ydani6lo2kmbad-1-1024x819.png\" alt=\"\" class=\"wp-image-149\" width=\"727\" height=\"581\" srcset=\"https:\/\/blogs.urz.uni-halle.de\/mehrsprachigeschule\/files\/2023\/02\/padlet-q0ydani6lo2kmbad-1-1024x819.png 1024w, https:\/\/blogs.urz.uni-halle.de\/mehrsprachigeschule\/files\/2023\/02\/padlet-q0ydani6lo2kmbad-1-300x240.png 300w, https:\/\/blogs.urz.uni-halle.de\/mehrsprachigeschule\/files\/2023\/02\/padlet-q0ydani6lo2kmbad-1-768x614.png 768w, https:\/\/blogs.urz.uni-halle.de\/mehrsprachigeschule\/files\/2023\/02\/padlet-q0ydani6lo2kmbad-1.png 1280w\" sizes=\"(max-width: 727px) 100vw, 727px\" \/><figcaption>Landkarte des Padlets<\/figcaption><\/figure>\n","protected":false},"excerpt":{"rendered":"<p>EMPATHIZE ME Unsere Spielidee, basierend auf dem Gesellschaftsspiel Perfect Match, soll Lehrpersonen auf spielerische Art und Weise dabei unterst\u00fctzen, ihre Empathief\u00e4higkeit auszubauen und ihr Bewusstsein f\u00fcr Mehrsprachigkeit zu st\u00e4rken. Die Bastel- und Spielanleitung im Videoclip-Format erlaubt einen niedrigschwelligen Einstieg, egal,<\/p>\n","protected":false},"author":5523,"featured_media":148,"parent":0,"menu_order":0,"comment_status":"closed","ping_status":"closed","template":"","meta":[],"_links":{"self":[{"href":"https:\/\/blogs.urz.uni-halle.de\/mehrsprachigeschule\/wp-json\/wp\/v2\/pages\/59"}],"collection":[{"href":"https:\/\/blogs.urz.uni-halle.de\/mehrsprachigeschule\/wp-json\/wp\/v2\/pages"}],"about":[{"href":"https:\/\/blogs.urz.uni-halle.de\/mehrsprachigeschule\/wp-json\/wp\/v2\/types\/page"}],"author":[{"embeddable":true,"href":"https:\/\/blogs.urz.uni-halle.de\/mehrsprachigeschule\/wp-json\/wp\/v2\/users\/5523"}],"replies":[{"embeddable":true,"href":"https:\/\/blogs.urz.uni-halle.de\/mehrsprachigeschule\/wp-json\/wp\/v2\/comments?post=59"}],"version-history":[{"count":10,"href":"https:\/\/blogs.urz.uni-halle.de\/mehrsprachigeschule\/wp-json\/wp\/v2\/pages\/59\/revisions"}],"predecessor-version":[{"id":179,"href":"https:\/\/blogs.urz.uni-halle.de\/mehrsprachigeschule\/wp-json\/wp\/v2\/pages\/59\/revisions\/179"}],"wp:featuredmedia":[{"embeddable":true,"href":"https:\/\/blogs.urz.uni-halle.de\/mehrsprachigeschule\/wp-json\/wp\/v2\/media\/148"}],"wp:attachment":[{"href":"https:\/\/blogs.urz.uni-halle.de\/mehrsprachigeschule\/wp-json\/wp\/v2\/media?parent=59"}],"curies":[{"name":"wp","href":"https:\/\/api.w.org\/{rel}","templated":true}]}}