{"id":11324,"date":"2021-01-15T14:13:52","date_gmt":"2021-01-15T13:13:52","guid":{"rendered":"https:\/\/www.menalib.de\/?page_id=11324"},"modified":"2024-09-03T11:19:54","modified_gmt":"2024-09-03T09:19:54","slug":"zweitveroffentlichungen","status":"publish","type":"page","link":"https:\/\/blogs.urz.uni-halle.de\/menalib\/en\/vifa\/menadoc\/zweitveroffentlichungen\/","title":{"rendered":"Secondary Publications"},"content":{"rendered":"<p><\/p>\n<div class=\"bigger-box\">\n<h2>Publication in Open Access<\/h2>\n<p><a href=\"https:\/\/www.menalib.de\/files\/2021\/06\/wordcloud-svgomg-1.svg\" class=\"broken_link\"><img loading=\"lazy\" class=\"alignleft wp-image-11916 size-medium\" src=\"https:\/\/www.menalib.de\/files\/2021\/06\/wordcloud-svgomg-1.svg\" alt=\"\" width=\"800\" height=\"2400\" srcset=\"https:\/\/blogs.urz.uni-halle.de\/menalib\/files\/\/2021\/06\/wordcloud-svgomg-1.svg 420w, https:\/\/blogs.urz.uni-halle.de\/menalib\/files\/\/2021\/06\/wordcloud-svgomg-1.svg 800w, https:\/\/blogs.urz.uni-halle.de\/menalib\/files\/\/2021\/06\/wordcloud-svgomg-1.svg 1280w\" sizes=\"(max-width: 800px) 100vw, 800px\" \/><\/a>On these regularly updated pages you will find all researchers who have made their publications available to <a href=\"https:\/\/www.menalib.de\/vifa\/menadoc\/\">MENAdoc<\/a> for secondary publication in open access.<!--more--><\/p>\n<p><a href=\"https:\/\/www.menalib.de\/service\/publizieren-auf-menadoc\/\">More about publishing on MENAdoc&#8230;<\/a><\/p>\n<p>The individual pages contain brief information on affiliation and research areas as well as the bibliography with the articles that have been second-published on MENAdoc to date. This will take you directly to the digital resources.<\/p>\n<p><a href=\"https:\/\/www.menalib.de\/service\/publizieren-auf-menadoc\/#schritte\">Steps to your publication&#8230;<\/a><\/p>\n<\/div>\n<h2>A<\/h2>\n<p><a href=\"https:\/\/www.menalib.de\/vifa\/menadoc\/zweitveroffentlichungen\/abdelsalam-ahmed\/\" class=\"broken_link\">Dr. Ahmed M. F. Abd-Elsalam<\/a><br \/>\n<a href=\"https:\/\/www.menalib.de\/vifa\/menadoc\/zweitveroffentlichungen\/adam-volker\/\" class=\"broken_link\">Dr. Volker Adam<\/a><br \/>\n<a href=\"https:\/\/www.menalib.de\/vifa\/menadoc\/zweitveroffentlichungen\/adanir-fikret\/\" class=\"broken_link\">Prof. Dr. Fikret Adan\u0131r<\/a><br \/>\n<a href=\"https:\/\/www.menalib.de\/vifa\/menadoc\/zweitveroffentlichungen\/aguicenoglu-hueseyin\/\" class=\"broken_link\">PD Dr. H\u00fcseyin A\u011fui\u00e7eno\u011flu<\/a><br \/>\n<a href=\"https:\/\/www.menalib.de\/vifa\/menadoc\/zweitveroffentlichungen\/albrecht-holger\/\" class=\"broken_link\">Dr. Holger Albrecht<\/a><br \/>\n<a href=\"https:\/\/www.menalib.de\/vifa\/menadoc\/zweitveroffentlichungen\/auch-eva-maria\/\" class=\"broken_link\">Prof. Dr. Eva-Maria Auch<\/a><\/p>\n<h2>B<\/h2>\n<p><a href=\"https:\/\/www.menalib.de\/vifa\/menadoc\/zweitveroffentlichungen\/bartholomae-ruth\/\" class=\"broken_link\">Dr. Ruth Bartholom\u00e4<\/a><br \/>\n<a href=\"https:\/\/www.menalib.de\/vifa\/menadoc\/zweitveroffentlichungen\/beier-raffael\/\" class=\"broken_link\">Dr. Raffael Beier<\/a><br \/>\n<a href=\"https:\/\/www.menalib.de\/vifa\/menadoc\/zweitveroffentlichungen\/bentlage-bjorn\/\" class=\"broken_link\">Dr. Bj\u00f6rn Bentlage<\/a><br \/>\n<a href=\"https:\/\/www.menalib.de\/vifa\/menadoc\/zweitveroffentlichungen\/boell-verena\/\" class=\"broken_link\">Dr. Verena B\u00f6ll<\/a><br \/>\n<a href=\"https:\/\/www.menalib.de\/vifa\/menadoc\/zweitveroffentlichungen\/braune-ines\/\" class=\"broken_link\">Dr. Ines Braune<\/a><br \/>\n<a href=\"https:\/\/www.menalib.de\/vifa\/menadoc\/zweitveroffentlichungen\/brodersen-angelika\/\" class=\"broken_link\">Dr. Angelika Brodersen<\/a><br \/>\n<a href=\"https:\/\/www.menalib.de\/vifa\/menadoc\/zweitveroffentlichungen\/brunner-rainer\/\" class=\"broken_link\">PD Dr. Rainer Brunner<\/a><\/p>\n<h2>C<\/h2>\n<h2>D<\/h2>\n<p><a href=\"https:\/\/www.menalib.de\/vifa\/menadoc\/zweitveroffentlichungen\/doroftei-doru-constantin\/\" class=\"broken_link\">Dr. Doru Constantin Doroftei<\/a><br \/>\n<a href=\"https:\/\/www.menalib.de\/vifa\/menadoc\/zweitveroffentlichungen\/dressler-markus\/\" class=\"broken_link\">Prof. Dr. Markus Dre\u00dfler<\/a><\/p>\n<h2>E<\/h2>\n<p><a href=\"https:\/\/www.menalib.de\/vifa\/menadoc\/zweitveroffentlichungen\/eich-thomas\/\" class=\"broken_link\">Prof. Dr. Thomas Eich<\/a><br \/>\n<a href=\"https:\/\/www.menalib.de\/vifa\/menadoc\/zweitveroffentlichungen\/eith-kathrin\/\" class=\"broken_link\">Dr. Kathrin Eith<\/a><br \/>\n<a href=\"https:\/\/www.menalib.de\/vifa\/menadoc\/zweitveroffentlichungen\/elger-ralf\/\" class=\"broken_link\">Prof. Dr. Ralf Elger<\/a><\/p>\n<h2>F<\/h2>\n<p><a href=\"https:\/\/www.menalib.de\/vifa\/menadoc\/zweitveroffentlichungen\/fuess-albrecht\/\" class=\"broken_link\">Prof. Dr. Albrecht Fuess<\/a><\/p>\n<h2>G<\/h2>\n<p><a href=\"https:\/\/www.menalib.de\/vifa\/menadoc\/zweitveroffentlichungen\/gasimov-zaur\/\" class=\"broken_link\">PD Dr. Zaur Gasimov<\/a><br \/>\n<a href=\"https:\/\/www.menalib.de\/vifa\/menadoc\/zweitveroffentlichungen\/guenon-melanie\/\" class=\"broken_link\">Melanie Gu\u00e9non, M.A.<\/a><br \/>\n<a href=\"https:\/\/www.menalib.de\/vifa\/menadoc\/zweitveroffentlichungen\/guenther-sebastian\/\" class=\"broken_link\">Prof. Dr. Sebastian G\u00fcnther<\/a><\/p>\n<h2>H<\/h2>\n<p><a href=\"https:\/\/www.menalib.de\/vifa\/menadoc\/zweitveroffentlichungen\/hendrich-beatrice\/\" class=\"broken_link\">Jun.-Prof. Dr. B\u00e9atrice Hendrich<\/a><br \/>\n<a href=\"https:\/\/www.menalib.de\/vifa\/menadoc\/zweitveroffentlichungen\/herzog-christoph\/\" class=\"broken_link\">Prof. Dr. Christoph Herzog<\/a><br \/>\n<a href=\"https:\/\/www.menalib.de\/vifa\/menadoc\/zweitveroffentlichungen\/holzwarth-wolfgang\/\" class=\"broken_link\">Dr. Wolfgang Holzwarth<\/a><\/p>\n<h2>I<\/h2>\n<h2>J<\/h2>\n<p><a href=\"https:\/\/www.menalib.de\/vifa\/menadoc\/zweitveroffentlichungen\/jeschke-josef\/\" class=\"broken_link\">Dr. Josef Jeschke<\/a><br \/>\n<a href=\"https:\/\/www.menalib.de\/vifa\/menadoc\/zweitveroffentlichungen\/josua-tillmann\/\" class=\"broken_link\">Tillmann Josua (Feige)<\/a><br \/>\n<a href=\"https:\/\/www.menalib.de\/vifa\/menadoc\/zweitveroffentlichungen\/junge-christian\/\" class=\"broken_link\">Dr. Christian Junge<\/a><\/p>\n<h2>K<\/h2>\n<p><a href=\"https:\/\/www.menalib.de\/vifa\/menadoc\/zweitveroffentlichungen\/klemm-verena\" class=\"broken_link\">Prof. Dr. Verena Klemm<\/a><br \/>\n<a href=\"https:\/\/www.menalib.de\/vifa\/menadoc\/zweitveroffentlichungen\/kokew-stephan\/\" class=\"broken_link\">Dr. Stephan Kokew<\/a><br \/>\n<a href=\"https:\/\/www.menalib.de\/vifa\/menadoc\/zweitveroffentlichungen\/kollatz-anna\/\" class=\"broken_link\">Dr. Anna Kollatz<\/a><br \/>\n<a href=\"https:\/\/www.menalib.de\/vifa\/menadoc\/zweitveroffentlichungen\/kurz-miriam\/\" class=\"broken_link\">Miriam Kurz<\/a><\/p>\n<h2>L<\/h2>\n<p><a href=\"https:\/\/www.menalib.de\/vifa\/menadoc\/zweitveroffentlichungen\/langer-robert\/\" class=\"broken_link\">PD Dr. Robert Langer<\/a><br \/>\n<a href=\"https:\/\/www.menalib.de\/vifa\/menadoc\/zweitveroffentlichungen\/laut-jens-peter\/\" class=\"broken_link\">Prof. Dr. Jens Peter Laut<\/a><br \/>\n<a href=\"https:\/\/www.menalib.de\/vifa\/menadoc\/zweitveroffentlichungen\/leder-stefan\/\" class=\"broken_link\">Prof. Dr. Stefan Leder<\/a><br \/>\n<a href=\"https:\/\/www.menalib.de\/vifa\/menadoc\/zweitveroffentlichungen\/liebrenz-boris\/\" class=\"broken_link\">Dr. phil. Boris Liebrenz<\/a><\/p>\n<h2>M<\/h2>\n<p><a href=\"https:\/\/www.menalib.de\/vifa\/menadoc\/zweitveroffentlichungen\/maneval-stefan\/\" class=\"broken_link\">Dr. Stefan Maneval<\/a><br \/>\n<a href=\"https:\/\/www.menalib.de\/vifa\/menadoc\/zweitveroffentlichungen\/gonzalez-martinez-alicia\/\" class=\"broken_link\">Dr. Alicia Gonz\u00e1lez Mart\u00ednez<\/a><br \/>\n<a href=\"https:\/\/www.menalib.de\/vifa\/menadoc\/zweitveroffentlichungen\/menz-astrid\/\" class=\"broken_link\">Dr. Astrid Menz<\/a><\/p>\n<h2>N<\/h2>\n<h2>O<\/h2>\n<h2>P<\/h2>\n<p><a href=\"https:\/\/www.menalib.de\/vifa\/menadoc\/zweitveroffentlichungen\/papoutsakis-nefeli\/\" class=\"broken_link\">PD Dr. Nefeli Papoutsakis<\/a><br \/>\n<a href=\"https:\/\/www.menalib.de\/vifa\/menadoc\/zweitveroffentlichungen\/paul-juergen\/\" class=\"broken_link\">Prof. Dr. J\u00fcrgen Paul<\/a><br \/>\n<a href=\"https:\/\/www.menalib.de\/vifa\/menadoc\/zweitveroffentlichungen\/pink-johanna\/\" class=\"broken_link\">Prof. Dr. Johanna Pink<\/a><\/p>\n<h2>Q<\/h2>\n<h2>R<\/h2>\n<p><a href=\"https:\/\/www.menalib.de\/vifa\/menadoc\/zweitveroffentlichungen\/rebstock-ulrich\/\" class=\"broken_link\">Prof. Dr. Ulrich Rebstock<\/a><br \/>\n<a href=\"https:\/\/www.menalib.de\/vifa\/menadoc\/zweitveroffentlichungen\/reinkowski-maurus\/\" class=\"broken_link\">Prof. Dr. Maurus Reinkowski<\/a><br \/>\n<a href=\"https:\/\/www.menalib.de\/vifa\/menadoc\/zweitveroffentlichungen\/reisner-oliver\/\" class=\"broken_link\">Prof. Dr. phil. Oliver Reisner<\/a><br \/>\n<a href=\"https:\/\/www.menalib.de\/vifa\/menadoc\/zweitveroffentlichungen\/rosiny-stephan\/\" class=\"broken_link\">Dr. Stephan Rosiny<\/a><br \/>\n<a href=\"https:\/\/www.menalib.de\/vifa\/menadoc\/zweitveroffentlichungen\/rottenburg-richard\/\" class=\"broken_link\">Prof. Dr. Richard Rottenburg<\/a><\/p>\n<h2>S<\/h2>\n<p><a href=\"https:\/\/www.menalib.de\/vifa\/menadoc\/zweitveroffentlichungen\/schmidtke-sabine\/\">Prof. Dr. Sabine Schmidtke<\/a><br \/>\n<a href=\"https:\/\/www.menalib.de\/vifa\/menadoc\/zweitveroffentlichungen\/schmitt-arno\/\" class=\"broken_link\">Arno Schmitt<\/a><br \/>\n<a href=\"https:\/\/www.menalib.de\/vifa\/menadoc\/zweitveroffentlichungen\/schneider-irene\/\" class=\"broken_link\">Prof. Dr. Irene Schneider<\/a><br \/>\n<a href=\"https:\/\/www.menalib.de\/vifa\/menadoc\/zweitveroffentlichungen\/schwarz-christoph\/\" class=\"broken_link\">Dr. Christoph Schwarz<\/a><br \/>\n<a href=\"https:\/\/www.menalib.de\/vifa\/menadoc\/zweitveroffentlichungen\/sheir-ahmed\/\" class=\"broken_link\">Ahmed Mohamed Abdelkawy Sheir<\/a><br \/>\n<a href=\"https:\/\/www.menalib.de\/vifa\/menadoc\/zweitveroffentlichungen\/sievert-henning\/\" class=\"broken_link\">Prof. Dr. Henning Sievert<\/a><br \/>\n<a href=\"https:\/\/www.menalib.de\/vifa\/menadoc\/zweitveroffentlichungen\/sing-manfred\/\" class=\"broken_link\">PD Dr. Manfred Sing<\/a><\/p>\n<h2>T<\/h2>\n<p><a href=\"https:\/\/www.menalib.de\/vifa\/menadoc\/zweitveroffentlichungen\/tramontini-leslie\/\" class=\"broken_link\">Dr. phil. Dr. h.c. Leslie Tramontini<\/a><br \/>\n<a href=\"https:\/\/www.menalib.de\/vifa\/menadoc\/zweitveroffentlichungen\/trausch-tilmann\/\" class=\"broken_link\">Tilmann Trausch<\/a><br \/>\n<a href=\"https:\/\/www.menalib.de\/vifa\/menadoc\/zweitveroffentlichungen\/treiger-alexander\/\" class=\"broken_link\">Prof. Dr. Alexander Treiger<\/a><\/p>\n<h2>U<\/h2>\n<p><a href=\"https:\/\/www.menalib.de\/vifa\/menadoc\/zweitveroffentlichungen\/ulfat-fahimah\/\" class=\"broken_link\">Prof. Dr. Fahimah Ulfat<\/a><br \/>\n<a href=\"https:\/\/www.menalib.de\/vifa\/menadoc\/zweitveroffentlichungen\/ursinus-michael\/\" class=\"broken_link\">Prof. Dr. Michael Ursinus<\/a><\/p>\n<h2>V<\/h2>\n<h2>W<\/h2>\n<p><a href=\"https:\/\/www.menalib.de\/vifa\/menadoc\/zweitveroffentlichungen\/weinreich-matthias\/\" class=\"broken_link\">PhD Matthias Weinreich<\/a><br \/>\n<a href=\"https:\/\/www.menalib.de\/vifa\/menadoc\/zweitveroffentlichungen\/werner-christoph\/\" class=\"broken_link\">Prof. Dr. Christoph U. Werner<\/a><\/p>\n<h2>X<\/h2>\n<h2>Y<\/h2>\n<p><a href=\"https:\/\/www.menalib.de\/vifa\/menadoc\/zweitveroffentlichungen\/younansardaroud-helen\/\" class=\"broken_link\">Dr. Helen Younansardaroud<\/a><\/p>\n<h2>Z<\/h2>\n<p><\/p>","protected":false},"excerpt":{"rendered":"Sorry, this entry is only available in German.","protected":false},"author":4226,"featured_media":11916,"parent":61,"menu_order":0,"comment_status":"closed","ping_status":"closed","template":"","meta":{"ngg_post_thumbnail":0},"categories":[],"tags":[],"_links":{"self":[{"href":"https:\/\/blogs.urz.uni-halle.de\/menalib\/en\/wp-json\/wp\/v2\/pages\/11324"}],"collection":[{"href":"https:\/\/blogs.urz.uni-halle.de\/menalib\/en\/wp-json\/wp\/v2\/pages"}],"about":[{"href":"https:\/\/blogs.urz.uni-halle.de\/menalib\/en\/wp-json\/wp\/v2\/types\/page"}],"author":[{"embeddable":true,"href":"https:\/\/blogs.urz.uni-halle.de\/menalib\/en\/wp-json\/wp\/v2\/users\/4226"}],"replies":[{"embeddable":true,"href":"https:\/\/blogs.urz.uni-halle.de\/menalib\/en\/wp-json\/wp\/v2\/comments?post=11324"}],"version-history":[{"count":12,"href":"https:\/\/blogs.urz.uni-halle.de\/menalib\/en\/wp-json\/wp\/v2\/pages\/11324\/revisions"}],"predecessor-version":[{"id":13860,"href":"https:\/\/blogs.urz.uni-halle.de\/menalib\/en\/wp-json\/wp\/v2\/pages\/11324\/revisions\/13860"}],"up":[{"embeddable":true,"href":"https:\/\/blogs.urz.uni-halle.de\/menalib\/en\/wp-json\/wp\/v2\/pages\/61"}],"wp:featuredmedia":[{"embeddable":true,"href":"https:\/\/blogs.urz.uni-halle.de\/menalib\/en\/wp-json\/wp\/v2\/media\/11916"}],"wp:attachment":[{"href":"https:\/\/blogs.urz.uni-halle.de\/menalib\/en\/wp-json\/wp\/v2\/media?parent=11324"}],"wp:term":[{"taxonomy":"category","embeddable":true,"href":"https:\/\/blogs.urz.uni-halle.de\/menalib\/en\/wp-json\/wp\/v2\/categories?post=11324"},{"taxonomy":"post_tag","embeddable":true,"href":"https:\/\/blogs.urz.uni-halle.de\/menalib\/en\/wp-json\/wp\/v2\/tags?post=11324"}],"curies":[{"name":"wp","href":"https:\/\/api.w.org\/{rel}","templated":true}]}}