{"id":12224,"date":"2021-09-15T15:00:19","date_gmt":"2021-09-15T13:00:19","guid":{"rendered":"https:\/\/www.menalib.de\/?page_id=12224"},"modified":"2023-10-24T11:51:17","modified_gmt":"2023-10-24T09:51:17","slug":"lexiqamus","status":"publish","type":"page","link":"https:\/\/blogs.urz.uni-halle.de\/menalib\/en\/vifa\/fid-lizenzen\/lexiqamus\/","title":{"rendered":"LexiQamus"},"content":{"rendered":"<p><\/p>\n<div class=\"bigger-box\">\n<h2 class=\"italic\">Ottoman Turkish Word Solver<\/h2>\n<p><a href=\"https:\/\/www.menalib.de\/files\/2021\/10\/lexiqamus-screen.png\" class=\"broken_link\"><img loading=\"lazy\" class=\"alignleft wp-image-12467 size-medium\" src=\"https:\/\/www.menalib.de\/files\/2021\/10\/lexiqamus-screen-800x508.png\" alt=\"\" width=\"800\" height=\"508\" srcset=\"https:\/\/blogs.urz.uni-halle.de\/menalib\/files\/2021\/10\/lexiqamus-screen-800x508.png 800w, https:\/\/blogs.urz.uni-halle.de\/menalib\/files\/2021\/10\/lexiqamus-screen-1280x813.png 1280w, https:\/\/blogs.urz.uni-halle.de\/menalib\/files\/2021\/10\/lexiqamus-screen-420x267.png 420w, https:\/\/blogs.urz.uni-halle.de\/menalib\/files\/2021\/10\/lexiqamus-screen-768x488.png 768w, https:\/\/blogs.urz.uni-halle.de\/menalib\/files\/2021\/10\/lexiqamus-screen-1536x975.png 1536w, https:\/\/blogs.urz.uni-halle.de\/menalib\/files\/2021\/10\/lexiqamus-screen-2048x1301.png 2048w, https:\/\/blogs.urz.uni-halle.de\/menalib\/files\/2021\/10\/lexiqamus-screen-472x300.png 472w\" sizes=\"(max-width: 800px) 100vw, 800px\" \/><\/a>LexiQamus is an online tool that can help to identify illegible words from Ottoman Turkish texts.<!--more--><\/p>\n<p><a class=\"button\" href=\"http:\/\/nahost.proxy.fid-lizenzen.de\/fid\/lexiqamus\/\">Start LexiQamus<\/a><\/p>\n<p>Our Specialized Information Services has arranged a <strong>subscription period for two years until 30. September 2025<\/strong>. In case of positive <a href=\"https:\/\/www.menalib.de\/vifa\/fid-lizenzen\/feedback-zu-fid-lizenzen\/\" class=\"broken_link\">feedback<\/a>, we would consider an extension.<\/p>\n<\/div>\n<h2>Function<\/h2>\n<p>LexiQamus can be used to search for the recognisable parts of an Ottoman-Turkish word. As a result, the software provides words and contexts in which the letter sequence occurs.<\/p>\n<p>This is based on over 170,000 words and phrases from 19 different dictionaries. In addition to the reference work A Turkish and English lexicon (1890) by James Redhouse, the text corpus is supplemented by all content from the website <a href=\"https:\/\/osmanlicasozlukler.com\/\">osmanlicasozlukler.com<\/a>. This site collects entries from Ottoman dictionaries.<\/p>\n<p>The results are listed in three separate tabs. The first tab shows results that match the search term exactly. The second lists the phrases where one or more words match. The last tab lists the results patially match the search term.<\/p>\n<p>For more information, LexiQamus provides definitions, the parent entry and entries where the word was mentioned.<\/p>\n<p>The tool was developed by the historian Ahmet Abdullah Sa\u00e7mal\u0131 (Bo\u011fazi\u00e7i University&#8217;s History Department). A more detailed description of all features can be found directly at <a href=\"http:\/\/nahost.proxy.fid-lizenzen.de\/fid\/lexiqamus\/\">LexiQamus<\/a> and on the website <a href=\"https:\/\/digitalorientalist.com\/2020\/11\/24\/deciphering-ottoman-turkish-manuscripts-with-lexiqamus\/\">The Digital Orientalist<\/a>.<\/p>","protected":false},"excerpt":{"rendered":"Sorry, this entry is only available in German.","protected":false},"author":3336,"featured_media":12226,"parent":5785,"menu_order":0,"comment_status":"closed","ping_status":"closed","template":"","meta":{"ngg_post_thumbnail":0},"categories":[],"tags":[409,185,96],"_links":{"self":[{"href":"https:\/\/blogs.urz.uni-halle.de\/menalib\/en\/wp-json\/wp\/v2\/pages\/12224"}],"collection":[{"href":"https:\/\/blogs.urz.uni-halle.de\/menalib\/en\/wp-json\/wp\/v2\/pages"}],"about":[{"href":"https:\/\/blogs.urz.uni-halle.de\/menalib\/en\/wp-json\/wp\/v2\/types\/page"}],"author":[{"embeddable":true,"href":"https:\/\/blogs.urz.uni-halle.de\/menalib\/en\/wp-json\/wp\/v2\/users\/3336"}],"replies":[{"embeddable":true,"href":"https:\/\/blogs.urz.uni-halle.de\/menalib\/en\/wp-json\/wp\/v2\/comments?post=12224"}],"version-history":[{"count":10,"href":"https:\/\/blogs.urz.uni-halle.de\/menalib\/en\/wp-json\/wp\/v2\/pages\/12224\/revisions"}],"predecessor-version":[{"id":14473,"href":"https:\/\/blogs.urz.uni-halle.de\/menalib\/en\/wp-json\/wp\/v2\/pages\/12224\/revisions\/14473"}],"up":[{"embeddable":true,"href":"https:\/\/blogs.urz.uni-halle.de\/menalib\/en\/wp-json\/wp\/v2\/pages\/5785"}],"wp:featuredmedia":[{"embeddable":true,"href":"https:\/\/blogs.urz.uni-halle.de\/menalib\/en\/wp-json\/wp\/v2\/media\/12226"}],"wp:attachment":[{"href":"https:\/\/blogs.urz.uni-halle.de\/menalib\/en\/wp-json\/wp\/v2\/media?parent=12224"}],"wp:term":[{"taxonomy":"category","embeddable":true,"href":"https:\/\/blogs.urz.uni-halle.de\/menalib\/en\/wp-json\/wp\/v2\/categories?post=12224"},{"taxonomy":"post_tag","embeddable":true,"href":"https:\/\/blogs.urz.uni-halle.de\/menalib\/en\/wp-json\/wp\/v2\/tags?post=12224"}],"curies":[{"name":"wp","href":"https:\/\/api.w.org\/{rel}","templated":true}]}}