{"id":13404,"date":"2022-09-28T16:27:45","date_gmt":"2022-09-28T14:27:45","guid":{"rendered":"https:\/\/www.menalib.de\/?page_id=13404"},"modified":"2024-09-25T10:58:51","modified_gmt":"2024-09-25T08:58:51","slug":"menasearch-discovery","status":"publish","type":"page","link":"https:\/\/blogs.urz.uni-halle.de\/menalib\/en\/service\/menasearch-discovery\/","title":{"rendered":"Hints on how to use MENAsearch"},"content":{"rendered":"<p><img loading=\"lazy\" class=\"wp-image-14987 aligncenter\" src=\"https:\/\/www.menalib.de\/files\/2024\/09\/E3615396-D007-4E2F-B233-6A83FC3A0E50-800x412.png\" alt=\"\" width=\"591\" height=\"310\"><\/p>\n<p><strong><a href=\"https:\/\/menasearch.bibliothek.uni-halle.de\/\" target=\"_blank\" rel=\"noopener noreferrer\">MENAsearch<\/a><\/strong> is the discovery system of the <em>FID Middle East, North Africa and Islamic Studies<\/em> for your literature research. It is a bibliographic search system based on modern search technologies. It not only offers the holdings of its own library, but also searches various data sources so that journal articles or full texts from licensed databases as well as electronic <em>Open Access<\/em> texts can be found.<\/p>\n<div id=\"a\" class=\"accordion\">\n<div id=\"tab-1\">\n<p><a class=\"tab broken_link\" href=\"#tab-1\">Hints on how to use<\/a><\/p>\n<div class=\"content\">\n<p><a class=\"close broken_link\" href=\"#a\">+<\/a><\/p>\n<h2>Hints on how to use:<\/h2>\n<p><img loading=\"lazy\" class=\"wp-image-14988 alignleft\" src=\"https:\/\/www.menalib.de\/files\/2024\/09\/24370D40-936E-4B17-85BD-671BCB9E66A8.png\" alt=\"\" width=\"269\" height=\"106\"><\/p>\n<h5><strong>General information<\/strong><\/h5>\n<p>Confirm searches by clicking the search button or pressing the Enter key after typing the term.<\/p>\n<h5><strong>Search terms<\/strong><\/h5>\n<p><em>Autocomplete<\/em> helps you choose the right search terms, even for terms in non-Latin scripts.<\/p>\n<p><strong>Narrow down results<\/strong><br \/>\nFor a fast and efficient search, it is advisable to narrow down the search results as much as possible. The desired number of hits can be limited to a selected period using the slider. Click on the year to enter it manually. Search results can also be limited to a type of publication (e.g. printed) and\/or media format (e.g. book).<\/p>\n<p><strong>Search queries and results<\/strong><br \/>\nThe search for terms entered is carried out in all fields (person, title, subject, etc.). Click on Score to sort by relevance. Use the two arrows directing to the year to sort the results in ascending or descending chronological order.<\/p>\n<p><strong>Access to licensed electronic resources<\/strong><br \/>\nFor a number of electronic resources with MENA content, the library offers access to the electronic full text. Follow the links provided for this purpose. Members of the <em>Martin Luther University<\/em> can also access licensed electronic resources from outside the university via Shibboleth or VPN. The FID tries to negotiate <a href=\"https:\/\/www.menalib.de\/vifa\/fid-lizenzen\/\" target=\"_blank\" rel=\"noopener noreferrer\" class=\"broken_link\">national licences<\/a> where possible, to which members of other universities\/libraries can have access via their home institutions.<\/p>\n<p><strong>Wildcard<\/strong><br \/>\nWildcards are special characters that can be used to replace unknown characters in a text, and are useful when searching for multiple items with similar but not identical data.<\/p>\n<p>The <em><strong>?<\/strong><\/em> character replaces exactly one character. It can be placed anywhere in the search term.<br \/>\nFor example:<br \/>\n&#8211; <em>B?irut<\/em>finds Beirut und Bairut<br \/>\n&#8211; <em>B??rut<\/em> finds Beirut, Bairut, Bayrut and Beyrut etc.<\/p>\n<p>The asterisk \u201e*\u201c replaces any number of characters within words and phrases.<br \/>\nFor example:<br \/>\n&#8211; <em>comput? <\/em>finds computer, computing<br \/>\n&#8211; <em>\u201aa midsummer * dream&#8217; <\/em>finds also \u201aa midsummer night&#8217;s dream&#8217;<\/p>\n<\/div>\n<\/div>\n<div id=\"a\" class=\"accordion\">\n<div id=\"tab-2\">\n<p><a class=\"tab broken_link\" href=\"#tab-2\">Search for phrases<\/a><\/p>\n<div class=\"content\">\n<p><a class=\"close broken_link\" href=\"#a\">+<\/a><\/p>\n<h2>Search for phrases<\/h2>\n<p>When searching for exact names, phrases and quotes, it is recommended that you enclose the search term in quotation marks:<br \/>\n<code>\"Carl Brockelmann\"<\/code><\/p>\n<p><strong>Search for original text<\/strong><br \/>\nMENAsearch allows you to search in the different scripts of the MENA region as well as in transcriptions. It does not matter whether you use diacritics or the basic letters (e.g. A\u1e2bb\u0101r or Ahbar). Knowledge of the current DIN <a href=\"https:\/\/www.menalib.de\/service\/hinweise-zu-transliterationen\/\" target=\"_blank\" rel=\"noopener noreferrer\">transcription rules<\/a> is helpful in general and necessary to be able to find older titles (before 2012).<\/p>\n<\/div>\n<\/div>\n<div id=\"tab-3\">\n<p><a class=\"tab broken_link\" href=\"#tab-3\">Various operating elements<\/a><\/p>\n<div class=\"content\">\n<p><a class=\"close broken_link\" href=\"#a\">+<\/a><\/p>\n<h2>Various &nbsp;operating elements<\/h2>\n<p><strong>Setting the search area<\/strong><\/p>\n<ul>\n<li>The default search scope is &#8220;Search also community libraries&#8221;.The search is done in the whole <a href=\"https:\/\/findex.gbv.de\">K10plusZentral<\/a>. You can also limit your search to the holdings of the FID in Halle. To do this, go to Preferences and deselect &#8220;Search also community libraries&#8221;.<br \/>\n<img loading=\"lazy\" class=\"alignnone wp-image-13979\" src=\"https:\/\/www.menalib.de\/files\/2023\/03\/suchraum_umschalten.png\" alt=\"\" width=\"157\" height=\"42\"><\/li>\n<li>A link to the catalogue of the Gemeinsame Bibliotheksverbund is provided for all holdings of the Fernleihkatalog <a href=\"http:\/\/gso.gbv.de\/DB=2.1\/\">Fernleih-Katalog GVK<\/a>, including the FID.<\/li>\n<li>It is recommended to activate <a title=\"Quelle Wikipedia\" href=\"https:\/\/de.wikipedia.org\/wiki\/Phonetische_Suche\" target=\"_blank\" rel=\"noopener noreferrer\">phonetic search<\/a>, to allow a certain tolerance in spelling.<\/li>\n<\/ul>\n<table style=\"margin-left: 30px;height: 28px\" width=\"563\">\n<tbody>\n<tr>\n<td><img loading=\"lazy\" class=\"alignnone wp-image-13983\" src=\"https:\/\/www.menalib.de\/files\/2023\/03\/sprache.png\" alt=\"\" width=\"46\" height=\"34\"><\/td>\n<td>Selecting the menu language (German or English)<\/td>\n<\/tr>\n<tr>\n<td><img loading=\"lazy\" class=\"alignnone wp-image-13983\" src=\"https:\/\/www.menalib.de\/files\/2023\/03\/columns.png\" alt=\"\" width=\"46\" height=\"34\"><\/td>\n<td style=\"text-align: left\">Select to display the results list in one to a maximum of four columns<\/td>\n<\/tr>\n<tr>\n<td><img loading=\"lazy\" class=\"alignnone wp-image-13982\" src=\"https:\/\/www.menalib.de\/files\/2023\/03\/favorite.png\" alt=\"\" width=\"33\" height=\"35\"><\/td>\n<td>Show all titles in the checklist<\/td>\n<\/tr>\n<\/tbody>\n<\/table>\n<p><strong>Login, access to your account<\/strong><\/p>\n<ul>\n<li>Display of loans, orders, available and reserved items, reservations and fees<\/li>\n<li>Extending the loan period<\/li>\n<li>Cancel a reservation<\/li>\n<li>Change password<\/li>\n<\/ul>\n<\/div>\n<\/div>\n<div id=\"tab-4\">\n<p><a class=\"tab broken_link\" href=\"#tab-4\">Search for experts<\/a><\/p>\n<div class=\"content\">\n<p><a class=\"close broken_link\" href=\"#a\">+<\/a><\/p>\n<h2>Search for experts<\/h2>\n<p>The search field can be used to enter various search terms. For example, you can search by language, keyword or place of publication.<\/p>\n<p>The following search syntax is possible:<br \/>\n&lt;internal commandl&gt;:value&nbsp;&nbsp;e. g.:&nbsp; <em>year:2005<\/em><br \/>\n&lt;internal commamnd&gt;(value1, value2, etc.)&nbsp;&nbsp;e.g.: <em>year(2012, 2013)<\/em><\/p>\n<p><strong>Languagecode<\/strong>&nbsp; <a href=\"https:\/\/wiki.dnb.de\/download\/attachments\/90411323\/sprachenCodesDeutsch.pdf\" target=\"_blank\" rel=\"noopener noreferrer\" class=\"broken_link\">ISO 639-2<\/a><\/p>\n<p style=\"padding-left: 40px\"><code><a href=\"https:\/\/menasearch.bibliothek.uni-halle.de\/sprachcode(arm)\" target=\"_blank\" rel=\"noopener noreferrer\">sprachcode(arm)<\/a><\/code> armenian titles\/media<\/p>\n<p style=\"padding-left: 40px\"><code><a href=\"https:\/\/menasearch.bibliothek.uni-halle.de\/langcode(geo)\" target=\"_blank\" rel=\"noopener noreferrer\">langcode(geo)<\/a><\/code> georgian titles\/media<\/p>\n<p><strong>Language<\/strong><\/p>\n<p style=\"padding-left: 40px\"><code><a href=\"http:\/\/menasearch.bibliothek.uni-halle.de\/sprache(Persian)\" target=\"_blank\" rel=\"noopener noreferrer\">sprache(Persian)<\/a><\/code><\/p>\n<p style=\"padding-left: 40px\"><code><a href=\"http:\/\/menasearch.bibliothek.uni-halle.de\/language(Persian)\" target=\"_blank\" rel=\"noopener noreferrer\">language(Persian)<\/a><\/code> persian titles\/media<\/p>\n<p><strong>Subject<\/strong><\/p>\n<p style=\"padding-left: 40px\"><code><a href=\"https:\/\/menasearch.bibliothek.uni-halle.de\/subject(Sufismus)\" target=\"_blank\" rel=\"noopener noreferrer\">subject(Sufismus)<\/a><\/code> Titles associated with the keyword <em>Sufism<\/em><\/p>\n<p><strong>Subject area <\/strong> <a href=\"https:\/\/www.menalib.de\/vifa\/systematik-des-fid-nahost-nordafrika-und-islamstudien\/\" class=\"broken_link\">FID Nahost Fachsystematik<\/a><\/p>\n<p style=\"padding-left: 40px\"><code><a href=\"https:\/\/menasearch.bibliothek.uni-halle.de\/class('ssg 2.6')\" target=\"_blank\" rel=\"noopener noreferrer\">class('ssg 2.6')<\/a><\/code> Titles on \u201cIslamic law\u201d<\/p>\n<p style=\"padding-left: 40px\"><a href=\"https:\/\/menasearch.bibliothek.uni-halle.de\/class('ssg 3.2.2.2.3')\" target=\"_blank\" rel=\"noopener noreferrer\"><code>class('ssg 3.2.2.2.3')<\/code><\/a> Titles on \u201ehistory\/politics in Iran\u201c<\/p>\n<p><strong>Keyword<\/strong><a href=\"https:\/\/wiki.k10plus.de\/pages\/viewpage.action?pageId=437452809\"> Basisklassifikation des GBV<\/a><\/p>\n<p style=\"padding-left: 40px\"><code><a href=\"https:\/\/menasearch.bibliothek.uni-halle.de\/topic(BKL 11.81)\" target=\"_blank\" rel=\"noopener noreferrer\">topic('BKL 11.81')<\/a><\/code> Titles on <em>Koran<\/em><\/p>\n<p style=\"padding-left: 40px\"><code><a href=\"https:\/\/menasearch.bibliothek.uni-halle.de\/topic('BKL 15.68')\" target=\"_blank\" rel=\"noopener noreferrer\">topic('BKL 15.68')<\/a><\/code> Titles on \u201ehistory\/politics in Turkey\u201d<\/p>\n<p><strong>Year<br \/>\n<\/strong><\/p>\n<p style=\"padding-left: 40px\"><a href=\"https:\/\/menasearch.bibliothek.uni-halle.de\/year(2005)\" target=\"_blank\" rel=\"noopener noreferrer\"><code>year(2005)<\/code><\/a> Titles published in 2005<\/p>\n<p><strong>Publisher<br \/>\n<\/strong><\/p>\n<p style=\"padding-left: 40px\"><a href=\"https:\/\/menasearch.bibliothek.uni-halle.de\/publisher(al-Markaz al-\u02bfArab\u012b li-l-\u02beAb\u1e25\u0101\u1e6f wa-Dir\u0101sat as-Siy\u0101s\u0101t)\" target=\"_blank\" rel=\"noopener noreferrer\"><code>publisher(al-Markaz al-\u02bfArab\u012b li-l-\u02beAb\u1e25\u0101\u1e6f wa-Dir\u0101sat as-Siy\u0101s\u0101t)<\/code><\/a><\/p>\n<p style=\"padding-left: 40px\"><a href=\"https:\/\/menasearch.bibliothek.uni-halle.de\/publisher(HH GAA patmowt\u0315yan institowt)\" target=\"_blank\" rel=\"noopener noreferrer\"><code>publisher(HH GAA patmowt\u0315yan institowt)<\/code><\/a> Can only be used in captions\/inscriptions.<\/p>\n<p style=\"padding-left: 40px\"><strong>Note<\/strong>: In both cases, it is also possible to search by land registry letters.<\/p>\n<p><strong>Series<\/strong><\/p>\n<p style=\"padding-left: 40px\"><code><a href=\"https:\/\/menasearch.bibliothek.uni-halle.de\/series(N\u00fbbihar yay\u0131nlar\u0131)\" target=\"_blank\" rel=\"noopener noreferrer\">series(N\u00fbbihar yay\u0131nlar\u0131)<\/a><\/code> all publications in the &#8220;N\u00fbbihar yay\u0131nlar\u0131&#8221; series<\/p>\n<p style=\"padding-left: 40px\"><strong>Note:<\/strong> Search terms only in transliteration and latin script<\/p>\n<p><strong>Country&nbsp;&nbsp; &nbsp;&nbsp; &nbsp;&nbsp; &nbsp;&nbsp;<\/strong><\/p>\n<p>&nbsp; &nbsp;&nbsp; &nbsp;&nbsp; &nbsp;&nbsp;<code><a href=\"https:\/\/menasearch.bibliothek.uni-halle.de\/land(XC-EG)\" target=\"_blank\" rel=\"noopener noreferrer\">land(XC-EG)<\/a><\/code> publications from Egypt<\/p>\n<p>&nbsp;&nbsp;&nbsp;&nbsp;&nbsp;&nbsp;&nbsp;&nbsp;&nbsp;&nbsp; <strong>Hinweis:<\/strong> Codes nach <a href=\"https:\/\/wiki.dnb.de\/download\/attachments\/51283696\/laendercodesAlph.pdf\" target=\"_blank\" rel=\"noopener noreferrer\">DIN ISO 3155<\/a>&nbsp;<\/p>\n<p><strong>Combination of search keys<\/strong><\/p>\n<p style=\"padding-left: 40px\">It is also possible to combine searches. The search keys can only be separated by spaces (no Boolean operators).<\/p>\n<p style=\"padding-left: 40px\"><a href=\"https:\/\/menasearch.bibliothek.uni-halle.de\/year(2005) langcode(ara) topic(BKL 11.81)\" target=\"_blank\" rel=\"noopener noreferrer\"><code>year(2005) langcode(ara) topic(BKL 11.81)<\/code><\/a> <strong>Arabic <\/strong>titles on the <strong>Koran<\/strong> published in <strong>2005<\/strong><\/p>\n<p style=\"padding-left: 40px\"><code><a href=\"https:\/\/menasearch.bibliothek.uni-halle.de\/langcode(tur) subject(Sufism)\" target=\"_blank\" rel=\"noopener noreferrer\">langcode(tur) subject(Sufism)<\/a><\/code> <strong>Turkish<\/strong> titles on <strong>Sufism<\/strong><\/p>\n<p><strong>Wildcard &amp; surrounding operators<br \/>\n<\/strong><\/p>\n<p style=\"padding-left: 40px\"><code><a href=\"https:\/\/menasearch.bibliothek.uni-halle.de\/%2522Iran \u00c4gypten\u201c~3\" target=\"_blank\" rel=\"noopener noreferrer\">\"Iran \u00c4gypten\u201c~3<\/a><\/code>&nbsp; a maximum of 3 words are displayed between terms<\/p>\n<p style=\"padding-left: 40px\"><code><a href=\"https:\/\/menasearch.bibliothek.uni-halle.de\/%C3%84gypten%20Politik%5E200\" target=\"_blank\" rel=\"noopener noreferrer\">\u00c4gypten Politik^200<\/a><\/code> value of second term increases by a factor of <i>200<\/i><\/p>\n<p style=\"padding-left: 40px\"><a href=\"https:\/\/menasearch.bibliothek.uni-halle.de\/Rossander~\" target=\"_blank\" rel=\"noopener noreferrer\"><code><em>Rossander~<\/em><\/code><\/a> fuzzy search finds hits such as&nbsp;<em>Rossanda, Ro\u00dfauer <\/em>or<em> R\u00f6\u00dfner<\/em><\/p>\n<p style=\"padding-left: 40px\"><code><a href=\"https:\/\/menasearch.bibliothek.uni-halle.de\/%252522Geheim~%20W%C3%BCste%252522~3\" target=\"_blank\" rel=\"noopener noreferrer\">\"Geheim~ W\u00fcste\"~3<\/a>&nbsp;<\/code> Combined search finds e.g. &#8220;In geheimer Mission durch die W\u00fcste&#8221;&nbsp; (maximum 3 words between the terms)<\/p>\n<p style=\"padding-left: 40px\"><code><a href=\"https:\/\/menasearch.bibliothek.uni-halle.de\/Islam%20-Sufismus\" target=\"_blank\" rel=\"noopener noreferrer\">Islam -Sufismus<\/a><\/code> excludes results with the term &#8220;Sufism&#8221; aus<\/p>\n<p style=\"padding-left: 40px\"><code><a href=\"https:\/\/menasearch.bibliothek.uni-halle.de\/%C4%B0sm%C3%A2il%20-%E2%80%9C%C4%B0sm%C3%A2il%20Hakk%C4%B1%E2%80%9D%20-%E2%80%9C%C4%B0sm%C3%A2il%20Pa%C5%9Fa%E2%80%9D\" target=\"_blank\" rel=\"noopener noreferrer\">\u0130sm\u00e2il -\u201c\u0130sm\u00e2il Hakk\u0131\u201d -\u201c\u0130sm\u00e2il Pa\u015fa\u201d<\/a><\/code> Ismail&#8221; does not appear when combined with &#8220;Hakki&#8221; or &#8220;Pasa&#8221;<\/p>\n<p style=\"padding-left: 40px\"><code><a href=\"https:\/\/menasearch.bibliothek.uni-halle.de\/Zazaki%20OR%20Kurdisch\" target=\"_blank\" rel=\"noopener noreferrer\">Zazaki OR Kurdisch<\/a><\/code> finds results containing at least one of the search terms you entered<\/p>\n<p style=\"padding-left: 40px\"><code><a href=\"https:\/\/menasearch.bibliothek.uni-halle.de\/Zazaki%20UND%20Kurdish\/\" target=\"_blank\" rel=\"noopener noreferrer\">Zazaki UND Kurdish<\/a><\/code> both search terms must be present<\/p>\n<p style=\"padding-left: 40px\"><code><a href=\"https:\/\/menasearch.bibliothek.uni-halle.de\/%252BKairo%20%252BIslam%20%252BArabisch\/\" target=\"_blank\" rel=\"noopener noreferrer\">+Kairo +Islam +Arabisch<\/a><\/code> all terms must be present &nbsp;&nbsp;&nbsp;<\/p>\n<\/div>\n<\/div>\n<div id=\"tab-5\">\n<p><a class=\"tab broken_link\" href=\"#tab-5\">View all search criteria<\/a><\/p>\n<div class=\"content\">\n<p><a class=\"close broken_link\" href=\"#a\">+<\/a><\/p>\n<h2>View all search criteria<\/h2>\n<p style=\"padding-left: 40px\">Here is an overview of the internal commands you can use to narrow down your search. You can enter the terms in English or German. If two terms appear in the same line, the search term is available in both English and German:<\/p>\n\n<table id=\"tablepress-3\" class=\"tablepress tablepress-id-3\">\n<thead>\n<tr class=\"row-1 odd\">\n\t<th class=\"column-1\">Search criteria<\/th><th class=\"column-2\">Search key - german<\/th><th class=\"column-3\">Search key - english<\/th>\n<\/tr>\n<\/thead>\n<tbody class=\"row-hover\">\n<tr class=\"row-2 even\">\n\t<td class=\"column-1\">Author\/Writer<\/td><td class=\"column-2\">autor<\/td><td class=\"column-3\">author<\/td>\n<\/tr>\n<tr class=\"row-3 odd\">\n\t<td class=\"column-1\">Subject areas \/ keywords<\/td><td class=\"column-2\">sachgebiet<\/td><td class=\"column-3\">class<\/td>\n<\/tr>\n<tr class=\"row-4 even\">\n\t<td class=\"column-1\">Local subject areas \/ keywords<\/td><td class=\"column-2\"><\/td><td class=\"column-3\">classlocal<\/td>\n<\/tr>\n<tr class=\"row-5 odd\">\n\t<td class=\"column-1\">Corporation<\/td><td class=\"column-2\">koerper<\/td><td class=\"column-3\">corporation<\/td>\n<\/tr>\n<tr class=\"row-6 even\">\n\t<td class=\"column-1\">DOI<\/td><td class=\"column-2\"><\/td><td class=\"column-3\">DOI<\/td>\n<\/tr>\n<tr class=\"row-7 odd\">\n\t<td class=\"column-1\">PPN\/ID<\/td><td class=\"column-2\">id<\/td><td class=\"column-3\">id<\/td>\n<\/tr>\n<tr class=\"row-8 even\">\n\t<td class=\"column-1\">ISBN\/ ISSN<\/td><td class=\"column-2\">isn<\/td><td class=\"column-3\">isn<\/td>\n<\/tr>\n<tr class=\"row-9 odd\">\n\t<td class=\"column-1\">Country<\/td><td class=\"column-2\">land<\/td><td class=\"column-3\">country<\/td>\n<\/tr>\n<tr class=\"row-10 even\">\n\t<td class=\"column-1\">Language<\/td><td class=\"column-2\">sprache<\/td><td class=\"column-3\">language<\/td>\n<\/tr>\n<tr class=\"row-11 odd\">\n\t<td class=\"column-1\">Languagecode<\/td><td class=\"column-2\">sprachcode<\/td><td class=\"column-3\">languagecode<\/td>\n<\/tr>\n<tr class=\"row-12 even\">\n\t<td class=\"column-1\">Location<\/td><td class=\"column-2\">standort<\/td><td class=\"column-3\">location<\/td>\n<\/tr>\n<tr class=\"row-13 odd\">\n\t<td class=\"column-1\">Provenience<\/td><td class=\"column-2\">prov<\/td><td class=\"column-3\">prov<\/td>\n<\/tr>\n<tr class=\"row-14 even\">\n\t<td class=\"column-1\">Publisher<\/td><td class=\"column-2\">verlag<\/td><td class=\"column-3\">publisher<\/td>\n<\/tr>\n<tr class=\"row-15 odd\">\n\t<td class=\"column-1\">Series<\/td><td class=\"column-2\">reihe<\/td><td class=\"column-3\">Series<\/td>\n<\/tr>\n<tr class=\"row-16 even\">\n\t<td class=\"column-1\">Signature<\/td><td class=\"column-2\">signatur<\/td><td class=\"column-3\">signature<\/td>\n<\/tr>\n<tr class=\"row-17 odd\">\n\t<td class=\"column-1\">Keyword<\/td><td class=\"column-2\">schlagwort<\/td><td class=\"column-3\">subject<\/td>\n<\/tr>\n<tr class=\"row-18 even\">\n\t<td class=\"column-1\">Keyword<\/td><td class=\"column-2\"><\/td><td class=\"column-3\">topic<\/td>\n<\/tr>\n<tr class=\"row-19 odd\">\n\t<td class=\"column-1\">Title<\/td><td class=\"column-2\">titel<\/td><td class=\"column-3\">title<\/td>\n<\/tr>\n<tr class=\"row-20 even\">\n\t<td class=\"column-1\">Year<\/td><td class=\"column-2\">jahr<\/td><td class=\"column-3\">year<\/td>\n<\/tr>\n<\/tbody>\n<\/table>\n<!-- #tablepress-3 from cache -->\n<\/div>\n<\/div>\n<\/div>\n<\/div>\n<p><\/p>","protected":false},"excerpt":{"rendered":"MENAsearch is the discovery system of the FID Middle East, North Africa and Islamic Studies for your literature research. It is a bibliographic search system based on modern search technologies. It not only offers the holdings of its own library, &hellip; <a href=\"https:\/\/blogs.urz.uni-halle.de\/menalib\/en\/service\/menasearch-discovery\/\">Continue reading <span class=\"meta-nav\">&rarr;<\/span><\/a>","protected":false},"author":5537,"featured_media":13417,"parent":1649,"menu_order":0,"comment_status":"closed","ping_status":"closed","template":"sidebar-page.php","meta":{"ngg_post_thumbnail":0},"categories":[219,224],"tags":[419,420,418,417],"_links":{"self":[{"href":"https:\/\/blogs.urz.uni-halle.de\/menalib\/en\/wp-json\/wp\/v2\/pages\/13404"}],"collection":[{"href":"https:\/\/blogs.urz.uni-halle.de\/menalib\/en\/wp-json\/wp\/v2\/pages"}],"about":[{"href":"https:\/\/blogs.urz.uni-halle.de\/menalib\/en\/wp-json\/wp\/v2\/types\/page"}],"author":[{"embeddable":true,"href":"https:\/\/blogs.urz.uni-halle.de\/menalib\/en\/wp-json\/wp\/v2\/users\/5537"}],"replies":[{"embeddable":true,"href":"https:\/\/blogs.urz.uni-halle.de\/menalib\/en\/wp-json\/wp\/v2\/comments?post=13404"}],"version-history":[{"count":11,"href":"https:\/\/blogs.urz.uni-halle.de\/menalib\/en\/wp-json\/wp\/v2\/pages\/13404\/revisions"}],"predecessor-version":[{"id":15001,"href":"https:\/\/blogs.urz.uni-halle.de\/menalib\/en\/wp-json\/wp\/v2\/pages\/13404\/revisions\/15001"}],"up":[{"embeddable":true,"href":"https:\/\/blogs.urz.uni-halle.de\/menalib\/en\/wp-json\/wp\/v2\/pages\/1649"}],"wp:featuredmedia":[{"embeddable":true,"href":"https:\/\/blogs.urz.uni-halle.de\/menalib\/en\/wp-json\/wp\/v2\/media\/13417"}],"wp:attachment":[{"href":"https:\/\/blogs.urz.uni-halle.de\/menalib\/en\/wp-json\/wp\/v2\/media?parent=13404"}],"wp:term":[{"taxonomy":"category","embeddable":true,"href":"https:\/\/blogs.urz.uni-halle.de\/menalib\/en\/wp-json\/wp\/v2\/categories?post=13404"},{"taxonomy":"post_tag","embeddable":true,"href":"https:\/\/blogs.urz.uni-halle.de\/menalib\/en\/wp-json\/wp\/v2\/tags?post=13404"}],"curies":[{"name":"wp","href":"https:\/\/api.w.org\/{rel}","templated":true}]}}