{"id":1649,"date":"2016-06-27T08:32:41","date_gmt":"2016-06-27T06:32:41","guid":{"rendered":"https:\/\/www.menalib.de\/?page_id=1649"},"modified":"2024-12-03T12:44:37","modified_gmt":"2024-12-03T11:44:37","slug":"service","status":"publish","type":"page","link":"https:\/\/blogs.urz.uni-halle.de\/menalib\/en\/service\/","title":{"rendered":"Service"},"content":{"rendered":"<ul class=\"preview-grid\">\n<li><article id=\"post-673\" class=\"preview post-673 default\"><header class=\"entry-header\"><h2 class=\"entry-title\">Digitisation Request<\/h2><\/header><div class=\"entry-content\"><div class=\"image-container figure\" style=\"background-image: url(https:\/\/blogs.urz.uni-halle.de\/menalib\/files\/2019\/02\/icon-scanner.svg)\"><img src=\"https:\/\/blogs.urz.uni-halle.de\/menalib\/files\/2019\/02\/icon-scanner.svg\"><\/div>You can request titles to be digitized if their copyright has expired. Digitisation costs 0.25\u20ac per page und will be scanned ...<\/div><footer class=\"entry-meta\"><\/footer><a class=\"overlay\" href=\"https:\/\/blogs.urz.uni-halle.de\/menalib\/en\/service\/digitalisierung\/\">more<\/a><\/article><\/li>\n<li><article id=\"post-659\" class=\"preview post-659 default\"><header class=\"entry-header\"><h2 class=\"entry-title\">Acquisition Request<\/h2><\/header><div class=\"entry-content\"><div class=\"image-container figure\" style=\"background-image: url(https:\/\/blogs.urz.uni-halle.de\/menalib\/files\/2019\/02\/icon-acquisition-request.svg)\"><img src=\"https:\/\/blogs.urz.uni-halle.de\/menalib\/files\/2019\/02\/icon-acquisition-request.svg\"><\/div>Is there a book, a journal or access to a database not yet available in Germany? Please make a acquisition request. ...<\/div><footer class=\"entry-meta\"><\/footer><a class=\"overlay\" href=\"https:\/\/blogs.urz.uni-halle.de\/menalib\/en\/service\/erwerbungsvorschlag\/\">more<\/a><\/article><\/li>\n<li><article id=\"post-7217\" class=\"preview post-7217 default\"><header class=\"entry-header\"><h2 class=\"entry-title\">Fernleihe<\/h2><\/header><div class=\"entry-content\"><div class=\"image-container figure\" style=\"background-image: url(https:\/\/blogs.urz.uni-halle.de\/menalib\/files\/2019\/02\/icon-truck.svg)\"><img src=\"https:\/\/blogs.urz.uni-halle.de\/menalib\/files\/2019\/02\/icon-truck.svg\"><\/div>We are a service of the University and State Library of Saxony-Anhalt (ULB) and offer specialized literature that many libraries do not hold in their collections.\r ...<\/div><footer class=\"entry-meta\"><\/footer><a class=\"overlay\" href=\"https:\/\/blogs.urz.uni-halle.de\/menalib\/en\/service\/fernleihe\/\">more<\/a><\/article><\/li>\n<li><article id=\"post-8366\" class=\"preview post-8366 default\"><header class=\"entry-header\"><h2 class=\"entry-title\">Publish on MENAdoc<\/h2><\/header><div class=\"entry-content\">Relevant Texts on the Middle East and on Islam\r\nSince 2016, the FID has been offering researchers the cost-free service of making research-relevant ...<\/div><footer class=\"entry-meta\"><\/footer><a class=\"overlay\" href=\"https:\/\/blogs.urz.uni-halle.de\/menalib\/en\/service\/publizieren-auf-menadoc\/\">more<\/a><\/article><\/li>\n<li><article id=\"post-9306\" class=\"preview post-9306 default\"><header class=\"entry-header\"><h2 class=\"entry-title\">Digitalisation of Out-of-commerce Works<\/h2><\/header><div class=\"entry-content\"><div class=\"image-container figure\" style=\"background-image: url(https:\/\/blogs.urz.uni-halle.de\/menalib\/files\/2019\/04\/carl-brockelmann-arabische-grammatik-icon-420x432.png)\"><img src=\"https:\/\/blogs.urz.uni-halle.de\/menalib\/files\/2019\/04\/carl-brockelmann-arabische-grammatik-icon-420x432.png\"><\/div>(Deutsch) Voraussetzungen\r\nWir digitalisieren \u00e4ltere deutsche Fachliteratur und machen diese auf unserem Fachrepositorium MENAdoc verf\u00fcgbar. F\u00fcr sogenannte \u201evergriffene Druckwerke\u201c ist eine Digitalisierung und ...<\/div><footer class=\"entry-meta\"><\/footer><a class=\"overlay\" href=\"https:\/\/blogs.urz.uni-halle.de\/menalib\/en\/service\/digitalisierung-vergriffener-werke\/\">more<\/a><\/article><\/li>\n<li><article id=\"post-9474\" class=\"preview post-9474 default\"><header class=\"entry-header\"><h2 class=\"entry-title\">Research Data<\/h2><\/header><div class=\"entry-content\"><div class=\"image-container figure\" style=\"background-image: url(https:\/\/blogs.urz.uni-halle.de\/menalib\/files\/2019\/08\/forschungsdaten-icon.svg)\"><img src=\"https:\/\/blogs.urz.uni-halle.de\/menalib\/files\/2019\/08\/forschungsdaten-icon.svg\"><\/div>One of the tasks of the Specialised Information Service for Middle Eastern, North African and Islamic Studies is to support the academic community in dealing with research data. ...<\/div><footer class=\"entry-meta\"><\/footer><a class=\"overlay\" href=\"https:\/\/blogs.urz.uni-halle.de\/menalib\/en\/service\/forschungsdaten\/\">more<\/a><\/article><\/li>\n<li><article id=\"post-9845\" class=\"preview post-9845 default\"><header class=\"entry-header\"><h2 class=\"entry-title\">Notes on Transliterations<\/h2><\/header><div class=\"entry-content\"><div class=\"image-container figure\" style=\"background-image: url(https:\/\/blogs.urz.uni-halle.de\/menalib\/files\/2019\/09\/transliteration-icon.svg)\"><img src=\"https:\/\/blogs.urz.uni-halle.de\/menalib\/files\/2019\/09\/transliteration-icon.svg\"><\/div>When searching our holdings for titles in original script (Arabic, Cyrillic, Armenian or Georgian letters), you have to use the transliteration common in the German library system. ...<\/div><footer class=\"entry-meta\"><\/footer><a class=\"overlay\" href=\"https:\/\/blogs.urz.uni-halle.de\/menalib\/en\/service\/hinweise-zu-transliterationen\/\">more<\/a><\/article><\/li>\n<li><article id=\"post-287\" class=\"preview post-287 default\"><header class=\"entry-header\"><h2 class=\"entry-title\">Calendar Conversion<\/h2><\/header><div class=\"entry-content\"><div class=\"image-container figure\" style=\"background-image: url(https:\/\/blogs.urz.uni-halle.de\/menalib\/files\/2019\/02\/icon-calendar-conversion.svg)\"><img src=\"https:\/\/blogs.urz.uni-halle.de\/menalib\/files\/2019\/02\/icon-calendar-conversion.svg\"><\/div>Bitte tragen Sie links das Jahr (Hi\u01e7ra oder Gregorianisch) ein und klicken Sie auf den entsprechenden Button.\r\n\r\n\r\n\r\nDas Ergebnis ist ein N\u00e4herungswert. Die ...<\/div><footer class=\"entry-meta\"><\/footer><a class=\"overlay\" href=\"https:\/\/blogs.urz.uni-halle.de\/menalib\/en\/service\/kalender-umrechnung\/\">more<\/a><\/article><\/li>\n<li><article id=\"post-13404\" class=\"preview post-13404 default\"><header class=\"entry-header\"><h2 class=\"entry-title\">Hints on how to use MENAsearch<\/h2><\/header><div class=\"entry-content\"><div class=\"image-container figure\" style=\"background-image: url(https:\/\/blogs.urz.uni-halle.de\/menalib\/files\/2022\/09\/lukida_sm.png)\"><img src=\"https:\/\/blogs.urz.uni-halle.de\/menalib\/files\/2022\/09\/lukida_sm.png\"><\/div>\r\n\r\nMENAsearch is the discovery system of the FID Middle East, North Africa and Islamic Studies for your literature research. It is a ...<\/div><footer class=\"entry-meta\"><\/footer><a class=\"overlay\" href=\"https:\/\/blogs.urz.uni-halle.de\/menalib\/en\/service\/menasearch-discovery\/\">more<\/a><\/article><\/li>\n<li><article id=\"post-14477\" class=\"preview post-14477 default\"><header class=\"entry-header\"><h2 class=\"entry-title\">Subject Bibliographies<\/h2><\/header><div class=\"entry-content\">Turkology Annual\r\n\r\nThe most important systematic bibliography for Turkology and Ottoman Studies is the Turkologische Anzeiger\/Turkology Annual (TA), founded by Andreas Tietze (\u2020) ...<\/div><footer class=\"entry-meta\"><\/footer><a class=\"overlay\" href=\"https:\/\/blogs.urz.uni-halle.de\/menalib\/en\/service\/fachbibliographien\/\">more<\/a><\/article><\/li>\n<\/ul>\n","protected":false},"excerpt":{"rendered":"&hellip; <a href=\"\" class=\"read-more\">Read more <\/a>","protected":false},"author":4226,"featured_media":0,"parent":0,"menu_order":0,"comment_status":"closed","ping_status":"closed","template":"sidebar-page.php","meta":{"ngg_post_thumbnail":0},"categories":[],"tags":[],"_links":{"self":[{"href":"https:\/\/blogs.urz.uni-halle.de\/menalib\/en\/wp-json\/wp\/v2\/pages\/1649"}],"collection":[{"href":"https:\/\/blogs.urz.uni-halle.de\/menalib\/en\/wp-json\/wp\/v2\/pages"}],"about":[{"href":"https:\/\/blogs.urz.uni-halle.de\/menalib\/en\/wp-json\/wp\/v2\/types\/page"}],"author":[{"embeddable":true,"href":"https:\/\/blogs.urz.uni-halle.de\/menalib\/en\/wp-json\/wp\/v2\/users\/4226"}],"replies":[{"embeddable":true,"href":"https:\/\/blogs.urz.uni-halle.de\/menalib\/en\/wp-json\/wp\/v2\/comments?post=1649"}],"version-history":[{"count":11,"href":"https:\/\/blogs.urz.uni-halle.de\/menalib\/en\/wp-json\/wp\/v2\/pages\/1649\/revisions"}],"predecessor-version":[{"id":15292,"href":"https:\/\/blogs.urz.uni-halle.de\/menalib\/en\/wp-json\/wp\/v2\/pages\/1649\/revisions\/15292"}],"wp:attachment":[{"href":"https:\/\/blogs.urz.uni-halle.de\/menalib\/en\/wp-json\/wp\/v2\/media?parent=1649"}],"wp:term":[{"taxonomy":"category","embeddable":true,"href":"https:\/\/blogs.urz.uni-halle.de\/menalib\/en\/wp-json\/wp\/v2\/categories?post=1649"},{"taxonomy":"post_tag","embeddable":true,"href":"https:\/\/blogs.urz.uni-halle.de\/menalib\/en\/wp-json\/wp\/v2\/tags?post=1649"}],"curies":[{"name":"wp","href":"https:\/\/api.w.org\/{rel}","templated":true}]}}