{"id":61,"date":"2016-03-09T11:16:41","date_gmt":"2016-03-09T10:16:41","guid":{"rendered":"http:\/\/localhost\/wordpress\/?page_id=61"},"modified":"2025-09-01T13:34:48","modified_gmt":"2025-09-01T11:34:48","slug":"menadoc","status":"publish","type":"page","link":"https:\/\/blogs.urz.uni-halle.de\/menalib\/en\/vifa\/menadoc\/","title":{"rendered":"MENAdoc"},"content":{"rendered":"<p><\/p>\n<div class=\"bigger-box menadoc\">\n<h2>MENAdoc Search<\/h2>\n<link rel=\"stylesheet\" id=\"k10plus-search-css\" href=https:\/\/blogs.urz.uni-halle.de\/menalib\/wp-content\/themes\/ulb_menalib\/css\/k10plus-search.css type=\"text\/css\" media=\"all\">\r\n<div class=\"external-search k10plus default\">\r\n      <form accept-charset=\"UTF-8\" action=\"https:\/\/halit.bibliothek.uni-halle.de\/search?l=menasearch&q=\" id=\"search_mena_frm\" method=\"post\" target=\"_blank\">\r\n            <input class=\"search\" id=\"search_mena_txt\" size=\"5\" type=\"text\" placeholder=\"search keywords\">\r\n            <button id=\"search_menasearch\" class=\"search\">Search<\/button>\r\n      <\/form>\r\n<\/div>\r\n<script>\r\ndocument.getElementById(\"search_menasearch\").addEventListener(\"click\", function () {\r\n      var search_mena_txt = document.getElementById(\"search_mena_txt\").value;\r\n      if (search_mena_txt.length == 0) { return; }\r\n\/\/      const reqUrl = \"https:\/\/halit.bibliothek.uni-halle.de\/search?l=menasearch&q=\" + search_mena_txt + \"\/\" + \"g=e4\";\r\n      const reqUrl = \"https:\/\/halit.bibliothek.uni-halle.de\/search?l=menasearch&q=\" + search_mena_txt;\r\n      document.getElementById(\"search_mena_frm\").action = reqUrl;\r\n  })\r\n<\/script>\n<\/div>\n<p>We offer worldwide free access to a large number of digital sources and publications relating to the MENA region and Islam via the MENAdoc portal. Here you will find classics of Oriental Studies as well as current scientific publications that you can read in Open Access or save as PDF files.<\/p>\n<p>All titles are provided with a permanent link and can therefore be referenced on a long-term basis. They are also listed in interregional catalogues.<!--more--><\/p>\n<p><a class=\"button\" href=\"https:\/\/opendata.uni-halle.de\/handle\/1981185920\/32158\">MENAdoc<\/a><\/p>\n<h2>Cooperations<\/h2>\n<p>The FID cooperates with various publishers to digitize literature related to the MENA region and on Islam to make it available in open access.<\/p>\n<h3>Orient-Institut Beirut (OIB)<\/h3>\n<p>Series by the <a href=\"http:\/\/www.orient-institut.org\/\">OIB<\/a> on MENAdoc:<\/p>\n<ul>\n<li><a href=\"https:\/\/lbshal.gbv.de\/DB=1\/SET=10\/TTL=1\/FAM?PPN=1046422510\">Bibliotheca Islamica<\/a> (no moving wall)<\/li>\n<li><a href=\"https:\/\/opac.lbs-halle.gbv.de\/DB=1\/SET=2\/TTL=1\/FAM?PPN=886056810\">Beiruter Texte und Studien<\/a> (one year moving wall)<\/li>\n<\/ul>\n<h3>Orient-Institut Istanbul (OII)<\/h3>\n<p>Series by the <a href=\"http:\/\/www.oiist.org\/\">OII<\/a> on MENAdoc:<\/p>\n<ul>\n<li><a href=\"https:\/\/opac.lbs-halle.gbv.de\/DB=1\/SET=11\/TTL=1\/FAM?PPN=865906890\">Istanbuler Texte und Studien<\/a> (3 year moving wall)<\/li>\n<li><a href=\"https:\/\/opac.lbs-halle.gbv.de\/DB=1\/SET=4\/TTL=1\/FAM?PPN=1009233963\">Memoria<\/a> (no moving wall)<\/li>\n<\/ul>\n<h3>Deutsche Morgenl\u00e4ndische Gesellschaft<\/h3>\n<ul>\n<li><a href=\"https:\/\/dx.doi.org\/10.25673\/111006\">Zeitung der Deutschen Morgenl\u00e4ndischen Gesellschaft (ZDMG)<\/a> (3 year moving wall)<\/li>\n<\/ul>\n<h3>Isis Press Istanbul<\/h3>\n<p>We have started with the digitization of Isis series such as Analecta Isisiana, VariaTurcica, Les cahiers du Bosphore and others from 1985 &#8211; 2005.<\/p>\n<p><a href=\"https:\/\/www.menalib.de\/vifa\/menadoc\/isis-press-istanbul\/\">Details about this project including bibliography&#8230;<\/a><\/p>\n<h3>Merian Center for Advanced Studies in the Maghreb<\/h3>\n<p>The <a href=\"https:\/\/www.menalib.de\/vifa\/menadoc\/mecam-papers\/\">MECAM Papers<\/a> published by MECAM are made available as digital open access publications in three languages each (English, French &amp; Arabic) in our subject repository.<\/p>\n<h3>Diskussionspapiere \u2014 Wirtschaft, Gesellschaft und Geographie im Vorderen Orient<\/h3>\n<p>The <a href=\"https:\/\/www.menalib.de\/vifa\/menadoc\/diskussionspapiere\/\">Diskussionspapiere &#8211; Wirtschaft, Gesellschaft und Geographie im Vorderen Orient<\/a> edited by Steffen Wippel are made available as digital open access first publications in our subject repository.<\/p>\n<h3>SYRASP &#8212; The Prison Narratives of Assad\u2019s Syria: Voices, Texts, Publics<\/h3>\n<p>Bridging the disciplines of literary studies and cultural anthropology, <a href=\"https:\/\/www.menalib.de\/vifa\/menadoc\/syrasp\/\">SYRASP<\/a> researches contemporary narratives, images, social media practices, and cultural practices related to incarceration and forced disappearance in Syria under the Assad regime (1970-present). The project is funded by the European Research Council (ERC) under the European Union&#8217;s Horizon 2020 research and innovation programme (Grant Agreement No. 851393), hosted by the <a href=\"https:\/\/www.eume-berlin.de\/projekte\/the-prison-narratives-of-assads-syria-voices-texts-publics-syrasp\" target=\"_blank\" rel=\"noopener noreferrer\">Forum Transregionale Studien<\/a> (Forum), and related to <a href=\"https:\/\/www.eume-berlin.de\/startseite\" target=\"_blank\" rel=\"noopener noreferrer\">EUME<\/a>.<\/p>\n<p>&nbsp;<\/p>\n<h2>MENAdoc Services<\/h2>\n<p>Other major activities include the digitisation of out-of-print but still research-relevant German secondary literature up until 1966 and the secondary publication of recent specialist articles from journals and collective works.<\/p>\n<ul class=\"preview-grid\">\n<li><article id=\"post-8366\" class=\"preview post-8366 default\"><header class=\"entry-header\"><h3 class=\"entry-title\">Publish on MENAdoc<\/h3><\/header><div class=\"entry-content\">Relevant Texts on the Middle East and on Islam\r\nSince 2016, the FID has been offering researchers the cost-free service of making research-relevant ...<\/div><footer class=\"entry-meta\"><\/footer><a class=\"overlay\" href=\"https:\/\/blogs.urz.uni-halle.de\/menalib\/en\/service\/publizieren-auf-menadoc\/\">more<\/a><\/article><\/li>\n<li><article id=\"post-11324\" class=\"preview post-11324 default\"><header class=\"entry-header\"><h3 class=\"entry-title\">Secondary Publications<\/h3><\/header><div class=\"entry-content\"><div class=\"image-container figure\" style=\"background-image: url(https:\/\/blogs.urz.uni-halle.de\/menalib\/files\/2021\/06\/wordcloud-svgomg-1.svg)\"><img src=\"https:\/\/blogs.urz.uni-halle.de\/menalib\/files\/2021\/06\/wordcloud-svgomg-1.svg\"><\/div>\r\nPublication in Open Access\r\nOn these regularly updated pages you will find all researchers who have made their publications available to MENAdoc for secondary publication in open access. ...<\/div><footer class=\"entry-meta\"><\/footer><a class=\"overlay\" href=\"https:\/\/blogs.urz.uni-halle.de\/menalib\/en\/vifa\/menadoc\/zweitveroffentlichungen\/\">more<\/a><\/article><\/li>\n<li><article id=\"post-9306\" class=\"preview post-9306 default\"><header class=\"entry-header\"><h3 class=\"entry-title\">Digitalisation of Out-of-commerce Works<\/h3><\/header><div class=\"entry-content\"><div class=\"image-container figure\" style=\"background-image: url(https:\/\/blogs.urz.uni-halle.de\/menalib\/files\/2019\/04\/carl-brockelmann-arabische-grammatik-icon-420x432.png)\"><img src=\"https:\/\/blogs.urz.uni-halle.de\/menalib\/files\/2019\/04\/carl-brockelmann-arabische-grammatik-icon-420x432.png\"><\/div>(Deutsch) Voraussetzungen\r\nWir digitalisieren \u00e4ltere deutsche Fachliteratur und machen diese auf unserem Fachrepositorium MENAdoc verf\u00fcgbar. F\u00fcr sogenannte \u201evergriffene Druckwerke\u201c ist eine Digitalisierung und ...<\/div><footer class=\"entry-meta\"><\/footer><a class=\"overlay\" href=\"https:\/\/blogs.urz.uni-halle.de\/menalib\/en\/service\/digitalisierung-vergriffener-werke\/\">more<\/a><\/article><\/li>\n<\/ul>\n<h2>News about MENAdoc<\/h2>\n<ul class=\"preview-grid\">\n<li><article id=\"post-11747\" class=\"preview post-11747 default\"><header class=\"entry-header\"><h3 class=\"entry-title\">Armenian Rarity in Open Access: \u201cBa\u1e59girk&#8217; haykazean lezowi\u201d<\/h3><\/header><div class=\"entry-content\">\r\nImportant Work of Reference\r\nThe dictionary of the Armenian language \"Ba\u1e59girk' haykazean lezowi\" by Mechitar of Sebaste is a fundamental monument of Armenian philology. ...<\/div><footer class=\"entry-meta\"><\/footer><a class=\"overlay\" href=\"https:\/\/blogs.urz.uni-halle.de\/menalib\/en\/news\/virtuelle-fachbibliothek\/armenische-raritaet-im-open-access-ba%e1%b9%99girk-haykazean-lezowi\/\">more<\/a><\/article><\/li>\n<li><article id=\"post-10692\" class=\"preview post-10692 default\"><header class=\"entry-header\"><h3 class=\"entry-title\">Online Review of MENAdoc<\/h3><\/header><div class=\"entry-content\">The Orientalist Torsten Wollina reviewed our open access collection MENAdoc for the online magazine HAZINE.\r\n\r\nTitled \"Yes, you should use MENAdoc and here's why and how\", he describes in detail what the repository has to offer to the international academic community. ...<\/div><footer class=\"entry-meta\"><\/footer><a class=\"overlay\" href=\"https:\/\/blogs.urz.uni-halle.de\/menalib\/en\/news\/virtuelle-fachbibliothek\/online-besprechung-zu-menadoc\/\">more<\/a><\/article><\/li>\n<li><article id=\"post-10665\" class=\"preview post-10665 default\"><header class=\"entry-header\"><h3 class=\"entry-title\">Imperial Norms and Local Realities<\/h3><\/header><div class=\"entry-content\">Imperial Norms and Local Realities: The Ottoman Municipal Laws and the Municipality of Beirut (1860-1908)\r\nVolume 105 of the Beiruter Texte und Studien ...<\/div><footer class=\"entry-meta\"><\/footer><a class=\"overlay\" href=\"https:\/\/blogs.urz.uni-halle.de\/menalib\/en\/news\/virtuelle-fachbibliothek\/publikationen\/imperiale-normen-und-lokale-realitaeten\/\">more<\/a><\/article><\/li>\n<\/ul>\n<p><\/p>","protected":false},"excerpt":{"rendered":"&hellip; <a href=\"\" class=\"read-more\">Read more <\/a>","protected":false},"author":4226,"featured_media":6520,"parent":7843,"menu_order":0,"comment_status":"closed","ping_status":"closed","template":"sidebar-page.php","meta":{"ngg_post_thumbnail":0},"categories":[297],"tags":[305,384,405,403,208,404,406,151,89],"_links":{"self":[{"href":"https:\/\/blogs.urz.uni-halle.de\/menalib\/en\/wp-json\/wp\/v2\/pages\/61"}],"collection":[{"href":"https:\/\/blogs.urz.uni-halle.de\/menalib\/en\/wp-json\/wp\/v2\/pages"}],"about":[{"href":"https:\/\/blogs.urz.uni-halle.de\/menalib\/en\/wp-json\/wp\/v2\/types\/page"}],"author":[{"embeddable":true,"href":"https:\/\/blogs.urz.uni-halle.de\/menalib\/en\/wp-json\/wp\/v2\/users\/4226"}],"replies":[{"embeddable":true,"href":"https:\/\/blogs.urz.uni-halle.de\/menalib\/en\/wp-json\/wp\/v2\/comments?post=61"}],"version-history":[{"count":13,"href":"https:\/\/blogs.urz.uni-halle.de\/menalib\/en\/wp-json\/wp\/v2\/pages\/61\/revisions"}],"predecessor-version":[{"id":15647,"href":"https:\/\/blogs.urz.uni-halle.de\/menalib\/en\/wp-json\/wp\/v2\/pages\/61\/revisions\/15647"}],"up":[{"embeddable":true,"href":"https:\/\/blogs.urz.uni-halle.de\/menalib\/en\/wp-json\/wp\/v2\/pages\/7843"}],"wp:featuredmedia":[{"embeddable":true,"href":"https:\/\/blogs.urz.uni-halle.de\/menalib\/en\/wp-json\/wp\/v2\/media\/6520"}],"wp:attachment":[{"href":"https:\/\/blogs.urz.uni-halle.de\/menalib\/en\/wp-json\/wp\/v2\/media?parent=61"}],"wp:term":[{"taxonomy":"category","embeddable":true,"href":"https:\/\/blogs.urz.uni-halle.de\/menalib\/en\/wp-json\/wp\/v2\/categories?post=61"},{"taxonomy":"post_tag","embeddable":true,"href":"https:\/\/blogs.urz.uni-halle.de\/menalib\/en\/wp-json\/wp\/v2\/tags?post=61"}],"curies":[{"name":"wp","href":"https:\/\/api.w.org\/{rel}","templated":true}]}}